{"id":23952,"date":"2024-02-06T11:16:45","date_gmt":"2024-02-06T16:16:45","guid":{"rendered":"https:\/\/www.traderscale.com\/dieu-khoan-va-dieu-kien\/"},"modified":"2024-02-06T11:16:45","modified_gmt":"2024-02-06T16:16:45","slug":"dieu-khoan-va-dieu-kien","status":"publish","type":"page","link":"https:\/\/www.traderscale.com\/vi\/dieu-khoan-va-dieu-kien\/","title":{"rendered":"\u0110i\u1ec1u kho\u1ea3n v\u00e0 \u0111i\u1ec1u ki\u1ec7n"},"content":{"rendered":"<div class=\"terms-conditions\">\n<h2>1. C\u00e1c b\u00ean v\u00e0 ph\u1ea1m vi<\/h2>\n<p>C\u00e1c \u0110i\u1ec1u kho\u1ea3n v\u00e0 \u0110i\u1ec1u ki\u1ec7n n\u00e0y (\u201cTh\u1ecfa thu\u1eadn\u201d) \u0111i\u1ec1u ch\u1ec9nh m\u1ecdi quy\u1ec1n v\u00e0 ngh\u0129a v\u1ee5 ph\u00e1t sinh t\u1eeb vi\u1ec7c s\u1eed d\u1ee5ng c\u00e1c d\u1ecbch v\u1ee5 (\u201cD\u1ecbch v\u1ee5\u201d) do <strong>Traderscale Group<\/strong> cung c\u1ea5p, bao g\u1ed3m: <\/p>\n<ul>\n<li><strong>Tradelytic FZCO<\/strong> \u2013 Dubai Silicon Oasis, DDP A1, Dubai, UAE (Nh\u00e0 \u0111i\u1ec1u h\u00e0nh trang web)<\/li>\n<li><strong>Traderscale LTD<\/strong> \u2013 Nicosia 1065, S\u00edp | \u0110\u0103ng k\u00fd HE 461789 (\u0110\u1ea1i l\u00fd thanh to\u00e1n)<\/li>\n<li><strong>Traderscale Limited<\/strong> \u2013 Rodney Bay, Saint Lucia | \u0110\u0103ng k\u00fd 2025-00202 (th\u1ef1c th\u1ec3 d\u1ecbch v\u1ee5 MT5) <\/li>\n<\/ul>\n<p>C\u00f9ng nhau g\u1ecdi l\u00e0 \u201c <strong>ch\u00fang t\u00f4i<\/strong> \u201d, \u201c <strong>c\u1ee7a ch\u00fang t\u00f4i<\/strong> \u201d, \u201c <strong>C\u00f4ng ty<\/strong> \u201d.<br \/>\n Trang web ch\u00ednh l\u00e0 <a href=\"https:\/\/www.traderscale.com\/vi\/\">www.traderscale.com<\/a> (\u201cTrang web\u201d).<\/p>\n<p><!-- ===================================================== --><br \/>\n<!-- 2. CONTRACT ACCEPTANCE --><br \/>\n<!-- ===================================================== --><\/p>\n<h2>2. Ch\u1ea5p nh\u1eadn h\u1ee3p \u0111\u1ed3ng<\/h2>\n<p>B\u1eb1ng c\u00e1ch \u0111\u0103ng k\u00fd, mua Th\u1eed th\u00e1ch ho\u1eb7c s\u1eed d\u1ee5ng b\u1ea5t k\u1ef3 D\u1ecbch v\u1ee5 n\u00e0o, b\u1ea1n (\u201c <strong>Kh\u00e1ch h\u00e0ng<\/strong> \u201d, \u201c <strong>Kh\u00e1ch h\u00e0ng<\/strong> \u201d) \u0111\u1ed3ng \u00fd ch\u1ecbu r\u00e0ng bu\u1ed9c b\u1edfi Th\u1ecfa thu\u1eadn n\u00e0y.<br \/>\nTh\u1ecfa thu\u1eadn \u0111\u01b0\u1ee3c l\u1eadp d\u01b0\u1edbi d\u1ea1ng \u0111i\u1ec7n t\u1eed v\u00e0 c\u00f3 gi\u00e1 tr\u1ecb ph\u00e1p l\u00fd t\u01b0\u01a1ng \u0111\u01b0\u01a1ng v\u1edbi m\u1ed9t v\u0103n b\u1ea3n \u0111\u00e3 k\u00fd.<br \/>\nN\u1ebfu b\u1ea1n kh\u00f4ng \u0111\u1ed3ng \u00fd, vui l\u00f2ng kh\u00f4ng s\u1eed d\u1ee5ng D\u1ecbch v\u1ee5.<\/p>\n<p><!-- ===================================================== --><br \/>\n<!-- 3. DEFINITIONS (ABRIDGED) --><br \/>\n<!-- ===================================================== --><\/p>\n<h2>3. \u0110\u1ecbnh ngh\u0129a ch\u00ednh (t\u00f3m t\u1eaft)<\/h2>\n<ul>\n<li><strong>Khu v\u1ef1c kh\u00e1ch h\u00e0ng<\/strong> \u2014 c\u1ed5ng th\u00f4ng tin an to\u00e0n tr\u00ean Trang web.<\/li>\n<li><strong>Th\u00e1ch th\u1ee9c<\/strong> \u2014 ch\u01b0\u01a1ng tr\u00ecnh \u0111\u00e1nh gi\u00e1 c\u00f3 tr\u1ea3 ph\u00ed (Classic = hai b\u01b0\u1edbc, Speedy = m\u1ed9t b\u01b0\u1edbc).<\/li>\n<li><strong>V\u1ed1n ban \u0111\u1ea7u<\/strong> \u2014 s\u1ed1 d\u01b0 gi\u1ea3 \u0111\u1ecbnh \u0111\u01b0\u1ee3c ph\u00e2n b\u1ed5 cho giao d\u1ecbch demo trong m\u1ed9t Th\u1eed th\u00e1ch.<\/li>\n<li><strong>D\u1ecbch v\u1ee5<\/strong> \u2014 th\u00e1ch th\u1ee9c \u0111\u00e1nh gi\u00e1, c\u00f4ng c\u1ee5 giao d\u1ecbch demo, ph\u00e2n t\u00edch, \u0111\u00e0o t\u1ea1o, quy\u1ec1n truy c\u1eadp Khu v\u1ef1c kh\u00e1ch h\u00e0ng v\u00e0 c\u00e1c d\u1ecbch v\u1ee5 ph\u1ee5 tr\u1ee3 do b\u1ea5t k\u1ef3 th\u00e0nh vi\u00ean n\u00e0o c\u1ee7a Traderscale Group cung c\u1ea5p.<\/li>\n<\/ul>\n<p>Danh s\u00e1ch \u0111\u1ecbnh ngh\u0129a \u0111\u1ea7y \u0111\u1ee7 xu\u1ea5t hi\u1ec7n \u1edf Ph\u1ea7n 20.<\/p>\n<p><!-- ===================================================== --><br \/>\n<!-- 4. ELIGIBILITY --><br \/>\n<!-- ===================================================== --><\/p>\n<h2>4. \u0110i\u1ec1u ki\u1ec7n \u0111\u1ee7 v\u00e0 B\u1ea3o \u0111\u1ea3m c\u1ee7a Kh\u00e1ch h\u00e0ng<\/h2>\n<p>B\u1ea1n x\u00e1c nh\u1eadn r\u1eb1ng b\u1ea1n:<\/p>\n<ul>\n<li>\u0111\u1ee7 <strong>18 tu\u1ed5i tr\u1edf l\u00ean<\/strong> v\u00e0 c\u00f3 n\u0103ng l\u1ef1c ph\u00e1p l\u00fd;<\/li>\n<li>c\u01b0 tr\u00fa b\u00ean ngo\u00e0i t\u1ea5t c\u1ea3 <strong>c\u00e1c Khu v\u1ef1c ph\u00e1p l\u00fd b\u1ecb h\u1ea1n ch\u1ebf<\/strong> (xem Trang web);<\/li>\n<li>kh\u00f4ng b\u1ecb tr\u1eebng ph\u1ea1t ho\u1eb7c h\u1ea1n ch\u1ebf h\u00ecnh s\u1ef1;<\/li>\n<li>s\u1ebd gi\u1eef cho d\u1eef li\u1ec7u \u0111\u0103ng k\u00fd c\u1ee7a b\u1ea1n <strong>lu\u00f4n \u0111\u00fang, \u0111\u1ea7y \u0111\u1ee7 v\u00e0 c\u1eadp nh\u1eadt<\/strong> .<\/li>\n<\/ul>\n<p><!-- ===================================================== --><br \/>\n<!-- 5. SERVICES OVERVIEW --><br \/>\n<!-- ===================================================== --><\/p>\n<h2>5. T\u1ed5ng quan v\u1ec1 d\u1ecbch v\u1ee5<\/h2>\n<p>C\u00e1c D\u1ecbch v\u1ee5 <strong>ch\u1ec9 mang t\u00ednh m\u00f4 ph\u1ecfng<\/strong> ; t\u1ea5t c\u1ea3 c\u00e1c qu\u1ef9 \u0111\u01b0\u1ee3c hi\u1ec3n th\u1ecb \u0111\u1ec1u l\u00e0 qu\u1ef9 \u1ea3o v\u00e0 kh\u00f4ng c\u00f3 giao d\u1ecbch th\u1ef1c t\u1ebf n\u00e0o di\u1ec5n ra.<br \/>\nHo\u00e0n th\u00e0nh Th\u1eed th\u00e1ch c\u00f3 th\u1ec3 d\u1eabn \u0111\u1ebfn m\u1ed9t <em>l\u1eddi \u0111\u1ec1 ngh\u1ecb<\/em> t\u1eeb m\u1ed9t c\u00f4ng ty giao d\u1ecbch \u0111\u1ed9c quy\u1ec1n c\u1ee7a b\u00ean th\u1ee9 ba (\u201cCh\u01b0\u01a1ng tr\u00ecnh Traderscale\u201d). H\u1ee3p \u0111\u1ed3ng \u0111\u00f3, n\u1ebfu c\u00f3, ch\u1ec9 l\u00e0 gi\u1eefa b\u1ea1n v\u00e0 b\u00ean th\u1ee9 ba.<br \/>\n Qu\u00e1 tr\u00ecnh x\u1eed l\u00fd thanh to\u00e1n \u0111\u01b0\u1ee3c x\u1eed l\u00fd b\u1edfi <strong>Traderscale LTD (S\u00edp)<\/strong> ; k\u1ebft n\u1ed1i MT5 \u0111\u01b0\u1ee3c x\u1eed l\u00fd b\u1edfi <strong>Traderscale Limited (Saint Lucia)<\/strong> . <\/p>\n<p><!-- ===================================================== --><br \/>\n<!-- 6. FEES & PAYMENT --><br \/>\n<!-- ===================================================== --><\/p>\n<h2>6. Ph\u00ed v\u00e0 thanh to\u00e1n<\/h2>\n<ul>\n<li>Ph\u00ed th\u00e1ch th\u1ee9c \u0111\u01b0\u1ee3c hi\u1ec3n th\u1ecb b\u1eb1ng USD; c\u00e1c lo\u1ea1i ti\u1ec1n t\u1ec7 kh\u00e1c c\u00f3 th\u1ec3 \u0111\u01b0\u1ee3c cung c\u1ea5p khi thanh to\u00e1n.<\/li>\n<li>Ph\u00ed <strong>kh\u00f4ng \u0111\u01b0\u1ee3c ho\u00e0n l\u1ea1i<\/strong> sau khi Th\u1eed th\u00e1ch \u0111\u01b0\u1ee3c k\u00edch ho\u1ea1t (tr\u1eeb tr\u01b0\u1eddng h\u1ee3p quy\u1ec1n h\u1ee7y c\u1ee7a ng\u01b0\u1eddi ti\u00eau d\u00f9ng \u0111\u01b0\u1ee3c \u00e1p d\u1ee5ng).<\/li>\n<li>C\u00e1c kho\u1ea3n thanh to\u00e1n b\u1ecb tranh ch\u1ea5p ho\u1eb7c \u0111\u1ea3o ng\u01b0\u1ee3c c\u00f3 th\u1ec3 d\u1eabn \u0111\u1ebfn vi\u1ec7c t\u1ea1m d\u1eebng ngay l\u1eadp t\u1ee9c t\u1ea5t c\u1ea3 c\u00e1c D\u1ecbch v\u1ee5.<\/li>\n<\/ul>\n<p><!-- ===================================================== --><br \/>\n<!-- 7. DEMO-TRADING RULES & FORBIDDEN PRACTICES --><br \/>\n<!-- ===================================================== --><\/p>\n<h2>7. Quy t\u1eafc giao d\u1ecbch demo v\u00e0 c\u00e1c h\u00e0nh vi b\u1ecb c\u1ea5m<\/h2>\n<p>Kh\u00e1ch h\u00e0ng ph\u1ea3i giao d\u1ecbch c\u00f3 tr\u00e1ch nhi\u1ec7m v\u00e0 kh\u00f4ng \u0111\u01b0\u1ee3c tham gia v\u00e0o b\u1ea5t k\u1ef3 <em>Th\u1ef1c h\u00e0nh giao d\u1ecbch b\u1ecb c\u1ea5m n\u00e0o<\/em> , bao g\u1ed3m\u2014nh\u01b0ng kh\u00f4ng gi\u1edbi h\u1ea1n \u1edf\u2014l\u1ea1m d\u1ee5ng kho\u1ea3ng c\u00e1ch\/\u0111\u1ed9 tr\u1ec5, giao d\u1ecbch sao ch\u00e9p, khai th\u00e1c AI\/HFT ho\u1eb7c giao d\u1ecbch nh\u1eb1m m\u1ee5c \u0111\u00edch thao t\u00fang s\u1ed1 li\u1ec7u \u0111\u00e1nh gi\u00e1. Vi ph\u1ea1m c\u00f3 th\u1ec3 d\u1eabn \u0111\u1ebfn vi\u1ec7c Th\u00e1ch th\u1ee9c b\u1ecb th\u1ea5t b\u1ea1i ngay l\u1eadp t\u1ee9c, \u0111\u00f3ng t\u00e0i kho\u1ea3n ho\u1eb7c gi\u1ea3m \u0111\u00f2n b\u1ea9y. <\/p>\n<p><!-- ===================================================== --><br \/>\n<!-- 8. CLASSIC CHALLENGE --><br \/>\n<!-- ===================================================== --><\/p>\n<h2>8. Th\u1eed th\u00e1ch c\u1ed5 \u0111i\u1ec3n (Hai b\u01b0\u1edbc)<\/h2>\n<p>Ti\u00eau ch\u00ed Giai \u0111o\u1ea1n 1 v\u00e0 Giai \u0111o\u1ea1n 2 (m\u1ee5c ti\u00eau l\u1ee3i nhu\u1eadn, gi\u1edbi h\u1ea1n l\u1ed7, gi\u1edbi h\u1ea1n l\u00f4, khung th\u1eddi gian) v\u1eabn nh\u01b0 \u0111\u00e3 c\u00f4ng b\u1ed1 tr\u00ean Trang web. Ho\u00e0n th\u00e0nh th\u00e0nh c\u00f4ng Giai \u0111o\u1ea1n 2 c\u00f3 th\u1ec3 \u0111\u1ee7 \u0111i\u1ec1u ki\u1ec7n \u0111\u1ec3 b\u1ea1n \u0111\u01b0\u1ee3c gi\u1edbi thi\u1ec7u \u0111\u1ebfn Ch\u01b0\u01a1ng tr\u00ecnh Traderscale. <\/p>\n<p><!-- ===================================================== --><br \/>\n<!-- 9. SPEEDY CHALLENGE --><br \/>\n<!-- ===================================================== --><\/p>\n<h2>9. Th\u1eed th\u00e1ch nhanh (M\u1ed9t b\u01b0\u1edbc)<\/h2>\n<p>\u0110\u00e1nh gi\u00e1 m\u1ed9t giai \u0111o\u1ea1n v\u1edbi m\u1ee5c ti\u00eau l\u1ee3i nhu\u1eadn cao h\u01a1n nh\u01b0ng gi\u1edbi h\u1ea1n r\u1ee7i ro v\u00e0 gi\u1edbi h\u1ea1n l\u00f4 gi\u1ed1ng h\u1ec7t nhau. C\u00e1c th\u00f4ng s\u1ed1 \u0111\u1ea7y \u0111\u1ee7 \u0111\u01b0\u1ee3c li\u1ec7t k\u00ea tr\u00ean Trang web. <\/p>\n<p><!-- ===================================================== --><br \/>\n<!-- 10. WEBSITE & IP RIGHTS --><br \/>\n<!-- ===================================================== --><\/p>\n<h2>10. Trang web, S\u1edf h\u1eefu tr\u00ed tu\u1ec7 &amp; S\u1eed d\u1ee5ng c\u00f3 th\u1ec3 ch\u1ea5p nh\u1eadn \u0111\u01b0\u1ee3c<\/h2>\n<p>M\u1ecdi n\u1ed9i dung, ph\u1ea7n m\u1ec1m v\u00e0 nh\u00e3n hi\u1ec7u \u0111\u1ec1u thu\u1ed9c s\u1edf h\u1eefu c\u1ee7a Tradelytic FZCO ho\u1eb7c b\u00ean c\u1ea5p ph\u00e9p c\u1ee7a c\u00f4ng ty. B\u1ea1n nh\u1eadn \u0111\u01b0\u1ee3c gi\u1ea5y ph\u00e9p c\u00f3 gi\u1edbi h\u1ea1n, kh\u00f4ng th\u1ec3 chuy\u1ec3n nh\u01b0\u1ee3ng \u0111\u1ec3 s\u1eed d\u1ee5ng D\u1ecbch v\u1ee5 ch\u1ec9 cho m\u1ee5c \u0111\u00edch \u0111\u00e1nh gi\u00e1 c\u00e1 nh\u00e2n. Nghi\u00eam c\u1ea5m k\u1ef9 thu\u1eadt \u0111\u1ea3o ng\u01b0\u1ee3c, ph\u00e2n ph\u1ed1i l\u1ea1i ho\u1eb7c thu th\u1eadp d\u1eef li\u1ec7u t\u1ef1 \u0111\u1ed9ng.  <\/p>\n<p><!-- ===================================================== --><br \/>\n<!-- 11. DISCLAIMERS --><br \/>\n<!-- ===================================================== --><\/p>\n<h2>11. Tuy\u00ean b\u1ed1 mi\u1ec5n tr\u1eeb tr\u00e1ch nhi\u1ec7m<\/h2>\n<p>C\u00e1c d\u1ecbch v\u1ee5 \u0111\u01b0\u1ee3c cung c\u1ea5p <strong>\u201cnguy\u00ean tr\u1ea1ng\u201d<\/strong> ; kh\u00f4ng c\u00f3 th\u00e0nh vi\u00ean n\u00e0o c\u1ee7a Traderscale Group \u0111\u01b0a ra l\u1eddi khuy\u00ean \u0111\u1ea7u t\u01b0 ho\u1eb7c \u0111\u1ea3m b\u1ea3o l\u1ee3i nhu\u1eadn. Tr\u00e1ch nhi\u1ec7m \u0111\u1ed1i v\u1edbi t\u1ed5n th\u1ea5t gi\u00e1n ti\u1ebfp ho\u1eb7c do h\u1eadu qu\u1ea3 \u0111\u01b0\u1ee3c lo\u1ea1i tr\u1eeb \u1edf m\u1ee9c t\u1ed1i \u0111a \u0111\u01b0\u1ee3c ph\u00e1p lu\u1eadt cho ph\u00e9p. <\/p>\n<p><!-- ===================================================== --><br \/>\n<!-- 12. CHANGES TO THIS AGREEMENT --><br \/>\n<!-- ===================================================== --><\/p>\n<h2>12. Nh\u1eefng thay \u0111\u1ed5i \u0111\u1ed1i v\u1edbi Th\u1ecfa thu\u1eadn n\u00e0y<\/h2>\n<p>Ch\u00fang t\u00f4i c\u00f3 th\u1ec3 c\u1eadp nh\u1eadt c\u00e1c \u0110i\u1ec1u kho\u1ea3n n\u00e0y b\u1ea5t k\u1ef3 l\u00fac n\u00e0o. Phi\u00ean b\u1ea3n m\u1edbi nh\u1ea5t s\u1ebd lu\u00f4n c\u00f3 s\u1eb5n tr\u00ean Trang web. Vi\u1ec7c ti\u1ebfp t\u1ee5c s\u1eed d\u1ee5ng D\u1ecbch v\u1ee5 sau khi c\u1eadp nh\u1eadt c\u00f3 ngh\u0129a l\u00e0 ch\u1ea5p nh\u1eadn c\u00e1c \u0110i\u1ec1u kho\u1ea3n \u0111\u00e3 s\u1eeda \u0111\u1ed5i.  <\/p>\n<p><!-- ===================================================== --><br \/>\n<!-- 20. DEFINITIONS (FULL) --><br \/>\n<!-- ===================================================== --><\/p>\n<h2>13. \u0110\u1ecbnh ngh\u0129a, Bi\u1ec3u th\u1ee9c &amp; Vi\u1ebft t\u1eaft<\/h2>\n<p>\u0110\u1ec3 \u0111\u1ea3m b\u1ea3o t\u00ednh \u0111\u1ea7y \u0111\u1ee7, c\u00e1c thu\u1eadt ng\u1eef ch\u00ednh \u0111\u01b0\u1ee3c \u0111\u1ecbnh ngh\u0129a s\u1ebd \u0111\u01b0\u1ee3c sao ch\u00e9p l\u1ea1i d\u01b0\u1edbi \u0111\u00e2y.<\/p>\n<ul>\n<li><strong>Th\u1ecfa thu\u1eadn<\/strong> \u2013 c\u00e1c \u0110i\u1ec1u kho\u1ea3n v\u00e0 \u0110i\u1ec1u ki\u1ec7n n\u00e0y.<\/li>\n<li><strong>Khu v\u1ef1c kh\u00e1ch h\u00e0ng<\/strong> \u2013 giao di\u1ec7n ng\u01b0\u1eddi d\u00f9ng an to\u00e0n tr\u00ean Trang web.<\/li>\n<li><strong>N\u1ed9i dung<\/strong> \u2013 Trang web, D\u1ecbch v\u1ee5, d\u1eef li\u1ec7u v\u00e0 t\u1ea5t c\u1ea3 c\u00e1c th\u00e0nh ph\u1ea7n \u0111a ph\u01b0\u01a1ng ti\u1ec7n.<\/li>\n<li><strong>Kh\u00e1ch h\u00e0ng<\/strong> \u2013 ng\u01b0\u1eddi s\u1eed d\u1ee5ng D\u1ecbch v\u1ee5.<\/li>\n<li><strong>T\u00e0i kho\u1ea3n Th\u1eed th\u00e1ch<\/strong> \u2013 t\u00e0i kho\u1ea3n demo \u0111\u01b0\u1ee3c m\u1edf cho Th\u1eed th\u00e1ch.<\/li>\n<li><strong>Th\u1ef1c h\u00e0nh giao d\u1ecbch b\u1ecb c\u1ea5m<\/strong> \u2013 c\u00e1c chi\u1ebfn l\u01b0\u1ee3c ho\u1eb7c h\u00e0nh vi b\u1ecb c\u1ea5m theo M\u1ee5c 7.<\/li>\n<li><strong>V\u1ed1n ban \u0111\u1ea7u<\/strong> \u2013 s\u1ed1 d\u01b0 gi\u1ea3 \u0111\u1ecbnh \u0111\u01b0\u1ee3c ph\u00e2n b\u1ed5 cho giao d\u1ecbch demo.<\/li>\n<li><strong>Khu v\u1ef1c ph\u00e1p l\u00fd b\u1ecb h\u1ea1n ch\u1ebf<\/strong> \u2013 c\u00e1c qu\u1ed1c gia kh\u00f4ng cung c\u1ea5p D\u1ecbch v\u1ee5.<\/li>\n<li><strong>D\u1ecbch v\u1ee5<\/strong> \u2013 c\u00e1c d\u1ecbch v\u1ee5 \u0111\u01b0\u1ee3c m\u00f4 t\u1ea3 trong M\u1ee5c 5\u20139.<\/li>\n<li><strong>N\u1ec1n t\u1ea3ng giao d\u1ecbch<\/strong> \u2013 ph\u1ea7n m\u1ec1m c\u1ee7a b\u00ean th\u1ee9 ba (MT4, MT5, v.v.) \u0111\u01b0\u1ee3c s\u1eed d\u1ee5ng \u0111\u1ec3 m\u00f4 ph\u1ecfng giao d\u1ecbch.<\/li>\n<li><strong>USD \/ EUR \/ GBP<\/strong> \u2013 l\u1ea7n l\u01b0\u1ee3t l\u00e0 \u0111\u00f4 la M\u1ef9, euro v\u00e0 b\u1ea3ng Anh.<\/li>\n<\/ul>\n<p><em>C\u1eadp nh\u1eadt l\u1ea7n cu\u1ed1i ng\u00e0y 8 th\u00e1ng 5 n\u0103m 2025. \u00a9 2025 Traderscale Group. B\u1ea3o l\u01b0u m\u1ecdi quy\u1ec1n.  <\/em><\/p>\n<\/div>\n","protected":false},"excerpt":{"rendered":"<p>1. C\u00e1c b\u00ean v\u00e0 ph\u1ea1m vi C\u00e1c \u0110i\u1ec1u kho\u1ea3n v\u00e0 \u0110i\u1ec1u ki\u1ec7n n\u00e0y (\u201cTh\u1ecfa thu\u1eadn\u201d) \u0111i\u1ec1u ch\u1ec9nh m\u1ecdi quy\u1ec1n v\u00e0 ngh\u0129a v\u1ee5 ph\u00e1t sinh t\u1eeb vi\u1ec7c s\u1eed d\u1ee5ng c\u00e1c d\u1ecbch v\u1ee5 (\u201cD\u1ecbch v\u1ee5\u201d) do Traderscale Group cung c\u1ea5p, bao g\u1ed3m: Tradelytic FZCO \u2013 Dubai Silicon Oasis, DDP A1, Dubai, UAE (Nh\u00e0 \u0111i\u1ec1u h\u00e0nh trang web) [&hellip;]<\/p>\n","protected":false},"author":1,"featured_media":0,"parent":0,"menu_order":0,"comment_status":"closed","ping_status":"closed","template":"page-new.php","meta":{"_acf_changed":false,"om_disable_all_campaigns":false,"footnotes":""},"class_list":["post-23952","page","type-page","status-publish","hentry"],"acf":[],"yoast_head":"<!-- This site is optimized with the Yoast SEO plugin v27.3 - https:\/\/yoast.com\/product\/yoast-seo-wordpress\/ -->\n<title>\u0110i\u1ec1u kho\u1ea3n v\u00e0 \u0111i\u1ec1u ki\u1ec7n - Accelerate Your Financial Journey with a Fully Funded Trading Account<\/title>\n<meta name=\"robots\" content=\"index, follow, max-snippet:-1, max-image-preview:large, max-video-preview:-1\" \/>\n<link rel=\"canonical\" href=\"https:\/\/www.traderscale.com\/vi\/dieu-khoan-va-dieu-kien\/\" \/>\n<meta property=\"og:locale\" content=\"vi_VN\" \/>\n<meta property=\"og:type\" content=\"article\" \/>\n<meta property=\"og:title\" content=\"\u0110i\u1ec1u kho\u1ea3n v\u00e0 \u0111i\u1ec1u ki\u1ec7n - Accelerate Your Financial Journey with a Fully Funded Trading Account\" \/>\n<meta property=\"og:description\" content=\"1. C\u00e1c b\u00ean v\u00e0 ph\u1ea1m vi C\u00e1c \u0110i\u1ec1u kho\u1ea3n v\u00e0 \u0110i\u1ec1u ki\u1ec7n n\u00e0y (\u201cTh\u1ecfa thu\u1eadn\u201d) \u0111i\u1ec1u ch\u1ec9nh m\u1ecdi quy\u1ec1n v\u00e0 ngh\u0129a v\u1ee5 ph\u00e1t sinh t\u1eeb vi\u1ec7c s\u1eed d\u1ee5ng c\u00e1c d\u1ecbch v\u1ee5 (\u201cD\u1ecbch v\u1ee5\u201d) do Traderscale Group cung c\u1ea5p, bao g\u1ed3m: Tradelytic FZCO \u2013 Dubai Silicon Oasis, DDP A1, Dubai, UAE (Nh\u00e0 \u0111i\u1ec1u h\u00e0nh trang web) [&hellip;]\" \/>\n<meta property=\"og:url\" content=\"https:\/\/www.traderscale.com\/vi\/dieu-khoan-va-dieu-kien\/\" \/>\n<meta property=\"og:site_name\" content=\"Accelerate Your Financial Journey with a Fully Funded Trading Account\" \/>\n<meta property=\"article:publisher\" content=\"https:\/\/www.facebook.com\/profile.php?id=61556992185100#\" \/>\n<meta name=\"twitter:card\" content=\"summary_large_image\" \/>\n<meta name=\"twitter:label1\" content=\"Est. reading time\" \/>\n\t<meta name=\"twitter:data1\" content=\"8 minutes\" \/>\n<script type=\"application\/ld+json\" class=\"yoast-schema-graph\">{\"@context\":\"https:\\\/\\\/schema.org\",\"@graph\":[{\"@type\":\"WebPage\",\"@id\":\"https:\\\/\\\/www.traderscale.com\\\/vi\\\/dieu-khoan-va-dieu-kien\\\/\",\"url\":\"https:\\\/\\\/www.traderscale.com\\\/vi\\\/dieu-khoan-va-dieu-kien\\\/\",\"name\":\"\u0110i\u1ec1u kho\u1ea3n v\u00e0 \u0111i\u1ec1u ki\u1ec7n - Accelerate Your Financial Journey with a Fully Funded Trading Account\",\"isPartOf\":{\"@id\":\"https:\\\/\\\/www.traderscale.com\\\/vi\\\/#website\"},\"datePublished\":\"2024-02-06T16:16:45+00:00\",\"breadcrumb\":{\"@id\":\"https:\\\/\\\/www.traderscale.com\\\/vi\\\/dieu-khoan-va-dieu-kien\\\/#breadcrumb\"},\"inLanguage\":\"vi-VN\",\"potentialAction\":[{\"@type\":\"ReadAction\",\"target\":[\"https:\\\/\\\/www.traderscale.com\\\/vi\\\/dieu-khoan-va-dieu-kien\\\/\"]}]},{\"@type\":\"BreadcrumbList\",\"@id\":\"https:\\\/\\\/www.traderscale.com\\\/vi\\\/dieu-khoan-va-dieu-kien\\\/#breadcrumb\",\"itemListElement\":[{\"@type\":\"ListItem\",\"position\":1,\"name\":\"Home\",\"item\":\"https:\\\/\\\/www.traderscale.com\\\/vi\\\/trang-chu-2025\\\/\"},{\"@type\":\"ListItem\",\"position\":2,\"name\":\"\u0110i\u1ec1u kho\u1ea3n v\u00e0 \u0111i\u1ec1u ki\u1ec7n\"}]},{\"@type\":\"WebSite\",\"@id\":\"https:\\\/\\\/www.traderscale.com\\\/vi\\\/#website\",\"url\":\"https:\\\/\\\/www.traderscale.com\\\/vi\\\/\",\"name\":\"Traderscale\",\"description\":\"\",\"publisher\":{\"@id\":\"https:\\\/\\\/www.traderscale.com\\\/vi\\\/#organization\"},\"potentialAction\":[{\"@type\":\"SearchAction\",\"target\":{\"@type\":\"EntryPoint\",\"urlTemplate\":\"https:\\\/\\\/www.traderscale.com\\\/vi\\\/?s={search_term_string}\"},\"query-input\":{\"@type\":\"PropertyValueSpecification\",\"valueRequired\":true,\"valueName\":\"search_term_string\"}}],\"inLanguage\":\"vi-VN\"},{\"@type\":\"Organization\",\"@id\":\"https:\\\/\\\/www.traderscale.com\\\/vi\\\/#organization\",\"name\":\"Traderscale\",\"url\":\"https:\\\/\\\/www.traderscale.com\\\/vi\\\/\",\"logo\":{\"@type\":\"ImageObject\",\"inLanguage\":\"vi-VN\",\"@id\":\"https:\\\/\\\/www.traderscale.com\\\/vi\\\/#\\\/schema\\\/logo\\\/image\\\/\",\"url\":\"https:\\\/\\\/www.traderscale.com\\\/wp-content\\\/uploads\\\/2025\\\/04\\\/dark.png\",\"contentUrl\":\"https:\\\/\\\/www.traderscale.com\\\/wp-content\\\/uploads\\\/2025\\\/04\\\/dark.png\",\"width\":240,\"height\":161,\"caption\":\"Traderscale\"},\"image\":{\"@id\":\"https:\\\/\\\/www.traderscale.com\\\/vi\\\/#\\\/schema\\\/logo\\\/image\\\/\"},\"sameAs\":[\"https:\\\/\\\/www.facebook.com\\\/profile.php?id=61556992185100#\",\"https:\\\/\\\/www.youtube.com\\\/@Traderscale_com\\\/videos\",\"https:\\\/\\\/www.instagram.com\\\/traderscalepro\\\/\"]}]}<\/script>\n<!-- \/ Yoast SEO plugin. -->","yoast_head_json":{"title":"\u0110i\u1ec1u kho\u1ea3n v\u00e0 \u0111i\u1ec1u ki\u1ec7n - Accelerate Your Financial Journey with a Fully Funded Trading Account","robots":{"index":"index","follow":"follow","max-snippet":"max-snippet:-1","max-image-preview":"max-image-preview:large","max-video-preview":"max-video-preview:-1"},"canonical":"https:\/\/www.traderscale.com\/vi\/dieu-khoan-va-dieu-kien\/","og_locale":"vi_VN","og_type":"article","og_title":"\u0110i\u1ec1u kho\u1ea3n v\u00e0 \u0111i\u1ec1u ki\u1ec7n - Accelerate Your Financial Journey with a Fully Funded Trading Account","og_description":"1. C\u00e1c b\u00ean v\u00e0 ph\u1ea1m vi C\u00e1c \u0110i\u1ec1u kho\u1ea3n v\u00e0 \u0110i\u1ec1u ki\u1ec7n n\u00e0y (\u201cTh\u1ecfa thu\u1eadn\u201d) \u0111i\u1ec1u ch\u1ec9nh m\u1ecdi quy\u1ec1n v\u00e0 ngh\u0129a v\u1ee5 ph\u00e1t sinh t\u1eeb vi\u1ec7c s\u1eed d\u1ee5ng c\u00e1c d\u1ecbch v\u1ee5 (\u201cD\u1ecbch v\u1ee5\u201d) do Traderscale Group cung c\u1ea5p, bao g\u1ed3m: Tradelytic FZCO \u2013 Dubai Silicon Oasis, DDP A1, Dubai, UAE (Nh\u00e0 \u0111i\u1ec1u h\u00e0nh trang web) [&hellip;]","og_url":"https:\/\/www.traderscale.com\/vi\/dieu-khoan-va-dieu-kien\/","og_site_name":"Accelerate Your Financial Journey with a Fully Funded Trading Account","article_publisher":"https:\/\/www.facebook.com\/profile.php?id=61556992185100#","twitter_card":"summary_large_image","twitter_misc":{"Est. reading time":"8 minutes"},"schema":{"@context":"https:\/\/schema.org","@graph":[{"@type":"WebPage","@id":"https:\/\/www.traderscale.com\/vi\/dieu-khoan-va-dieu-kien\/","url":"https:\/\/www.traderscale.com\/vi\/dieu-khoan-va-dieu-kien\/","name":"\u0110i\u1ec1u kho\u1ea3n v\u00e0 \u0111i\u1ec1u ki\u1ec7n - Accelerate Your Financial Journey with a Fully Funded Trading Account","isPartOf":{"@id":"https:\/\/www.traderscale.com\/vi\/#website"},"datePublished":"2024-02-06T16:16:45+00:00","breadcrumb":{"@id":"https:\/\/www.traderscale.com\/vi\/dieu-khoan-va-dieu-kien\/#breadcrumb"},"inLanguage":"vi-VN","potentialAction":[{"@type":"ReadAction","target":["https:\/\/www.traderscale.com\/vi\/dieu-khoan-va-dieu-kien\/"]}]},{"@type":"BreadcrumbList","@id":"https:\/\/www.traderscale.com\/vi\/dieu-khoan-va-dieu-kien\/#breadcrumb","itemListElement":[{"@type":"ListItem","position":1,"name":"Home","item":"https:\/\/www.traderscale.com\/vi\/trang-chu-2025\/"},{"@type":"ListItem","position":2,"name":"\u0110i\u1ec1u kho\u1ea3n v\u00e0 \u0111i\u1ec1u ki\u1ec7n"}]},{"@type":"WebSite","@id":"https:\/\/www.traderscale.com\/vi\/#website","url":"https:\/\/www.traderscale.com\/vi\/","name":"Traderscale","description":"","publisher":{"@id":"https:\/\/www.traderscale.com\/vi\/#organization"},"potentialAction":[{"@type":"SearchAction","target":{"@type":"EntryPoint","urlTemplate":"https:\/\/www.traderscale.com\/vi\/?s={search_term_string}"},"query-input":{"@type":"PropertyValueSpecification","valueRequired":true,"valueName":"search_term_string"}}],"inLanguage":"vi-VN"},{"@type":"Organization","@id":"https:\/\/www.traderscale.com\/vi\/#organization","name":"Traderscale","url":"https:\/\/www.traderscale.com\/vi\/","logo":{"@type":"ImageObject","inLanguage":"vi-VN","@id":"https:\/\/www.traderscale.com\/vi\/#\/schema\/logo\/image\/","url":"https:\/\/www.traderscale.com\/wp-content\/uploads\/2025\/04\/dark.png","contentUrl":"https:\/\/www.traderscale.com\/wp-content\/uploads\/2025\/04\/dark.png","width":240,"height":161,"caption":"Traderscale"},"image":{"@id":"https:\/\/www.traderscale.com\/vi\/#\/schema\/logo\/image\/"},"sameAs":["https:\/\/www.facebook.com\/profile.php?id=61556992185100#","https:\/\/www.youtube.com\/@Traderscale_com\/videos","https:\/\/www.instagram.com\/traderscalepro\/"]}]}},"_links":{"self":[{"href":"https:\/\/www.traderscale.com\/vi\/wp-json\/wp\/v2\/pages\/23952","targetHints":{"allow":["GET"]}}],"collection":[{"href":"https:\/\/www.traderscale.com\/vi\/wp-json\/wp\/v2\/pages"}],"about":[{"href":"https:\/\/www.traderscale.com\/vi\/wp-json\/wp\/v2\/types\/page"}],"author":[{"embeddable":true,"href":"https:\/\/www.traderscale.com\/vi\/wp-json\/wp\/v2\/users\/1"}],"replies":[{"embeddable":true,"href":"https:\/\/www.traderscale.com\/vi\/wp-json\/wp\/v2\/comments?post=23952"}],"version-history":[{"count":0,"href":"https:\/\/www.traderscale.com\/vi\/wp-json\/wp\/v2\/pages\/23952\/revisions"}],"wp:attachment":[{"href":"https:\/\/www.traderscale.com\/vi\/wp-json\/wp\/v2\/media?parent=23952"}],"curies":[{"name":"wp","href":"https:\/\/api.w.org\/{rel}","templated":true}]}}