{"id":23938,"date":"2024-02-20T15:28:51","date_gmt":"2024-02-20T20:28:51","guid":{"rendered":"https:\/\/www.traderscale.com\/chinh-sach-hoan-tien\/"},"modified":"2025-05-09T06:57:47","modified_gmt":"2025-05-09T11:57:47","slug":"chinh-sach-hoan-tien","status":"publish","type":"page","link":"https:\/\/www.traderscale.com\/vi\/chinh-sach-hoan-tien\/","title":{"rendered":"Ch\u00ednh s\u00e1ch ho\u00e0n ti\u1ec1n"},"content":{"rendered":"\r\n<div><br \/>\r\n<h3 class=\"heading-secondary\">Ch\u00ednh S\u00e1ch H\u1ee7y B\u1ecf v\u00e0 Ho\u00e0n Ti\u1ec1n<br \/><br \/><\/h3>\r\n<br \/>\r\n<div>Sau khi thanh to\u00e1n th\u00e0nh c\u00f4ng cho m\u1ed9t trong c\u00e1c ch\u01b0\u01a1ng tr\u00ecnh c\u1ee7a ch\u00fang t\u00f4i, b\u1ea1n s\u1ebd nh\u1eadn \u0111\u01b0\u1ee3c email v\u1edbi th\u00f4ng tin \u0111\u0103ng nh\u1eadp \u0111\u1ec3 truy c\u1eadp n\u1ec1n t\u1ea3ng giao d\u1ecbch c\u1ee7a b\u1ea1n. Khi th\u00f4ng tin n\u00e0y \u0111\u00e3 \u0111\u01b0\u1ee3c g\u1eedi qua email, ch\u00fang t\u00f4i s\u1ebd kh\u00f4ng ho\u00e0n ti\u1ec1n trong b\u1ea5t k\u1ef3 tr\u01b0\u1eddng h\u1ee3p n\u00e0o. Trong nh\u1eefng tr\u01b0\u1eddng h\u1ee3p \u0111\u1eb7c bi\u1ec7t ho\u1eb7c c\u1ea7n h\u1ed7 tr\u1ee3, vui l\u00f2ng g\u1eedi email \u0111\u1ebfn <a href=\"mailto:support@traderscale.com\">support@traderscale.com<\/a><\/div>\r\n<\/div>\r\n<p>&nbsp;<\/p>\r\n<div><br \/>\r\n<h3 class=\"heading-secondary\"><br \/>Ho\u00e0n ti\u1ec1n sau khi ho\u00e0n th\u00e0nh Th\u1eed Th\u00e1ch th\u00e0nh c\u00f4ng<\/h3>\r\n<br \/>Ch\u00fang t\u00f4i kh\u00f4ng ho\u00e0n l\u1ea1i ph\u00ed tham gia cho ch\u01b0\u01a1ng tr\u00ecnh Speedy Challenge c\u1ee7a ch\u00fang t\u00f4i.<\/div>\r\n<p>&nbsp;<\/p>\r\n<div><br \/>\r\n<h3 class=\"heading-secondary\"><br \/>Ch\u1ea5p nh\u1eadn Ch\u00ednh S\u00e1ch n\u00e0y<\/h3>\r\n<br \/>\r\n<div>B\u1ea1n c\u00f3 tr\u00e1ch nhi\u1ec7m hi\u1ec3u r\u00f5 ch\u00ednh s\u00e1ch ho\u00e0n ti\u1ec1n n\u00e0y. B\u1eb1ng c\u00e1ch \u0111\u1eb7t mua b\u1ea5t k\u1ef3 ch\u01b0\u01a1ng tr\u00ecnh n\u00e0o c\u1ee7a ch\u00fang t\u00f4i, b\u1ea1n x\u00e1c nh\u1eadn r\u1eb1ng b\u1ea1n \u0111\u00e3 \u0111\u1ecdc k\u1ef9 ch\u00ednh s\u00e1ch n\u00e0y v\u00e0 b\u1ea1n \u0111\u1ed3ng \u00fd, ch\u1ea5p nh\u1eadn c\u00e1c \u0111i\u1ec1u kho\u1ea3n n\u00eau ra. N\u1ebfu b\u1ea1n kh\u00f4ng \u0111\u1ed3ng \u00fd ho\u1eb7c kh\u00f4ng ho\u00e0n to\u00e0n ch\u1ea5p nh\u1eadn c\u00e1c \u0111i\u1ec1u kho\u1ea3n trong ch\u00ednh s\u00e1ch ho\u00e0n ti\u1ec1n n\u00e0y, xin vui l\u00f2ng kh\u00f4ng \u0111\u1eb7t mua s\u1ea3n ph\u1ea9m c\u1ee7a ch\u00fang t\u00f4i. Vui l\u00f2ng li\u00ean h\u1ec7 v\u1edbi ch\u00fang t\u00f4i t\u1ea1i <a href=\"mailto:support@traderscale.com\">support@traderscale.com<\/a> n\u1ebfu b\u1ea1n c\u00f3 b\u1ea5t k\u1ef3 c\u00e2u h\u1ecfi n\u00e0o li\u00ean quan \u0111\u1ebfn ch\u00ednh s\u00e1ch ho\u00e0n ti\u1ec1n.<\/div>\r\n<\/div>\r\n","protected":false},"excerpt":{"rendered":"<p>Ch\u00ednh S\u00e1ch H\u1ee7y B\u1ecf v\u00e0 Ho\u00e0n Ti\u1ec1n Sau khi thanh to\u00e1n th\u00e0nh c\u00f4ng cho m\u1ed9t trong c\u00e1c ch\u01b0\u01a1ng tr\u00ecnh c\u1ee7a ch\u00fang t\u00f4i, b\u1ea1n s\u1ebd nh\u1eadn \u0111\u01b0\u1ee3c email v\u1edbi th\u00f4ng tin \u0111\u0103ng nh\u1eadp \u0111\u1ec3 truy c\u1eadp n\u1ec1n t\u1ea3ng giao d\u1ecbch c\u1ee7a b\u1ea1n. Khi th\u00f4ng tin n\u00e0y \u0111\u00e3 \u0111\u01b0\u1ee3c g\u1eedi qua email, ch\u00fang t\u00f4i s\u1ebd kh\u00f4ng ho\u00e0n [&hellip;]<\/p>\n","protected":false},"author":1,"featured_media":0,"parent":0,"menu_order":0,"comment_status":"closed","ping_status":"closed","template":"page-new.php","meta":{"_acf_changed":false,"om_disable_all_campaigns":false,"footnotes":""},"class_list":["post-23938","page","type-page","status-publish","hentry"],"acf":[],"yoast_head":"<!-- This site is optimized with the Yoast SEO plugin v27.3 - https:\/\/yoast.com\/product\/yoast-seo-wordpress\/ -->\n<title>Ch\u00ednh s\u00e1ch ho\u00e0n ti\u1ec1n - Accelerate Your Financial Journey with a Fully Funded Trading Account<\/title>\n<meta name=\"robots\" content=\"index, follow, max-snippet:-1, max-image-preview:large, max-video-preview:-1\" \/>\n<link rel=\"canonical\" href=\"https:\/\/www.traderscale.com\/vi\/chinh-sach-hoan-tien\/\" \/>\n<meta property=\"og:locale\" content=\"vi_VN\" \/>\n<meta property=\"og:type\" content=\"article\" \/>\n<meta property=\"og:title\" content=\"Ch\u00ednh s\u00e1ch ho\u00e0n ti\u1ec1n - Accelerate Your Financial Journey with a Fully Funded Trading Account\" \/>\n<meta property=\"og:description\" content=\"Ch\u00ednh S\u00e1ch H\u1ee7y B\u1ecf v\u00e0 Ho\u00e0n Ti\u1ec1n Sau khi thanh to\u00e1n th\u00e0nh c\u00f4ng cho m\u1ed9t trong c\u00e1c ch\u01b0\u01a1ng tr\u00ecnh c\u1ee7a ch\u00fang t\u00f4i, b\u1ea1n s\u1ebd nh\u1eadn \u0111\u01b0\u1ee3c email v\u1edbi th\u00f4ng tin \u0111\u0103ng nh\u1eadp \u0111\u1ec3 truy c\u1eadp n\u1ec1n t\u1ea3ng giao d\u1ecbch c\u1ee7a b\u1ea1n. Khi th\u00f4ng tin n\u00e0y \u0111\u00e3 \u0111\u01b0\u1ee3c g\u1eedi qua email, ch\u00fang t\u00f4i s\u1ebd kh\u00f4ng ho\u00e0n [&hellip;]\" \/>\n<meta property=\"og:url\" content=\"https:\/\/www.traderscale.com\/vi\/chinh-sach-hoan-tien\/\" \/>\n<meta property=\"og:site_name\" content=\"Accelerate Your Financial Journey with a Fully Funded Trading Account\" \/>\n<meta property=\"article:publisher\" content=\"https:\/\/www.facebook.com\/profile.php?id=61556992185100#\" \/>\n<meta property=\"article:modified_time\" content=\"2025-05-09T11:57:47+00:00\" \/>\n<meta name=\"twitter:card\" content=\"summary_large_image\" \/>\n<meta name=\"twitter:label1\" content=\"Est. reading time\" \/>\n\t<meta name=\"twitter:data1\" content=\"1 minute\" \/>\n<script type=\"application\/ld+json\" class=\"yoast-schema-graph\">{\"@context\":\"https:\\\/\\\/schema.org\",\"@graph\":[{\"@type\":\"WebPage\",\"@id\":\"https:\\\/\\\/www.traderscale.com\\\/vi\\\/chinh-sach-hoan-tien\\\/\",\"url\":\"https:\\\/\\\/www.traderscale.com\\\/vi\\\/chinh-sach-hoan-tien\\\/\",\"name\":\"Ch\u00ednh s\u00e1ch ho\u00e0n ti\u1ec1n - Accelerate Your Financial Journey with a Fully Funded Trading Account\",\"isPartOf\":{\"@id\":\"https:\\\/\\\/www.traderscale.com\\\/vi\\\/#website\"},\"datePublished\":\"2024-02-20T20:28:51+00:00\",\"dateModified\":\"2025-05-09T11:57:47+00:00\",\"breadcrumb\":{\"@id\":\"https:\\\/\\\/www.traderscale.com\\\/vi\\\/chinh-sach-hoan-tien\\\/#breadcrumb\"},\"inLanguage\":\"vi-VN\",\"potentialAction\":[{\"@type\":\"ReadAction\",\"target\":[\"https:\\\/\\\/www.traderscale.com\\\/vi\\\/chinh-sach-hoan-tien\\\/\"]}]},{\"@type\":\"BreadcrumbList\",\"@id\":\"https:\\\/\\\/www.traderscale.com\\\/vi\\\/chinh-sach-hoan-tien\\\/#breadcrumb\",\"itemListElement\":[{\"@type\":\"ListItem\",\"position\":1,\"name\":\"Home\",\"item\":\"https:\\\/\\\/www.traderscale.com\\\/vi\\\/trang-chu-2025\\\/\"},{\"@type\":\"ListItem\",\"position\":2,\"name\":\"Ch\u00ednh s\u00e1ch ho\u00e0n ti\u1ec1n\"}]},{\"@type\":\"WebSite\",\"@id\":\"https:\\\/\\\/www.traderscale.com\\\/vi\\\/#website\",\"url\":\"https:\\\/\\\/www.traderscale.com\\\/vi\\\/\",\"name\":\"Traderscale\",\"description\":\"\",\"publisher\":{\"@id\":\"https:\\\/\\\/www.traderscale.com\\\/vi\\\/#organization\"},\"potentialAction\":[{\"@type\":\"SearchAction\",\"target\":{\"@type\":\"EntryPoint\",\"urlTemplate\":\"https:\\\/\\\/www.traderscale.com\\\/vi\\\/?s={search_term_string}\"},\"query-input\":{\"@type\":\"PropertyValueSpecification\",\"valueRequired\":true,\"valueName\":\"search_term_string\"}}],\"inLanguage\":\"vi-VN\"},{\"@type\":\"Organization\",\"@id\":\"https:\\\/\\\/www.traderscale.com\\\/vi\\\/#organization\",\"name\":\"Traderscale\",\"url\":\"https:\\\/\\\/www.traderscale.com\\\/vi\\\/\",\"logo\":{\"@type\":\"ImageObject\",\"inLanguage\":\"vi-VN\",\"@id\":\"https:\\\/\\\/www.traderscale.com\\\/vi\\\/#\\\/schema\\\/logo\\\/image\\\/\",\"url\":\"https:\\\/\\\/www.traderscale.com\\\/wp-content\\\/uploads\\\/2025\\\/04\\\/dark.png\",\"contentUrl\":\"https:\\\/\\\/www.traderscale.com\\\/wp-content\\\/uploads\\\/2025\\\/04\\\/dark.png\",\"width\":240,\"height\":161,\"caption\":\"Traderscale\"},\"image\":{\"@id\":\"https:\\\/\\\/www.traderscale.com\\\/vi\\\/#\\\/schema\\\/logo\\\/image\\\/\"},\"sameAs\":[\"https:\\\/\\\/www.facebook.com\\\/profile.php?id=61556992185100#\",\"https:\\\/\\\/www.youtube.com\\\/@Traderscale_com\\\/videos\",\"https:\\\/\\\/www.instagram.com\\\/traderscalepro\\\/\"]}]}<\/script>\n<!-- \/ Yoast SEO plugin. -->","yoast_head_json":{"title":"Ch\u00ednh s\u00e1ch ho\u00e0n ti\u1ec1n - Accelerate Your Financial Journey with a Fully Funded Trading Account","robots":{"index":"index","follow":"follow","max-snippet":"max-snippet:-1","max-image-preview":"max-image-preview:large","max-video-preview":"max-video-preview:-1"},"canonical":"https:\/\/www.traderscale.com\/vi\/chinh-sach-hoan-tien\/","og_locale":"vi_VN","og_type":"article","og_title":"Ch\u00ednh s\u00e1ch ho\u00e0n ti\u1ec1n - Accelerate Your Financial Journey with a Fully Funded Trading Account","og_description":"Ch\u00ednh S\u00e1ch H\u1ee7y B\u1ecf v\u00e0 Ho\u00e0n Ti\u1ec1n Sau khi thanh to\u00e1n th\u00e0nh c\u00f4ng cho m\u1ed9t trong c\u00e1c ch\u01b0\u01a1ng tr\u00ecnh c\u1ee7a ch\u00fang t\u00f4i, b\u1ea1n s\u1ebd nh\u1eadn \u0111\u01b0\u1ee3c email v\u1edbi th\u00f4ng tin \u0111\u0103ng nh\u1eadp \u0111\u1ec3 truy c\u1eadp n\u1ec1n t\u1ea3ng giao d\u1ecbch c\u1ee7a b\u1ea1n. Khi th\u00f4ng tin n\u00e0y \u0111\u00e3 \u0111\u01b0\u1ee3c g\u1eedi qua email, ch\u00fang t\u00f4i s\u1ebd kh\u00f4ng ho\u00e0n [&hellip;]","og_url":"https:\/\/www.traderscale.com\/vi\/chinh-sach-hoan-tien\/","og_site_name":"Accelerate Your Financial Journey with a Fully Funded Trading Account","article_publisher":"https:\/\/www.facebook.com\/profile.php?id=61556992185100#","article_modified_time":"2025-05-09T11:57:47+00:00","twitter_card":"summary_large_image","twitter_misc":{"Est. reading time":"1 minute"},"schema":{"@context":"https:\/\/schema.org","@graph":[{"@type":"WebPage","@id":"https:\/\/www.traderscale.com\/vi\/chinh-sach-hoan-tien\/","url":"https:\/\/www.traderscale.com\/vi\/chinh-sach-hoan-tien\/","name":"Ch\u00ednh s\u00e1ch ho\u00e0n ti\u1ec1n - Accelerate Your Financial Journey with a Fully Funded Trading Account","isPartOf":{"@id":"https:\/\/www.traderscale.com\/vi\/#website"},"datePublished":"2024-02-20T20:28:51+00:00","dateModified":"2025-05-09T11:57:47+00:00","breadcrumb":{"@id":"https:\/\/www.traderscale.com\/vi\/chinh-sach-hoan-tien\/#breadcrumb"},"inLanguage":"vi-VN","potentialAction":[{"@type":"ReadAction","target":["https:\/\/www.traderscale.com\/vi\/chinh-sach-hoan-tien\/"]}]},{"@type":"BreadcrumbList","@id":"https:\/\/www.traderscale.com\/vi\/chinh-sach-hoan-tien\/#breadcrumb","itemListElement":[{"@type":"ListItem","position":1,"name":"Home","item":"https:\/\/www.traderscale.com\/vi\/trang-chu-2025\/"},{"@type":"ListItem","position":2,"name":"Ch\u00ednh s\u00e1ch ho\u00e0n ti\u1ec1n"}]},{"@type":"WebSite","@id":"https:\/\/www.traderscale.com\/vi\/#website","url":"https:\/\/www.traderscale.com\/vi\/","name":"Traderscale","description":"","publisher":{"@id":"https:\/\/www.traderscale.com\/vi\/#organization"},"potentialAction":[{"@type":"SearchAction","target":{"@type":"EntryPoint","urlTemplate":"https:\/\/www.traderscale.com\/vi\/?s={search_term_string}"},"query-input":{"@type":"PropertyValueSpecification","valueRequired":true,"valueName":"search_term_string"}}],"inLanguage":"vi-VN"},{"@type":"Organization","@id":"https:\/\/www.traderscale.com\/vi\/#organization","name":"Traderscale","url":"https:\/\/www.traderscale.com\/vi\/","logo":{"@type":"ImageObject","inLanguage":"vi-VN","@id":"https:\/\/www.traderscale.com\/vi\/#\/schema\/logo\/image\/","url":"https:\/\/www.traderscale.com\/wp-content\/uploads\/2025\/04\/dark.png","contentUrl":"https:\/\/www.traderscale.com\/wp-content\/uploads\/2025\/04\/dark.png","width":240,"height":161,"caption":"Traderscale"},"image":{"@id":"https:\/\/www.traderscale.com\/vi\/#\/schema\/logo\/image\/"},"sameAs":["https:\/\/www.facebook.com\/profile.php?id=61556992185100#","https:\/\/www.youtube.com\/@Traderscale_com\/videos","https:\/\/www.instagram.com\/traderscalepro\/"]}]}},"_links":{"self":[{"href":"https:\/\/www.traderscale.com\/vi\/wp-json\/wp\/v2\/pages\/23938","targetHints":{"allow":["GET"]}}],"collection":[{"href":"https:\/\/www.traderscale.com\/vi\/wp-json\/wp\/v2\/pages"}],"about":[{"href":"https:\/\/www.traderscale.com\/vi\/wp-json\/wp\/v2\/types\/page"}],"author":[{"embeddable":true,"href":"https:\/\/www.traderscale.com\/vi\/wp-json\/wp\/v2\/users\/1"}],"replies":[{"embeddable":true,"href":"https:\/\/www.traderscale.com\/vi\/wp-json\/wp\/v2\/comments?post=23938"}],"version-history":[{"count":2,"href":"https:\/\/www.traderscale.com\/vi\/wp-json\/wp\/v2\/pages\/23938\/revisions"}],"predecessor-version":[{"id":23947,"href":"https:\/\/www.traderscale.com\/vi\/wp-json\/wp\/v2\/pages\/23938\/revisions\/23947"}],"wp:attachment":[{"href":"https:\/\/www.traderscale.com\/vi\/wp-json\/wp\/v2\/media?parent=23938"}],"curies":[{"name":"wp","href":"https:\/\/api.w.org\/{rel}","templated":true}]}}