{"id":23935,"date":"2024-02-06T10:03:28","date_gmt":"2024-02-06T15:03:28","guid":{"rendered":"https:\/\/www.traderscale.com\/chinh-sach-bao-mat\/"},"modified":"2024-02-06T10:03:28","modified_gmt":"2024-02-06T15:03:28","slug":"chinh-sach-bao-mat","status":"publish","type":"page","link":"https:\/\/www.traderscale.com\/vi\/chinh-sach-bao-mat\/","title":{"rendered":"Ch\u00ednh s\u00e1ch b\u1ea3o m\u1eadt"},"content":{"rendered":"<div class=\"privacy-policy\">\n<h2>1. Gi\u1edbi thi\u1ec7u<\/h2>\n<p>Ch\u00ednh s\u00e1ch b\u1ea3o m\u1eadt n\u00e0y (\u201cCh\u00ednh s\u00e1ch\u201d) \u00e1p d\u1ee5ng cho <strong>Tradelytic FZCO<\/strong> , giao d\u1ecbch d\u01b0\u1edbi t\u00ean Traderscale.com, <strong>Traderscale LTD<\/strong> (S\u00edp) v\u00e0 <strong>Traderscale Limited<\/strong> (Saint Lucia) (g\u1ecdi chung l\u00e0 \u201cch\u00fang t\u00f4i\u201d, \u201cc\u1ee7a ch\u00fang t\u00f4i\u201d ho\u1eb7c \u201cC\u00f4ng ty\u201d).<\/p>\n<p>Ch\u00ednh s\u00e1ch n\u00e0y gi\u1ea3i th\u00edch c\u00e1ch C\u00f4ng ty thu th\u1eadp, duy tr\u00ec, s\u1eed d\u1ee5ng v\u00e0 ti\u1ebft l\u1ed9 th\u00f4ng tin c\u00e1 nh\u00e2n li\u00ean quan \u0111\u1ebfn kh\u00e1ch h\u00e0ng c\u1ee7a ch\u00fang t\u00f4i (\u201cb\u1ea1n\u201d, \u201cc\u1ee7a b\u1ea1n\u201d ho\u1eb7c \u201cKh\u00e1ch h\u00e0ng\u201d). Ch\u00ednh s\u00e1ch n\u00e0y \u00e1p d\u1ee5ng cho kh\u00e1ch h\u00e0ng hi\u1ec7n t\u1ea1i v\u00e0 kh\u00e1ch h\u00e0ng ti\u1ec1m n\u0103ng c\u0169ng nh\u01b0 b\u1ea5t k\u1ef3 kh\u00e1ch truy c\u1eadp n\u00e0o v\u00e0o trang web c\u1ee7a C\u00f4ng ty. Ch\u00fang t\u00f4i ho\u1ea1t \u0111\u1ed9ng nh\u01b0 b\u1ed9 \u0111i\u1ec1u khi\u1ec3n d\u1eef li\u1ec7u theo lu\u1eadt b\u1ea3o v\u1ec7 d\u1eef li\u1ec7u hi\u1ec7n h\u00e0nh.  <\/p>\n<p>C\u00f4ng ty cam k\u1ebft b\u1ea3o v\u1ec7 quy\u1ec1n ri\u00eang t\u01b0 c\u1ee7a t\u1ea5t c\u1ea3 D\u1eef li\u1ec7u c\u00e1 nh\u00e2n (nh\u01b0 \u0111\u01b0\u1ee3c \u0111\u1ecbnh ngh\u0129a b\u00ean d\u01b0\u1edbi) \u0111\u01b0\u1ee3c thu th\u1eadp t\u1eeb b\u1ea1n, bao g\u1ed3m th\u00f4ng tin thu \u0111\u01b0\u1ee3c trong c\u00e1c l\u1ea7n b\u1ea1n truy c\u1eadp trang web c\u1ee7a ch\u00fang t\u00f4i. Ch\u00ednh s\u00e1ch n\u00e0y n\u00ean \u0111\u01b0\u1ee3c \u0111\u1ecdc c\u00f9ng v\u1edbi <a href=\"https:\/\/www.traderscale.com\/vi\/dieu-khoan-va-dieu-kien\/\">\u0110i\u1ec1u kho\u1ea3n &amp; \u0110i\u1ec1u ki\u1ec7n<\/a> c\u1ee7a ch\u00fang t\u00f4i v\u00e0 b\u1ea5t k\u1ef3 th\u1ecfa thu\u1eadn n\u00e0o kh\u00e1c m\u00e0 ch\u00fang t\u00f4i cung c\u1ea5p. <\/p>\n<h2>2. Ch\u00fang t\u00f4i thu th\u1eadp nh\u1eefng D\u1eef li\u1ec7u C\u00e1 nh\u00e2n n\u00e0o v\u00e0 b\u1eb1ng c\u00e1ch n\u00e0o?<\/h2>\n<p>Ch\u00fang t\u00f4i thu th\u1eadp v\u00e0 l\u01b0u gi\u1eef D\u1eef li\u1ec7u c\u00e1 nh\u00e2n khi b\u1ea1n:<\/p>\n<ul>\n<li>Ho\u00e0n t\u1ea5t \u0111\u01a1n \u0111\u0103ng k\u00fd tr\u1ef1c tuy\u1ebfn \u0111\u1ec3 m\u1edf t\u00e0i kho\u1ea3n th\u1eadt ho\u1eb7c t\u00e0i kho\u1ea3n demo.<\/li>\n<li>Tham gia b\u1ea5t k\u1ef3 th\u1eed th\u00e1ch n\u00e0o \u0111\u01b0\u1ee3c cung c\u1ea5p tr\u00ean Trang web c\u1ee7a ch\u00fang t\u00f4i.<\/li>\n<\/ul>\n<p>\u201cD\u1eef li\u1ec7u c\u00e1 nh\u00e2n\u201d bao g\u1ed3m:<\/p>\n<ul>\n<li><strong>Th\u00f4ng tin b\u1ea1n cung c\u1ea5p:<\/strong> t\u00ean, \u0111\u1ecba ch\u1ec9, ng\u00e0y sinh, s\u1ed1 \u0111i\u1ec7n tho\u1ea1i, \u0111\u1ecba ch\u1ec9 email, gi\u1ea5y t\u1edd t\u00f9y th\u00e2n (h\u1ed9 chi\u1ebfu, CMND), h\u00f3a \u0111\u01a1n ti\u1ec7n \u00edch, sao k\u00ea ng\u00e2n h\u00e0ng, th\u00f4ng tin th\u00e0nh l\u1eadp c\u00f4ng ty, th\u00f4ng tin t\u00e0i ch\u00ednh (thu nh\u1eadp, gi\u00e1 tr\u1ecb t\u00e0i s\u1ea3n r\u00f2ng), kinh nghi\u1ec7m giao d\u1ecbch, ki\u1ebfn th\u1ee9c \u0111\u1ea7u t\u01b0.<\/li>\n<li><strong>D\u1eef li\u1ec7u \u0111\u01b0\u1ee3c thu th\u1eadp t\u1ef1 \u0111\u1ed9ng:<\/strong> \u0110\u1ecba ch\u1ec9 IP, lo\u1ea1i thi\u1ebft b\u1ecb, h\u1ec7 \u0111i\u1ec1u h\u00e0nh, qu\u1ed1c gia truy c\u1eadp, d\u1ea5u th\u1eddi gian \u0111\u0103ng nh\u1eadp\/\u0111\u0103ng xu\u1ea5t, c\u00e0i \u0111\u1eb7t t\u00e0i kho\u1ea3n, c\u00e1c th\u1eed th\u00e1ch \u0111\u00e3 ch\u1ecdn, ti\u1ec1n t\u1ec7, lo\u1ea1i giao d\u1ecbch, th\u00f4ng tin li\u00ean l\u1ea1c.<\/li>\n<li><strong>D\u1eef li\u1ec7u giao d\u1ecbch m\u00f4 ph\u1ecfng:<\/strong> lo\u1ea1i th\u1eed th\u00e1ch, c\u00f4ng c\u1ee5 t\u00e0i ch\u00ednh, d\u1ea5u th\u1eddi gian giao d\u1ecbch, s\u1ed1 ti\u1ec1n \u0111\u1ea7u t\u01b0, l\u00e3i v\u00e0 l\u1ed7.<\/li>\n<li><strong>Ph\u00e2n t\u00edch duy\u1ec7t web:<\/strong> c\u00e1c trang \u0111\u00e3 truy c\u1eadp, t\u1ea7n su\u1ea5t v\u00e0 th\u1eddi l\u01b0\u1ee3ng truy c\u1eadp, c\u00e1c trang web gi\u1edbi thi\u1ec7u.<\/li>\n<\/ul>\n<h2>3. T\u1ea1i sao ch\u00fang t\u00f4i s\u1eed d\u1ee5ng D\u1eef li\u1ec7u c\u00e1 nh\u00e2n c\u1ee7a b\u1ea1n?<\/h2>\n<p>Ch\u00fang t\u00f4i c\u00f3 th\u1ec3 s\u1eed d\u1ee5ng d\u1eef li\u1ec7u c\u1ee7a b\u1ea1n cho c\u00e1c m\u1ee5c \u0111\u00edch bao g\u1ed3m nh\u01b0ng kh\u00f4ng gi\u1edbi h\u1ea1n \u1edf:<\/p>\n<ul>\n<li>X\u00e1c nh\u1eadn danh t\u00ednh c\u1ee7a b\u1ea1n<\/li>\n<li>Duy tr\u00ec h\u1ed3 s\u01a1 c\u00e1 nh\u00e2n c\u1ee7a b\u1ea1n<\/li>\n<li>\u0110\u00e1nh gi\u00e1 t\u00ednh ph\u00f9 h\u1ee3p cho s\u1ea3n ph\u1ea9m\/d\u1ecbch v\u1ee5 c\u1ee7a ch\u00fang t\u00f4i<\/li>\n<li>X\u1eed l\u00fd giao d\u1ecbch v\u00e0 cung c\u1ea5p c\u00e1c d\u1ecbch v\u1ee5 theo y\u00eau c\u1ea7u<\/li>\n<li>Cung c\u1ea5p h\u1ed7 tr\u1ee3 li\u00ean quan \u0111\u1ebfn giao d\u1ecbch<\/li>\n<li>Ti\u1ebfp th\u1ecb s\u1ea3n ph\u1ea9m v\u00e0 d\u1ecbch v\u1ee5 quan t\u00e2m<\/li>\n<li>T\u00f9y ch\u1ec9nh tr\u1ea3i nghi\u1ec7m trang web c\u1ee7a b\u1ea1n<\/li>\n<li>T\u1ea1o ra nh\u1eefng hi\u1ec3u bi\u1ebft th\u1ed1ng k\u00ea \u1ea9n danh<\/li>\n<li>Qu\u1ea3n l\u00fd v\u00e0 theo d\u00f5i t\u00e0i kho\u1ea3n c\u1ee7a b\u1ea1n<\/li>\n<li>Chia s\u1ebb v\u1edbi b\u00ean th\u1ee9 ba \u0111\u1ec3 ti\u1ebfp th\u1ecb (v\u1edbi s\u1ef1 \u0111\u1ed3ng \u00fd c\u1ee7a b\u1ea1n)<\/li>\n<\/ul>\n<h2>4. C\u01a1 s\u1edf ph\u00e1p l\u00fd \u0111\u1ec3 x\u1eed l\u00fd D\u1eef li\u1ec7u c\u00e1 nh\u00e2n c\u1ee7a b\u1ea1n l\u00e0 g\u00ec?<\/h2>\n<p>C\u0103n c\u1ee9 ph\u00e1p l\u00fd bao g\u1ed3m:<\/p>\n<ul>\n<li><strong>S\u1ef1 c\u1ea7n thi\u1ebft theo h\u1ee3p \u0111\u1ed3ng:<\/strong> th\u1ef1c hi\u1ec7n c\u00e1c d\u1ecbch v\u1ee5 b\u1ea1n \u0111\u00e3 y\u00eau c\u1ea7u<\/li>\n<li><strong>Ngh\u0129a v\u1ee5 ph\u00e1p l\u00fd:<\/strong> Lu\u1eadt KYC, AML, d\u1ecbch v\u1ee5 t\u00e0i ch\u00ednh v\u00e0 b\u1ea3o v\u1ec7 d\u1eef li\u1ec7u<\/li>\n<li><strong>L\u1ee3i \u00edch h\u1ee3p ph\u00e1p:<\/strong> ph\u00f2ng ch\u1ed1ng gian l\u1eadn, b\u1ea3o m\u1eadt m\u1ea1ng, ti\u1ebfp th\u1ecb tr\u1ef1c ti\u1ebfp (c\u00e2n b\u1eb1ng v\u1edbi quy\u1ec1n c\u1ee7a b\u1ea1n)<\/li>\n<li><strong>S\u1ef1 \u0111\u1ed3ng \u00fd:<\/strong> khi b\u1ea1n \u0111\u00e3 \u0111\u1ed3ng \u00fd r\u00f5 r\u00e0ng v\u1edbi vi\u1ec7c ti\u1ebfp th\u1ecb ho\u1eb7c c\u00e1c m\u1ee5c \u0111\u00edch s\u1eed d\u1ee5ng kh\u00e1c<\/li>\n<\/ul>\n<h2>5. Ch\u00fang t\u00f4i l\u01b0u gi\u1eef D\u1eef li\u1ec7u c\u00e1 nh\u00e2n c\u1ee7a b\u1ea1n trong bao l\u00e2u?<\/h2>\n<p>Ch\u00fang t\u00f4i ch\u1ec9 l\u01b0u gi\u1eef D\u1eef li\u1ec7u c\u00e1 nh\u00e2n trong th\u1eddi gian c\u1ea7n thi\u1ebft \u0111\u1ec3 cung c\u1ea5p d\u1ecbch v\u1ee5 c\u1ee7a m\u00ecnh v\u00e0 theo y\u00eau c\u1ea7u c\u1ee7a ph\u00e1p lu\u1eadt\u2014\u00edt nh\u1ea5t b\u1ea3y (7) n\u0103m k\u1ec3 t\u1eeb ng\u00e0y giao d\u1ecbch cu\u1ed1i c\u00f9ng c\u1ee7a b\u1ea1n ho\u1eb7c ng\u00e0y k\u1ebft th\u00fac m\u1ed1i quan h\u1ec7 c\u1ee7a ch\u00fang t\u00f4i, t\u00f9y theo th\u1eddi \u0111i\u1ec3m n\u00e0o mu\u1ed9n h\u01a1n.<\/p>\n<h2>6. Ch\u00fang t\u00f4i s\u1ebd ti\u1ebft l\u1ed9 D\u1eef li\u1ec7u c\u00e1 nh\u00e2n c\u1ee7a b\u1ea1n \u1edf \u0111\u00e2u v\u00e0 t\u1ea1i sao?<\/h2>\n<p>Ch\u00fang t\u00f4i kh\u00f4ng chia s\u1ebb th\u00f4ng tin b\u00ed m\u1eadt c\u1ee7a b\u1ea1n ngo\u1ea1i tr\u1eeb khi:<\/p>\n<ul>\n<li>Y\u00eau c\u1ea7u theo lu\u1eadt, quy \u0111\u1ecbnh ho\u1eb7c c\u01a1 quan c\u00f3 th\u1ea9m quy\u1ec1n<\/li>\n<li>C\u1ea7n thi\u1ebft cho m\u1ee5c \u0111\u00edch kinh doanh h\u1ee3p ph\u00e1p (v\u00ed d\u1ee5: nh\u00e0 cung c\u1ea5p d\u1ecbch v\u1ee5 thanh to\u00e1n, ng\u00e2n h\u00e0ng)<\/li>\n<li>\u0110\u1ec3 \u0111\u00e1p \u1ee9ng c\u00e1c y\u00eau c\u1ea7u ph\u00e1p l\u00fd ho\u1eb7c v\u1edbi s\u1ef1 \u0111\u1ed3ng \u00fd c\u1ee7a b\u1ea1n<\/li>\n<li>\u0110\u1ec3 b\u1ea3o v\u1ec7 quy\u1ec1n l\u1ee3i c\u1ee7a ch\u00fang t\u00f4i ho\u1eb7c ng\u0103n ch\u1eb7n gian l\u1eadn<\/li>\n<\/ul>\n<p>Ch\u00fang t\u00f4i c\u0169ng c\u00f3 th\u1ec3 chia s\u1ebb D\u1eef li\u1ec7u c\u00e1 nh\u00e2n c\u1ee7a b\u1ea1n v\u1edbi:<\/p>\n<ul>\n<li>B\u1ed9 x\u1eed l\u00fd v\u00e0 nh\u00e0 cung c\u1ea5p c\u1ee7a b\u00ean th\u1ee9 ba cho c\u00e1c d\u1ecbch v\u1ee5 h\u1ea1n ch\u1ebf<\/li>\n<li>C\u00e1c t\u1ed5 ch\u1ee9c t\u00e0i ch\u00ednh v\u00e0 c\u1ed1 v\u1ea5n chuy\u00ean nghi\u1ec7p<\/li>\n<li>C\u01a1 quan qu\u1ea3n l\u00fd ho\u1eb7c c\u01a1 quan th\u1ef1c thi ph\u00e1p lu\u1eadt<\/li>\n<\/ul>\n<h2>7. B\u1ed9 x\u1eed l\u00fd<\/h2>\n<p>C\u00e1c b\u1ed9 x\u1eed l\u00fd \u0111\u01b0\u1ee3c C\u00f4ng ty thu\u00ea ph\u1ea3i:<\/p>\n<ul>\n<li>Duy tr\u00ec t\u00ednh b\u1ea3o m\u1eadt c\u1ee7a D\u1eef li\u1ec7u c\u00e1 nh\u00e2n<\/li>\n<li>Tu\u00e2n th\u1ee7 lu\u1eadt ph\u00e1p v\u00e0 quy \u0111\u1ecbnh hi\u1ec7n h\u00e0nh<\/li>\n<li>Ch\u1ecbu tr\u00e1ch nhi\u1ec7m cho b\u1ea5t k\u1ef3 vi ph\u1ea1m n\u00e0o \u0111\u1ed1i v\u1edbi Ch\u00ednh s\u00e1ch n\u00e0y<\/li>\n<\/ul>\n<h2>8. Chuy\u1ec3n d\u1eef li\u1ec7u qu\u1ed1c t\u1ebf<\/h2>\n<p>Ch\u00fang t\u00f4i c\u00f3 th\u1ec3 chuy\u1ec3n D\u1eef li\u1ec7u c\u00e1 nh\u00e2n c\u1ee7a b\u1ea1n b\u00ean trong ho\u1eb7c b\u00ean ngo\u00e0i EEA theo tu\u00e2n th\u1ee7 lu\u1eadt b\u1ea3o v\u1ec7 d\u1eef li\u1ec7u hi\u1ec7n h\u00e0nh v\u00e0 ch\u1ec9 theo c\u00e1c bi\u1ec7n ph\u00e1p b\u1ea3o v\u1ec7 \u0111\u1ea3m b\u1ea3o t\u00ednh an to\u00e0n c\u1ee7a d\u1eef li\u1ec7u.<\/p>\n<h2>9. Quy\u1ec1n c\u1ee7a b\u1ea1n<\/h2>\n<p>B\u1ea1n c\u00f3 th\u1ec3:<\/p>\n<ul>\n<li>Truy c\u1eadp D\u1eef li\u1ec7u c\u00e1 nh\u00e2n m\u00e0 ch\u00fang t\u00f4i l\u01b0u gi\u1eef v\u1ec1 b\u1ea1n<\/li>\n<li>S\u1eeda l\u1ed7i kh\u00f4ng ch\u00ednh x\u00e1c<\/li>\n<li>Y\u00eau c\u1ea7u x\u00f3a (tu\u00e2n theo y\u00eau c\u1ea7u l\u01b0u gi\u1eef h\u1ee3p ph\u00e1p)<\/li>\n<li>R\u00fat l\u1ea1i s\u1ef1 \u0111\u1ed3ng \u00fd ho\u1eb7c ph\u1ea3n \u0111\u1ed1i vi\u1ec7c x\u1eed l\u00fd<\/li>\n<\/ul>\n<p>\u0110\u1ec3 y\u00eau c\u1ea7u, h\u00e3y li\u00ean h\u1ec7 v\u1edbi ch\u00fang t\u00f4i theo \u0111\u1ecba ch\u1ec9 <a href=\"mailto:support@traderscale.com\">support@traderscale.com<\/a> . N\u1ebfu kh\u00f4ng h\u00e0i l\u00f2ng, b\u1ea1n c\u00f3 th\u1ec3 khi\u1ebfu n\u1ea1i v\u1edbi c\u01a1 quan b\u1ea3o v\u1ec7 d\u1eef li\u1ec7u \u0111\u1ecba ph\u01b0\u01a1ng c\u1ee7a b\u1ea1n. <\/p>\n<h2>10. S\u1ef1 \u0111\u1ed3ng \u00fd<\/h2>\n<p>B\u1eb1ng c\u00e1ch s\u1eed d\u1ee5ng Trang web n\u00e0y, b\u1ea1n \u0111\u1ed3ng \u00fd v\u1edbi vi\u1ec7c ch\u00fang t\u00f4i thu th\u1eadp, s\u1eed d\u1ee5ng v\u00e0 ti\u1ebft l\u1ed9 D\u1eef li\u1ec7u c\u00e1 nh\u00e2n nh\u01b0 \u0111\u01b0\u1ee3c m\u00f4 t\u1ea3 trong Ch\u00ednh s\u00e1ch n\u00e0y.<\/p>\n<h2>11. Li\u00ean k\u1ebft<\/h2>\n<p>Ch\u00ednh s\u00e1ch n\u00e0y kh\u00f4ng \u00e1p d\u1ee5ng cho c\u00e1c trang web b\u00ean ngo\u00e0i. Vui l\u00f2ng xem l\u1ea1i ch\u00ednh s\u00e1ch b\u1ea3o m\u1eadt c\u1ee7a h\u1ecd tr\u01b0\u1edbc khi cung c\u1ea5p b\u1ea5t k\u1ef3 d\u1eef li\u1ec7u n\u00e0o. <\/p>\n<h2>12. Cookie<\/h2>\n<p>Ch\u00fang t\u00f4i s\u1eed d\u1ee5ng cookie \u0111\u1ec3 c\u1ea3i thi\u1ec7n tr\u1ea3i nghi\u1ec7m c\u1ee7a b\u1ea1n. Xem <a href=\"https:\/\/www.traderscale.com\/cookie-policy\">Ch\u00ednh s\u00e1ch Cookie<\/a> c\u1ee7a ch\u00fang t\u00f4i \u0111\u1ec3 bi\u1ebft chi ti\u1ebft. B\u1ea1n c\u00f3 th\u1ec3 t\u1eaft cookie trong tr\u00ecnh duy\u1ec7t c\u1ee7a m\u00ecnh, nh\u01b0ng \u0111i\u1ec1u n\u00e0y c\u00f3 th\u1ec3 \u1ea3nh h\u01b0\u1edfng \u0111\u1ebfn ch\u1ee9c n\u0103ng.  <\/p>\n<h2>13. Bi\u1ec7n ph\u00e1p an ninh<\/h2>\n<p>Ch\u00fang t\u00f4i tri\u1ec3n khai c\u00e1c bi\u1ec7n ph\u00e1p b\u1ea3o v\u1ec7 k\u1ef9 thu\u1eadt v\u00e0 t\u1ed5 ch\u1ee9c theo ti\u00eau chu\u1ea9n c\u00f4ng nghi\u1ec7p \u0111\u1ec3 b\u1ea3o v\u1ec7 D\u1eef li\u1ec7u c\u00e1 nh\u00e2n c\u1ee7a b\u1ea1n. Ch\u1ec9 nh\u1eefng nh\u00e2n vi\u00ean v\u00e0 nh\u00e0 cung c\u1ea5p d\u1ecbch v\u1ee5 \u0111\u01b0\u1ee3c \u1ee7y quy\u1ec1n c\u00f3 nhu c\u1ea7u h\u1ee3p ph\u00e1p m\u1edbi \u0111\u01b0\u1ee3c quy\u1ec1n truy c\u1eadp. <\/p>\n<h2>14. C\u1eadp nh\u1eadt ch\u00ednh s\u00e1ch<\/h2>\n<p>Ch\u00fang t\u00f4i c\u00f3 th\u1ec3 c\u1eadp nh\u1eadt Ch\u00ednh s\u00e1ch n\u00e0y theo \u0111\u1ecbnh k\u1ef3. Ng\u00e0y &#8220;C\u1eadp nh\u1eadt l\u1ea7n cu\u1ed1i&#8221; b\u00ean d\u01b0\u1edbi ph\u1ea3n \u00e1nh nh\u1eefng thay \u0111\u1ed5i g\u1ea7n \u0111\u00e2y nh\u1ea5t. Vi\u1ec7c ti\u1ebfp t\u1ee5c s\u1eed d\u1ee5ng d\u1ecbch v\u1ee5 c\u1ee7a ch\u00fang t\u00f4i sau khi c\u1eadp nh\u1eadt c\u00f3 ngh\u0129a l\u00e0 ch\u1ea5p nh\u1eadn.  <\/p>\n<p><em>C\u1eadp nh\u1eadt l\u1ea7n cu\u1ed1i v\u00e0o ng\u00e0y 8 th\u00e1ng 5 n\u0103m 2025.<br \/>\n \u00a9 2025 Traderscale. B\u1ea3o l\u01b0u m\u1ecdi quy\u1ec1n. <\/em><\/p>\n<\/div>\n","protected":false},"excerpt":{"rendered":"<p>1. Gi\u1edbi thi\u1ec7u Ch\u00ednh s\u00e1ch b\u1ea3o m\u1eadt n\u00e0y (\u201cCh\u00ednh s\u00e1ch\u201d) \u00e1p d\u1ee5ng cho Tradelytic FZCO , giao d\u1ecbch d\u01b0\u1edbi t\u00ean Traderscale.com, Traderscale LTD (S\u00edp) v\u00e0 Traderscale Limited (Saint Lucia) (g\u1ecdi chung l\u00e0 \u201cch\u00fang t\u00f4i\u201d, \u201cc\u1ee7a ch\u00fang t\u00f4i\u201d ho\u1eb7c \u201cC\u00f4ng ty\u201d). Ch\u00ednh s\u00e1ch n\u00e0y gi\u1ea3i th\u00edch c\u00e1ch C\u00f4ng ty thu th\u1eadp, duy tr\u00ec, s\u1eed d\u1ee5ng v\u00e0 [&hellip;]<\/p>\n","protected":false},"author":1,"featured_media":0,"parent":0,"menu_order":0,"comment_status":"closed","ping_status":"closed","template":"page-new.php","meta":{"_acf_changed":false,"om_disable_all_campaigns":false,"footnotes":""},"class_list":["post-23935","page","type-page","status-publish","hentry"],"acf":[],"yoast_head":"<!-- This site is optimized with the Yoast SEO plugin v27.3 - https:\/\/yoast.com\/product\/yoast-seo-wordpress\/ -->\n<title>Ch\u00ednh s\u00e1ch b\u1ea3o m\u1eadt - Accelerate Your Financial Journey with a Fully Funded Trading Account<\/title>\n<meta name=\"robots\" content=\"index, follow, max-snippet:-1, max-image-preview:large, max-video-preview:-1\" \/>\n<link rel=\"canonical\" href=\"https:\/\/www.traderscale.com\/vi\/chinh-sach-bao-mat\/\" \/>\n<meta property=\"og:locale\" content=\"vi_VN\" \/>\n<meta property=\"og:type\" content=\"article\" \/>\n<meta property=\"og:title\" content=\"Ch\u00ednh s\u00e1ch b\u1ea3o m\u1eadt - Accelerate Your Financial Journey with a Fully Funded Trading Account\" \/>\n<meta property=\"og:description\" content=\"1. Gi\u1edbi thi\u1ec7u Ch\u00ednh s\u00e1ch b\u1ea3o m\u1eadt n\u00e0y (\u201cCh\u00ednh s\u00e1ch\u201d) \u00e1p d\u1ee5ng cho Tradelytic FZCO , giao d\u1ecbch d\u01b0\u1edbi t\u00ean Traderscale.com, Traderscale LTD (S\u00edp) v\u00e0 Traderscale Limited (Saint Lucia) (g\u1ecdi chung l\u00e0 \u201cch\u00fang t\u00f4i\u201d, \u201cc\u1ee7a ch\u00fang t\u00f4i\u201d ho\u1eb7c \u201cC\u00f4ng ty\u201d). Ch\u00ednh s\u00e1ch n\u00e0y gi\u1ea3i th\u00edch c\u00e1ch C\u00f4ng ty thu th\u1eadp, duy tr\u00ec, s\u1eed d\u1ee5ng v\u00e0 [&hellip;]\" \/>\n<meta property=\"og:url\" content=\"https:\/\/www.traderscale.com\/vi\/chinh-sach-bao-mat\/\" \/>\n<meta property=\"og:site_name\" content=\"Accelerate Your Financial Journey with a Fully Funded Trading Account\" \/>\n<meta property=\"article:publisher\" content=\"https:\/\/www.facebook.com\/profile.php?id=61556992185100#\" \/>\n<meta name=\"twitter:card\" content=\"summary_large_image\" \/>\n<meta name=\"twitter:label1\" content=\"Est. reading time\" \/>\n\t<meta name=\"twitter:data1\" content=\"10 minutes\" \/>\n<script type=\"application\/ld+json\" class=\"yoast-schema-graph\">{\"@context\":\"https:\\\/\\\/schema.org\",\"@graph\":[{\"@type\":\"WebPage\",\"@id\":\"https:\\\/\\\/www.traderscale.com\\\/vi\\\/chinh-sach-bao-mat\\\/\",\"url\":\"https:\\\/\\\/www.traderscale.com\\\/vi\\\/chinh-sach-bao-mat\\\/\",\"name\":\"Ch\u00ednh s\u00e1ch b\u1ea3o m\u1eadt - Accelerate Your Financial Journey with a Fully Funded Trading Account\",\"isPartOf\":{\"@id\":\"https:\\\/\\\/www.traderscale.com\\\/vi\\\/#website\"},\"datePublished\":\"2024-02-06T15:03:28+00:00\",\"breadcrumb\":{\"@id\":\"https:\\\/\\\/www.traderscale.com\\\/vi\\\/chinh-sach-bao-mat\\\/#breadcrumb\"},\"inLanguage\":\"vi-VN\",\"potentialAction\":[{\"@type\":\"ReadAction\",\"target\":[\"https:\\\/\\\/www.traderscale.com\\\/vi\\\/chinh-sach-bao-mat\\\/\"]}]},{\"@type\":\"BreadcrumbList\",\"@id\":\"https:\\\/\\\/www.traderscale.com\\\/vi\\\/chinh-sach-bao-mat\\\/#breadcrumb\",\"itemListElement\":[{\"@type\":\"ListItem\",\"position\":1,\"name\":\"Home\",\"item\":\"https:\\\/\\\/www.traderscale.com\\\/vi\\\/trang-chu-2025\\\/\"},{\"@type\":\"ListItem\",\"position\":2,\"name\":\"Ch\u00ednh s\u00e1ch b\u1ea3o m\u1eadt\"}]},{\"@type\":\"WebSite\",\"@id\":\"https:\\\/\\\/www.traderscale.com\\\/vi\\\/#website\",\"url\":\"https:\\\/\\\/www.traderscale.com\\\/vi\\\/\",\"name\":\"Traderscale\",\"description\":\"\",\"publisher\":{\"@id\":\"https:\\\/\\\/www.traderscale.com\\\/vi\\\/#organization\"},\"potentialAction\":[{\"@type\":\"SearchAction\",\"target\":{\"@type\":\"EntryPoint\",\"urlTemplate\":\"https:\\\/\\\/www.traderscale.com\\\/vi\\\/?s={search_term_string}\"},\"query-input\":{\"@type\":\"PropertyValueSpecification\",\"valueRequired\":true,\"valueName\":\"search_term_string\"}}],\"inLanguage\":\"vi-VN\"},{\"@type\":\"Organization\",\"@id\":\"https:\\\/\\\/www.traderscale.com\\\/vi\\\/#organization\",\"name\":\"Traderscale\",\"url\":\"https:\\\/\\\/www.traderscale.com\\\/vi\\\/\",\"logo\":{\"@type\":\"ImageObject\",\"inLanguage\":\"vi-VN\",\"@id\":\"https:\\\/\\\/www.traderscale.com\\\/vi\\\/#\\\/schema\\\/logo\\\/image\\\/\",\"url\":\"https:\\\/\\\/www.traderscale.com\\\/wp-content\\\/uploads\\\/2025\\\/04\\\/dark.png\",\"contentUrl\":\"https:\\\/\\\/www.traderscale.com\\\/wp-content\\\/uploads\\\/2025\\\/04\\\/dark.png\",\"width\":240,\"height\":161,\"caption\":\"Traderscale\"},\"image\":{\"@id\":\"https:\\\/\\\/www.traderscale.com\\\/vi\\\/#\\\/schema\\\/logo\\\/image\\\/\"},\"sameAs\":[\"https:\\\/\\\/www.facebook.com\\\/profile.php?id=61556992185100#\",\"https:\\\/\\\/www.youtube.com\\\/@Traderscale_com\\\/videos\",\"https:\\\/\\\/www.instagram.com\\\/traderscalepro\\\/\"]}]}<\/script>\n<!-- \/ Yoast SEO plugin. -->","yoast_head_json":{"title":"Ch\u00ednh s\u00e1ch b\u1ea3o m\u1eadt - Accelerate Your Financial Journey with a Fully Funded Trading Account","robots":{"index":"index","follow":"follow","max-snippet":"max-snippet:-1","max-image-preview":"max-image-preview:large","max-video-preview":"max-video-preview:-1"},"canonical":"https:\/\/www.traderscale.com\/vi\/chinh-sach-bao-mat\/","og_locale":"vi_VN","og_type":"article","og_title":"Ch\u00ednh s\u00e1ch b\u1ea3o m\u1eadt - Accelerate Your Financial Journey with a Fully Funded Trading Account","og_description":"1. Gi\u1edbi thi\u1ec7u Ch\u00ednh s\u00e1ch b\u1ea3o m\u1eadt n\u00e0y (\u201cCh\u00ednh s\u00e1ch\u201d) \u00e1p d\u1ee5ng cho Tradelytic FZCO , giao d\u1ecbch d\u01b0\u1edbi t\u00ean Traderscale.com, Traderscale LTD (S\u00edp) v\u00e0 Traderscale Limited (Saint Lucia) (g\u1ecdi chung l\u00e0 \u201cch\u00fang t\u00f4i\u201d, \u201cc\u1ee7a ch\u00fang t\u00f4i\u201d ho\u1eb7c \u201cC\u00f4ng ty\u201d). Ch\u00ednh s\u00e1ch n\u00e0y gi\u1ea3i th\u00edch c\u00e1ch C\u00f4ng ty thu th\u1eadp, duy tr\u00ec, s\u1eed d\u1ee5ng v\u00e0 [&hellip;]","og_url":"https:\/\/www.traderscale.com\/vi\/chinh-sach-bao-mat\/","og_site_name":"Accelerate Your Financial Journey with a Fully Funded Trading Account","article_publisher":"https:\/\/www.facebook.com\/profile.php?id=61556992185100#","twitter_card":"summary_large_image","twitter_misc":{"Est. reading time":"10 minutes"},"schema":{"@context":"https:\/\/schema.org","@graph":[{"@type":"WebPage","@id":"https:\/\/www.traderscale.com\/vi\/chinh-sach-bao-mat\/","url":"https:\/\/www.traderscale.com\/vi\/chinh-sach-bao-mat\/","name":"Ch\u00ednh s\u00e1ch b\u1ea3o m\u1eadt - Accelerate Your Financial Journey with a Fully Funded Trading Account","isPartOf":{"@id":"https:\/\/www.traderscale.com\/vi\/#website"},"datePublished":"2024-02-06T15:03:28+00:00","breadcrumb":{"@id":"https:\/\/www.traderscale.com\/vi\/chinh-sach-bao-mat\/#breadcrumb"},"inLanguage":"vi-VN","potentialAction":[{"@type":"ReadAction","target":["https:\/\/www.traderscale.com\/vi\/chinh-sach-bao-mat\/"]}]},{"@type":"BreadcrumbList","@id":"https:\/\/www.traderscale.com\/vi\/chinh-sach-bao-mat\/#breadcrumb","itemListElement":[{"@type":"ListItem","position":1,"name":"Home","item":"https:\/\/www.traderscale.com\/vi\/trang-chu-2025\/"},{"@type":"ListItem","position":2,"name":"Ch\u00ednh s\u00e1ch b\u1ea3o m\u1eadt"}]},{"@type":"WebSite","@id":"https:\/\/www.traderscale.com\/vi\/#website","url":"https:\/\/www.traderscale.com\/vi\/","name":"Traderscale","description":"","publisher":{"@id":"https:\/\/www.traderscale.com\/vi\/#organization"},"potentialAction":[{"@type":"SearchAction","target":{"@type":"EntryPoint","urlTemplate":"https:\/\/www.traderscale.com\/vi\/?s={search_term_string}"},"query-input":{"@type":"PropertyValueSpecification","valueRequired":true,"valueName":"search_term_string"}}],"inLanguage":"vi-VN"},{"@type":"Organization","@id":"https:\/\/www.traderscale.com\/vi\/#organization","name":"Traderscale","url":"https:\/\/www.traderscale.com\/vi\/","logo":{"@type":"ImageObject","inLanguage":"vi-VN","@id":"https:\/\/www.traderscale.com\/vi\/#\/schema\/logo\/image\/","url":"https:\/\/www.traderscale.com\/wp-content\/uploads\/2025\/04\/dark.png","contentUrl":"https:\/\/www.traderscale.com\/wp-content\/uploads\/2025\/04\/dark.png","width":240,"height":161,"caption":"Traderscale"},"image":{"@id":"https:\/\/www.traderscale.com\/vi\/#\/schema\/logo\/image\/"},"sameAs":["https:\/\/www.facebook.com\/profile.php?id=61556992185100#","https:\/\/www.youtube.com\/@Traderscale_com\/videos","https:\/\/www.instagram.com\/traderscalepro\/"]}]}},"_links":{"self":[{"href":"https:\/\/www.traderscale.com\/vi\/wp-json\/wp\/v2\/pages\/23935","targetHints":{"allow":["GET"]}}],"collection":[{"href":"https:\/\/www.traderscale.com\/vi\/wp-json\/wp\/v2\/pages"}],"about":[{"href":"https:\/\/www.traderscale.com\/vi\/wp-json\/wp\/v2\/types\/page"}],"author":[{"embeddable":true,"href":"https:\/\/www.traderscale.com\/vi\/wp-json\/wp\/v2\/users\/1"}],"replies":[{"embeddable":true,"href":"https:\/\/www.traderscale.com\/vi\/wp-json\/wp\/v2\/comments?post=23935"}],"version-history":[{"count":0,"href":"https:\/\/www.traderscale.com\/vi\/wp-json\/wp\/v2\/pages\/23935\/revisions"}],"wp:attachment":[{"href":"https:\/\/www.traderscale.com\/vi\/wp-json\/wp\/v2\/media?parent=23935"}],"curies":[{"name":"wp","href":"https:\/\/api.w.org\/{rel}","templated":true}]}}