{"id":23931,"date":"2024-11-23T03:07:44","date_gmt":"2024-11-23T08:07:44","guid":{"rendered":"https:\/\/www.traderscale.com\/thanh-toan\/"},"modified":"2024-11-23T03:07:44","modified_gmt":"2024-11-23T08:07:44","slug":"thanh-toan","status":"publish","type":"page","link":"https:\/\/www.traderscale.com\/vi\/thanh-toan\/","title":{"rendered":"Thanh to\u00e1n"},"content":{"rendered":"<p>G\u1ea7n \u0111\u00e2y, ch\u00fang t\u00f4i \u0111\u00e3 nh\u1eadn \u0111\u01b0\u1ee3c m\u1ed9t s\u1ed1 \u0111\u00e1nh gi\u00e1 ti\u00eau c\u1ef1c t\u1eeb <strong>c\u00e1c nh\u00e0 giao d\u1ecbch d\u00e1n nh\u00e3n ch\u00fang t\u00f4i l\u00e0 l\u1eeba \u0111\u1ea3o<\/strong> . Nhi\u1ec1u khi\u1ebfu n\u1ea1i trong s\u1ed1 n\u00e0y ph\u00e1t sinh t\u1eeb vi\u1ec7c hi\u1ec3u sai c\u00e1c quy t\u1eafc giao d\u1ecbch c\u1ee7a ch\u00fang t\u00f4i, thi\u1ebfu ki\u1ebfn th\u1ee9c giao d\u1ecbch ho\u1eb7c c\u1edd b\u1ea1c m\u1ea1o hi\u1ec3m thay v\u00ec giao d\u1ecbch c\u00f3 tr\u00e1ch nhi\u1ec7m. <\/p>\n<p>Ch\u00fang t\u00f4i r\u1ea5t coi tr\u1ecdng nh\u1eefng c\u00e1o bu\u1ed9c n\u00e0y v\u00ec ch\u00fang t\u00f4i cam k\u1ebft x\u00e2y d\u1ef1ng m\u1ed9t c\u00f4ng ty giao d\u1ecbch t\u1ef1 doanh c\u00f3 uy t\u00edn trong m\u1ed9t ng\u00e0nh m\u00e0 t\u00ednh minh b\u1ea1ch kh\u00f4ng ph\u1ea3i l\u00fac n\u00e0o c\u0169ng l\u00e0 ti\u00eau chu\u1ea9n.<\/p>\n<p><strong>\u0110\u1ec3 ch\u1ee9ng minh cam k\u1ebft<\/strong> v\u1ec1 t\u00ednh h\u1ee3p ph\u00e1p, ch\u00fang t\u00f4i \u0111\u00e3 th\u1ef1c hi\u1ec7n c\u00e1c bi\u1ec7n ph\u00e1p \u0111\u1ec3 \u0111\u1ea3m b\u1ea3o c\u00e1c kho\u1ea3n thanh to\u00e1n c\u1ee7a m\u00ecnh c\u00f3 th\u1ec3 theo d\u00f5i v\u00e0 x\u00e1c minh \u0111\u01b0\u1ee3c ho\u00e0n to\u00e0n.<\/p>\n<p>Thanh to\u00e1n c\u1ee7a ch\u00fang t\u00f4i s\u1eed d\u1ee5ng <strong>RISE v\u00e0 USDT, hai ph\u01b0\u01a1ng ph\u00e1p an to\u00e0n<\/strong> t\u1eadn d\u1ee5ng c\u00f4ng ngh\u1ec7 blockchain. \u0110i\u1ec1u n\u00e0y c\u00f3 ngh\u0129a l\u00e0 m\u1ecdi giao d\u1ecbch \u0111\u1ec1u \u0111\u01b0\u1ee3c ghi l\u1ea1i, hi\u1ec3n th\u1ecb v\u00e0 kh\u00f4ng th\u1ec3 thay \u0111\u1ed5i, mang l\u1ea1i cho b\u1ea1n s\u1ef1 minh b\u1ea1ch v\u00e0 an t\u00e2m ho\u00e0n to\u00e0n. <\/p>\n<p>Ngo\u00e0i ra, v\u1edbi <strong>h\u1ec7 th\u1ed1ng blockchain<\/strong> c\u1ee7a ch\u00fang t\u00f4i, b\u1ea1n c\u00f3 th\u1ec3 theo d\u00f5i m\u1ecdi kho\u1ea3n thanh to\u00e1n ch\u00fang t\u00f4i th\u1ef1c hi\u1ec7n theo th\u1eddi gian th\u1ef1c.<\/p>\n<p>V\u00ec v\u1eady, \u0111\u1eebng ch\u1ec9 tin v\u00e0o l\u1eddi ch\u00fang t\u00f4i n\u00f3i v\u1ec1 kho\u1ea3n thanh to\u00e1n tuy\u1ec7t v\u1eddi m\u00e0 c\u00e1c nh\u00e0 giao d\u1ecbch c\u1ee7a ch\u00fang t\u00f4i nh\u1eadn \u0111\u01b0\u1ee3c &#8211; h\u00e3y t\u1ef1 m\u00ecnh ki\u1ec3m ch\u1ee9ng!<\/p>\n<h4 class=\"contenttitle\">Tr\u1ea3i nghi\u1ec7m kho\u1ea3n thanh to\u00e1n th\u1ef1c t\u1ebf \u0111\u00e3 \u0111\u01b0\u1ee3c x\u00e1c minh v\u00e0 b\u1eaft \u0111\u1ea7u h\u00e0nh tr\u00ecnh c\u1ee7a b\u1ea1n ngay h\u00f4m nay!<\/h4>\n","protected":false},"excerpt":{"rendered":"<p>G\u1ea7n \u0111\u00e2y, ch\u00fang t\u00f4i \u0111\u00e3 nh\u1eadn \u0111\u01b0\u1ee3c m\u1ed9t s\u1ed1 \u0111\u00e1nh gi\u00e1 ti\u00eau c\u1ef1c t\u1eeb c\u00e1c nh\u00e0 giao d\u1ecbch d\u00e1n nh\u00e3n ch\u00fang t\u00f4i l\u00e0 l\u1eeba \u0111\u1ea3o . Nhi\u1ec1u khi\u1ebfu n\u1ea1i trong s\u1ed1 n\u00e0y ph\u00e1t sinh t\u1eeb vi\u1ec7c hi\u1ec3u sai c\u00e1c quy t\u1eafc giao d\u1ecbch c\u1ee7a ch\u00fang t\u00f4i, thi\u1ebfu ki\u1ebfn th\u1ee9c giao d\u1ecbch ho\u1eb7c c\u1edd b\u1ea1c m\u1ea1o [&hellip;]<\/p>\n","protected":false},"author":526,"featured_media":0,"parent":0,"menu_order":0,"comment_status":"closed","ping_status":"closed","template":"page-why.php","meta":{"_acf_changed":false,"om_disable_all_campaigns":false,"footnotes":""},"class_list":["post-23931","page","type-page","status-publish","hentry"],"acf":[],"yoast_head":"<!-- This site is optimized with the Yoast SEO plugin v27.3 - https:\/\/yoast.com\/product\/yoast-seo-wordpress\/ -->\n<title>Thanh to\u00e1n - Accelerate Your Financial Journey with a Fully Funded Trading Account<\/title>\n<meta name=\"robots\" content=\"index, follow, max-snippet:-1, max-image-preview:large, max-video-preview:-1\" \/>\n<link rel=\"canonical\" href=\"https:\/\/www.traderscale.com\/vi\/thanh-toan\/\" \/>\n<meta property=\"og:locale\" content=\"vi_VN\" \/>\n<meta property=\"og:type\" content=\"article\" \/>\n<meta property=\"og:title\" content=\"Thanh to\u00e1n - Accelerate Your Financial Journey with a Fully Funded Trading Account\" \/>\n<meta property=\"og:description\" content=\"G\u1ea7n \u0111\u00e2y, ch\u00fang t\u00f4i \u0111\u00e3 nh\u1eadn \u0111\u01b0\u1ee3c m\u1ed9t s\u1ed1 \u0111\u00e1nh gi\u00e1 ti\u00eau c\u1ef1c t\u1eeb c\u00e1c nh\u00e0 giao d\u1ecbch d\u00e1n nh\u00e3n ch\u00fang t\u00f4i l\u00e0 l\u1eeba \u0111\u1ea3o . Nhi\u1ec1u khi\u1ebfu n\u1ea1i trong s\u1ed1 n\u00e0y ph\u00e1t sinh t\u1eeb vi\u1ec7c hi\u1ec3u sai c\u00e1c quy t\u1eafc giao d\u1ecbch c\u1ee7a ch\u00fang t\u00f4i, thi\u1ebfu ki\u1ebfn th\u1ee9c giao d\u1ecbch ho\u1eb7c c\u1edd b\u1ea1c m\u1ea1o [&hellip;]\" \/>\n<meta property=\"og:url\" content=\"https:\/\/www.traderscale.com\/vi\/thanh-toan\/\" \/>\n<meta property=\"og:site_name\" content=\"Accelerate Your Financial Journey with a Fully Funded Trading Account\" \/>\n<meta property=\"article:publisher\" content=\"https:\/\/www.facebook.com\/profile.php?id=61556992185100#\" \/>\n<meta name=\"twitter:card\" content=\"summary_large_image\" \/>\n<meta name=\"twitter:label1\" content=\"Est. reading time\" \/>\n\t<meta name=\"twitter:data1\" content=\"2 minutes\" \/>\n<script type=\"application\/ld+json\" class=\"yoast-schema-graph\">{\"@context\":\"https:\\\/\\\/schema.org\",\"@graph\":[{\"@type\":\"WebPage\",\"@id\":\"https:\\\/\\\/www.traderscale.com\\\/vi\\\/thanh-toan\\\/\",\"url\":\"https:\\\/\\\/www.traderscale.com\\\/vi\\\/thanh-toan\\\/\",\"name\":\"Thanh to\u00e1n - Accelerate Your Financial Journey with a Fully Funded Trading Account\",\"isPartOf\":{\"@id\":\"https:\\\/\\\/www.traderscale.com\\\/vi\\\/#website\"},\"datePublished\":\"2024-11-23T08:07:44+00:00\",\"breadcrumb\":{\"@id\":\"https:\\\/\\\/www.traderscale.com\\\/vi\\\/thanh-toan\\\/#breadcrumb\"},\"inLanguage\":\"vi-VN\",\"potentialAction\":[{\"@type\":\"ReadAction\",\"target\":[\"https:\\\/\\\/www.traderscale.com\\\/vi\\\/thanh-toan\\\/\"]}]},{\"@type\":\"BreadcrumbList\",\"@id\":\"https:\\\/\\\/www.traderscale.com\\\/vi\\\/thanh-toan\\\/#breadcrumb\",\"itemListElement\":[{\"@type\":\"ListItem\",\"position\":1,\"name\":\"Home\",\"item\":\"https:\\\/\\\/www.traderscale.com\\\/vi\\\/trang-chu-2025\\\/\"},{\"@type\":\"ListItem\",\"position\":2,\"name\":\"Thanh to\u00e1n\"}]},{\"@type\":\"WebSite\",\"@id\":\"https:\\\/\\\/www.traderscale.com\\\/vi\\\/#website\",\"url\":\"https:\\\/\\\/www.traderscale.com\\\/vi\\\/\",\"name\":\"Traderscale\",\"description\":\"\",\"publisher\":{\"@id\":\"https:\\\/\\\/www.traderscale.com\\\/vi\\\/#organization\"},\"potentialAction\":[{\"@type\":\"SearchAction\",\"target\":{\"@type\":\"EntryPoint\",\"urlTemplate\":\"https:\\\/\\\/www.traderscale.com\\\/vi\\\/?s={search_term_string}\"},\"query-input\":{\"@type\":\"PropertyValueSpecification\",\"valueRequired\":true,\"valueName\":\"search_term_string\"}}],\"inLanguage\":\"vi-VN\"},{\"@type\":\"Organization\",\"@id\":\"https:\\\/\\\/www.traderscale.com\\\/vi\\\/#organization\",\"name\":\"Traderscale\",\"url\":\"https:\\\/\\\/www.traderscale.com\\\/vi\\\/\",\"logo\":{\"@type\":\"ImageObject\",\"inLanguage\":\"vi-VN\",\"@id\":\"https:\\\/\\\/www.traderscale.com\\\/vi\\\/#\\\/schema\\\/logo\\\/image\\\/\",\"url\":\"https:\\\/\\\/www.traderscale.com\\\/wp-content\\\/uploads\\\/2025\\\/04\\\/dark.png\",\"contentUrl\":\"https:\\\/\\\/www.traderscale.com\\\/wp-content\\\/uploads\\\/2025\\\/04\\\/dark.png\",\"width\":240,\"height\":161,\"caption\":\"Traderscale\"},\"image\":{\"@id\":\"https:\\\/\\\/www.traderscale.com\\\/vi\\\/#\\\/schema\\\/logo\\\/image\\\/\"},\"sameAs\":[\"https:\\\/\\\/www.facebook.com\\\/profile.php?id=61556992185100#\",\"https:\\\/\\\/www.youtube.com\\\/@Traderscale_com\\\/videos\",\"https:\\\/\\\/www.instagram.com\\\/traderscalepro\\\/\"]}]}<\/script>\n<!-- \/ Yoast SEO plugin. -->","yoast_head_json":{"title":"Thanh to\u00e1n - Accelerate Your Financial Journey with a Fully Funded Trading Account","robots":{"index":"index","follow":"follow","max-snippet":"max-snippet:-1","max-image-preview":"max-image-preview:large","max-video-preview":"max-video-preview:-1"},"canonical":"https:\/\/www.traderscale.com\/vi\/thanh-toan\/","og_locale":"vi_VN","og_type":"article","og_title":"Thanh to\u00e1n - Accelerate Your Financial Journey with a Fully Funded Trading Account","og_description":"G\u1ea7n \u0111\u00e2y, ch\u00fang t\u00f4i \u0111\u00e3 nh\u1eadn \u0111\u01b0\u1ee3c m\u1ed9t s\u1ed1 \u0111\u00e1nh gi\u00e1 ti\u00eau c\u1ef1c t\u1eeb c\u00e1c nh\u00e0 giao d\u1ecbch d\u00e1n nh\u00e3n ch\u00fang t\u00f4i l\u00e0 l\u1eeba \u0111\u1ea3o . Nhi\u1ec1u khi\u1ebfu n\u1ea1i trong s\u1ed1 n\u00e0y ph\u00e1t sinh t\u1eeb vi\u1ec7c hi\u1ec3u sai c\u00e1c quy t\u1eafc giao d\u1ecbch c\u1ee7a ch\u00fang t\u00f4i, thi\u1ebfu ki\u1ebfn th\u1ee9c giao d\u1ecbch ho\u1eb7c c\u1edd b\u1ea1c m\u1ea1o [&hellip;]","og_url":"https:\/\/www.traderscale.com\/vi\/thanh-toan\/","og_site_name":"Accelerate Your Financial Journey with a Fully Funded Trading Account","article_publisher":"https:\/\/www.facebook.com\/profile.php?id=61556992185100#","twitter_card":"summary_large_image","twitter_misc":{"Est. reading time":"2 minutes"},"schema":{"@context":"https:\/\/schema.org","@graph":[{"@type":"WebPage","@id":"https:\/\/www.traderscale.com\/vi\/thanh-toan\/","url":"https:\/\/www.traderscale.com\/vi\/thanh-toan\/","name":"Thanh to\u00e1n - Accelerate Your Financial Journey with a Fully Funded Trading Account","isPartOf":{"@id":"https:\/\/www.traderscale.com\/vi\/#website"},"datePublished":"2024-11-23T08:07:44+00:00","breadcrumb":{"@id":"https:\/\/www.traderscale.com\/vi\/thanh-toan\/#breadcrumb"},"inLanguage":"vi-VN","potentialAction":[{"@type":"ReadAction","target":["https:\/\/www.traderscale.com\/vi\/thanh-toan\/"]}]},{"@type":"BreadcrumbList","@id":"https:\/\/www.traderscale.com\/vi\/thanh-toan\/#breadcrumb","itemListElement":[{"@type":"ListItem","position":1,"name":"Home","item":"https:\/\/www.traderscale.com\/vi\/trang-chu-2025\/"},{"@type":"ListItem","position":2,"name":"Thanh to\u00e1n"}]},{"@type":"WebSite","@id":"https:\/\/www.traderscale.com\/vi\/#website","url":"https:\/\/www.traderscale.com\/vi\/","name":"Traderscale","description":"","publisher":{"@id":"https:\/\/www.traderscale.com\/vi\/#organization"},"potentialAction":[{"@type":"SearchAction","target":{"@type":"EntryPoint","urlTemplate":"https:\/\/www.traderscale.com\/vi\/?s={search_term_string}"},"query-input":{"@type":"PropertyValueSpecification","valueRequired":true,"valueName":"search_term_string"}}],"inLanguage":"vi-VN"},{"@type":"Organization","@id":"https:\/\/www.traderscale.com\/vi\/#organization","name":"Traderscale","url":"https:\/\/www.traderscale.com\/vi\/","logo":{"@type":"ImageObject","inLanguage":"vi-VN","@id":"https:\/\/www.traderscale.com\/vi\/#\/schema\/logo\/image\/","url":"https:\/\/www.traderscale.com\/wp-content\/uploads\/2025\/04\/dark.png","contentUrl":"https:\/\/www.traderscale.com\/wp-content\/uploads\/2025\/04\/dark.png","width":240,"height":161,"caption":"Traderscale"},"image":{"@id":"https:\/\/www.traderscale.com\/vi\/#\/schema\/logo\/image\/"},"sameAs":["https:\/\/www.facebook.com\/profile.php?id=61556992185100#","https:\/\/www.youtube.com\/@Traderscale_com\/videos","https:\/\/www.instagram.com\/traderscalepro\/"]}]}},"_links":{"self":[{"href":"https:\/\/www.traderscale.com\/vi\/wp-json\/wp\/v2\/pages\/23931","targetHints":{"allow":["GET"]}}],"collection":[{"href":"https:\/\/www.traderscale.com\/vi\/wp-json\/wp\/v2\/pages"}],"about":[{"href":"https:\/\/www.traderscale.com\/vi\/wp-json\/wp\/v2\/types\/page"}],"author":[{"embeddable":true,"href":"https:\/\/www.traderscale.com\/vi\/wp-json\/wp\/v2\/users\/526"}],"replies":[{"embeddable":true,"href":"https:\/\/www.traderscale.com\/vi\/wp-json\/wp\/v2\/comments?post=23931"}],"version-history":[{"count":0,"href":"https:\/\/www.traderscale.com\/vi\/wp-json\/wp\/v2\/pages\/23931\/revisions"}],"wp:attachment":[{"href":"https:\/\/www.traderscale.com\/vi\/wp-json\/wp\/v2\/media?parent=23931"}],"curies":[{"name":"wp","href":"https:\/\/api.w.org\/{rel}","templated":true}]}}