{"id":23925,"date":"2025-02-18T13:24:17","date_gmt":"2025-02-18T18:24:17","guid":{"rendered":"https:\/\/www.traderscale.com\/trang-chu-2025\/"},"modified":"2025-09-11T08:10:12","modified_gmt":"2025-09-11T13:10:12","slug":"trang-chu-2025","status":"publish","type":"page","link":"https:\/\/www.traderscale.com\/vi\/","title":{"rendered":"Trang ch\u1ee7 2025"},"content":{"rendered":"","protected":false},"excerpt":{"rendered":"","protected":false},"author":1,"featured_media":0,"parent":0,"menu_order":0,"comment_status":"closed","ping_status":"closed","template":"page-home.php","meta":{"_acf_changed":false,"om_disable_all_campaigns":false,"footnotes":""},"class_list":["post-23925","page","type-page","status-publish","hentry"],"acf":[],"yoast_head":"<!-- This site is optimized with the Yoast SEO plugin v27.4 - https:\/\/yoast.com\/product\/yoast-seo-wordpress\/ -->\n<title>Traderscale | T\u0103ng t\u1ed1c h\u00e0nh tr\u00ecnh t\u00e0i ch\u00ednh c\u1ee7a b\u1ea1n v\u1edbi t\u00e0i kho\u1ea3n giao d\u1ecbch \u0111\u01b0\u1ee3c c\u1ea5p v\u1ed1n \u0111\u1ea7y \u0111\u1ee7<\/title>\n<meta name=\"description\" content=\"Traderscale gi\u1ea3i quy\u1ebft th\u00e1ch th\u1ee9c v\u1ec1 ngu\u1ed3n v\u1ed1n h\u1ea1n ch\u1ebf b\u1eb1ng c\u00e1ch cung c\u1ea5p quy\u1ec1n truy c\u1eadp v\u00e0o ngu\u1ed3n v\u1ed1n c\u1ee7a h\u1ecd, cho ph\u00e9p c\u00e1c nh\u00e0 giao d\u1ecbch x\u1eed l\u00fd c\u00e1c v\u1ecb th\u1ebf l\u1edbn h\u01a1n v\u00e0 t\u0103ng ti\u1ec1m n\u0103ng l\u1ee3i nhu\u1eadn c\u1ee7a h\u1ecd.\" \/>\n<meta name=\"robots\" content=\"index, follow, max-snippet:-1, max-image-preview:large, max-video-preview:-1\" \/>\n<link rel=\"canonical\" href=\"https:\/\/www.traderscale.com\/vi\/\" \/>\n<meta property=\"og:locale\" content=\"vi_VN\" \/>\n<meta property=\"og:type\" content=\"article\" \/>\n<meta property=\"og:title\" content=\"Traderscale | T\u0103ng t\u1ed1c h\u00e0nh tr\u00ecnh t\u00e0i ch\u00ednh c\u1ee7a b\u1ea1n v\u1edbi t\u00e0i kho\u1ea3n giao d\u1ecbch \u0111\u01b0\u1ee3c c\u1ea5p v\u1ed1n \u0111\u1ea7y \u0111\u1ee7\" \/>\n<meta property=\"og:description\" content=\"Traderscale gi\u1ea3i quy\u1ebft th\u00e1ch th\u1ee9c v\u1ec1 ngu\u1ed3n v\u1ed1n h\u1ea1n ch\u1ebf b\u1eb1ng c\u00e1ch cung c\u1ea5p quy\u1ec1n truy c\u1eadp v\u00e0o ngu\u1ed3n v\u1ed1n c\u1ee7a h\u1ecd, cho ph\u00e9p c\u00e1c nh\u00e0 giao d\u1ecbch x\u1eed l\u00fd c\u00e1c v\u1ecb th\u1ebf l\u1edbn h\u01a1n v\u00e0 t\u0103ng ti\u1ec1m n\u0103ng l\u1ee3i nhu\u1eadn c\u1ee7a h\u1ecd.\" \/>\n<meta property=\"og:url\" content=\"https:\/\/www.traderscale.com\/vi\/\" \/>\n<meta property=\"og:site_name\" content=\"Accelerate Your Financial Journey with a Fully Funded Trading Account\" \/>\n<meta property=\"article:publisher\" content=\"https:\/\/www.facebook.com\/profile.php?id=61556992185100#\" \/>\n<meta property=\"article:modified_time\" content=\"2025-09-11T13:10:12+00:00\" \/>\n<meta property=\"og:image\" content=\"https:\/\/www.traderscale.com\/wp-content\/uploads\/2025\/04\/Open-graph-1024x538.png\" \/>\n<meta name=\"twitter:card\" content=\"summary_large_image\" \/>\n<script type=\"application\/ld+json\" class=\"yoast-schema-graph\">{\"@context\":\"https:\\\/\\\/schema.org\",\"@graph\":[{\"@type\":\"WebPage\",\"@id\":\"https:\\\/\\\/www.traderscale.com\\\/vi\\\/\",\"url\":\"https:\\\/\\\/www.traderscale.com\\\/vi\\\/\",\"name\":\"Traderscale | T\u0103ng t\u1ed1c h\u00e0nh tr\u00ecnh t\u00e0i ch\u00ednh c\u1ee7a b\u1ea1n v\u1edbi t\u00e0i kho\u1ea3n giao d\u1ecbch \u0111\u01b0\u1ee3c c\u1ea5p v\u1ed1n \u0111\u1ea7y \u0111\u1ee7\",\"isPartOf\":{\"@id\":\"https:\\\/\\\/www.traderscale.com\\\/vi\\\/#website\"},\"datePublished\":\"2025-02-18T18:24:17+00:00\",\"dateModified\":\"2025-09-11T13:10:12+00:00\",\"description\":\"Traderscale gi\u1ea3i quy\u1ebft th\u00e1ch th\u1ee9c v\u1ec1 ngu\u1ed3n v\u1ed1n h\u1ea1n ch\u1ebf b\u1eb1ng c\u00e1ch cung c\u1ea5p quy\u1ec1n truy c\u1eadp v\u00e0o ngu\u1ed3n v\u1ed1n c\u1ee7a h\u1ecd, cho ph\u00e9p c\u00e1c nh\u00e0 giao d\u1ecbch x\u1eed l\u00fd c\u00e1c v\u1ecb th\u1ebf l\u1edbn h\u01a1n v\u00e0 t\u0103ng ti\u1ec1m n\u0103ng l\u1ee3i nhu\u1eadn c\u1ee7a h\u1ecd.\",\"breadcrumb\":{\"@id\":\"https:\\\/\\\/www.traderscale.com\\\/vi\\\/#breadcrumb\"},\"inLanguage\":\"vi-VN\",\"potentialAction\":[{\"@type\":\"ReadAction\",\"target\":[\"https:\\\/\\\/www.traderscale.com\\\/vi\\\/\"]}]},{\"@type\":\"BreadcrumbList\",\"@id\":\"https:\\\/\\\/www.traderscale.com\\\/vi\\\/#breadcrumb\",\"itemListElement\":[{\"@type\":\"ListItem\",\"position\":1,\"name\":\"Home\",\"item\":\"https:\\\/\\\/www.traderscale.com\\\/vi\\\/trang-chu-2025\\\/\"},{\"@type\":\"ListItem\",\"position\":2,\"name\":\"Trang ch\u1ee7 2025\"}]},{\"@type\":\"WebSite\",\"@id\":\"https:\\\/\\\/www.traderscale.com\\\/vi\\\/#website\",\"url\":\"https:\\\/\\\/www.traderscale.com\\\/vi\\\/\",\"name\":\"Traderscale\",\"description\":\"\",\"publisher\":{\"@id\":\"https:\\\/\\\/www.traderscale.com\\\/vi\\\/#organization\"},\"potentialAction\":[{\"@type\":\"SearchAction\",\"target\":{\"@type\":\"EntryPoint\",\"urlTemplate\":\"https:\\\/\\\/www.traderscale.com\\\/vi\\\/?s={search_term_string}\"},\"query-input\":{\"@type\":\"PropertyValueSpecification\",\"valueRequired\":true,\"valueName\":\"search_term_string\"}}],\"inLanguage\":\"vi-VN\"},{\"@type\":\"Organization\",\"@id\":\"https:\\\/\\\/www.traderscale.com\\\/vi\\\/#organization\",\"name\":\"Traderscale\",\"url\":\"https:\\\/\\\/www.traderscale.com\\\/vi\\\/\",\"logo\":{\"@type\":\"ImageObject\",\"inLanguage\":\"vi-VN\",\"@id\":\"https:\\\/\\\/www.traderscale.com\\\/vi\\\/#\\\/schema\\\/logo\\\/image\\\/\",\"url\":\"https:\\\/\\\/www.traderscale.com\\\/wp-content\\\/uploads\\\/2025\\\/04\\\/dark.png\",\"contentUrl\":\"https:\\\/\\\/www.traderscale.com\\\/wp-content\\\/uploads\\\/2025\\\/04\\\/dark.png\",\"width\":240,\"height\":161,\"caption\":\"Traderscale\"},\"image\":{\"@id\":\"https:\\\/\\\/www.traderscale.com\\\/vi\\\/#\\\/schema\\\/logo\\\/image\\\/\"},\"sameAs\":[\"https:\\\/\\\/www.facebook.com\\\/profile.php?id=61556992185100#\",\"https:\\\/\\\/www.youtube.com\\\/@Traderscale_com\\\/videos\",\"https:\\\/\\\/www.instagram.com\\\/traderscalepro\\\/\"]}]}<\/script>\n<!-- \/ Yoast SEO plugin. -->","yoast_head_json":{"title":"Traderscale | T\u0103ng t\u1ed1c h\u00e0nh tr\u00ecnh t\u00e0i ch\u00ednh c\u1ee7a b\u1ea1n v\u1edbi t\u00e0i kho\u1ea3n giao d\u1ecbch \u0111\u01b0\u1ee3c c\u1ea5p v\u1ed1n \u0111\u1ea7y \u0111\u1ee7","description":"Traderscale gi\u1ea3i quy\u1ebft th\u00e1ch th\u1ee9c v\u1ec1 ngu\u1ed3n v\u1ed1n h\u1ea1n ch\u1ebf b\u1eb1ng c\u00e1ch cung c\u1ea5p quy\u1ec1n truy c\u1eadp v\u00e0o ngu\u1ed3n v\u1ed1n c\u1ee7a h\u1ecd, cho ph\u00e9p c\u00e1c nh\u00e0 giao d\u1ecbch x\u1eed l\u00fd c\u00e1c v\u1ecb th\u1ebf l\u1edbn h\u01a1n v\u00e0 t\u0103ng ti\u1ec1m n\u0103ng l\u1ee3i nhu\u1eadn c\u1ee7a h\u1ecd.","robots":{"index":"index","follow":"follow","max-snippet":"max-snippet:-1","max-image-preview":"max-image-preview:large","max-video-preview":"max-video-preview:-1"},"canonical":"https:\/\/www.traderscale.com\/vi\/","og_locale":"vi_VN","og_type":"article","og_title":"Traderscale | T\u0103ng t\u1ed1c h\u00e0nh tr\u00ecnh t\u00e0i ch\u00ednh c\u1ee7a b\u1ea1n v\u1edbi t\u00e0i kho\u1ea3n giao d\u1ecbch \u0111\u01b0\u1ee3c c\u1ea5p v\u1ed1n \u0111\u1ea7y \u0111\u1ee7","og_description":"Traderscale gi\u1ea3i quy\u1ebft th\u00e1ch th\u1ee9c v\u1ec1 ngu\u1ed3n v\u1ed1n h\u1ea1n ch\u1ebf b\u1eb1ng c\u00e1ch cung c\u1ea5p quy\u1ec1n truy c\u1eadp v\u00e0o ngu\u1ed3n v\u1ed1n c\u1ee7a h\u1ecd, cho ph\u00e9p c\u00e1c nh\u00e0 giao d\u1ecbch x\u1eed l\u00fd c\u00e1c v\u1ecb th\u1ebf l\u1edbn h\u01a1n v\u00e0 t\u0103ng ti\u1ec1m n\u0103ng l\u1ee3i nhu\u1eadn c\u1ee7a h\u1ecd.","og_url":"https:\/\/www.traderscale.com\/vi\/","og_site_name":"Accelerate Your Financial Journey with a Fully Funded Trading Account","article_publisher":"https:\/\/www.facebook.com\/profile.php?id=61556992185100#","article_modified_time":"2025-09-11T13:10:12+00:00","og_image":[{"url":"https:\/\/www.traderscale.com\/wp-content\/uploads\/2025\/04\/Open-graph-1024x538.png","type":"","width":"","height":""}],"twitter_card":"summary_large_image","schema":{"@context":"https:\/\/schema.org","@graph":[{"@type":"WebPage","@id":"https:\/\/www.traderscale.com\/vi\/","url":"https:\/\/www.traderscale.com\/vi\/","name":"Traderscale | T\u0103ng t\u1ed1c h\u00e0nh tr\u00ecnh t\u00e0i ch\u00ednh c\u1ee7a b\u1ea1n v\u1edbi t\u00e0i kho\u1ea3n giao d\u1ecbch \u0111\u01b0\u1ee3c c\u1ea5p v\u1ed1n \u0111\u1ea7y \u0111\u1ee7","isPartOf":{"@id":"https:\/\/www.traderscale.com\/vi\/#website"},"datePublished":"2025-02-18T18:24:17+00:00","dateModified":"2025-09-11T13:10:12+00:00","description":"Traderscale gi\u1ea3i quy\u1ebft th\u00e1ch th\u1ee9c v\u1ec1 ngu\u1ed3n v\u1ed1n h\u1ea1n ch\u1ebf b\u1eb1ng c\u00e1ch cung c\u1ea5p quy\u1ec1n truy c\u1eadp v\u00e0o ngu\u1ed3n v\u1ed1n c\u1ee7a h\u1ecd, cho ph\u00e9p c\u00e1c nh\u00e0 giao d\u1ecbch x\u1eed l\u00fd c\u00e1c v\u1ecb th\u1ebf l\u1edbn h\u01a1n v\u00e0 t\u0103ng ti\u1ec1m n\u0103ng l\u1ee3i nhu\u1eadn c\u1ee7a h\u1ecd.","breadcrumb":{"@id":"https:\/\/www.traderscale.com\/vi\/#breadcrumb"},"inLanguage":"vi-VN","potentialAction":[{"@type":"ReadAction","target":["https:\/\/www.traderscale.com\/vi\/"]}]},{"@type":"BreadcrumbList","@id":"https:\/\/www.traderscale.com\/vi\/#breadcrumb","itemListElement":[{"@type":"ListItem","position":1,"name":"Home","item":"https:\/\/www.traderscale.com\/vi\/trang-chu-2025\/"},{"@type":"ListItem","position":2,"name":"Trang ch\u1ee7 2025"}]},{"@type":"WebSite","@id":"https:\/\/www.traderscale.com\/vi\/#website","url":"https:\/\/www.traderscale.com\/vi\/","name":"Traderscale","description":"","publisher":{"@id":"https:\/\/www.traderscale.com\/vi\/#organization"},"potentialAction":[{"@type":"SearchAction","target":{"@type":"EntryPoint","urlTemplate":"https:\/\/www.traderscale.com\/vi\/?s={search_term_string}"},"query-input":{"@type":"PropertyValueSpecification","valueRequired":true,"valueName":"search_term_string"}}],"inLanguage":"vi-VN"},{"@type":"Organization","@id":"https:\/\/www.traderscale.com\/vi\/#organization","name":"Traderscale","url":"https:\/\/www.traderscale.com\/vi\/","logo":{"@type":"ImageObject","inLanguage":"vi-VN","@id":"https:\/\/www.traderscale.com\/vi\/#\/schema\/logo\/image\/","url":"https:\/\/www.traderscale.com\/wp-content\/uploads\/2025\/04\/dark.png","contentUrl":"https:\/\/www.traderscale.com\/wp-content\/uploads\/2025\/04\/dark.png","width":240,"height":161,"caption":"Traderscale"},"image":{"@id":"https:\/\/www.traderscale.com\/vi\/#\/schema\/logo\/image\/"},"sameAs":["https:\/\/www.facebook.com\/profile.php?id=61556992185100#","https:\/\/www.youtube.com\/@Traderscale_com\/videos","https:\/\/www.instagram.com\/traderscalepro\/"]}]}},"_links":{"self":[{"href":"https:\/\/www.traderscale.com\/vi\/wp-json\/wp\/v2\/pages\/23925","targetHints":{"allow":["GET"]}}],"collection":[{"href":"https:\/\/www.traderscale.com\/vi\/wp-json\/wp\/v2\/pages"}],"about":[{"href":"https:\/\/www.traderscale.com\/vi\/wp-json\/wp\/v2\/types\/page"}],"author":[{"embeddable":true,"href":"https:\/\/www.traderscale.com\/vi\/wp-json\/wp\/v2\/users\/1"}],"replies":[{"embeddable":true,"href":"https:\/\/www.traderscale.com\/vi\/wp-json\/wp\/v2\/comments?post=23925"}],"version-history":[{"count":1,"href":"https:\/\/www.traderscale.com\/vi\/wp-json\/wp\/v2\/pages\/23925\/revisions"}],"predecessor-version":[{"id":31606,"href":"https:\/\/www.traderscale.com\/vi\/wp-json\/wp\/v2\/pages\/23925\/revisions\/31606"}],"wp:attachment":[{"href":"https:\/\/www.traderscale.com\/vi\/wp-json\/wp\/v2\/media?parent=23925"}],"curies":[{"name":"wp","href":"https:\/\/api.w.org\/{rel}","templated":true}]}}