{"id":23919,"date":"2024-07-01T05:53:45","date_gmt":"2024-07-01T10:53:45","guid":{"rendered":"https:\/\/www.traderscale.com\/quy-tac-bo-sung\/"},"modified":"2024-07-01T05:53:45","modified_gmt":"2024-07-01T10:53:45","slug":"quy-tac-bo-sung","status":"publish","type":"page","link":"https:\/\/www.traderscale.com\/vi\/quy-tac-bo-sung\/","title":{"rendered":"Quy t\u1eafc b\u1ed5 sung"},"content":{"rendered":"<h3><strong>Vui l\u00f2ng truy c\u1eadp help.traderscale.com \u0111\u1ec3 xem t\u1ea5t c\u1ea3 c\u00e1c quy t\u1eafc v\u00e0 h\u1ea1n ch\u1ebf c\u1ee7a ch\u00fang t\u00f4i.<\/strong><\/h3>\n<p>&nbsp;<\/p>\n<p><strong>K\u1ebft qu\u1ea3<br \/>\n<\/strong> C\u00e1c nh\u00e0 giao d\u1ecbch b\u1ecb nghi ng\u1edd tham gia v\u00e0o c\u00e1c ho\u1ea1t \u0111\u1ed9ng b\u1ecb c\u1ea5m n\u00e0y c\u00f3 th\u1ec3 ph\u1ea3i \u0111\u1ed1i m\u1eb7t v\u1edbi nhi\u1ec1u h\u1ea1n ch\u1ebf, ch\u1eb3ng h\u1ea1n nh\u01b0 gi\u1ea3m \u0111\u00f2n b\u1ea9y, h\u1ea1n ch\u1ebf s\u1ed1 l\u01b0\u1ee3ng giao d\u1ecbch m\u1ed7i ng\u00e0y, gi\u1edbi h\u1ea1n kh\u1ed1i l\u01b0\u1ee3ng giao d\u1ecbch h\u00e0ng ng\u00e0y, gi\u1ea3m gi\u1edbi h\u1ea1n thua l\u1ed7 h\u00e0ng ng\u00e0y\/t\u1ed1i \u0111a, \u00e1p d\u1ee5ng quy t\u1eafc gi\u1edbi h\u1ea1n r\u1ee7i ro t\u1ed1i \u0111a 1%, b\u1ecb ph\u00e1 kh\u00f3a t\u00e0i kho\u1ea3n ho\u1eb7c th\u1eadm ch\u00ed b\u1ecb c\u1ea5m kh\u1ecfi c\u00f4ng ty m\u00e0 kh\u00f4ng \u0111\u01b0\u1ee3c ho\u00e0n l\u1ea1i ti\u1ec1n.<\/p>\n","protected":false},"excerpt":{"rendered":"<p>Vui l\u00f2ng truy c\u1eadp help.traderscale.com \u0111\u1ec3 xem t\u1ea5t c\u1ea3 c\u00e1c quy t\u1eafc v\u00e0 h\u1ea1n ch\u1ebf c\u1ee7a ch\u00fang t\u00f4i. &nbsp; K\u1ebft qu\u1ea3 C\u00e1c nh\u00e0 giao d\u1ecbch b\u1ecb nghi ng\u1edd tham gia v\u00e0o c\u00e1c ho\u1ea1t \u0111\u1ed9ng b\u1ecb c\u1ea5m n\u00e0y c\u00f3 th\u1ec3 ph\u1ea3i \u0111\u1ed1i m\u1eb7t v\u1edbi nhi\u1ec1u h\u1ea1n ch\u1ebf, ch\u1eb3ng h\u1ea1n nh\u01b0 gi\u1ea3m \u0111\u00f2n b\u1ea9y, h\u1ea1n ch\u1ebf s\u1ed1 [&hellip;]<\/p>\n","protected":false},"author":1,"featured_media":0,"parent":0,"menu_order":0,"comment_status":"closed","ping_status":"closed","template":"page-new.php","meta":{"_acf_changed":false,"om_disable_all_campaigns":false,"footnotes":""},"class_list":["post-23919","page","type-page","status-publish","hentry"],"acf":[],"yoast_head":"<!-- This site is optimized with the Yoast SEO plugin v27.3 - https:\/\/yoast.com\/product\/yoast-seo-wordpress\/ -->\n<title>Quy t\u1eafc b\u1ed5 sung - Accelerate Your Financial Journey with a Fully Funded Trading Account<\/title>\n<meta name=\"robots\" content=\"index, follow, max-snippet:-1, max-image-preview:large, max-video-preview:-1\" \/>\n<link rel=\"canonical\" href=\"https:\/\/www.traderscale.com\/vi\/quy-tac-bo-sung\/\" \/>\n<meta property=\"og:locale\" content=\"vi_VN\" \/>\n<meta property=\"og:type\" content=\"article\" \/>\n<meta property=\"og:title\" content=\"Quy t\u1eafc b\u1ed5 sung - Accelerate Your Financial Journey with a Fully Funded Trading Account\" \/>\n<meta property=\"og:description\" content=\"Vui l\u00f2ng truy c\u1eadp help.traderscale.com \u0111\u1ec3 xem t\u1ea5t c\u1ea3 c\u00e1c quy t\u1eafc v\u00e0 h\u1ea1n ch\u1ebf c\u1ee7a ch\u00fang t\u00f4i. &nbsp; K\u1ebft qu\u1ea3 C\u00e1c nh\u00e0 giao d\u1ecbch b\u1ecb nghi ng\u1edd tham gia v\u00e0o c\u00e1c ho\u1ea1t \u0111\u1ed9ng b\u1ecb c\u1ea5m n\u00e0y c\u00f3 th\u1ec3 ph\u1ea3i \u0111\u1ed1i m\u1eb7t v\u1edbi nhi\u1ec1u h\u1ea1n ch\u1ebf, ch\u1eb3ng h\u1ea1n nh\u01b0 gi\u1ea3m \u0111\u00f2n b\u1ea9y, h\u1ea1n ch\u1ebf s\u1ed1 [&hellip;]\" \/>\n<meta property=\"og:url\" content=\"https:\/\/www.traderscale.com\/vi\/quy-tac-bo-sung\/\" \/>\n<meta property=\"og:site_name\" content=\"Accelerate Your Financial Journey with a Fully Funded Trading Account\" \/>\n<meta property=\"article:publisher\" content=\"https:\/\/www.facebook.com\/profile.php?id=61556992185100#\" \/>\n<meta name=\"twitter:card\" content=\"summary_large_image\" \/>\n<meta name=\"twitter:label1\" content=\"Est. reading time\" \/>\n\t<meta name=\"twitter:data1\" content=\"1 minute\" \/>\n<script type=\"application\/ld+json\" class=\"yoast-schema-graph\">{\"@context\":\"https:\\\/\\\/schema.org\",\"@graph\":[{\"@type\":\"WebPage\",\"@id\":\"https:\\\/\\\/www.traderscale.com\\\/vi\\\/quy-tac-bo-sung\\\/\",\"url\":\"https:\\\/\\\/www.traderscale.com\\\/vi\\\/quy-tac-bo-sung\\\/\",\"name\":\"Quy t\u1eafc b\u1ed5 sung - Accelerate Your Financial Journey with a Fully Funded Trading Account\",\"isPartOf\":{\"@id\":\"https:\\\/\\\/www.traderscale.com\\\/vi\\\/#website\"},\"datePublished\":\"2024-07-01T10:53:45+00:00\",\"breadcrumb\":{\"@id\":\"https:\\\/\\\/www.traderscale.com\\\/vi\\\/quy-tac-bo-sung\\\/#breadcrumb\"},\"inLanguage\":\"vi-VN\",\"potentialAction\":[{\"@type\":\"ReadAction\",\"target\":[\"https:\\\/\\\/www.traderscale.com\\\/vi\\\/quy-tac-bo-sung\\\/\"]}]},{\"@type\":\"BreadcrumbList\",\"@id\":\"https:\\\/\\\/www.traderscale.com\\\/vi\\\/quy-tac-bo-sung\\\/#breadcrumb\",\"itemListElement\":[{\"@type\":\"ListItem\",\"position\":1,\"name\":\"Home\",\"item\":\"https:\\\/\\\/www.traderscale.com\\\/vi\\\/trang-chu-2025\\\/\"},{\"@type\":\"ListItem\",\"position\":2,\"name\":\"Quy t\u1eafc b\u1ed5 sung\"}]},{\"@type\":\"WebSite\",\"@id\":\"https:\\\/\\\/www.traderscale.com\\\/vi\\\/#website\",\"url\":\"https:\\\/\\\/www.traderscale.com\\\/vi\\\/\",\"name\":\"Traderscale\",\"description\":\"\",\"publisher\":{\"@id\":\"https:\\\/\\\/www.traderscale.com\\\/vi\\\/#organization\"},\"potentialAction\":[{\"@type\":\"SearchAction\",\"target\":{\"@type\":\"EntryPoint\",\"urlTemplate\":\"https:\\\/\\\/www.traderscale.com\\\/vi\\\/?s={search_term_string}\"},\"query-input\":{\"@type\":\"PropertyValueSpecification\",\"valueRequired\":true,\"valueName\":\"search_term_string\"}}],\"inLanguage\":\"vi-VN\"},{\"@type\":\"Organization\",\"@id\":\"https:\\\/\\\/www.traderscale.com\\\/vi\\\/#organization\",\"name\":\"Traderscale\",\"url\":\"https:\\\/\\\/www.traderscale.com\\\/vi\\\/\",\"logo\":{\"@type\":\"ImageObject\",\"inLanguage\":\"vi-VN\",\"@id\":\"https:\\\/\\\/www.traderscale.com\\\/vi\\\/#\\\/schema\\\/logo\\\/image\\\/\",\"url\":\"https:\\\/\\\/www.traderscale.com\\\/wp-content\\\/uploads\\\/2025\\\/04\\\/dark.png\",\"contentUrl\":\"https:\\\/\\\/www.traderscale.com\\\/wp-content\\\/uploads\\\/2025\\\/04\\\/dark.png\",\"width\":240,\"height\":161,\"caption\":\"Traderscale\"},\"image\":{\"@id\":\"https:\\\/\\\/www.traderscale.com\\\/vi\\\/#\\\/schema\\\/logo\\\/image\\\/\"},\"sameAs\":[\"https:\\\/\\\/www.facebook.com\\\/profile.php?id=61556992185100#\",\"https:\\\/\\\/www.youtube.com\\\/@Traderscale_com\\\/videos\",\"https:\\\/\\\/www.instagram.com\\\/traderscalepro\\\/\"]}]}<\/script>\n<!-- \/ Yoast SEO plugin. -->","yoast_head_json":{"title":"Quy t\u1eafc b\u1ed5 sung - Accelerate Your Financial Journey with a Fully Funded Trading Account","robots":{"index":"index","follow":"follow","max-snippet":"max-snippet:-1","max-image-preview":"max-image-preview:large","max-video-preview":"max-video-preview:-1"},"canonical":"https:\/\/www.traderscale.com\/vi\/quy-tac-bo-sung\/","og_locale":"vi_VN","og_type":"article","og_title":"Quy t\u1eafc b\u1ed5 sung - Accelerate Your Financial Journey with a Fully Funded Trading Account","og_description":"Vui l\u00f2ng truy c\u1eadp help.traderscale.com \u0111\u1ec3 xem t\u1ea5t c\u1ea3 c\u00e1c quy t\u1eafc v\u00e0 h\u1ea1n ch\u1ebf c\u1ee7a ch\u00fang t\u00f4i. &nbsp; K\u1ebft qu\u1ea3 C\u00e1c nh\u00e0 giao d\u1ecbch b\u1ecb nghi ng\u1edd tham gia v\u00e0o c\u00e1c ho\u1ea1t \u0111\u1ed9ng b\u1ecb c\u1ea5m n\u00e0y c\u00f3 th\u1ec3 ph\u1ea3i \u0111\u1ed1i m\u1eb7t v\u1edbi nhi\u1ec1u h\u1ea1n ch\u1ebf, ch\u1eb3ng h\u1ea1n nh\u01b0 gi\u1ea3m \u0111\u00f2n b\u1ea9y, h\u1ea1n ch\u1ebf s\u1ed1 [&hellip;]","og_url":"https:\/\/www.traderscale.com\/vi\/quy-tac-bo-sung\/","og_site_name":"Accelerate Your Financial Journey with a Fully Funded Trading Account","article_publisher":"https:\/\/www.facebook.com\/profile.php?id=61556992185100#","twitter_card":"summary_large_image","twitter_misc":{"Est. reading time":"1 minute"},"schema":{"@context":"https:\/\/schema.org","@graph":[{"@type":"WebPage","@id":"https:\/\/www.traderscale.com\/vi\/quy-tac-bo-sung\/","url":"https:\/\/www.traderscale.com\/vi\/quy-tac-bo-sung\/","name":"Quy t\u1eafc b\u1ed5 sung - Accelerate Your Financial Journey with a Fully Funded Trading Account","isPartOf":{"@id":"https:\/\/www.traderscale.com\/vi\/#website"},"datePublished":"2024-07-01T10:53:45+00:00","breadcrumb":{"@id":"https:\/\/www.traderscale.com\/vi\/quy-tac-bo-sung\/#breadcrumb"},"inLanguage":"vi-VN","potentialAction":[{"@type":"ReadAction","target":["https:\/\/www.traderscale.com\/vi\/quy-tac-bo-sung\/"]}]},{"@type":"BreadcrumbList","@id":"https:\/\/www.traderscale.com\/vi\/quy-tac-bo-sung\/#breadcrumb","itemListElement":[{"@type":"ListItem","position":1,"name":"Home","item":"https:\/\/www.traderscale.com\/vi\/trang-chu-2025\/"},{"@type":"ListItem","position":2,"name":"Quy t\u1eafc b\u1ed5 sung"}]},{"@type":"WebSite","@id":"https:\/\/www.traderscale.com\/vi\/#website","url":"https:\/\/www.traderscale.com\/vi\/","name":"Traderscale","description":"","publisher":{"@id":"https:\/\/www.traderscale.com\/vi\/#organization"},"potentialAction":[{"@type":"SearchAction","target":{"@type":"EntryPoint","urlTemplate":"https:\/\/www.traderscale.com\/vi\/?s={search_term_string}"},"query-input":{"@type":"PropertyValueSpecification","valueRequired":true,"valueName":"search_term_string"}}],"inLanguage":"vi-VN"},{"@type":"Organization","@id":"https:\/\/www.traderscale.com\/vi\/#organization","name":"Traderscale","url":"https:\/\/www.traderscale.com\/vi\/","logo":{"@type":"ImageObject","inLanguage":"vi-VN","@id":"https:\/\/www.traderscale.com\/vi\/#\/schema\/logo\/image\/","url":"https:\/\/www.traderscale.com\/wp-content\/uploads\/2025\/04\/dark.png","contentUrl":"https:\/\/www.traderscale.com\/wp-content\/uploads\/2025\/04\/dark.png","width":240,"height":161,"caption":"Traderscale"},"image":{"@id":"https:\/\/www.traderscale.com\/vi\/#\/schema\/logo\/image\/"},"sameAs":["https:\/\/www.facebook.com\/profile.php?id=61556992185100#","https:\/\/www.youtube.com\/@Traderscale_com\/videos","https:\/\/www.instagram.com\/traderscalepro\/"]}]}},"_links":{"self":[{"href":"https:\/\/www.traderscale.com\/vi\/wp-json\/wp\/v2\/pages\/23919","targetHints":{"allow":["GET"]}}],"collection":[{"href":"https:\/\/www.traderscale.com\/vi\/wp-json\/wp\/v2\/pages"}],"about":[{"href":"https:\/\/www.traderscale.com\/vi\/wp-json\/wp\/v2\/types\/page"}],"author":[{"embeddable":true,"href":"https:\/\/www.traderscale.com\/vi\/wp-json\/wp\/v2\/users\/1"}],"replies":[{"embeddable":true,"href":"https:\/\/www.traderscale.com\/vi\/wp-json\/wp\/v2\/comments?post=23919"}],"version-history":[{"count":0,"href":"https:\/\/www.traderscale.com\/vi\/wp-json\/wp\/v2\/pages\/23919\/revisions"}],"wp:attachment":[{"href":"https:\/\/www.traderscale.com\/vi\/wp-json\/wp\/v2\/media?parent=23919"}],"curies":[{"name":"wp","href":"https:\/\/api.w.org\/{rel}","templated":true}]}}