{"id":22524,"date":"2024-02-20T15:28:51","date_gmt":"2024-02-20T20:28:51","guid":{"rendered":"https:\/\/www.traderscale.com\/?page_id=22524"},"modified":"2025-04-23T03:45:37","modified_gmt":"2025-04-23T08:45:37","slug":"avbestallnings-och-aterbetalningspolicy","status":"publish","type":"page","link":"https:\/\/www.traderscale.com\/sv\/avbestallnings-och-aterbetalningspolicy\/","title":{"rendered":"Avbest\u00e4llnings- och \u00e5terbetalningspolicy"},"content":{"rendered":"\r\n<div><br \/>\r\n<h3 class=\"heading-secondary\">Avbest\u00e4llnings- och \u00e5terbetalningspolicy<br \/><br \/><\/h3>\r\n<br \/>\r\n<div>Efter en godk\u00e4nd betalning f\u00f6r k\u00f6p av ett av v\u00e5ra program kommer du att ta emot ett e-postmeddelande med inloggningsuppgifter f\u00f6r att f\u00e5 tillg\u00e5ng till din handelsplattform. N\u00e4r denna information har skickats till dig via e-post kommer ingen \u00e5terbetalning att ges. Vid specifika omst\u00e4ndigheter och f\u00f6r assistans, v\u00e4nligen skicka ett e-postmeddelande till <a href=\"mailto:support@traderscale.com\">support@traderscale.com<\/a><\/div>\r\n<\/div>\r\n<p>&nbsp;<\/p>\r\n<div><br \/>\r\n<h3 class=\"heading-secondary\"><br \/>\u00c5terbetalningar efter framg\u00e5ngsrik slutf\u00f6rande av en Challenge<\/h3>\r\n<br \/>Vi erbjuder inga \u00e5terbetalningar f\u00f6r challenge-avgiften f\u00f6r v\u00e5r Speedy Challenge.<\/div>\r\n<p>&nbsp;<\/p>\r\n<div><br \/>\r\n<h3 class=\"heading-secondary\"><br \/>Accepterande av denna policy<\/h3>\r\n<br \/>\r\n<div>Det \u00e4r ditt ansvar att fullt ut f\u00f6rst\u00e5 \u00e5terbetalningspolicyn. Genom att l\u00e4gga en best\u00e4llning f\u00f6r n\u00e5got av v\u00e5ra program bekr\u00e4ftar du att du har l\u00e4st denna policy noggrant och att du samtycker till och accepterar dessa villkor. Om du inte h\u00e5ller med eller inte fullt ut accepterar villkoren f\u00f6r denna \u00e5terbetalningspolicy, ber vi dig att inte l\u00e4gga en best\u00e4llning hos oss. V\u00e4nligen kontakta oss p\u00e5 <a href=\"mailto:support@traderscale.com\">support@traderscale.com<\/a> om du har n\u00e5gra fr\u00e5gor om v\u00e5r \u00e5terbetalningspolicy.<\/div>\r\n<\/div>\r\n\r\n","protected":false},"excerpt":{"rendered":"<p>Avbest\u00e4llnings- och \u00e5terbetalningspolicy Efter en godk\u00e4nd betalning f\u00f6r k\u00f6p av ett av v\u00e5ra program kommer du att ta emot ett e-postmeddelande med inloggningsuppgifter f\u00f6r att f\u00e5 tillg\u00e5ng till din handelsplattform. N\u00e4r denna information har skickats till dig via e-post kommer ingen \u00e5terbetalning att ges. Vid specifika omst\u00e4ndigheter och f\u00f6r assistans, v\u00e4nligen skicka ett e-postmeddelande till [&hellip;]<\/p>\n","protected":false},"author":526,"featured_media":0,"parent":0,"menu_order":0,"comment_status":"closed","ping_status":"closed","template":"page-new.php","meta":{"_acf_changed":false,"om_disable_all_campaigns":false,"footnotes":""},"class_list":["post-22524","page","type-page","status-publish","hentry"],"acf":[],"yoast_head":"<!-- This site is optimized with the Yoast SEO plugin v27.3 - https:\/\/yoast.com\/product\/yoast-seo-wordpress\/ -->\n<title>Avbest\u00e4llnings- och \u00e5terbetalningspolicy - Accelerate Your Financial Journey with a Fully Funded Trading Account<\/title>\n<meta name=\"robots\" content=\"index, follow, max-snippet:-1, max-image-preview:large, max-video-preview:-1\" \/>\n<link rel=\"canonical\" href=\"https:\/\/www.traderscale.com\/sv\/avbestallnings-och-aterbetalningspolicy\/\" \/>\n<meta property=\"og:locale\" content=\"sv_SE\" \/>\n<meta property=\"og:type\" content=\"article\" \/>\n<meta property=\"og:title\" content=\"Avbest\u00e4llnings- och \u00e5terbetalningspolicy - Accelerate Your Financial Journey with a Fully Funded Trading Account\" \/>\n<meta property=\"og:description\" content=\"Avbest\u00e4llnings- och \u00e5terbetalningspolicy Efter en godk\u00e4nd betalning f\u00f6r k\u00f6p av ett av v\u00e5ra program kommer du att ta emot ett e-postmeddelande med inloggningsuppgifter f\u00f6r att f\u00e5 tillg\u00e5ng till din handelsplattform. N\u00e4r denna information har skickats till dig via e-post kommer ingen \u00e5terbetalning att ges. Vid specifika omst\u00e4ndigheter och f\u00f6r assistans, v\u00e4nligen skicka ett e-postmeddelande till [&hellip;]\" \/>\n<meta property=\"og:url\" content=\"https:\/\/www.traderscale.com\/sv\/avbestallnings-och-aterbetalningspolicy\/\" \/>\n<meta property=\"og:site_name\" content=\"Accelerate Your Financial Journey with a Fully Funded Trading Account\" \/>\n<meta property=\"article:publisher\" content=\"https:\/\/www.facebook.com\/profile.php?id=61556992185100#\" \/>\n<meta property=\"article:modified_time\" content=\"2025-04-23T08:45:37+00:00\" \/>\n<meta name=\"twitter:card\" content=\"summary_large_image\" \/>\n<meta name=\"twitter:label1\" content=\"Ber\u00e4knad l\u00e4stid\" \/>\n\t<meta name=\"twitter:data1\" content=\"1 minut\" \/>\n<script type=\"application\/ld+json\" class=\"yoast-schema-graph\">{\"@context\":\"https:\\\/\\\/schema.org\",\"@graph\":[{\"@type\":\"WebPage\",\"@id\":\"https:\\\/\\\/www.traderscale.com\\\/sv\\\/avbestallnings-och-aterbetalningspolicy\\\/\",\"url\":\"https:\\\/\\\/www.traderscale.com\\\/sv\\\/avbestallnings-och-aterbetalningspolicy\\\/\",\"name\":\"Avbest\u00e4llnings- och \u00e5terbetalningspolicy - Accelerate Your Financial Journey with a Fully Funded Trading Account\",\"isPartOf\":{\"@id\":\"https:\\\/\\\/www.traderscale.com\\\/sv\\\/#website\"},\"datePublished\":\"2024-02-20T20:28:51+00:00\",\"dateModified\":\"2025-04-23T08:45:37+00:00\",\"breadcrumb\":{\"@id\":\"https:\\\/\\\/www.traderscale.com\\\/sv\\\/avbestallnings-och-aterbetalningspolicy\\\/#breadcrumb\"},\"inLanguage\":\"sv-SE\",\"potentialAction\":[{\"@type\":\"ReadAction\",\"target\":[\"https:\\\/\\\/www.traderscale.com\\\/sv\\\/avbestallnings-och-aterbetalningspolicy\\\/\"]}]},{\"@type\":\"BreadcrumbList\",\"@id\":\"https:\\\/\\\/www.traderscale.com\\\/sv\\\/avbestallnings-och-aterbetalningspolicy\\\/#breadcrumb\",\"itemListElement\":[{\"@type\":\"ListItem\",\"position\":1,\"name\":\"Home\",\"item\":\"https:\\\/\\\/www.traderscale.com\\\/sv\\\/hem-2025\\\/\"},{\"@type\":\"ListItem\",\"position\":2,\"name\":\"Avbest\u00e4llnings- och \u00e5terbetalningspolicy\"}]},{\"@type\":\"WebSite\",\"@id\":\"https:\\\/\\\/www.traderscale.com\\\/sv\\\/#website\",\"url\":\"https:\\\/\\\/www.traderscale.com\\\/sv\\\/\",\"name\":\"Traderscale\",\"description\":\"\",\"publisher\":{\"@id\":\"https:\\\/\\\/www.traderscale.com\\\/sv\\\/#organization\"},\"potentialAction\":[{\"@type\":\"SearchAction\",\"target\":{\"@type\":\"EntryPoint\",\"urlTemplate\":\"https:\\\/\\\/www.traderscale.com\\\/sv\\\/?s={search_term_string}\"},\"query-input\":{\"@type\":\"PropertyValueSpecification\",\"valueRequired\":true,\"valueName\":\"search_term_string\"}}],\"inLanguage\":\"sv-SE\"},{\"@type\":\"Organization\",\"@id\":\"https:\\\/\\\/www.traderscale.com\\\/sv\\\/#organization\",\"name\":\"Traderscale\",\"url\":\"https:\\\/\\\/www.traderscale.com\\\/sv\\\/\",\"logo\":{\"@type\":\"ImageObject\",\"inLanguage\":\"sv-SE\",\"@id\":\"https:\\\/\\\/www.traderscale.com\\\/sv\\\/#\\\/schema\\\/logo\\\/image\\\/\",\"url\":\"https:\\\/\\\/www.traderscale.com\\\/wp-content\\\/uploads\\\/2025\\\/04\\\/dark.png\",\"contentUrl\":\"https:\\\/\\\/www.traderscale.com\\\/wp-content\\\/uploads\\\/2025\\\/04\\\/dark.png\",\"width\":240,\"height\":161,\"caption\":\"Traderscale\"},\"image\":{\"@id\":\"https:\\\/\\\/www.traderscale.com\\\/sv\\\/#\\\/schema\\\/logo\\\/image\\\/\"},\"sameAs\":[\"https:\\\/\\\/www.facebook.com\\\/profile.php?id=61556992185100#\",\"https:\\\/\\\/www.youtube.com\\\/@Traderscale_com\\\/videos\",\"https:\\\/\\\/www.instagram.com\\\/traderscalepro\\\/\"]}]}<\/script>\n<!-- \/ Yoast SEO plugin. -->","yoast_head_json":{"title":"Avbest\u00e4llnings- och \u00e5terbetalningspolicy - Accelerate Your Financial Journey with a Fully Funded Trading Account","robots":{"index":"index","follow":"follow","max-snippet":"max-snippet:-1","max-image-preview":"max-image-preview:large","max-video-preview":"max-video-preview:-1"},"canonical":"https:\/\/www.traderscale.com\/sv\/avbestallnings-och-aterbetalningspolicy\/","og_locale":"sv_SE","og_type":"article","og_title":"Avbest\u00e4llnings- och \u00e5terbetalningspolicy - Accelerate Your Financial Journey with a Fully Funded Trading Account","og_description":"Avbest\u00e4llnings- och \u00e5terbetalningspolicy Efter en godk\u00e4nd betalning f\u00f6r k\u00f6p av ett av v\u00e5ra program kommer du att ta emot ett e-postmeddelande med inloggningsuppgifter f\u00f6r att f\u00e5 tillg\u00e5ng till din handelsplattform. N\u00e4r denna information har skickats till dig via e-post kommer ingen \u00e5terbetalning att ges. Vid specifika omst\u00e4ndigheter och f\u00f6r assistans, v\u00e4nligen skicka ett e-postmeddelande till [&hellip;]","og_url":"https:\/\/www.traderscale.com\/sv\/avbestallnings-och-aterbetalningspolicy\/","og_site_name":"Accelerate Your Financial Journey with a Fully Funded Trading Account","article_publisher":"https:\/\/www.facebook.com\/profile.php?id=61556992185100#","article_modified_time":"2025-04-23T08:45:37+00:00","twitter_card":"summary_large_image","twitter_misc":{"Ber\u00e4knad l\u00e4stid":"1 minut"},"schema":{"@context":"https:\/\/schema.org","@graph":[{"@type":"WebPage","@id":"https:\/\/www.traderscale.com\/sv\/avbestallnings-och-aterbetalningspolicy\/","url":"https:\/\/www.traderscale.com\/sv\/avbestallnings-och-aterbetalningspolicy\/","name":"Avbest\u00e4llnings- och \u00e5terbetalningspolicy - Accelerate Your Financial Journey with a Fully Funded Trading Account","isPartOf":{"@id":"https:\/\/www.traderscale.com\/sv\/#website"},"datePublished":"2024-02-20T20:28:51+00:00","dateModified":"2025-04-23T08:45:37+00:00","breadcrumb":{"@id":"https:\/\/www.traderscale.com\/sv\/avbestallnings-och-aterbetalningspolicy\/#breadcrumb"},"inLanguage":"sv-SE","potentialAction":[{"@type":"ReadAction","target":["https:\/\/www.traderscale.com\/sv\/avbestallnings-och-aterbetalningspolicy\/"]}]},{"@type":"BreadcrumbList","@id":"https:\/\/www.traderscale.com\/sv\/avbestallnings-och-aterbetalningspolicy\/#breadcrumb","itemListElement":[{"@type":"ListItem","position":1,"name":"Home","item":"https:\/\/www.traderscale.com\/sv\/hem-2025\/"},{"@type":"ListItem","position":2,"name":"Avbest\u00e4llnings- och \u00e5terbetalningspolicy"}]},{"@type":"WebSite","@id":"https:\/\/www.traderscale.com\/sv\/#website","url":"https:\/\/www.traderscale.com\/sv\/","name":"Traderscale","description":"","publisher":{"@id":"https:\/\/www.traderscale.com\/sv\/#organization"},"potentialAction":[{"@type":"SearchAction","target":{"@type":"EntryPoint","urlTemplate":"https:\/\/www.traderscale.com\/sv\/?s={search_term_string}"},"query-input":{"@type":"PropertyValueSpecification","valueRequired":true,"valueName":"search_term_string"}}],"inLanguage":"sv-SE"},{"@type":"Organization","@id":"https:\/\/www.traderscale.com\/sv\/#organization","name":"Traderscale","url":"https:\/\/www.traderscale.com\/sv\/","logo":{"@type":"ImageObject","inLanguage":"sv-SE","@id":"https:\/\/www.traderscale.com\/sv\/#\/schema\/logo\/image\/","url":"https:\/\/www.traderscale.com\/wp-content\/uploads\/2025\/04\/dark.png","contentUrl":"https:\/\/www.traderscale.com\/wp-content\/uploads\/2025\/04\/dark.png","width":240,"height":161,"caption":"Traderscale"},"image":{"@id":"https:\/\/www.traderscale.com\/sv\/#\/schema\/logo\/image\/"},"sameAs":["https:\/\/www.facebook.com\/profile.php?id=61556992185100#","https:\/\/www.youtube.com\/@Traderscale_com\/videos","https:\/\/www.instagram.com\/traderscalepro\/"]}]}},"_links":{"self":[{"href":"https:\/\/www.traderscale.com\/sv\/wp-json\/wp\/v2\/pages\/22524","targetHints":{"allow":["GET"]}}],"collection":[{"href":"https:\/\/www.traderscale.com\/sv\/wp-json\/wp\/v2\/pages"}],"about":[{"href":"https:\/\/www.traderscale.com\/sv\/wp-json\/wp\/v2\/types\/page"}],"author":[{"embeddable":true,"href":"https:\/\/www.traderscale.com\/sv\/wp-json\/wp\/v2\/users\/526"}],"replies":[{"embeddable":true,"href":"https:\/\/www.traderscale.com\/sv\/wp-json\/wp\/v2\/comments?post=22524"}],"version-history":[{"count":4,"href":"https:\/\/www.traderscale.com\/sv\/wp-json\/wp\/v2\/pages\/22524\/revisions"}],"predecessor-version":[{"id":22528,"href":"https:\/\/www.traderscale.com\/sv\/wp-json\/wp\/v2\/pages\/22524\/revisions\/22528"}],"wp:attachment":[{"href":"https:\/\/www.traderscale.com\/sv\/wp-json\/wp\/v2\/media?parent=22524"}],"curies":[{"name":"wp","href":"https:\/\/api.w.org\/{rel}","templated":true}]}}