{"id":22066,"date":"2024-02-06T10:03:28","date_gmt":"2024-02-06T15:03:28","guid":{"rendered":"https:\/\/www.traderscale.com\/integritetspolicy\/"},"modified":"2024-02-06T10:03:28","modified_gmt":"2024-02-06T15:03:28","slug":"integritetspolicy","status":"publish","type":"page","link":"https:\/\/www.traderscale.com\/sv\/integritetspolicy\/","title":{"rendered":"Integritetspolicy"},"content":{"rendered":"<p><strong>1. Inledning:<\/strong> Denna sekretesspolicy (&#8220;Policy&#8221;) avser Tradelytic FCZO, som handlar som Traderscale.com (&#8220;vi&#8221;, &#8220;v\u00e5r&#8221; eller &#8220;f\u00f6retaget&#8221;). Denna policy belyser hur f\u00f6retaget samlar in, underh\u00e5ller, anv\u00e4nder och avsl\u00f6jar personlig information om v\u00e5ra kunder (&#8220;du&#8221;, &#8220;din&#8221; eller &#8220;kunden&#8221;). Den g\u00e4ller b\u00e5de befintliga och potentiella kunder samt alla bes\u00f6kare p\u00e5 bolagets webbplats. Vi agerar som personuppgiftsansvariga i enlighet med dataskyddslagstiftningen. F\u00f6retaget \u00e4r dedikerat till att skydda integriteten f\u00f6r alla personuppgifter, enligt definitionen h\u00e4ri, som f\u00f6rv\u00e4rvats fr\u00e5n dig, inklusive information som erh\u00e5llits under dina bes\u00f6k p\u00e5 denna webbplats. Denna Policy ska l\u00e4sas tillsammans med v\u00e5ra Allm\u00e4nna villkor, som finns tillg\u00e4ngliga p\u00e5 v\u00e5r webbplats p\u00e5 <a href=\"http:\/\/www.traderscale.com\/\" target=\"_new\" rel=\"noopener\">www.traderscale.com<\/a> (&#8220;Webbplatsen&#8221;), och alla andra avtal som tillhandah\u00e5lls.     <\/p>\n<p>&nbsp;<\/p>\n<p><strong>2. Vilka Personuppgifter samlar vi in och hur?<\/strong>  F\u00f6retaget samlar in och lagrar personuppgifter om dig n\u00e4r du fyller i en onlineans\u00f6kan om ett live- eller demokonto eller efter framg\u00e5ngsrikt deltagande i utmaningar som erbjuds p\u00e5 v\u00e5r webbplats. Vi samlar in specifika personuppgifter f\u00f6r att effektivt tillgodose v\u00e5ra kunders behov och f\u00f6rb\u00e4ttra v\u00e5ra tj\u00e4nster. &#8220;Personuppgifter&#8221; avser personuppgifter som du direkt l\u00e4mnar till oss eller uppgifter som vi samlar in n\u00e4r vi tillhandah\u00e5ller tj\u00e4nster till dig och genom din anv\u00e4ndning av v\u00e5r webbplats. Vi f\u00f6ljer global praxis f\u00f6r dataskydd. Personuppgifter som samlas in inkluderar, men \u00e4r inte begr\u00e4nsade till:    <\/p>\n<ul>\n<li>Information som du l\u00e4mnar, t.ex. namn, adress, f\u00f6delsedatum, telefonnummer, e-postadress, identitetsverifierande dokument (t.ex. pass och ID), elr\u00e4kningar, kontoutdrag eller uppgifter om bolagsbildning, finansiell information som uppskattad \u00e5rsinkomst och nettof\u00f6rm\u00f6genhet, handelserfarenhet och kunskap om investeringar.<\/li>\n<li>Uppgifter som samlas in automatiskt n\u00e4r du anv\u00e4nder v\u00e5ra tj\u00e4nster, inklusive IP-adresser, enhetstyp, operativsystem, land som bes\u00f6ker webbplatsen, inloggnings- och utloggningsuppgifter, kontoinst\u00e4llningar, anpassade utmaningar, valuta, typer av transaktioner och kommunikation, oavsett om det \u00e4r elektroniskt eller via telefon.<\/li>\n<li>Automatiskt insamlade uppgifter om dina simulerade transaktioner, inklusive typ av utmaning, finansiellt instrument, tidpunkt f\u00f6r \u00f6ppning eller st\u00e4ngning av positioner, investeringsbelopp, vinst och f\u00f6rlust.<\/li>\n<li>Automatiskt insamlade uppgifter under dina bes\u00f6k p\u00e5 webbplatsen, t.ex. bes\u00f6kta webbplatsomr\u00e5den, visade sidor, bes\u00f6ksfrekvens och -l\u00e4ngd samt h\u00e4nvisande webbplatser.<\/li>\n<\/ul>\n<p>&nbsp;<\/p>\n<p><strong>3. Varf\u00f6r anv\u00e4nder vi dina Personuppgifter?<\/strong>  F\u00f6retaget kan anv\u00e4nda din information f\u00f6r ett eller flera av f\u00f6ljande syften:<\/p>\n<ul>\n<li>Bekr\u00e4fta din identitet.<\/li>\n<li>Uppr\u00e4tth\u00e5lla din personliga profil.<\/li>\n<li>Bed\u00f6mning av din l\u00e4mplighet f\u00f6r v\u00e5ra produkter och tj\u00e4nster.<\/li>\n<li>Tillhandah\u00e5lla beg\u00e4rda tj\u00e4nster, inklusive behandling av transaktioner.<\/li>\n<li>Erbjuder transaktionsrelaterade tj\u00e4nster.<\/li>\n<li>Informera dig om produkter och tj\u00e4nster av intresse.<\/li>\n<li>H\u00e5lla dig uppdaterad om relevanta fr\u00e5gor.<\/li>\n<li>Skr\u00e4ddarsy webbplatsen efter dina behov.<\/li>\n<li>Analysera opersonliga statistiska data f\u00f6r att f\u00f6rb\u00e4ttra produkter och tj\u00e4nster.<\/li>\n<li>Administrera ditt konto och \u00f6vervaka dess uppf\u00f6rande, inklusive kreditgr\u00e4nser.<\/li>\n<li>\u00d6verf\u00f6ring av dina personuppgifter till tredje part f\u00f6r marknadsf\u00f6rings\u00e4ndam\u00e5l.<\/li>\n<\/ul>\n<p>&nbsp;<\/p>\n<p><strong>4. Vilken \u00e4r den r\u00e4ttsliga grunden f\u00f6r behandlingen av dina Personuppgifter?<\/strong><\/p>\n<ul>\n<li>F\u00f6r att utf\u00f6ra v\u00e5ra tj\u00e4nster till dig, inklusive avtalsenliga skyldigheter och efterlevnad av r\u00e4ttsliga skyldigheter som &#8220;Know Your Customer&#8221;- och &#8220;Customer Due Diligence&#8221;-krav.<\/li>\n<li>F\u00f6r att uppfylla r\u00e4ttsliga skyldigheter, inklusive lagar om bek\u00e4mpning av penningtv\u00e4tt, finansiering av terrorism, finansiella tj\u00e4nster och dataskydd.<\/li>\n<li>F\u00f6r att skydda ber\u00e4ttigade intressen, t.ex. kundrelationer, r\u00e4ttsprocesser, direktmarknadsf\u00f6ring, bedr\u00e4geribek\u00e4mpning och n\u00e4tverkss\u00e4kerhet.<\/li>\n<li>Med ditt samtycke, f\u00f6r att erbjuda v\u00e5ra produkter, tj\u00e4nster eller efterfr\u00e5gad information.<\/li>\n<li>\n<\/li>\n<\/ul>\n<p>&nbsp;<\/p>\n<p><strong>5. Hur l\u00e4nge sparar vi dina Personuppgifter?<\/strong>  Personuppgifter behandlas i den utstr\u00e4ckning som kr\u00e4vs f\u00f6r att tillhandah\u00e5lla tj\u00e4nster och under den tid som f\u00f6reskrivs i lag. Specifikt beh\u00e5ller vi personuppgifter i minst sju (7) \u00e5r, r\u00e4knat fr\u00e5n den senaste transaktionen eller avslutandet av aff\u00e4rsrelationen, beroende p\u00e5 vilket som intr\u00e4ffar senast. <\/p>\n<p>&nbsp;<\/p>\n<p><strong>6. Var och varf\u00f6r kommer vi att l\u00e4mna ut dina Personuppgifter?<\/strong>  Bolaget l\u00e4mnar inte ut din konfidentiella information till tredje part s\u00e5vida inte:<\/p>\n<ul>\n<li>Kr\u00e4vs enligt till\u00e4mpliga lagar, regler och f\u00f6rordningar.<\/li>\n<li>N\u00f6dv\u00e4ndigt f\u00f6r legitima aff\u00e4rsintressen, inklusive leverant\u00f6rer av betalningstj\u00e4nster och bankinstitut.<\/li>\n<li>Som svar p\u00e5 f\u00f6rfr\u00e5gningar fr\u00e5n beh\u00f6riga myndigheter, tillsynsorgan, statliga enheter eller med ditt samtycke.<\/li>\n<li>F\u00f6r att skydda r\u00e4ttigheter, f\u00f6lja domstolsbeslut, f\u00f6rhindra bedr\u00e4geri, f\u00f6lja r\u00e4ttsliga processer eller skydda anv\u00e4ndarnas personliga s\u00e4kerhet.<\/li>\n<\/ul>\n<p>Bolaget kan ocks\u00e5 l\u00e4mna ut dina Personuppgifter till tredje part n\u00e4r det \u00e4r n\u00f6dv\u00e4ndigt f\u00f6r att:<\/p>\n<ul>\n<li>Skydda v\u00e5ra r\u00e4ttigheter.<\/li>\n<li>F\u00f6lja lagstadgade f\u00f6reskrifter.<\/li>\n<li>Skydda f\u00f6retagets r\u00e4ttigheter, webbplatser och allm\u00e4nna intressen.<\/li>\n<li>Samarbeta med tredje parts processorer.<\/li>\n<li>Anlita leverant\u00f6rer f\u00f6r begr\u00e4nsade tj\u00e4nster.<\/li>\n<li>Interagera med finansiella institutioner och organisationer.<\/li>\n<li>Anlita externa tj\u00e4nsteleverant\u00f6rer och professionella r\u00e5dgivare.<\/li>\n<li>Uppfylla transaktionsbehandling eller beg\u00e4rda tj\u00e4nster.<\/li>\n<li>F\u00f6lja r\u00e4ttsliga krav eller myndigheter.<\/li>\n<li>Tillhandah\u00e5lla statistiska uppgifter till aff\u00e4rspartner, med garanterad anonymitet.<\/li>\n<\/ul>\n<p>&nbsp;<\/p>\n<p><strong>7. Processorer Process<\/strong> orer m\u00e5ste:<\/p>\n<ul>\n<li>Informera sina anst\u00e4llda om personuppgifternas konfidentiella natur.<\/li>\n<li>Behandla Personuppgifter i enlighet med alla till\u00e4mpliga lagar och f\u00f6rordningar.<\/li>\n<\/ul>\n<p>Personuppgiftsbitr\u00e4den \u00e4r ansvariga f\u00f6r alla kostnader, anspr\u00e5k, skador eller utgifter som f\u00f6retaget \u00e5drar sig p\u00e5 grund av att de inte uppfyller skyldigheterna enligt denna sekretesspolicy.<\/p>\n<p>&nbsp;<\/p>\n<p>&nbsp;<\/p>\n<p><strong>8. Vi kan \u00f6verf\u00f6ra dina uppgifter utanf\u00f6r Europeiska ekonomiska samarbetsomr\u00e5det (&#8220;EES&#8221;)<\/strong> F\u00f6retaget f\u00f6rbeh\u00e5ller sig r\u00e4tten att \u00f6verf\u00f6ra dina personuppgifter inom eller utanf\u00f6r EES till tj\u00e4nsteleverant\u00f6rer och processorer. S\u00e5dana \u00f6verf\u00f6ringar kommer att f\u00f6lja lagen, vilket s\u00e4kerst\u00e4ller efterlevnad av europeiska dataskyddslagar eller till\u00e4mpliga dataskyddslagar i tredjel\u00e4nder. Vi vidtar \u00e5tg\u00e4rder f\u00f6r att s\u00e4kerst\u00e4lla s\u00e4ker data\u00f6verf\u00f6ring i enlighet med denna integritetspolicy.  <\/p>\n<p>&nbsp;<\/p>\n<p>&nbsp;<\/p>\n<p><strong>9. Vilka \u00e4r dina r\u00e4ttigheter?<\/strong>  Du \u00e4r inte skyldig att tillhandah\u00e5lla personuppgifter till f\u00f6retaget. Men om du inte g\u00f6r det kan vi kanske inte verifiera ditt konto eller tillhandah\u00e5lla till\u00e5tna tj\u00e4nster och produkter. Enligt till\u00e4mplig dataskyddslagstiftning har du r\u00e4tt till:  <\/p>\n<ul>\n<li>Beg\u00e4ra tillg\u00e5ng till de personuppgifter vi har om dig.<\/li>\n<li>Korrigera eventuella upplevda felaktigheter.<\/li>\n<li>Beg\u00e4ra radering av dina Personuppgifter, med undantag f\u00f6r vad som kr\u00e4vs enligt lag.<\/li>\n<li>Informera oss om \u00e4ndringar av personuppgifter eller beg\u00e4ran om radering via e-post p\u00e5 <a target=\"_new\" rel=\"noopener\">support@traderscale.com.<\/a><\/li>\n<\/ul>\n<p>F\u00f6r fr\u00e5gor, klagom\u00e5l eller f\u00f6rfr\u00e5gningar, kontakta f\u00f6retaget. Om ett klagom\u00e5l f\u00f6rblir ol\u00f6st kan du klaga till Information Commissioner. <\/p>\n<p>&nbsp;<\/p>\n<p>&nbsp;<\/p>\n<p><strong>10. Samtycke<\/strong> Genom att g\u00e5 in p\u00e5 denna webbplats samtycker du till att f\u00f6retaget samlar in, underh\u00e5ller, anv\u00e4nder och avsl\u00f6jar personuppgifter enligt denna sekretesspolicy.<\/p>\n<p>&nbsp;<\/p>\n<p>&nbsp;<\/p>\n<p><strong>11. L\u00e4nkar<\/strong> Denna sekretesspolicy \u00e4r inte till\u00e4mplig p\u00e5 andra webbplatser som du kan komma \u00e5t via v\u00e5r. Vi uppmuntrar dig att granska och f\u00f6rst\u00e5 sekretesspolicyn p\u00e5 l\u00e4nkade webbplatser. <\/p>\n<p>&nbsp;<\/p>\n<p>&nbsp;<\/p>\n<p><strong>12. Vi anv\u00e4nder<\/strong> cookies Bolaget anv\u00e4nder cookies f\u00f6r att samla in information om din tillg\u00e5ng till v\u00e5r webbplats och v\u00e5ra tj\u00e4nster. F\u00f6r omfattande detaljer, se f\u00f6retagets cookiepolicy. Cookies \u00e4r sm\u00e5 bitar av information som lagras p\u00e5 din enhet, vilket m\u00f6jligg\u00f6r en unik identifieringstagg. De flesta webbl\u00e4sare accepterar cookies, men du kan justera inst\u00e4llningarna f\u00f6r att v\u00e4gra dem. Vi rekommenderar dock att du aktiverar cookies f\u00f6r att f\u00e5 en optimal upplevelse av webbplatsen.    <\/p>\n<p>&nbsp;<\/p>\n<p>&nbsp;<\/p>\n<p><strong>13. Vi till\u00e4mpar kraftfulla s\u00e4kerhets\u00e5tg\u00e4rder<\/strong> Bolaget genomf\u00f6r kraftfulla \u00e5tg\u00e4rder f\u00f6r att skydda personuppgifter fr\u00e5n obeh\u00f6rig \u00e5tkomst. Endast auktoriserad personal och tj\u00e4nsteleverant\u00f6rer med ett legitimt behov har tillg\u00e5ng till personuppgifter. Det \u00e4r f\u00f6rbjudet att dela inloggningsuppgifter med tredje part. Str\u00e4nga f\u00f6rsiktighets\u00e5tg\u00e4rder skyddar mot f\u00f6rlust, st\u00f6ld, missbruk, \u00e4ndring eller f\u00f6rst\u00f6relse av personuppgifter.   <\/p>\n<p>&nbsp;<\/p>\n<p>&nbsp;<\/p>\n<p><strong>14. Vi kommer att \u00e4ndra denna policy<\/strong> F\u00f6retaget f\u00f6rbeh\u00e5ller sig r\u00e4tten att revidera denna sekretesspolicy regelbundet. Bes\u00f6k v\u00e5r webbplats f\u00f6r den senaste versionen. Genom att anv\u00e4nda webbplatsen efter att \u00e4ndringar har publicerats samtycker du till dessa \u00e4ndringar.  <\/p>\n<p>Senast uppdaterad den 6\/2\/2024. Upphovsr\u00e4tt \u00a9 2024 Traderscale. Alla r\u00e4ttigheter reserverade.  <\/p>\n","protected":false},"excerpt":{"rendered":"<p>1. Inledning: Denna sekretesspolicy (&#8220;Policy&#8221;) avser Tradelytic FCZO, som handlar som Traderscale.com (&#8220;vi&#8221;, &#8220;v\u00e5r&#8221; eller &#8220;f\u00f6retaget&#8221;). Denna policy belyser hur f\u00f6retaget samlar in, underh\u00e5ller, anv\u00e4nder och avsl\u00f6jar personlig information om v\u00e5ra kunder (&#8220;du&#8221;, &#8220;din&#8221; eller &#8220;kunden&#8221;). Den g\u00e4ller b\u00e5de befintliga och potentiella kunder samt alla bes\u00f6kare p\u00e5 bolagets webbplats. Vi agerar som personuppgiftsansvariga i enlighet [&hellip;]<\/p>\n","protected":false},"author":1,"featured_media":0,"parent":0,"menu_order":0,"comment_status":"closed","ping_status":"closed","template":"page-new.php","meta":{"_acf_changed":false,"om_disable_all_campaigns":false,"footnotes":""},"class_list":["post-22066","page","type-page","status-publish","hentry"],"acf":[],"yoast_head":"<!-- This site is optimized with the Yoast SEO plugin v27.3 - https:\/\/yoast.com\/product\/yoast-seo-wordpress\/ -->\n<title>Integritetspolicy - Accelerate Your Financial Journey with a Fully Funded Trading Account<\/title>\n<meta name=\"robots\" content=\"index, follow, max-snippet:-1, max-image-preview:large, max-video-preview:-1\" \/>\n<link rel=\"canonical\" href=\"https:\/\/www.traderscale.com\/sv\/integritetspolicy\/\" \/>\n<meta property=\"og:locale\" content=\"sv_SE\" \/>\n<meta property=\"og:type\" content=\"article\" \/>\n<meta property=\"og:title\" content=\"Integritetspolicy - Accelerate Your Financial Journey with a Fully Funded Trading Account\" \/>\n<meta property=\"og:description\" content=\"1. Inledning: Denna sekretesspolicy (&#8220;Policy&#8221;) avser Tradelytic FCZO, som handlar som Traderscale.com (&#8220;vi&#8221;, &#8220;v\u00e5r&#8221; eller &#8220;f\u00f6retaget&#8221;). Denna policy belyser hur f\u00f6retaget samlar in, underh\u00e5ller, anv\u00e4nder och avsl\u00f6jar personlig information om v\u00e5ra kunder (&#8220;du&#8221;, &#8220;din&#8221; eller &#8220;kunden&#8221;). Den g\u00e4ller b\u00e5de befintliga och potentiella kunder samt alla bes\u00f6kare p\u00e5 bolagets webbplats. Vi agerar som personuppgiftsansvariga i enlighet [&hellip;]\" \/>\n<meta property=\"og:url\" content=\"https:\/\/www.traderscale.com\/sv\/integritetspolicy\/\" \/>\n<meta property=\"og:site_name\" content=\"Accelerate Your Financial Journey with a Fully Funded Trading Account\" \/>\n<meta property=\"article:publisher\" content=\"https:\/\/www.facebook.com\/profile.php?id=61556992185100#\" \/>\n<meta name=\"twitter:card\" content=\"summary_large_image\" \/>\n<meta name=\"twitter:label1\" content=\"Ber\u00e4knad l\u00e4stid\" \/>\n\t<meta name=\"twitter:data1\" content=\"7 minuter\" \/>\n<script type=\"application\/ld+json\" class=\"yoast-schema-graph\">{\"@context\":\"https:\\\/\\\/schema.org\",\"@graph\":[{\"@type\":\"WebPage\",\"@id\":\"https:\\\/\\\/www.traderscale.com\\\/sv\\\/integritetspolicy\\\/\",\"url\":\"https:\\\/\\\/www.traderscale.com\\\/sv\\\/integritetspolicy\\\/\",\"name\":\"Integritetspolicy - Accelerate Your Financial Journey with a Fully Funded Trading Account\",\"isPartOf\":{\"@id\":\"https:\\\/\\\/www.traderscale.com\\\/sv\\\/#website\"},\"datePublished\":\"2024-02-06T15:03:28+00:00\",\"breadcrumb\":{\"@id\":\"https:\\\/\\\/www.traderscale.com\\\/sv\\\/integritetspolicy\\\/#breadcrumb\"},\"inLanguage\":\"sv-SE\",\"potentialAction\":[{\"@type\":\"ReadAction\",\"target\":[\"https:\\\/\\\/www.traderscale.com\\\/sv\\\/integritetspolicy\\\/\"]}]},{\"@type\":\"BreadcrumbList\",\"@id\":\"https:\\\/\\\/www.traderscale.com\\\/sv\\\/integritetspolicy\\\/#breadcrumb\",\"itemListElement\":[{\"@type\":\"ListItem\",\"position\":1,\"name\":\"Home\",\"item\":\"https:\\\/\\\/www.traderscale.com\\\/sv\\\/hem-2025\\\/\"},{\"@type\":\"ListItem\",\"position\":2,\"name\":\"Integritetspolicy\"}]},{\"@type\":\"WebSite\",\"@id\":\"https:\\\/\\\/www.traderscale.com\\\/sv\\\/#website\",\"url\":\"https:\\\/\\\/www.traderscale.com\\\/sv\\\/\",\"name\":\"Traderscale\",\"description\":\"\",\"publisher\":{\"@id\":\"https:\\\/\\\/www.traderscale.com\\\/sv\\\/#organization\"},\"potentialAction\":[{\"@type\":\"SearchAction\",\"target\":{\"@type\":\"EntryPoint\",\"urlTemplate\":\"https:\\\/\\\/www.traderscale.com\\\/sv\\\/?s={search_term_string}\"},\"query-input\":{\"@type\":\"PropertyValueSpecification\",\"valueRequired\":true,\"valueName\":\"search_term_string\"}}],\"inLanguage\":\"sv-SE\"},{\"@type\":\"Organization\",\"@id\":\"https:\\\/\\\/www.traderscale.com\\\/sv\\\/#organization\",\"name\":\"Traderscale\",\"url\":\"https:\\\/\\\/www.traderscale.com\\\/sv\\\/\",\"logo\":{\"@type\":\"ImageObject\",\"inLanguage\":\"sv-SE\",\"@id\":\"https:\\\/\\\/www.traderscale.com\\\/sv\\\/#\\\/schema\\\/logo\\\/image\\\/\",\"url\":\"https:\\\/\\\/www.traderscale.com\\\/wp-content\\\/uploads\\\/2025\\\/04\\\/dark.png\",\"contentUrl\":\"https:\\\/\\\/www.traderscale.com\\\/wp-content\\\/uploads\\\/2025\\\/04\\\/dark.png\",\"width\":240,\"height\":161,\"caption\":\"Traderscale\"},\"image\":{\"@id\":\"https:\\\/\\\/www.traderscale.com\\\/sv\\\/#\\\/schema\\\/logo\\\/image\\\/\"},\"sameAs\":[\"https:\\\/\\\/www.facebook.com\\\/profile.php?id=61556992185100#\",\"https:\\\/\\\/www.youtube.com\\\/@Traderscale_com\\\/videos\",\"https:\\\/\\\/www.instagram.com\\\/traderscalepro\\\/\"]}]}<\/script>\n<!-- \/ Yoast SEO plugin. -->","yoast_head_json":{"title":"Integritetspolicy - Accelerate Your Financial Journey with a Fully Funded Trading Account","robots":{"index":"index","follow":"follow","max-snippet":"max-snippet:-1","max-image-preview":"max-image-preview:large","max-video-preview":"max-video-preview:-1"},"canonical":"https:\/\/www.traderscale.com\/sv\/integritetspolicy\/","og_locale":"sv_SE","og_type":"article","og_title":"Integritetspolicy - Accelerate Your Financial Journey with a Fully Funded Trading Account","og_description":"1. Inledning: Denna sekretesspolicy (&#8220;Policy&#8221;) avser Tradelytic FCZO, som handlar som Traderscale.com (&#8220;vi&#8221;, &#8220;v\u00e5r&#8221; eller &#8220;f\u00f6retaget&#8221;). Denna policy belyser hur f\u00f6retaget samlar in, underh\u00e5ller, anv\u00e4nder och avsl\u00f6jar personlig information om v\u00e5ra kunder (&#8220;du&#8221;, &#8220;din&#8221; eller &#8220;kunden&#8221;). Den g\u00e4ller b\u00e5de befintliga och potentiella kunder samt alla bes\u00f6kare p\u00e5 bolagets webbplats. Vi agerar som personuppgiftsansvariga i enlighet [&hellip;]","og_url":"https:\/\/www.traderscale.com\/sv\/integritetspolicy\/","og_site_name":"Accelerate Your Financial Journey with a Fully Funded Trading Account","article_publisher":"https:\/\/www.facebook.com\/profile.php?id=61556992185100#","twitter_card":"summary_large_image","twitter_misc":{"Ber\u00e4knad l\u00e4stid":"7 minuter"},"schema":{"@context":"https:\/\/schema.org","@graph":[{"@type":"WebPage","@id":"https:\/\/www.traderscale.com\/sv\/integritetspolicy\/","url":"https:\/\/www.traderscale.com\/sv\/integritetspolicy\/","name":"Integritetspolicy - Accelerate Your Financial Journey with a Fully Funded Trading Account","isPartOf":{"@id":"https:\/\/www.traderscale.com\/sv\/#website"},"datePublished":"2024-02-06T15:03:28+00:00","breadcrumb":{"@id":"https:\/\/www.traderscale.com\/sv\/integritetspolicy\/#breadcrumb"},"inLanguage":"sv-SE","potentialAction":[{"@type":"ReadAction","target":["https:\/\/www.traderscale.com\/sv\/integritetspolicy\/"]}]},{"@type":"BreadcrumbList","@id":"https:\/\/www.traderscale.com\/sv\/integritetspolicy\/#breadcrumb","itemListElement":[{"@type":"ListItem","position":1,"name":"Home","item":"https:\/\/www.traderscale.com\/sv\/hem-2025\/"},{"@type":"ListItem","position":2,"name":"Integritetspolicy"}]},{"@type":"WebSite","@id":"https:\/\/www.traderscale.com\/sv\/#website","url":"https:\/\/www.traderscale.com\/sv\/","name":"Traderscale","description":"","publisher":{"@id":"https:\/\/www.traderscale.com\/sv\/#organization"},"potentialAction":[{"@type":"SearchAction","target":{"@type":"EntryPoint","urlTemplate":"https:\/\/www.traderscale.com\/sv\/?s={search_term_string}"},"query-input":{"@type":"PropertyValueSpecification","valueRequired":true,"valueName":"search_term_string"}}],"inLanguage":"sv-SE"},{"@type":"Organization","@id":"https:\/\/www.traderscale.com\/sv\/#organization","name":"Traderscale","url":"https:\/\/www.traderscale.com\/sv\/","logo":{"@type":"ImageObject","inLanguage":"sv-SE","@id":"https:\/\/www.traderscale.com\/sv\/#\/schema\/logo\/image\/","url":"https:\/\/www.traderscale.com\/wp-content\/uploads\/2025\/04\/dark.png","contentUrl":"https:\/\/www.traderscale.com\/wp-content\/uploads\/2025\/04\/dark.png","width":240,"height":161,"caption":"Traderscale"},"image":{"@id":"https:\/\/www.traderscale.com\/sv\/#\/schema\/logo\/image\/"},"sameAs":["https:\/\/www.facebook.com\/profile.php?id=61556992185100#","https:\/\/www.youtube.com\/@Traderscale_com\/videos","https:\/\/www.instagram.com\/traderscalepro\/"]}]}},"_links":{"self":[{"href":"https:\/\/www.traderscale.com\/sv\/wp-json\/wp\/v2\/pages\/22066","targetHints":{"allow":["GET"]}}],"collection":[{"href":"https:\/\/www.traderscale.com\/sv\/wp-json\/wp\/v2\/pages"}],"about":[{"href":"https:\/\/www.traderscale.com\/sv\/wp-json\/wp\/v2\/types\/page"}],"author":[{"embeddable":true,"href":"https:\/\/www.traderscale.com\/sv\/wp-json\/wp\/v2\/users\/1"}],"replies":[{"embeddable":true,"href":"https:\/\/www.traderscale.com\/sv\/wp-json\/wp\/v2\/comments?post=22066"}],"version-history":[{"count":0,"href":"https:\/\/www.traderscale.com\/sv\/wp-json\/wp\/v2\/pages\/22066\/revisions"}],"wp:attachment":[{"href":"https:\/\/www.traderscale.com\/sv\/wp-json\/wp\/v2\/media?parent=22066"}],"curies":[{"name":"wp","href":"https:\/\/api.w.org\/{rel}","templated":true}]}}