{"id":22059,"date":"2024-07-01T05:53:45","date_gmt":"2024-07-01T10:53:45","guid":{"rendered":"https:\/\/www.traderscale.com\/ytterligare-regler\/"},"modified":"2024-07-01T05:53:45","modified_gmt":"2024-07-01T10:53:45","slug":"ytterligare-regler","status":"publish","type":"page","link":"https:\/\/www.traderscale.com\/sv\/ytterligare-regler\/","title":{"rendered":"Ytterligare regler"},"content":{"rendered":"<h3><strong>Bes\u00f6k help.traderscale.com f\u00f6r att se alla v\u00e5ra regler och begr\u00e4nsningar<\/strong><\/h3>\n<p>&nbsp;<\/p>\n<p><strong>Konsekvenser<br \/>\n<\/strong>Handlare som misst\u00e4nks f\u00f6r att delta i dessa f\u00f6rbjudna metoder kan drabbas av olika restriktioner, till exempel minskad h\u00e4vst\u00e5ngseffekt, begr\u00e4nsning av antalet aff\u00e4rer per dag, begr\u00e4nsningar av partistorlek per dag, s\u00e4nkning av dagliga\/maximala f\u00f6rlustgr\u00e4nser, inf\u00f6rande av en riskbegr\u00e4nsningsregel p\u00e5 h\u00f6gst 1%, konton som bryts eller till och med avst\u00e4ngning fr\u00e5n f\u00f6retaget utan \u00e5terbetalning.<\/p>\n","protected":false},"excerpt":{"rendered":"<p>Bes\u00f6k help.traderscale.com f\u00f6r att se alla v\u00e5ra regler och begr\u00e4nsningar &nbsp; Konsekvenser Handlare som misst\u00e4nks f\u00f6r att delta i dessa f\u00f6rbjudna metoder kan drabbas av olika restriktioner, till exempel minskad h\u00e4vst\u00e5ngseffekt, begr\u00e4nsning av antalet aff\u00e4rer per dag, begr\u00e4nsningar av partistorlek per dag, s\u00e4nkning av dagliga\/maximala f\u00f6rlustgr\u00e4nser, inf\u00f6rande av en riskbegr\u00e4nsningsregel p\u00e5 h\u00f6gst 1%, konton som [&hellip;]<\/p>\n","protected":false},"author":1,"featured_media":0,"parent":0,"menu_order":0,"comment_status":"closed","ping_status":"closed","template":"page-new.php","meta":{"_acf_changed":false,"om_disable_all_campaigns":false,"footnotes":""},"class_list":["post-22059","page","type-page","status-publish","hentry"],"acf":[],"yoast_head":"<!-- This site is optimized with the Yoast SEO plugin v27.5 - https:\/\/yoast.com\/product\/yoast-seo-wordpress\/ -->\n<title>Ytterligare regler - Accelerate Your Financial Journey with a Fully Funded Trading Account<\/title>\n<meta name=\"robots\" content=\"index, follow, max-snippet:-1, max-image-preview:large, max-video-preview:-1\" \/>\n<link rel=\"canonical\" href=\"https:\/\/www.traderscale.com\/sv\/ytterligare-regler\/\" \/>\n<meta property=\"og:locale\" content=\"sv_SE\" \/>\n<meta property=\"og:type\" content=\"article\" \/>\n<meta property=\"og:title\" content=\"Ytterligare regler - Accelerate Your Financial Journey with a Fully Funded Trading Account\" \/>\n<meta property=\"og:description\" content=\"Bes\u00f6k help.traderscale.com f\u00f6r att se alla v\u00e5ra regler och begr\u00e4nsningar &nbsp; Konsekvenser Handlare som misst\u00e4nks f\u00f6r att delta i dessa f\u00f6rbjudna metoder kan drabbas av olika restriktioner, till exempel minskad h\u00e4vst\u00e5ngseffekt, begr\u00e4nsning av antalet aff\u00e4rer per dag, begr\u00e4nsningar av partistorlek per dag, s\u00e4nkning av dagliga\/maximala f\u00f6rlustgr\u00e4nser, inf\u00f6rande av en riskbegr\u00e4nsningsregel p\u00e5 h\u00f6gst 1%, konton som [&hellip;]\" \/>\n<meta property=\"og:url\" content=\"https:\/\/www.traderscale.com\/sv\/ytterligare-regler\/\" \/>\n<meta property=\"og:site_name\" content=\"Accelerate Your Financial Journey with a Fully Funded Trading Account\" \/>\n<meta property=\"article:publisher\" content=\"https:\/\/www.facebook.com\/profile.php?id=61556992185100#\" \/>\n<meta name=\"twitter:card\" content=\"summary_large_image\" \/>\n<script type=\"application\/ld+json\" class=\"yoast-schema-graph\">{\"@context\":\"https:\\\/\\\/schema.org\",\"@graph\":[{\"@type\":\"WebPage\",\"@id\":\"https:\\\/\\\/www.traderscale.com\\\/sv\\\/ytterligare-regler\\\/\",\"url\":\"https:\\\/\\\/www.traderscale.com\\\/sv\\\/ytterligare-regler\\\/\",\"name\":\"Ytterligare regler - Accelerate Your Financial Journey with a Fully Funded Trading Account\",\"isPartOf\":{\"@id\":\"https:\\\/\\\/www.traderscale.com\\\/sv\\\/#website\"},\"datePublished\":\"2024-07-01T10:53:45+00:00\",\"breadcrumb\":{\"@id\":\"https:\\\/\\\/www.traderscale.com\\\/sv\\\/ytterligare-regler\\\/#breadcrumb\"},\"inLanguage\":\"sv-SE\",\"potentialAction\":[{\"@type\":\"ReadAction\",\"target\":[\"https:\\\/\\\/www.traderscale.com\\\/sv\\\/ytterligare-regler\\\/\"]}]},{\"@type\":\"BreadcrumbList\",\"@id\":\"https:\\\/\\\/www.traderscale.com\\\/sv\\\/ytterligare-regler\\\/#breadcrumb\",\"itemListElement\":[{\"@type\":\"ListItem\",\"position\":1,\"name\":\"Home\",\"item\":\"https:\\\/\\\/www.traderscale.com\\\/sv\\\/hem-2025\\\/\"},{\"@type\":\"ListItem\",\"position\":2,\"name\":\"Ytterligare regler\"}]},{\"@type\":\"WebSite\",\"@id\":\"https:\\\/\\\/www.traderscale.com\\\/sv\\\/#website\",\"url\":\"https:\\\/\\\/www.traderscale.com\\\/sv\\\/\",\"name\":\"Traderscale\",\"description\":\"\",\"publisher\":{\"@id\":\"https:\\\/\\\/www.traderscale.com\\\/sv\\\/#organization\"},\"potentialAction\":[{\"@type\":\"SearchAction\",\"target\":{\"@type\":\"EntryPoint\",\"urlTemplate\":\"https:\\\/\\\/www.traderscale.com\\\/sv\\\/?s={search_term_string}\"},\"query-input\":{\"@type\":\"PropertyValueSpecification\",\"valueRequired\":true,\"valueName\":\"search_term_string\"}}],\"inLanguage\":\"sv-SE\"},{\"@type\":\"Organization\",\"@id\":\"https:\\\/\\\/www.traderscale.com\\\/sv\\\/#organization\",\"name\":\"Traderscale\",\"url\":\"https:\\\/\\\/www.traderscale.com\\\/sv\\\/\",\"logo\":{\"@type\":\"ImageObject\",\"inLanguage\":\"sv-SE\",\"@id\":\"https:\\\/\\\/www.traderscale.com\\\/sv\\\/#\\\/schema\\\/logo\\\/image\\\/\",\"url\":\"https:\\\/\\\/www.traderscale.com\\\/wp-content\\\/uploads\\\/2025\\\/04\\\/dark.png\",\"contentUrl\":\"https:\\\/\\\/www.traderscale.com\\\/wp-content\\\/uploads\\\/2025\\\/04\\\/dark.png\",\"width\":240,\"height\":161,\"caption\":\"Traderscale\"},\"image\":{\"@id\":\"https:\\\/\\\/www.traderscale.com\\\/sv\\\/#\\\/schema\\\/logo\\\/image\\\/\"},\"sameAs\":[\"https:\\\/\\\/www.facebook.com\\\/profile.php?id=61556992185100#\",\"https:\\\/\\\/www.youtube.com\\\/@Traderscale_com\\\/videos\",\"https:\\\/\\\/www.instagram.com\\\/traderscalepro\\\/\"]}]}<\/script>\n<!-- \/ Yoast SEO plugin. -->","yoast_head_json":{"title":"Ytterligare regler - Accelerate Your Financial Journey with a Fully Funded Trading Account","robots":{"index":"index","follow":"follow","max-snippet":"max-snippet:-1","max-image-preview":"max-image-preview:large","max-video-preview":"max-video-preview:-1"},"canonical":"https:\/\/www.traderscale.com\/sv\/ytterligare-regler\/","og_locale":"sv_SE","og_type":"article","og_title":"Ytterligare regler - Accelerate Your Financial Journey with a Fully Funded Trading Account","og_description":"Bes\u00f6k help.traderscale.com f\u00f6r att se alla v\u00e5ra regler och begr\u00e4nsningar &nbsp; Konsekvenser Handlare som misst\u00e4nks f\u00f6r att delta i dessa f\u00f6rbjudna metoder kan drabbas av olika restriktioner, till exempel minskad h\u00e4vst\u00e5ngseffekt, begr\u00e4nsning av antalet aff\u00e4rer per dag, begr\u00e4nsningar av partistorlek per dag, s\u00e4nkning av dagliga\/maximala f\u00f6rlustgr\u00e4nser, inf\u00f6rande av en riskbegr\u00e4nsningsregel p\u00e5 h\u00f6gst 1%, konton som [&hellip;]","og_url":"https:\/\/www.traderscale.com\/sv\/ytterligare-regler\/","og_site_name":"Accelerate Your Financial Journey with a Fully Funded Trading Account","article_publisher":"https:\/\/www.facebook.com\/profile.php?id=61556992185100#","twitter_card":"summary_large_image","schema":{"@context":"https:\/\/schema.org","@graph":[{"@type":"WebPage","@id":"https:\/\/www.traderscale.com\/sv\/ytterligare-regler\/","url":"https:\/\/www.traderscale.com\/sv\/ytterligare-regler\/","name":"Ytterligare regler - Accelerate Your Financial Journey with a Fully Funded Trading Account","isPartOf":{"@id":"https:\/\/www.traderscale.com\/sv\/#website"},"datePublished":"2024-07-01T10:53:45+00:00","breadcrumb":{"@id":"https:\/\/www.traderscale.com\/sv\/ytterligare-regler\/#breadcrumb"},"inLanguage":"sv-SE","potentialAction":[{"@type":"ReadAction","target":["https:\/\/www.traderscale.com\/sv\/ytterligare-regler\/"]}]},{"@type":"BreadcrumbList","@id":"https:\/\/www.traderscale.com\/sv\/ytterligare-regler\/#breadcrumb","itemListElement":[{"@type":"ListItem","position":1,"name":"Home","item":"https:\/\/www.traderscale.com\/sv\/hem-2025\/"},{"@type":"ListItem","position":2,"name":"Ytterligare regler"}]},{"@type":"WebSite","@id":"https:\/\/www.traderscale.com\/sv\/#website","url":"https:\/\/www.traderscale.com\/sv\/","name":"Traderscale","description":"","publisher":{"@id":"https:\/\/www.traderscale.com\/sv\/#organization"},"potentialAction":[{"@type":"SearchAction","target":{"@type":"EntryPoint","urlTemplate":"https:\/\/www.traderscale.com\/sv\/?s={search_term_string}"},"query-input":{"@type":"PropertyValueSpecification","valueRequired":true,"valueName":"search_term_string"}}],"inLanguage":"sv-SE"},{"@type":"Organization","@id":"https:\/\/www.traderscale.com\/sv\/#organization","name":"Traderscale","url":"https:\/\/www.traderscale.com\/sv\/","logo":{"@type":"ImageObject","inLanguage":"sv-SE","@id":"https:\/\/www.traderscale.com\/sv\/#\/schema\/logo\/image\/","url":"https:\/\/www.traderscale.com\/wp-content\/uploads\/2025\/04\/dark.png","contentUrl":"https:\/\/www.traderscale.com\/wp-content\/uploads\/2025\/04\/dark.png","width":240,"height":161,"caption":"Traderscale"},"image":{"@id":"https:\/\/www.traderscale.com\/sv\/#\/schema\/logo\/image\/"},"sameAs":["https:\/\/www.facebook.com\/profile.php?id=61556992185100#","https:\/\/www.youtube.com\/@Traderscale_com\/videos","https:\/\/www.instagram.com\/traderscalepro\/"]}]}},"_links":{"self":[{"href":"https:\/\/www.traderscale.com\/sv\/wp-json\/wp\/v2\/pages\/22059","targetHints":{"allow":["GET"]}}],"collection":[{"href":"https:\/\/www.traderscale.com\/sv\/wp-json\/wp\/v2\/pages"}],"about":[{"href":"https:\/\/www.traderscale.com\/sv\/wp-json\/wp\/v2\/types\/page"}],"author":[{"embeddable":true,"href":"https:\/\/www.traderscale.com\/sv\/wp-json\/wp\/v2\/users\/1"}],"replies":[{"embeddable":true,"href":"https:\/\/www.traderscale.com\/sv\/wp-json\/wp\/v2\/comments?post=22059"}],"version-history":[{"count":0,"href":"https:\/\/www.traderscale.com\/sv\/wp-json\/wp\/v2\/pages\/22059\/revisions"}],"wp:attachment":[{"href":"https:\/\/www.traderscale.com\/sv\/wp-json\/wp\/v2\/media?parent=22059"}],"curies":[{"name":"wp","href":"https:\/\/api.w.org\/{rel}","templated":true}]}}