{"id":22049,"date":"2024-11-23T03:07:44","date_gmt":"2024-11-23T08:07:44","guid":{"rendered":"https:\/\/www.traderscale.com\/utbetalningar\/"},"modified":"2024-11-23T03:07:44","modified_gmt":"2024-11-23T08:07:44","slug":"utbetalningar","status":"publish","type":"page","link":"https:\/\/www.traderscale.com\/sv\/utbetalningar\/","title":{"rendered":"Utbetalningar"},"content":{"rendered":"<p>Nyligen har vi f\u00e5tt n\u00e5gra negativa recensioner fr\u00e5n <strong> handlare som kallar oss en bluff<\/strong>. M\u00e5nga av dessa p\u00e5st\u00e5enden beror p\u00e5 missf\u00f6rst\u00e5nd av v\u00e5ra handelsregler, brist p\u00e5 handelskunskap eller riskabelt spelande snarare \u00e4n ansvarsfull handel. <\/p>\n<p>Vi tar dessa anklagelser p\u00e5 st\u00f6rsta allvar, eftersom vi \u00e4r fast beslutna att bygga upp ett v\u00e4lrenommerat prop trading-f\u00f6retag i en bransch d\u00e4r transparens inte alltid \u00e4r standard.<\/p>\n<p><strong>F\u00f6r att bevisa v\u00e5rt engagemang<\/strong> f\u00f6r legitimitet har vi genomf\u00f6rt \u00e5tg\u00e4rder f\u00f6r att g\u00f6ra v\u00e5ra utbetalningar helt sp\u00e5rbara och verifierbara.<\/p>\n<p>V\u00e5ra utbetalningar sker <strong> med RISE och USDT, tv\u00e5 s\u00e4kra metoder<\/strong> som utnyttjar blockkedjeteknik. Det inneb\u00e4r att varje transaktion registreras, \u00e4r synlig och inte kan \u00e4ndras, vilket ger dig fullst\u00e4ndig transparens och sinnesfrid. <\/p>\n<p>Med v\u00e5rt <strong>blockkedjesystem<\/strong> kan du dessutom f\u00f6lja varje utbetalning vi g\u00f6r i realtid.<\/p>\n<p>S\u00e5 ta inte bara v\u00e5rt ord f\u00f6r de fantastiska utbetalningar som v\u00e5ra handlare f\u00e5r &#8211; kolla sj\u00e4lv!<\/p>\n<h4 class=\"contenttitle\">Upplev riktiga, verifierade utbetalningar och b\u00f6rja din resa idag!<\/h4>\n","protected":false},"excerpt":{"rendered":"<p>Nyligen har vi f\u00e5tt n\u00e5gra negativa recensioner fr\u00e5n handlare som kallar oss en bluff. M\u00e5nga av dessa p\u00e5st\u00e5enden beror p\u00e5 missf\u00f6rst\u00e5nd av v\u00e5ra handelsregler, brist p\u00e5 handelskunskap eller riskabelt spelande snarare \u00e4n ansvarsfull handel. Vi tar dessa anklagelser p\u00e5 st\u00f6rsta allvar, eftersom vi \u00e4r fast beslutna att bygga upp ett v\u00e4lrenommerat prop trading-f\u00f6retag i en [&hellip;]<\/p>\n","protected":false},"author":526,"featured_media":0,"parent":0,"menu_order":0,"comment_status":"closed","ping_status":"closed","template":"page-why.php","meta":{"_acf_changed":false,"om_disable_all_campaigns":false,"footnotes":""},"class_list":["post-22049","page","type-page","status-publish","hentry"],"acf":[],"yoast_head":"<!-- This site is optimized with the Yoast SEO plugin v27.3 - https:\/\/yoast.com\/product\/yoast-seo-wordpress\/ -->\n<title>Utbetalningar - Accelerate Your Financial Journey with a Fully Funded Trading Account<\/title>\n<meta name=\"robots\" content=\"index, follow, max-snippet:-1, max-image-preview:large, max-video-preview:-1\" \/>\n<link rel=\"canonical\" href=\"https:\/\/www.traderscale.com\/sv\/utbetalningar\/\" \/>\n<meta property=\"og:locale\" content=\"sv_SE\" \/>\n<meta property=\"og:type\" content=\"article\" \/>\n<meta property=\"og:title\" content=\"Utbetalningar - Accelerate Your Financial Journey with a Fully Funded Trading Account\" \/>\n<meta property=\"og:description\" content=\"Nyligen har vi f\u00e5tt n\u00e5gra negativa recensioner fr\u00e5n handlare som kallar oss en bluff. M\u00e5nga av dessa p\u00e5st\u00e5enden beror p\u00e5 missf\u00f6rst\u00e5nd av v\u00e5ra handelsregler, brist p\u00e5 handelskunskap eller riskabelt spelande snarare \u00e4n ansvarsfull handel. Vi tar dessa anklagelser p\u00e5 st\u00f6rsta allvar, eftersom vi \u00e4r fast beslutna att bygga upp ett v\u00e4lrenommerat prop trading-f\u00f6retag i en [&hellip;]\" \/>\n<meta property=\"og:url\" content=\"https:\/\/www.traderscale.com\/sv\/utbetalningar\/\" \/>\n<meta property=\"og:site_name\" content=\"Accelerate Your Financial Journey with a Fully Funded Trading Account\" \/>\n<meta property=\"article:publisher\" content=\"https:\/\/www.facebook.com\/profile.php?id=61556992185100#\" \/>\n<meta name=\"twitter:card\" content=\"summary_large_image\" \/>\n<meta name=\"twitter:label1\" content=\"Ber\u00e4knad l\u00e4stid\" \/>\n\t<meta name=\"twitter:data1\" content=\"1 minut\" \/>\n<script type=\"application\/ld+json\" class=\"yoast-schema-graph\">{\"@context\":\"https:\\\/\\\/schema.org\",\"@graph\":[{\"@type\":\"WebPage\",\"@id\":\"https:\\\/\\\/www.traderscale.com\\\/sv\\\/utbetalningar\\\/\",\"url\":\"https:\\\/\\\/www.traderscale.com\\\/sv\\\/utbetalningar\\\/\",\"name\":\"Utbetalningar - Accelerate Your Financial Journey with a Fully Funded Trading Account\",\"isPartOf\":{\"@id\":\"https:\\\/\\\/www.traderscale.com\\\/sv\\\/#website\"},\"datePublished\":\"2024-11-23T08:07:44+00:00\",\"breadcrumb\":{\"@id\":\"https:\\\/\\\/www.traderscale.com\\\/sv\\\/utbetalningar\\\/#breadcrumb\"},\"inLanguage\":\"sv-SE\",\"potentialAction\":[{\"@type\":\"ReadAction\",\"target\":[\"https:\\\/\\\/www.traderscale.com\\\/sv\\\/utbetalningar\\\/\"]}]},{\"@type\":\"BreadcrumbList\",\"@id\":\"https:\\\/\\\/www.traderscale.com\\\/sv\\\/utbetalningar\\\/#breadcrumb\",\"itemListElement\":[{\"@type\":\"ListItem\",\"position\":1,\"name\":\"Home\",\"item\":\"https:\\\/\\\/www.traderscale.com\\\/sv\\\/hem-2025\\\/\"},{\"@type\":\"ListItem\",\"position\":2,\"name\":\"Utbetalningar\"}]},{\"@type\":\"WebSite\",\"@id\":\"https:\\\/\\\/www.traderscale.com\\\/sv\\\/#website\",\"url\":\"https:\\\/\\\/www.traderscale.com\\\/sv\\\/\",\"name\":\"Traderscale\",\"description\":\"\",\"publisher\":{\"@id\":\"https:\\\/\\\/www.traderscale.com\\\/sv\\\/#organization\"},\"potentialAction\":[{\"@type\":\"SearchAction\",\"target\":{\"@type\":\"EntryPoint\",\"urlTemplate\":\"https:\\\/\\\/www.traderscale.com\\\/sv\\\/?s={search_term_string}\"},\"query-input\":{\"@type\":\"PropertyValueSpecification\",\"valueRequired\":true,\"valueName\":\"search_term_string\"}}],\"inLanguage\":\"sv-SE\"},{\"@type\":\"Organization\",\"@id\":\"https:\\\/\\\/www.traderscale.com\\\/sv\\\/#organization\",\"name\":\"Traderscale\",\"url\":\"https:\\\/\\\/www.traderscale.com\\\/sv\\\/\",\"logo\":{\"@type\":\"ImageObject\",\"inLanguage\":\"sv-SE\",\"@id\":\"https:\\\/\\\/www.traderscale.com\\\/sv\\\/#\\\/schema\\\/logo\\\/image\\\/\",\"url\":\"https:\\\/\\\/www.traderscale.com\\\/wp-content\\\/uploads\\\/2025\\\/04\\\/dark.png\",\"contentUrl\":\"https:\\\/\\\/www.traderscale.com\\\/wp-content\\\/uploads\\\/2025\\\/04\\\/dark.png\",\"width\":240,\"height\":161,\"caption\":\"Traderscale\"},\"image\":{\"@id\":\"https:\\\/\\\/www.traderscale.com\\\/sv\\\/#\\\/schema\\\/logo\\\/image\\\/\"},\"sameAs\":[\"https:\\\/\\\/www.facebook.com\\\/profile.php?id=61556992185100#\",\"https:\\\/\\\/www.youtube.com\\\/@Traderscale_com\\\/videos\",\"https:\\\/\\\/www.instagram.com\\\/traderscalepro\\\/\"]}]}<\/script>\n<!-- \/ Yoast SEO plugin. -->","yoast_head_json":{"title":"Utbetalningar - Accelerate Your Financial Journey with a Fully Funded Trading Account","robots":{"index":"index","follow":"follow","max-snippet":"max-snippet:-1","max-image-preview":"max-image-preview:large","max-video-preview":"max-video-preview:-1"},"canonical":"https:\/\/www.traderscale.com\/sv\/utbetalningar\/","og_locale":"sv_SE","og_type":"article","og_title":"Utbetalningar - Accelerate Your Financial Journey with a Fully Funded Trading Account","og_description":"Nyligen har vi f\u00e5tt n\u00e5gra negativa recensioner fr\u00e5n handlare som kallar oss en bluff. M\u00e5nga av dessa p\u00e5st\u00e5enden beror p\u00e5 missf\u00f6rst\u00e5nd av v\u00e5ra handelsregler, brist p\u00e5 handelskunskap eller riskabelt spelande snarare \u00e4n ansvarsfull handel. Vi tar dessa anklagelser p\u00e5 st\u00f6rsta allvar, eftersom vi \u00e4r fast beslutna att bygga upp ett v\u00e4lrenommerat prop trading-f\u00f6retag i en [&hellip;]","og_url":"https:\/\/www.traderscale.com\/sv\/utbetalningar\/","og_site_name":"Accelerate Your Financial Journey with a Fully Funded Trading Account","article_publisher":"https:\/\/www.facebook.com\/profile.php?id=61556992185100#","twitter_card":"summary_large_image","twitter_misc":{"Ber\u00e4knad l\u00e4stid":"1 minut"},"schema":{"@context":"https:\/\/schema.org","@graph":[{"@type":"WebPage","@id":"https:\/\/www.traderscale.com\/sv\/utbetalningar\/","url":"https:\/\/www.traderscale.com\/sv\/utbetalningar\/","name":"Utbetalningar - Accelerate Your Financial Journey with a Fully Funded Trading Account","isPartOf":{"@id":"https:\/\/www.traderscale.com\/sv\/#website"},"datePublished":"2024-11-23T08:07:44+00:00","breadcrumb":{"@id":"https:\/\/www.traderscale.com\/sv\/utbetalningar\/#breadcrumb"},"inLanguage":"sv-SE","potentialAction":[{"@type":"ReadAction","target":["https:\/\/www.traderscale.com\/sv\/utbetalningar\/"]}]},{"@type":"BreadcrumbList","@id":"https:\/\/www.traderscale.com\/sv\/utbetalningar\/#breadcrumb","itemListElement":[{"@type":"ListItem","position":1,"name":"Home","item":"https:\/\/www.traderscale.com\/sv\/hem-2025\/"},{"@type":"ListItem","position":2,"name":"Utbetalningar"}]},{"@type":"WebSite","@id":"https:\/\/www.traderscale.com\/sv\/#website","url":"https:\/\/www.traderscale.com\/sv\/","name":"Traderscale","description":"","publisher":{"@id":"https:\/\/www.traderscale.com\/sv\/#organization"},"potentialAction":[{"@type":"SearchAction","target":{"@type":"EntryPoint","urlTemplate":"https:\/\/www.traderscale.com\/sv\/?s={search_term_string}"},"query-input":{"@type":"PropertyValueSpecification","valueRequired":true,"valueName":"search_term_string"}}],"inLanguage":"sv-SE"},{"@type":"Organization","@id":"https:\/\/www.traderscale.com\/sv\/#organization","name":"Traderscale","url":"https:\/\/www.traderscale.com\/sv\/","logo":{"@type":"ImageObject","inLanguage":"sv-SE","@id":"https:\/\/www.traderscale.com\/sv\/#\/schema\/logo\/image\/","url":"https:\/\/www.traderscale.com\/wp-content\/uploads\/2025\/04\/dark.png","contentUrl":"https:\/\/www.traderscale.com\/wp-content\/uploads\/2025\/04\/dark.png","width":240,"height":161,"caption":"Traderscale"},"image":{"@id":"https:\/\/www.traderscale.com\/sv\/#\/schema\/logo\/image\/"},"sameAs":["https:\/\/www.facebook.com\/profile.php?id=61556992185100#","https:\/\/www.youtube.com\/@Traderscale_com\/videos","https:\/\/www.instagram.com\/traderscalepro\/"]}]}},"_links":{"self":[{"href":"https:\/\/www.traderscale.com\/sv\/wp-json\/wp\/v2\/pages\/22049","targetHints":{"allow":["GET"]}}],"collection":[{"href":"https:\/\/www.traderscale.com\/sv\/wp-json\/wp\/v2\/pages"}],"about":[{"href":"https:\/\/www.traderscale.com\/sv\/wp-json\/wp\/v2\/types\/page"}],"author":[{"embeddable":true,"href":"https:\/\/www.traderscale.com\/sv\/wp-json\/wp\/v2\/users\/526"}],"replies":[{"embeddable":true,"href":"https:\/\/www.traderscale.com\/sv\/wp-json\/wp\/v2\/comments?post=22049"}],"version-history":[{"count":0,"href":"https:\/\/www.traderscale.com\/sv\/wp-json\/wp\/v2\/pages\/22049\/revisions"}],"wp:attachment":[{"href":"https:\/\/www.traderscale.com\/sv\/wp-json\/wp\/v2\/media?parent=22049"}],"curies":[{"name":"wp","href":"https:\/\/api.w.org\/{rel}","templated":true}]}}