{"id":21983,"date":"2025-02-18T13:24:17","date_gmt":"2025-02-18T18:24:17","guid":{"rendered":"https:\/\/www.traderscale.com\/hem-2025\/"},"modified":"2025-09-11T08:10:21","modified_gmt":"2025-09-11T13:10:21","slug":"hem-2025","status":"publish","type":"page","link":"https:\/\/www.traderscale.com\/sv\/","title":{"rendered":"Hem 2025"},"content":{"rendered":"","protected":false},"excerpt":{"rendered":"","protected":false},"author":1,"featured_media":0,"parent":0,"menu_order":0,"comment_status":"closed","ping_status":"closed","template":"page-home.php","meta":{"_acf_changed":false,"om_disable_all_campaigns":false,"footnotes":""},"class_list":["post-21983","page","type-page","status-publish","hentry"],"acf":[],"yoast_head":"<!-- This site is optimized with the Yoast SEO plugin v27.3 - https:\/\/yoast.com\/product\/yoast-seo-wordpress\/ -->\n<title>Traderscale | P\u00e5skynda din finansiella resa med ett fullt finansierat handelskonto<\/title>\n<meta name=\"description\" content=\"Traderscale l\u00f6ser utmaningen med begr\u00e4nsat kapital genom att erbjuda tillg\u00e5ng till sina fonder, vilket g\u00f6r det m\u00f6jligt f\u00f6r handlare att hantera st\u00f6rre positioner och \u00f6ka sin vinstpotential.\" \/>\n<meta name=\"robots\" content=\"index, follow, max-snippet:-1, max-image-preview:large, max-video-preview:-1\" \/>\n<link rel=\"canonical\" href=\"https:\/\/www.traderscale.com\/sv\/\" \/>\n<meta property=\"og:locale\" content=\"sv_SE\" \/>\n<meta property=\"og:type\" content=\"article\" \/>\n<meta property=\"og:title\" content=\"Traderscale | P\u00e5skynda din finansiella resa med ett fullt finansierat handelskonto\" \/>\n<meta property=\"og:description\" content=\"Traderscale l\u00f6ser utmaningen med begr\u00e4nsat kapital genom att erbjuda tillg\u00e5ng till sina fonder, vilket g\u00f6r det m\u00f6jligt f\u00f6r handlare att hantera st\u00f6rre positioner och \u00f6ka sin vinstpotential.\" \/>\n<meta property=\"og:url\" content=\"https:\/\/www.traderscale.com\/sv\/\" \/>\n<meta property=\"og:site_name\" content=\"Accelerate Your Financial Journey with a Fully Funded Trading Account\" \/>\n<meta property=\"article:publisher\" content=\"https:\/\/www.facebook.com\/profile.php?id=61556992185100#\" \/>\n<meta property=\"article:modified_time\" content=\"2025-09-11T13:10:21+00:00\" \/>\n<meta property=\"og:image\" content=\"https:\/\/www.traderscale.com\/wp-content\/uploads\/2025\/04\/Open-graph-1024x538.png\" \/>\n<meta name=\"twitter:card\" content=\"summary_large_image\" \/>\n<script type=\"application\/ld+json\" class=\"yoast-schema-graph\">{\"@context\":\"https:\\\/\\\/schema.org\",\"@graph\":[{\"@type\":\"WebPage\",\"@id\":\"https:\\\/\\\/www.traderscale.com\\\/sv\\\/\",\"url\":\"https:\\\/\\\/www.traderscale.com\\\/sv\\\/\",\"name\":\"Traderscale | P\u00e5skynda din finansiella resa med ett fullt finansierat handelskonto\",\"isPartOf\":{\"@id\":\"https:\\\/\\\/www.traderscale.com\\\/sv\\\/#website\"},\"datePublished\":\"2025-02-18T18:24:17+00:00\",\"dateModified\":\"2025-09-11T13:10:21+00:00\",\"description\":\"Traderscale l\u00f6ser utmaningen med begr\u00e4nsat kapital genom att erbjuda tillg\u00e5ng till sina fonder, vilket g\u00f6r det m\u00f6jligt f\u00f6r handlare att hantera st\u00f6rre positioner och \u00f6ka sin vinstpotential.\",\"breadcrumb\":{\"@id\":\"https:\\\/\\\/www.traderscale.com\\\/sv\\\/#breadcrumb\"},\"inLanguage\":\"sv-SE\",\"potentialAction\":[{\"@type\":\"ReadAction\",\"target\":[\"https:\\\/\\\/www.traderscale.com\\\/sv\\\/\"]}]},{\"@type\":\"BreadcrumbList\",\"@id\":\"https:\\\/\\\/www.traderscale.com\\\/sv\\\/#breadcrumb\",\"itemListElement\":[{\"@type\":\"ListItem\",\"position\":1,\"name\":\"Home\",\"item\":\"https:\\\/\\\/www.traderscale.com\\\/sv\\\/hem-2025\\\/\"},{\"@type\":\"ListItem\",\"position\":2,\"name\":\"Hem 2025\"}]},{\"@type\":\"WebSite\",\"@id\":\"https:\\\/\\\/www.traderscale.com\\\/sv\\\/#website\",\"url\":\"https:\\\/\\\/www.traderscale.com\\\/sv\\\/\",\"name\":\"Traderscale\",\"description\":\"\",\"publisher\":{\"@id\":\"https:\\\/\\\/www.traderscale.com\\\/sv\\\/#organization\"},\"potentialAction\":[{\"@type\":\"SearchAction\",\"target\":{\"@type\":\"EntryPoint\",\"urlTemplate\":\"https:\\\/\\\/www.traderscale.com\\\/sv\\\/?s={search_term_string}\"},\"query-input\":{\"@type\":\"PropertyValueSpecification\",\"valueRequired\":true,\"valueName\":\"search_term_string\"}}],\"inLanguage\":\"sv-SE\"},{\"@type\":\"Organization\",\"@id\":\"https:\\\/\\\/www.traderscale.com\\\/sv\\\/#organization\",\"name\":\"Traderscale\",\"url\":\"https:\\\/\\\/www.traderscale.com\\\/sv\\\/\",\"logo\":{\"@type\":\"ImageObject\",\"inLanguage\":\"sv-SE\",\"@id\":\"https:\\\/\\\/www.traderscale.com\\\/sv\\\/#\\\/schema\\\/logo\\\/image\\\/\",\"url\":\"https:\\\/\\\/www.traderscale.com\\\/wp-content\\\/uploads\\\/2025\\\/04\\\/dark.png\",\"contentUrl\":\"https:\\\/\\\/www.traderscale.com\\\/wp-content\\\/uploads\\\/2025\\\/04\\\/dark.png\",\"width\":240,\"height\":161,\"caption\":\"Traderscale\"},\"image\":{\"@id\":\"https:\\\/\\\/www.traderscale.com\\\/sv\\\/#\\\/schema\\\/logo\\\/image\\\/\"},\"sameAs\":[\"https:\\\/\\\/www.facebook.com\\\/profile.php?id=61556992185100#\",\"https:\\\/\\\/www.youtube.com\\\/@Traderscale_com\\\/videos\",\"https:\\\/\\\/www.instagram.com\\\/traderscalepro\\\/\"]}]}<\/script>\n<!-- \/ Yoast SEO plugin. -->","yoast_head_json":{"title":"Traderscale | P\u00e5skynda din finansiella resa med ett fullt finansierat handelskonto","description":"Traderscale l\u00f6ser utmaningen med begr\u00e4nsat kapital genom att erbjuda tillg\u00e5ng till sina fonder, vilket g\u00f6r det m\u00f6jligt f\u00f6r handlare att hantera st\u00f6rre positioner och \u00f6ka sin vinstpotential.","robots":{"index":"index","follow":"follow","max-snippet":"max-snippet:-1","max-image-preview":"max-image-preview:large","max-video-preview":"max-video-preview:-1"},"canonical":"https:\/\/www.traderscale.com\/sv\/","og_locale":"sv_SE","og_type":"article","og_title":"Traderscale | P\u00e5skynda din finansiella resa med ett fullt finansierat handelskonto","og_description":"Traderscale l\u00f6ser utmaningen med begr\u00e4nsat kapital genom att erbjuda tillg\u00e5ng till sina fonder, vilket g\u00f6r det m\u00f6jligt f\u00f6r handlare att hantera st\u00f6rre positioner och \u00f6ka sin vinstpotential.","og_url":"https:\/\/www.traderscale.com\/sv\/","og_site_name":"Accelerate Your Financial Journey with a Fully Funded Trading Account","article_publisher":"https:\/\/www.facebook.com\/profile.php?id=61556992185100#","article_modified_time":"2025-09-11T13:10:21+00:00","og_image":[{"url":"https:\/\/www.traderscale.com\/wp-content\/uploads\/2025\/04\/Open-graph-1024x538.png","type":"","width":"","height":""}],"twitter_card":"summary_large_image","schema":{"@context":"https:\/\/schema.org","@graph":[{"@type":"WebPage","@id":"https:\/\/www.traderscale.com\/sv\/","url":"https:\/\/www.traderscale.com\/sv\/","name":"Traderscale | P\u00e5skynda din finansiella resa med ett fullt finansierat handelskonto","isPartOf":{"@id":"https:\/\/www.traderscale.com\/sv\/#website"},"datePublished":"2025-02-18T18:24:17+00:00","dateModified":"2025-09-11T13:10:21+00:00","description":"Traderscale l\u00f6ser utmaningen med begr\u00e4nsat kapital genom att erbjuda tillg\u00e5ng till sina fonder, vilket g\u00f6r det m\u00f6jligt f\u00f6r handlare att hantera st\u00f6rre positioner och \u00f6ka sin vinstpotential.","breadcrumb":{"@id":"https:\/\/www.traderscale.com\/sv\/#breadcrumb"},"inLanguage":"sv-SE","potentialAction":[{"@type":"ReadAction","target":["https:\/\/www.traderscale.com\/sv\/"]}]},{"@type":"BreadcrumbList","@id":"https:\/\/www.traderscale.com\/sv\/#breadcrumb","itemListElement":[{"@type":"ListItem","position":1,"name":"Home","item":"https:\/\/www.traderscale.com\/sv\/hem-2025\/"},{"@type":"ListItem","position":2,"name":"Hem 2025"}]},{"@type":"WebSite","@id":"https:\/\/www.traderscale.com\/sv\/#website","url":"https:\/\/www.traderscale.com\/sv\/","name":"Traderscale","description":"","publisher":{"@id":"https:\/\/www.traderscale.com\/sv\/#organization"},"potentialAction":[{"@type":"SearchAction","target":{"@type":"EntryPoint","urlTemplate":"https:\/\/www.traderscale.com\/sv\/?s={search_term_string}"},"query-input":{"@type":"PropertyValueSpecification","valueRequired":true,"valueName":"search_term_string"}}],"inLanguage":"sv-SE"},{"@type":"Organization","@id":"https:\/\/www.traderscale.com\/sv\/#organization","name":"Traderscale","url":"https:\/\/www.traderscale.com\/sv\/","logo":{"@type":"ImageObject","inLanguage":"sv-SE","@id":"https:\/\/www.traderscale.com\/sv\/#\/schema\/logo\/image\/","url":"https:\/\/www.traderscale.com\/wp-content\/uploads\/2025\/04\/dark.png","contentUrl":"https:\/\/www.traderscale.com\/wp-content\/uploads\/2025\/04\/dark.png","width":240,"height":161,"caption":"Traderscale"},"image":{"@id":"https:\/\/www.traderscale.com\/sv\/#\/schema\/logo\/image\/"},"sameAs":["https:\/\/www.facebook.com\/profile.php?id=61556992185100#","https:\/\/www.youtube.com\/@Traderscale_com\/videos","https:\/\/www.instagram.com\/traderscalepro\/"]}]}},"_links":{"self":[{"href":"https:\/\/www.traderscale.com\/sv\/wp-json\/wp\/v2\/pages\/21983","targetHints":{"allow":["GET"]}}],"collection":[{"href":"https:\/\/www.traderscale.com\/sv\/wp-json\/wp\/v2\/pages"}],"about":[{"href":"https:\/\/www.traderscale.com\/sv\/wp-json\/wp\/v2\/types\/page"}],"author":[{"embeddable":true,"href":"https:\/\/www.traderscale.com\/sv\/wp-json\/wp\/v2\/users\/1"}],"replies":[{"embeddable":true,"href":"https:\/\/www.traderscale.com\/sv\/wp-json\/wp\/v2\/comments?post=21983"}],"version-history":[{"count":1,"href":"https:\/\/www.traderscale.com\/sv\/wp-json\/wp\/v2\/pages\/21983\/revisions"}],"predecessor-version":[{"id":31603,"href":"https:\/\/www.traderscale.com\/sv\/wp-json\/wp\/v2\/pages\/21983\/revisions\/31603"}],"wp:attachment":[{"href":"https:\/\/www.traderscale.com\/sv\/wp-json\/wp\/v2\/media?parent=21983"}],"curies":[{"name":"wp","href":"https:\/\/api.w.org\/{rel}","templated":true}]}}