{"id":29062,"date":"2024-07-01T05:53:45","date_gmt":"2024-07-01T10:53:45","guid":{"rendered":"https:\/\/www.traderscale.com\/regras-adicionais\/"},"modified":"2024-07-01T05:53:45","modified_gmt":"2024-07-01T10:53:45","slug":"regras-adicionais","status":"publish","type":"page","link":"https:\/\/www.traderscale.com\/pt-br\/regras-adicionais\/","title":{"rendered":"Regras adicionais"},"content":{"rendered":"<h3><strong>Acesse help.traderscale.com para ver todas as nossas regras e restri\u00e7\u00f5es<\/strong><\/h3>\n<p>&nbsp;<\/p>\n<p><strong>Consequ\u00eancias<br \/>\n<\/strong>Os operadores suspeitos de se envolverem nessas pr\u00e1ticas proibidas podem sofrer v\u00e1rias restri\u00e7\u00f5es, como redu\u00e7\u00e3o da alavancagem, limita\u00e7\u00e3o do n\u00famero de negocia\u00e7\u00f5es por dia, limites de tamanho de lote por dia, redu\u00e7\u00e3o dos limites de perda di\u00e1ria\/m\u00e1xima, imposi\u00e7\u00e3o de uma regra de limite de risco m\u00e1ximo de 1%, contas violadas ou at\u00e9 mesmo serem banidos da empresa sem reembolso.<\/p>\n","protected":false},"excerpt":{"rendered":"<p>Acesse help.traderscale.com para ver todas as nossas regras e restri\u00e7\u00f5es &nbsp; Consequ\u00eancias Os operadores suspeitos de se envolverem nessas pr\u00e1ticas proibidas podem sofrer v\u00e1rias restri\u00e7\u00f5es, como redu\u00e7\u00e3o da alavancagem, limita\u00e7\u00e3o do n\u00famero de negocia\u00e7\u00f5es por dia, limites de tamanho de lote por dia, redu\u00e7\u00e3o dos limites de perda di\u00e1ria\/m\u00e1xima, imposi\u00e7\u00e3o de uma regra de limite [&hellip;]<\/p>\n","protected":false},"author":1,"featured_media":0,"parent":0,"menu_order":0,"comment_status":"closed","ping_status":"closed","template":"page-new.php","meta":{"_acf_changed":false,"om_disable_all_campaigns":false,"footnotes":""},"class_list":["post-29062","page","type-page","status-publish","hentry"],"acf":[],"yoast_head":"<!-- This site is optimized with the Yoast SEO plugin v27.5 - https:\/\/yoast.com\/product\/yoast-seo-wordpress\/ -->\n<title>Regras adicionais - Accelerate Your Financial Journey with a Fully Funded Trading Account<\/title>\n<meta name=\"robots\" content=\"index, follow, max-snippet:-1, max-image-preview:large, max-video-preview:-1\" \/>\n<link rel=\"canonical\" href=\"https:\/\/www.traderscale.com\/pt-br\/regras-adicionais\/\" \/>\n<meta property=\"og:locale\" content=\"pt_BR\" \/>\n<meta property=\"og:type\" content=\"article\" \/>\n<meta property=\"og:title\" content=\"Regras adicionais - Accelerate Your Financial Journey with a Fully Funded Trading Account\" \/>\n<meta property=\"og:description\" content=\"Acesse help.traderscale.com para ver todas as nossas regras e restri\u00e7\u00f5es &nbsp; Consequ\u00eancias Os operadores suspeitos de se envolverem nessas pr\u00e1ticas proibidas podem sofrer v\u00e1rias restri\u00e7\u00f5es, como redu\u00e7\u00e3o da alavancagem, limita\u00e7\u00e3o do n\u00famero de negocia\u00e7\u00f5es por dia, limites de tamanho de lote por dia, redu\u00e7\u00e3o dos limites de perda di\u00e1ria\/m\u00e1xima, imposi\u00e7\u00e3o de uma regra de limite [&hellip;]\" \/>\n<meta property=\"og:url\" content=\"https:\/\/www.traderscale.com\/pt-br\/regras-adicionais\/\" \/>\n<meta property=\"og:site_name\" content=\"Accelerate Your Financial Journey with a Fully Funded Trading Account\" \/>\n<meta property=\"article:publisher\" content=\"https:\/\/www.facebook.com\/profile.php?id=61556992185100#\" \/>\n<meta name=\"twitter:card\" content=\"summary_large_image\" \/>\n<script type=\"application\/ld+json\" class=\"yoast-schema-graph\">{\"@context\":\"https:\\\/\\\/schema.org\",\"@graph\":[{\"@type\":\"WebPage\",\"@id\":\"https:\\\/\\\/www.traderscale.com\\\/pt-br\\\/regras-adicionais\\\/\",\"url\":\"https:\\\/\\\/www.traderscale.com\\\/pt-br\\\/regras-adicionais\\\/\",\"name\":\"Regras adicionais - Accelerate Your Financial Journey with a Fully Funded Trading Account\",\"isPartOf\":{\"@id\":\"https:\\\/\\\/www.traderscale.com\\\/pt-br\\\/#website\"},\"datePublished\":\"2024-07-01T10:53:45+00:00\",\"breadcrumb\":{\"@id\":\"https:\\\/\\\/www.traderscale.com\\\/pt-br\\\/regras-adicionais\\\/#breadcrumb\"},\"inLanguage\":\"pt-BR\",\"potentialAction\":[{\"@type\":\"ReadAction\",\"target\":[\"https:\\\/\\\/www.traderscale.com\\\/pt-br\\\/regras-adicionais\\\/\"]}]},{\"@type\":\"BreadcrumbList\",\"@id\":\"https:\\\/\\\/www.traderscale.com\\\/pt-br\\\/regras-adicionais\\\/#breadcrumb\",\"itemListElement\":[{\"@type\":\"ListItem\",\"position\":1,\"name\":\"Home\",\"item\":\"https:\\\/\\\/www.traderscale.com\\\/pt-br\\\/inicio-2025\\\/\"},{\"@type\":\"ListItem\",\"position\":2,\"name\":\"Regras adicionais\"}]},{\"@type\":\"WebSite\",\"@id\":\"https:\\\/\\\/www.traderscale.com\\\/pt-br\\\/#website\",\"url\":\"https:\\\/\\\/www.traderscale.com\\\/pt-br\\\/\",\"name\":\"Traderscale\",\"description\":\"\",\"publisher\":{\"@id\":\"https:\\\/\\\/www.traderscale.com\\\/pt-br\\\/#organization\"},\"potentialAction\":[{\"@type\":\"SearchAction\",\"target\":{\"@type\":\"EntryPoint\",\"urlTemplate\":\"https:\\\/\\\/www.traderscale.com\\\/pt-br\\\/?s={search_term_string}\"},\"query-input\":{\"@type\":\"PropertyValueSpecification\",\"valueRequired\":true,\"valueName\":\"search_term_string\"}}],\"inLanguage\":\"pt-BR\"},{\"@type\":\"Organization\",\"@id\":\"https:\\\/\\\/www.traderscale.com\\\/pt-br\\\/#organization\",\"name\":\"Traderscale\",\"url\":\"https:\\\/\\\/www.traderscale.com\\\/pt-br\\\/\",\"logo\":{\"@type\":\"ImageObject\",\"inLanguage\":\"pt-BR\",\"@id\":\"https:\\\/\\\/www.traderscale.com\\\/pt-br\\\/#\\\/schema\\\/logo\\\/image\\\/\",\"url\":\"https:\\\/\\\/www.traderscale.com\\\/wp-content\\\/uploads\\\/2025\\\/04\\\/dark.png\",\"contentUrl\":\"https:\\\/\\\/www.traderscale.com\\\/wp-content\\\/uploads\\\/2025\\\/04\\\/dark.png\",\"width\":240,\"height\":161,\"caption\":\"Traderscale\"},\"image\":{\"@id\":\"https:\\\/\\\/www.traderscale.com\\\/pt-br\\\/#\\\/schema\\\/logo\\\/image\\\/\"},\"sameAs\":[\"https:\\\/\\\/www.facebook.com\\\/profile.php?id=61556992185100#\",\"https:\\\/\\\/www.youtube.com\\\/@Traderscale_com\\\/videos\",\"https:\\\/\\\/www.instagram.com\\\/traderscalepro\\\/\"]}]}<\/script>\n<!-- \/ Yoast SEO plugin. -->","yoast_head_json":{"title":"Regras adicionais - Accelerate Your Financial Journey with a Fully Funded Trading Account","robots":{"index":"index","follow":"follow","max-snippet":"max-snippet:-1","max-image-preview":"max-image-preview:large","max-video-preview":"max-video-preview:-1"},"canonical":"https:\/\/www.traderscale.com\/pt-br\/regras-adicionais\/","og_locale":"pt_BR","og_type":"article","og_title":"Regras adicionais - Accelerate Your Financial Journey with a Fully Funded Trading Account","og_description":"Acesse help.traderscale.com para ver todas as nossas regras e restri\u00e7\u00f5es &nbsp; Consequ\u00eancias Os operadores suspeitos de se envolverem nessas pr\u00e1ticas proibidas podem sofrer v\u00e1rias restri\u00e7\u00f5es, como redu\u00e7\u00e3o da alavancagem, limita\u00e7\u00e3o do n\u00famero de negocia\u00e7\u00f5es por dia, limites de tamanho de lote por dia, redu\u00e7\u00e3o dos limites de perda di\u00e1ria\/m\u00e1xima, imposi\u00e7\u00e3o de uma regra de limite [&hellip;]","og_url":"https:\/\/www.traderscale.com\/pt-br\/regras-adicionais\/","og_site_name":"Accelerate Your Financial Journey with a Fully Funded Trading Account","article_publisher":"https:\/\/www.facebook.com\/profile.php?id=61556992185100#","twitter_card":"summary_large_image","schema":{"@context":"https:\/\/schema.org","@graph":[{"@type":"WebPage","@id":"https:\/\/www.traderscale.com\/pt-br\/regras-adicionais\/","url":"https:\/\/www.traderscale.com\/pt-br\/regras-adicionais\/","name":"Regras adicionais - Accelerate Your Financial Journey with a Fully Funded Trading Account","isPartOf":{"@id":"https:\/\/www.traderscale.com\/pt-br\/#website"},"datePublished":"2024-07-01T10:53:45+00:00","breadcrumb":{"@id":"https:\/\/www.traderscale.com\/pt-br\/regras-adicionais\/#breadcrumb"},"inLanguage":"pt-BR","potentialAction":[{"@type":"ReadAction","target":["https:\/\/www.traderscale.com\/pt-br\/regras-adicionais\/"]}]},{"@type":"BreadcrumbList","@id":"https:\/\/www.traderscale.com\/pt-br\/regras-adicionais\/#breadcrumb","itemListElement":[{"@type":"ListItem","position":1,"name":"Home","item":"https:\/\/www.traderscale.com\/pt-br\/inicio-2025\/"},{"@type":"ListItem","position":2,"name":"Regras adicionais"}]},{"@type":"WebSite","@id":"https:\/\/www.traderscale.com\/pt-br\/#website","url":"https:\/\/www.traderscale.com\/pt-br\/","name":"Traderscale","description":"","publisher":{"@id":"https:\/\/www.traderscale.com\/pt-br\/#organization"},"potentialAction":[{"@type":"SearchAction","target":{"@type":"EntryPoint","urlTemplate":"https:\/\/www.traderscale.com\/pt-br\/?s={search_term_string}"},"query-input":{"@type":"PropertyValueSpecification","valueRequired":true,"valueName":"search_term_string"}}],"inLanguage":"pt-BR"},{"@type":"Organization","@id":"https:\/\/www.traderscale.com\/pt-br\/#organization","name":"Traderscale","url":"https:\/\/www.traderscale.com\/pt-br\/","logo":{"@type":"ImageObject","inLanguage":"pt-BR","@id":"https:\/\/www.traderscale.com\/pt-br\/#\/schema\/logo\/image\/","url":"https:\/\/www.traderscale.com\/wp-content\/uploads\/2025\/04\/dark.png","contentUrl":"https:\/\/www.traderscale.com\/wp-content\/uploads\/2025\/04\/dark.png","width":240,"height":161,"caption":"Traderscale"},"image":{"@id":"https:\/\/www.traderscale.com\/pt-br\/#\/schema\/logo\/image\/"},"sameAs":["https:\/\/www.facebook.com\/profile.php?id=61556992185100#","https:\/\/www.youtube.com\/@Traderscale_com\/videos","https:\/\/www.instagram.com\/traderscalepro\/"]}]}},"_links":{"self":[{"href":"https:\/\/www.traderscale.com\/pt-br\/wp-json\/wp\/v2\/pages\/29062","targetHints":{"allow":["GET"]}}],"collection":[{"href":"https:\/\/www.traderscale.com\/pt-br\/wp-json\/wp\/v2\/pages"}],"about":[{"href":"https:\/\/www.traderscale.com\/pt-br\/wp-json\/wp\/v2\/types\/page"}],"author":[{"embeddable":true,"href":"https:\/\/www.traderscale.com\/pt-br\/wp-json\/wp\/v2\/users\/1"}],"replies":[{"embeddable":true,"href":"https:\/\/www.traderscale.com\/pt-br\/wp-json\/wp\/v2\/comments?post=29062"}],"version-history":[{"count":0,"href":"https:\/\/www.traderscale.com\/pt-br\/wp-json\/wp\/v2\/pages\/29062\/revisions"}],"wp:attachment":[{"href":"https:\/\/www.traderscale.com\/pt-br\/wp-json\/wp\/v2\/media?parent=29062"}],"curies":[{"name":"wp","href":"https:\/\/api.w.org\/{rel}","templated":true}]}}