{"id":29054,"date":"2024-02-20T15:28:51","date_gmt":"2024-02-20T20:28:51","guid":{"rendered":"https:\/\/www.traderscale.com\/politica-de-reembolso\/"},"modified":"2025-07-31T03:12:31","modified_gmt":"2025-07-31T08:12:31","slug":"politica-de-reembolso","status":"publish","type":"page","link":"https:\/\/www.traderscale.com\/pt-br\/politica-de-reembolso\/","title":{"rendered":"Pol\u00edtica de reembolso"},"content":{"rendered":"\r\n<div><br \/>\r\n<h3 class=\"heading-secondary\">Pol\u00edtica de cancelamento e reembolso<br \/><br \/><\/h3>\r\n<br \/>\r\n<div>Ap\u00f3s a compensa\u00e7\u00e3o do pagamento da compra de um de nossos programas, voc\u00ea receber\u00e1 um e-mail com os detalhes de login para acessar sua plataforma de negocia\u00e7\u00e3o. Ap\u00f3s o envio dessas informa\u00e7\u00f5es, n\u00e3o haver\u00e1 reembolso. Em circunst\u00e2ncias espec\u00edficas e para obter assist\u00eancia, envie um e-mail para\u00a0 <a href=\"mailto:support@traderscale.com\">support@traderscale.com<\/a><\/div>\r\n<\/div>\r\n<p>&nbsp;<\/p>\r\n<div><br \/>\r\n<h3 class=\"heading-secondary\"><br \/>Reembolsos ap\u00f3s a conclus\u00e3o bem-sucedida de um Desafio<\/h3>\r\n<br \/>N\u00e3o oferecemos reembolso da taxa de desafio do nosso Desafio Speedy.<\/div>\r\n<p>&nbsp;<\/p>\r\n<div><br \/>\r\n<h3 class=\"heading-secondary\"><br \/>Aceita\u00e7\u00e3o desta Pol\u00edtica<\/h3>\r\n<br \/>\r\n<div>\u00c9 sua responsabilidade compreender integralmente a pol\u00edtica de reembolso. Ao fazer um pedido de qualquer um dos nossos programas, voc\u00ea confirma que leu atentamente esta pol\u00edtica e que concorda e aceita estes termos. Caso n\u00e3o concorde ou n\u00e3o aceite integralmente os termos desta pol\u00edtica de reembolso, pedimos que n\u00e3o fa\u00e7a um pedido conosco. Entre em contato conosco pelo e-mail <a href=\"mailto:support@traderscale.com\">support@traderscale.com<\/a> se tiver alguma d\u00favida sobre nossa pol\u00edtica de reembolso.<\/div>\r\n<\/div>\r\n","protected":false},"excerpt":{"rendered":"<p>Pol\u00edtica de cancelamento e reembolso Ap\u00f3s a compensa\u00e7\u00e3o do pagamento da compra de um de nossos programas, voc\u00ea receber\u00e1 um e-mail com os detalhes de login para acessar sua plataforma de negocia\u00e7\u00e3o. Ap\u00f3s o envio dessas informa\u00e7\u00f5es, n\u00e3o haver\u00e1 reembolso. Em circunst\u00e2ncias espec\u00edficas e para obter assist\u00eancia, envie um e-mail para\u00a0 support@traderscale.com &nbsp; Reembolsos ap\u00f3s [&hellip;]<\/p>\n","protected":false},"author":1,"featured_media":0,"parent":0,"menu_order":0,"comment_status":"closed","ping_status":"closed","template":"page-new.php","meta":{"_acf_changed":false,"om_disable_all_campaigns":false,"footnotes":""},"class_list":["post-29054","page","type-page","status-publish","hentry"],"acf":[],"yoast_head":"<!-- This site is optimized with the Yoast SEO plugin v27.3 - https:\/\/yoast.com\/product\/yoast-seo-wordpress\/ -->\n<title>Pol\u00edtica de reembolso - Accelerate Your Financial Journey with a Fully Funded Trading Account<\/title>\n<meta name=\"robots\" content=\"index, follow, max-snippet:-1, max-image-preview:large, max-video-preview:-1\" \/>\n<link rel=\"canonical\" href=\"https:\/\/www.traderscale.com\/pt-br\/politica-de-reembolso\/\" \/>\n<meta property=\"og:locale\" content=\"pt_BR\" \/>\n<meta property=\"og:type\" content=\"article\" \/>\n<meta property=\"og:title\" content=\"Pol\u00edtica de reembolso - Accelerate Your Financial Journey with a Fully Funded Trading Account\" \/>\n<meta property=\"og:description\" content=\"Pol\u00edtica de cancelamento e reembolso Ap\u00f3s a compensa\u00e7\u00e3o do pagamento da compra de um de nossos programas, voc\u00ea receber\u00e1 um e-mail com os detalhes de login para acessar sua plataforma de negocia\u00e7\u00e3o. Ap\u00f3s o envio dessas informa\u00e7\u00f5es, n\u00e3o haver\u00e1 reembolso. Em circunst\u00e2ncias espec\u00edficas e para obter assist\u00eancia, envie um e-mail para\u00a0 support@traderscale.com &nbsp; Reembolsos ap\u00f3s [&hellip;]\" \/>\n<meta property=\"og:url\" content=\"https:\/\/www.traderscale.com\/pt-br\/politica-de-reembolso\/\" \/>\n<meta property=\"og:site_name\" content=\"Accelerate Your Financial Journey with a Fully Funded Trading Account\" \/>\n<meta property=\"article:publisher\" content=\"https:\/\/www.facebook.com\/profile.php?id=61556992185100#\" \/>\n<meta property=\"article:modified_time\" content=\"2025-07-31T08:12:31+00:00\" \/>\n<meta name=\"twitter:card\" content=\"summary_large_image\" \/>\n<meta name=\"twitter:label1\" content=\"Est. tempo de leitura\" \/>\n\t<meta name=\"twitter:data1\" content=\"1 minuto\" \/>\n<script type=\"application\/ld+json\" class=\"yoast-schema-graph\">{\"@context\":\"https:\\\/\\\/schema.org\",\"@graph\":[{\"@type\":\"WebPage\",\"@id\":\"https:\\\/\\\/www.traderscale.com\\\/pt-br\\\/politica-de-reembolso\\\/\",\"url\":\"https:\\\/\\\/www.traderscale.com\\\/pt-br\\\/politica-de-reembolso\\\/\",\"name\":\"Pol\u00edtica de reembolso - Accelerate Your Financial Journey with a Fully Funded Trading Account\",\"isPartOf\":{\"@id\":\"https:\\\/\\\/www.traderscale.com\\\/pt-br\\\/#website\"},\"datePublished\":\"2024-02-20T20:28:51+00:00\",\"dateModified\":\"2025-07-31T08:12:31+00:00\",\"breadcrumb\":{\"@id\":\"https:\\\/\\\/www.traderscale.com\\\/pt-br\\\/politica-de-reembolso\\\/#breadcrumb\"},\"inLanguage\":\"pt-BR\",\"potentialAction\":[{\"@type\":\"ReadAction\",\"target\":[\"https:\\\/\\\/www.traderscale.com\\\/pt-br\\\/politica-de-reembolso\\\/\"]}]},{\"@type\":\"BreadcrumbList\",\"@id\":\"https:\\\/\\\/www.traderscale.com\\\/pt-br\\\/politica-de-reembolso\\\/#breadcrumb\",\"itemListElement\":[{\"@type\":\"ListItem\",\"position\":1,\"name\":\"Home\",\"item\":\"https:\\\/\\\/www.traderscale.com\\\/pt-br\\\/inicio-2025\\\/\"},{\"@type\":\"ListItem\",\"position\":2,\"name\":\"Pol\u00edtica de reembolso\"}]},{\"@type\":\"WebSite\",\"@id\":\"https:\\\/\\\/www.traderscale.com\\\/pt-br\\\/#website\",\"url\":\"https:\\\/\\\/www.traderscale.com\\\/pt-br\\\/\",\"name\":\"Traderscale\",\"description\":\"\",\"publisher\":{\"@id\":\"https:\\\/\\\/www.traderscale.com\\\/pt-br\\\/#organization\"},\"potentialAction\":[{\"@type\":\"SearchAction\",\"target\":{\"@type\":\"EntryPoint\",\"urlTemplate\":\"https:\\\/\\\/www.traderscale.com\\\/pt-br\\\/?s={search_term_string}\"},\"query-input\":{\"@type\":\"PropertyValueSpecification\",\"valueRequired\":true,\"valueName\":\"search_term_string\"}}],\"inLanguage\":\"pt-BR\"},{\"@type\":\"Organization\",\"@id\":\"https:\\\/\\\/www.traderscale.com\\\/pt-br\\\/#organization\",\"name\":\"Traderscale\",\"url\":\"https:\\\/\\\/www.traderscale.com\\\/pt-br\\\/\",\"logo\":{\"@type\":\"ImageObject\",\"inLanguage\":\"pt-BR\",\"@id\":\"https:\\\/\\\/www.traderscale.com\\\/pt-br\\\/#\\\/schema\\\/logo\\\/image\\\/\",\"url\":\"https:\\\/\\\/www.traderscale.com\\\/wp-content\\\/uploads\\\/2025\\\/04\\\/dark.png\",\"contentUrl\":\"https:\\\/\\\/www.traderscale.com\\\/wp-content\\\/uploads\\\/2025\\\/04\\\/dark.png\",\"width\":240,\"height\":161,\"caption\":\"Traderscale\"},\"image\":{\"@id\":\"https:\\\/\\\/www.traderscale.com\\\/pt-br\\\/#\\\/schema\\\/logo\\\/image\\\/\"},\"sameAs\":[\"https:\\\/\\\/www.facebook.com\\\/profile.php?id=61556992185100#\",\"https:\\\/\\\/www.youtube.com\\\/@Traderscale_com\\\/videos\",\"https:\\\/\\\/www.instagram.com\\\/traderscalepro\\\/\"]}]}<\/script>\n<!-- \/ Yoast SEO plugin. -->","yoast_head_json":{"title":"Pol\u00edtica de reembolso - Accelerate Your Financial Journey with a Fully Funded Trading Account","robots":{"index":"index","follow":"follow","max-snippet":"max-snippet:-1","max-image-preview":"max-image-preview:large","max-video-preview":"max-video-preview:-1"},"canonical":"https:\/\/www.traderscale.com\/pt-br\/politica-de-reembolso\/","og_locale":"pt_BR","og_type":"article","og_title":"Pol\u00edtica de reembolso - Accelerate Your Financial Journey with a Fully Funded Trading Account","og_description":"Pol\u00edtica de cancelamento e reembolso Ap\u00f3s a compensa\u00e7\u00e3o do pagamento da compra de um de nossos programas, voc\u00ea receber\u00e1 um e-mail com os detalhes de login para acessar sua plataforma de negocia\u00e7\u00e3o. Ap\u00f3s o envio dessas informa\u00e7\u00f5es, n\u00e3o haver\u00e1 reembolso. Em circunst\u00e2ncias espec\u00edficas e para obter assist\u00eancia, envie um e-mail para\u00a0 support@traderscale.com &nbsp; Reembolsos ap\u00f3s [&hellip;]","og_url":"https:\/\/www.traderscale.com\/pt-br\/politica-de-reembolso\/","og_site_name":"Accelerate Your Financial Journey with a Fully Funded Trading Account","article_publisher":"https:\/\/www.facebook.com\/profile.php?id=61556992185100#","article_modified_time":"2025-07-31T08:12:31+00:00","twitter_card":"summary_large_image","twitter_misc":{"Est. tempo de leitura":"1 minuto"},"schema":{"@context":"https:\/\/schema.org","@graph":[{"@type":"WebPage","@id":"https:\/\/www.traderscale.com\/pt-br\/politica-de-reembolso\/","url":"https:\/\/www.traderscale.com\/pt-br\/politica-de-reembolso\/","name":"Pol\u00edtica de reembolso - Accelerate Your Financial Journey with a Fully Funded Trading Account","isPartOf":{"@id":"https:\/\/www.traderscale.com\/pt-br\/#website"},"datePublished":"2024-02-20T20:28:51+00:00","dateModified":"2025-07-31T08:12:31+00:00","breadcrumb":{"@id":"https:\/\/www.traderscale.com\/pt-br\/politica-de-reembolso\/#breadcrumb"},"inLanguage":"pt-BR","potentialAction":[{"@type":"ReadAction","target":["https:\/\/www.traderscale.com\/pt-br\/politica-de-reembolso\/"]}]},{"@type":"BreadcrumbList","@id":"https:\/\/www.traderscale.com\/pt-br\/politica-de-reembolso\/#breadcrumb","itemListElement":[{"@type":"ListItem","position":1,"name":"Home","item":"https:\/\/www.traderscale.com\/pt-br\/inicio-2025\/"},{"@type":"ListItem","position":2,"name":"Pol\u00edtica de reembolso"}]},{"@type":"WebSite","@id":"https:\/\/www.traderscale.com\/pt-br\/#website","url":"https:\/\/www.traderscale.com\/pt-br\/","name":"Traderscale","description":"","publisher":{"@id":"https:\/\/www.traderscale.com\/pt-br\/#organization"},"potentialAction":[{"@type":"SearchAction","target":{"@type":"EntryPoint","urlTemplate":"https:\/\/www.traderscale.com\/pt-br\/?s={search_term_string}"},"query-input":{"@type":"PropertyValueSpecification","valueRequired":true,"valueName":"search_term_string"}}],"inLanguage":"pt-BR"},{"@type":"Organization","@id":"https:\/\/www.traderscale.com\/pt-br\/#organization","name":"Traderscale","url":"https:\/\/www.traderscale.com\/pt-br\/","logo":{"@type":"ImageObject","inLanguage":"pt-BR","@id":"https:\/\/www.traderscale.com\/pt-br\/#\/schema\/logo\/image\/","url":"https:\/\/www.traderscale.com\/wp-content\/uploads\/2025\/04\/dark.png","contentUrl":"https:\/\/www.traderscale.com\/wp-content\/uploads\/2025\/04\/dark.png","width":240,"height":161,"caption":"Traderscale"},"image":{"@id":"https:\/\/www.traderscale.com\/pt-br\/#\/schema\/logo\/image\/"},"sameAs":["https:\/\/www.facebook.com\/profile.php?id=61556992185100#","https:\/\/www.youtube.com\/@Traderscale_com\/videos","https:\/\/www.instagram.com\/traderscalepro\/"]}]}},"_links":{"self":[{"href":"https:\/\/www.traderscale.com\/pt-br\/wp-json\/wp\/v2\/pages\/29054","targetHints":{"allow":["GET"]}}],"collection":[{"href":"https:\/\/www.traderscale.com\/pt-br\/wp-json\/wp\/v2\/pages"}],"about":[{"href":"https:\/\/www.traderscale.com\/pt-br\/wp-json\/wp\/v2\/types\/page"}],"author":[{"embeddable":true,"href":"https:\/\/www.traderscale.com\/pt-br\/wp-json\/wp\/v2\/users\/1"}],"replies":[{"embeddable":true,"href":"https:\/\/www.traderscale.com\/pt-br\/wp-json\/wp\/v2\/comments?post=29054"}],"version-history":[{"count":3,"href":"https:\/\/www.traderscale.com\/pt-br\/wp-json\/wp\/v2\/pages\/29054\/revisions"}],"predecessor-version":[{"id":29118,"href":"https:\/\/www.traderscale.com\/pt-br\/wp-json\/wp\/v2\/pages\/29054\/revisions\/29118"}],"wp:attachment":[{"href":"https:\/\/www.traderscale.com\/pt-br\/wp-json\/wp\/v2\/media?parent=29054"}],"curies":[{"name":"wp","href":"https:\/\/api.w.org\/{rel}","templated":true}]}}