{"id":22058,"date":"2024-07-01T05:53:45","date_gmt":"2024-07-01T10:53:45","guid":{"rendered":"https:\/\/www.traderscale.com\/tilleggsregler\/"},"modified":"2024-07-01T05:53:45","modified_gmt":"2024-07-01T10:53:45","slug":"tilleggsregler","status":"publish","type":"page","link":"https:\/\/www.traderscale.com\/no\/tilleggsregler\/","title":{"rendered":"Tilleggsregler"},"content":{"rendered":"<h3><strong>Bes\u00f8k help.traderscale.com for \u00e5 se alle v\u00e5re regler og begrensninger<\/strong><\/h3>\n<p>&nbsp;<\/p>\n<p><strong>Konsekvenser<br \/>\n<\/strong>Tradere som mistenkes for \u00e5 delta i denne forbudte praksisen, kan bli p\u00e5lagt ulike restriksjoner, for eksempel reduksjon av giring, begrensning av antall handler per dag, begrensning av lotst\u00f8rrelser per dag, reduksjon av daglige\/maksimale tapsgrenser, innf\u00f8ring av en regel om maks 1 % risikogrense, brudd p\u00e5 kontoer eller til og med utestengelse fra firmaet uten refusjon.<\/p>\n","protected":false},"excerpt":{"rendered":"<p>Bes\u00f8k help.traderscale.com for \u00e5 se alle v\u00e5re regler og begrensninger &nbsp; Konsekvenser Tradere som mistenkes for \u00e5 delta i denne forbudte praksisen, kan bli p\u00e5lagt ulike restriksjoner, for eksempel reduksjon av giring, begrensning av antall handler per dag, begrensning av lotst\u00f8rrelser per dag, reduksjon av daglige\/maksimale tapsgrenser, innf\u00f8ring av en regel om maks 1 % [&hellip;]<\/p>\n","protected":false},"author":1,"featured_media":0,"parent":0,"menu_order":0,"comment_status":"closed","ping_status":"closed","template":"page-new.php","meta":{"_acf_changed":false,"om_disable_all_campaigns":false,"footnotes":""},"class_list":["post-22058","page","type-page","status-publish","hentry"],"acf":[],"yoast_head":"<!-- This site is optimized with the Yoast SEO plugin v27.4 - https:\/\/yoast.com\/product\/yoast-seo-wordpress\/ -->\n<title>Tilleggsregler - Accelerate Your Financial Journey with a Fully Funded Trading Account<\/title>\n<meta name=\"robots\" content=\"index, follow, max-snippet:-1, max-image-preview:large, max-video-preview:-1\" \/>\n<link rel=\"canonical\" href=\"https:\/\/www.traderscale.com\/no\/tilleggsregler\/\" \/>\n<meta property=\"og:locale\" content=\"nb_NO\" \/>\n<meta property=\"og:type\" content=\"article\" \/>\n<meta property=\"og:title\" content=\"Tilleggsregler - Accelerate Your Financial Journey with a Fully Funded Trading Account\" \/>\n<meta property=\"og:description\" content=\"Bes\u00f8k help.traderscale.com for \u00e5 se alle v\u00e5re regler og begrensninger &nbsp; Konsekvenser Tradere som mistenkes for \u00e5 delta i denne forbudte praksisen, kan bli p\u00e5lagt ulike restriksjoner, for eksempel reduksjon av giring, begrensning av antall handler per dag, begrensning av lotst\u00f8rrelser per dag, reduksjon av daglige\/maksimale tapsgrenser, innf\u00f8ring av en regel om maks 1 % [&hellip;]\" \/>\n<meta property=\"og:url\" content=\"https:\/\/www.traderscale.com\/no\/tilleggsregler\/\" \/>\n<meta property=\"og:site_name\" content=\"Accelerate Your Financial Journey with a Fully Funded Trading Account\" \/>\n<meta property=\"article:publisher\" content=\"https:\/\/www.facebook.com\/profile.php?id=61556992185100#\" \/>\n<meta name=\"twitter:card\" content=\"summary_large_image\" \/>\n<script type=\"application\/ld+json\" class=\"yoast-schema-graph\">{\"@context\":\"https:\\\/\\\/schema.org\",\"@graph\":[{\"@type\":\"WebPage\",\"@id\":\"https:\\\/\\\/www.traderscale.com\\\/no\\\/tilleggsregler\\\/\",\"url\":\"https:\\\/\\\/www.traderscale.com\\\/no\\\/tilleggsregler\\\/\",\"name\":\"Tilleggsregler - Accelerate Your Financial Journey with a Fully Funded Trading Account\",\"isPartOf\":{\"@id\":\"https:\\\/\\\/www.traderscale.com\\\/no\\\/#website\"},\"datePublished\":\"2024-07-01T10:53:45+00:00\",\"breadcrumb\":{\"@id\":\"https:\\\/\\\/www.traderscale.com\\\/no\\\/tilleggsregler\\\/#breadcrumb\"},\"inLanguage\":\"nb-NO\",\"potentialAction\":[{\"@type\":\"ReadAction\",\"target\":[\"https:\\\/\\\/www.traderscale.com\\\/no\\\/tilleggsregler\\\/\"]}]},{\"@type\":\"BreadcrumbList\",\"@id\":\"https:\\\/\\\/www.traderscale.com\\\/no\\\/tilleggsregler\\\/#breadcrumb\",\"itemListElement\":[{\"@type\":\"ListItem\",\"position\":1,\"name\":\"Home\",\"item\":\"https:\\\/\\\/www.traderscale.com\\\/no\\\/hjem-2025\\\/\"},{\"@type\":\"ListItem\",\"position\":2,\"name\":\"Tilleggsregler\"}]},{\"@type\":\"WebSite\",\"@id\":\"https:\\\/\\\/www.traderscale.com\\\/no\\\/#website\",\"url\":\"https:\\\/\\\/www.traderscale.com\\\/no\\\/\",\"name\":\"Traderscale\",\"description\":\"\",\"publisher\":{\"@id\":\"https:\\\/\\\/www.traderscale.com\\\/no\\\/#organization\"},\"potentialAction\":[{\"@type\":\"SearchAction\",\"target\":{\"@type\":\"EntryPoint\",\"urlTemplate\":\"https:\\\/\\\/www.traderscale.com\\\/no\\\/?s={search_term_string}\"},\"query-input\":{\"@type\":\"PropertyValueSpecification\",\"valueRequired\":true,\"valueName\":\"search_term_string\"}}],\"inLanguage\":\"nb-NO\"},{\"@type\":\"Organization\",\"@id\":\"https:\\\/\\\/www.traderscale.com\\\/no\\\/#organization\",\"name\":\"Traderscale\",\"url\":\"https:\\\/\\\/www.traderscale.com\\\/no\\\/\",\"logo\":{\"@type\":\"ImageObject\",\"inLanguage\":\"nb-NO\",\"@id\":\"https:\\\/\\\/www.traderscale.com\\\/no\\\/#\\\/schema\\\/logo\\\/image\\\/\",\"url\":\"https:\\\/\\\/www.traderscale.com\\\/wp-content\\\/uploads\\\/2025\\\/04\\\/dark.png\",\"contentUrl\":\"https:\\\/\\\/www.traderscale.com\\\/wp-content\\\/uploads\\\/2025\\\/04\\\/dark.png\",\"width\":240,\"height\":161,\"caption\":\"Traderscale\"},\"image\":{\"@id\":\"https:\\\/\\\/www.traderscale.com\\\/no\\\/#\\\/schema\\\/logo\\\/image\\\/\"},\"sameAs\":[\"https:\\\/\\\/www.facebook.com\\\/profile.php?id=61556992185100#\",\"https:\\\/\\\/www.youtube.com\\\/@Traderscale_com\\\/videos\",\"https:\\\/\\\/www.instagram.com\\\/traderscalepro\\\/\"]}]}<\/script>\n<!-- \/ Yoast SEO plugin. -->","yoast_head_json":{"title":"Tilleggsregler - Accelerate Your Financial Journey with a Fully Funded Trading Account","robots":{"index":"index","follow":"follow","max-snippet":"max-snippet:-1","max-image-preview":"max-image-preview:large","max-video-preview":"max-video-preview:-1"},"canonical":"https:\/\/www.traderscale.com\/no\/tilleggsregler\/","og_locale":"nb_NO","og_type":"article","og_title":"Tilleggsregler - Accelerate Your Financial Journey with a Fully Funded Trading Account","og_description":"Bes\u00f8k help.traderscale.com for \u00e5 se alle v\u00e5re regler og begrensninger &nbsp; Konsekvenser Tradere som mistenkes for \u00e5 delta i denne forbudte praksisen, kan bli p\u00e5lagt ulike restriksjoner, for eksempel reduksjon av giring, begrensning av antall handler per dag, begrensning av lotst\u00f8rrelser per dag, reduksjon av daglige\/maksimale tapsgrenser, innf\u00f8ring av en regel om maks 1 % [&hellip;]","og_url":"https:\/\/www.traderscale.com\/no\/tilleggsregler\/","og_site_name":"Accelerate Your Financial Journey with a Fully Funded Trading Account","article_publisher":"https:\/\/www.facebook.com\/profile.php?id=61556992185100#","twitter_card":"summary_large_image","schema":{"@context":"https:\/\/schema.org","@graph":[{"@type":"WebPage","@id":"https:\/\/www.traderscale.com\/no\/tilleggsregler\/","url":"https:\/\/www.traderscale.com\/no\/tilleggsregler\/","name":"Tilleggsregler - Accelerate Your Financial Journey with a Fully Funded Trading Account","isPartOf":{"@id":"https:\/\/www.traderscale.com\/no\/#website"},"datePublished":"2024-07-01T10:53:45+00:00","breadcrumb":{"@id":"https:\/\/www.traderscale.com\/no\/tilleggsregler\/#breadcrumb"},"inLanguage":"nb-NO","potentialAction":[{"@type":"ReadAction","target":["https:\/\/www.traderscale.com\/no\/tilleggsregler\/"]}]},{"@type":"BreadcrumbList","@id":"https:\/\/www.traderscale.com\/no\/tilleggsregler\/#breadcrumb","itemListElement":[{"@type":"ListItem","position":1,"name":"Home","item":"https:\/\/www.traderscale.com\/no\/hjem-2025\/"},{"@type":"ListItem","position":2,"name":"Tilleggsregler"}]},{"@type":"WebSite","@id":"https:\/\/www.traderscale.com\/no\/#website","url":"https:\/\/www.traderscale.com\/no\/","name":"Traderscale","description":"","publisher":{"@id":"https:\/\/www.traderscale.com\/no\/#organization"},"potentialAction":[{"@type":"SearchAction","target":{"@type":"EntryPoint","urlTemplate":"https:\/\/www.traderscale.com\/no\/?s={search_term_string}"},"query-input":{"@type":"PropertyValueSpecification","valueRequired":true,"valueName":"search_term_string"}}],"inLanguage":"nb-NO"},{"@type":"Organization","@id":"https:\/\/www.traderscale.com\/no\/#organization","name":"Traderscale","url":"https:\/\/www.traderscale.com\/no\/","logo":{"@type":"ImageObject","inLanguage":"nb-NO","@id":"https:\/\/www.traderscale.com\/no\/#\/schema\/logo\/image\/","url":"https:\/\/www.traderscale.com\/wp-content\/uploads\/2025\/04\/dark.png","contentUrl":"https:\/\/www.traderscale.com\/wp-content\/uploads\/2025\/04\/dark.png","width":240,"height":161,"caption":"Traderscale"},"image":{"@id":"https:\/\/www.traderscale.com\/no\/#\/schema\/logo\/image\/"},"sameAs":["https:\/\/www.facebook.com\/profile.php?id=61556992185100#","https:\/\/www.youtube.com\/@Traderscale_com\/videos","https:\/\/www.instagram.com\/traderscalepro\/"]}]}},"_links":{"self":[{"href":"https:\/\/www.traderscale.com\/no\/wp-json\/wp\/v2\/pages\/22058","targetHints":{"allow":["GET"]}}],"collection":[{"href":"https:\/\/www.traderscale.com\/no\/wp-json\/wp\/v2\/pages"}],"about":[{"href":"https:\/\/www.traderscale.com\/no\/wp-json\/wp\/v2\/types\/page"}],"author":[{"embeddable":true,"href":"https:\/\/www.traderscale.com\/no\/wp-json\/wp\/v2\/users\/1"}],"replies":[{"embeddable":true,"href":"https:\/\/www.traderscale.com\/no\/wp-json\/wp\/v2\/comments?post=22058"}],"version-history":[{"count":0,"href":"https:\/\/www.traderscale.com\/no\/wp-json\/wp\/v2\/pages\/22058\/revisions"}],"wp:attachment":[{"href":"https:\/\/www.traderscale.com\/no\/wp-json\/wp\/v2\/media?parent=22058"}],"curies":[{"name":"wp","href":"https:\/\/api.w.org\/{rel}","templated":true}]}}