{"id":22046,"date":"2024-11-23T03:07:44","date_gmt":"2024-11-23T08:07:44","guid":{"rendered":"https:\/\/www.traderscale.com\/utbetalinger\/"},"modified":"2024-11-23T03:07:44","modified_gmt":"2024-11-23T08:07:44","slug":"utbetalinger","status":"publish","type":"page","link":"https:\/\/www.traderscale.com\/no\/utbetalinger\/","title":{"rendered":"Utbetalinger"},"content":{"rendered":"<p>I det siste har vi mottatt en del negative anmeldelser fra <strong> tradere som kaller oss svindel<\/strong>. Mange av disse p\u00e5standene skyldes misforst\u00e5elser av handelsreglene v\u00e5re, manglende kunnskap om handel eller risikofylt gambling i stedet for ansvarlig handel. <\/p>\n<p>Vi tar disse beskyldningene sv\u00e6rt alvorlig, fordi vi er opptatt av \u00e5 bygge opp et velrenommert prop trading-firma i en bransje der \u00e5penhet ikke alltid er standarden.<\/p>\n<p><strong>For \u00e5 bevise v\u00e5r forpliktelse<\/strong> til legitimitet har vi iverksatt tiltak for \u00e5 gj\u00f8re utbetalingene v\u00e5re fullt sporbare og verifiserbare.<\/p>\n<p>Utbetalingene v\u00e5re bruker <strong> RISE og USDT, to sikre metoder<\/strong> som utnytter blokkjedeteknologi. Dette betyr at alle transaksjoner registreres, er synlige og ikke kan endres, noe som gir deg full \u00e5penhet og trygghet. <\/p>\n<p>Med <strong>blokkjedesystemet<\/strong> v\u00e5rt kan du i tillegg f\u00f8lge hver eneste utbetaling vi gj\u00f8r i sanntid.<\/p>\n<p>S\u00e5 ikke bare ta oss p\u00e5 ordet for de fantastiske utbetalingene v\u00e5re tradere mottar &#8211; sjekk selv!<\/p>\n<h4 class=\"contenttitle\">Opplev ekte, bekreftede utbetalinger og start reisen din i dag!<\/h4>\n","protected":false},"excerpt":{"rendered":"<p>I det siste har vi mottatt en del negative anmeldelser fra tradere som kaller oss svindel. Mange av disse p\u00e5standene skyldes misforst\u00e5elser av handelsreglene v\u00e5re, manglende kunnskap om handel eller risikofylt gambling i stedet for ansvarlig handel. Vi tar disse beskyldningene sv\u00e6rt alvorlig, fordi vi er opptatt av \u00e5 bygge opp et velrenommert prop trading-firma [&hellip;]<\/p>\n","protected":false},"author":526,"featured_media":0,"parent":0,"menu_order":0,"comment_status":"closed","ping_status":"closed","template":"page-why.php","meta":{"_acf_changed":false,"om_disable_all_campaigns":false,"footnotes":""},"class_list":["post-22046","page","type-page","status-publish","hentry"],"acf":[],"yoast_head":"<!-- This site is optimized with the Yoast SEO plugin v27.3 - https:\/\/yoast.com\/product\/yoast-seo-wordpress\/ -->\n<title>Utbetalinger - Accelerate Your Financial Journey with a Fully Funded Trading Account<\/title>\n<meta name=\"robots\" content=\"index, follow, max-snippet:-1, max-image-preview:large, max-video-preview:-1\" \/>\n<link rel=\"canonical\" href=\"https:\/\/www.traderscale.com\/no\/utbetalinger\/\" \/>\n<meta property=\"og:locale\" content=\"nb_NO\" \/>\n<meta property=\"og:type\" content=\"article\" \/>\n<meta property=\"og:title\" content=\"Utbetalinger - Accelerate Your Financial Journey with a Fully Funded Trading Account\" \/>\n<meta property=\"og:description\" content=\"I det siste har vi mottatt en del negative anmeldelser fra tradere som kaller oss svindel. Mange av disse p\u00e5standene skyldes misforst\u00e5elser av handelsreglene v\u00e5re, manglende kunnskap om handel eller risikofylt gambling i stedet for ansvarlig handel. Vi tar disse beskyldningene sv\u00e6rt alvorlig, fordi vi er opptatt av \u00e5 bygge opp et velrenommert prop trading-firma [&hellip;]\" \/>\n<meta property=\"og:url\" content=\"https:\/\/www.traderscale.com\/no\/utbetalinger\/\" \/>\n<meta property=\"og:site_name\" content=\"Accelerate Your Financial Journey with a Fully Funded Trading Account\" \/>\n<meta property=\"article:publisher\" content=\"https:\/\/www.facebook.com\/profile.php?id=61556992185100#\" \/>\n<meta name=\"twitter:card\" content=\"summary_large_image\" \/>\n<meta name=\"twitter:label1\" content=\"Ansl. lesetid\" \/>\n\t<meta name=\"twitter:data1\" content=\"1 minutt\" \/>\n<script type=\"application\/ld+json\" class=\"yoast-schema-graph\">{\"@context\":\"https:\\\/\\\/schema.org\",\"@graph\":[{\"@type\":\"WebPage\",\"@id\":\"https:\\\/\\\/www.traderscale.com\\\/no\\\/utbetalinger\\\/\",\"url\":\"https:\\\/\\\/www.traderscale.com\\\/no\\\/utbetalinger\\\/\",\"name\":\"Utbetalinger - Accelerate Your Financial Journey with a Fully Funded Trading Account\",\"isPartOf\":{\"@id\":\"https:\\\/\\\/www.traderscale.com\\\/no\\\/#website\"},\"datePublished\":\"2024-11-23T08:07:44+00:00\",\"breadcrumb\":{\"@id\":\"https:\\\/\\\/www.traderscale.com\\\/no\\\/utbetalinger\\\/#breadcrumb\"},\"inLanguage\":\"nb-NO\",\"potentialAction\":[{\"@type\":\"ReadAction\",\"target\":[\"https:\\\/\\\/www.traderscale.com\\\/no\\\/utbetalinger\\\/\"]}]},{\"@type\":\"BreadcrumbList\",\"@id\":\"https:\\\/\\\/www.traderscale.com\\\/no\\\/utbetalinger\\\/#breadcrumb\",\"itemListElement\":[{\"@type\":\"ListItem\",\"position\":1,\"name\":\"Home\",\"item\":\"https:\\\/\\\/www.traderscale.com\\\/no\\\/hjem-2025\\\/\"},{\"@type\":\"ListItem\",\"position\":2,\"name\":\"Utbetalinger\"}]},{\"@type\":\"WebSite\",\"@id\":\"https:\\\/\\\/www.traderscale.com\\\/no\\\/#website\",\"url\":\"https:\\\/\\\/www.traderscale.com\\\/no\\\/\",\"name\":\"Traderscale\",\"description\":\"\",\"publisher\":{\"@id\":\"https:\\\/\\\/www.traderscale.com\\\/no\\\/#organization\"},\"potentialAction\":[{\"@type\":\"SearchAction\",\"target\":{\"@type\":\"EntryPoint\",\"urlTemplate\":\"https:\\\/\\\/www.traderscale.com\\\/no\\\/?s={search_term_string}\"},\"query-input\":{\"@type\":\"PropertyValueSpecification\",\"valueRequired\":true,\"valueName\":\"search_term_string\"}}],\"inLanguage\":\"nb-NO\"},{\"@type\":\"Organization\",\"@id\":\"https:\\\/\\\/www.traderscale.com\\\/no\\\/#organization\",\"name\":\"Traderscale\",\"url\":\"https:\\\/\\\/www.traderscale.com\\\/no\\\/\",\"logo\":{\"@type\":\"ImageObject\",\"inLanguage\":\"nb-NO\",\"@id\":\"https:\\\/\\\/www.traderscale.com\\\/no\\\/#\\\/schema\\\/logo\\\/image\\\/\",\"url\":\"https:\\\/\\\/www.traderscale.com\\\/wp-content\\\/uploads\\\/2025\\\/04\\\/dark.png\",\"contentUrl\":\"https:\\\/\\\/www.traderscale.com\\\/wp-content\\\/uploads\\\/2025\\\/04\\\/dark.png\",\"width\":240,\"height\":161,\"caption\":\"Traderscale\"},\"image\":{\"@id\":\"https:\\\/\\\/www.traderscale.com\\\/no\\\/#\\\/schema\\\/logo\\\/image\\\/\"},\"sameAs\":[\"https:\\\/\\\/www.facebook.com\\\/profile.php?id=61556992185100#\",\"https:\\\/\\\/www.youtube.com\\\/@Traderscale_com\\\/videos\",\"https:\\\/\\\/www.instagram.com\\\/traderscalepro\\\/\"]}]}<\/script>\n<!-- \/ Yoast SEO plugin. -->","yoast_head_json":{"title":"Utbetalinger - Accelerate Your Financial Journey with a Fully Funded Trading Account","robots":{"index":"index","follow":"follow","max-snippet":"max-snippet:-1","max-image-preview":"max-image-preview:large","max-video-preview":"max-video-preview:-1"},"canonical":"https:\/\/www.traderscale.com\/no\/utbetalinger\/","og_locale":"nb_NO","og_type":"article","og_title":"Utbetalinger - Accelerate Your Financial Journey with a Fully Funded Trading Account","og_description":"I det siste har vi mottatt en del negative anmeldelser fra tradere som kaller oss svindel. Mange av disse p\u00e5standene skyldes misforst\u00e5elser av handelsreglene v\u00e5re, manglende kunnskap om handel eller risikofylt gambling i stedet for ansvarlig handel. Vi tar disse beskyldningene sv\u00e6rt alvorlig, fordi vi er opptatt av \u00e5 bygge opp et velrenommert prop trading-firma [&hellip;]","og_url":"https:\/\/www.traderscale.com\/no\/utbetalinger\/","og_site_name":"Accelerate Your Financial Journey with a Fully Funded Trading Account","article_publisher":"https:\/\/www.facebook.com\/profile.php?id=61556992185100#","twitter_card":"summary_large_image","twitter_misc":{"Ansl. lesetid":"1 minutt"},"schema":{"@context":"https:\/\/schema.org","@graph":[{"@type":"WebPage","@id":"https:\/\/www.traderscale.com\/no\/utbetalinger\/","url":"https:\/\/www.traderscale.com\/no\/utbetalinger\/","name":"Utbetalinger - Accelerate Your Financial Journey with a Fully Funded Trading Account","isPartOf":{"@id":"https:\/\/www.traderscale.com\/no\/#website"},"datePublished":"2024-11-23T08:07:44+00:00","breadcrumb":{"@id":"https:\/\/www.traderscale.com\/no\/utbetalinger\/#breadcrumb"},"inLanguage":"nb-NO","potentialAction":[{"@type":"ReadAction","target":["https:\/\/www.traderscale.com\/no\/utbetalinger\/"]}]},{"@type":"BreadcrumbList","@id":"https:\/\/www.traderscale.com\/no\/utbetalinger\/#breadcrumb","itemListElement":[{"@type":"ListItem","position":1,"name":"Home","item":"https:\/\/www.traderscale.com\/no\/hjem-2025\/"},{"@type":"ListItem","position":2,"name":"Utbetalinger"}]},{"@type":"WebSite","@id":"https:\/\/www.traderscale.com\/no\/#website","url":"https:\/\/www.traderscale.com\/no\/","name":"Traderscale","description":"","publisher":{"@id":"https:\/\/www.traderscale.com\/no\/#organization"},"potentialAction":[{"@type":"SearchAction","target":{"@type":"EntryPoint","urlTemplate":"https:\/\/www.traderscale.com\/no\/?s={search_term_string}"},"query-input":{"@type":"PropertyValueSpecification","valueRequired":true,"valueName":"search_term_string"}}],"inLanguage":"nb-NO"},{"@type":"Organization","@id":"https:\/\/www.traderscale.com\/no\/#organization","name":"Traderscale","url":"https:\/\/www.traderscale.com\/no\/","logo":{"@type":"ImageObject","inLanguage":"nb-NO","@id":"https:\/\/www.traderscale.com\/no\/#\/schema\/logo\/image\/","url":"https:\/\/www.traderscale.com\/wp-content\/uploads\/2025\/04\/dark.png","contentUrl":"https:\/\/www.traderscale.com\/wp-content\/uploads\/2025\/04\/dark.png","width":240,"height":161,"caption":"Traderscale"},"image":{"@id":"https:\/\/www.traderscale.com\/no\/#\/schema\/logo\/image\/"},"sameAs":["https:\/\/www.facebook.com\/profile.php?id=61556992185100#","https:\/\/www.youtube.com\/@Traderscale_com\/videos","https:\/\/www.instagram.com\/traderscalepro\/"]}]}},"_links":{"self":[{"href":"https:\/\/www.traderscale.com\/no\/wp-json\/wp\/v2\/pages\/22046","targetHints":{"allow":["GET"]}}],"collection":[{"href":"https:\/\/www.traderscale.com\/no\/wp-json\/wp\/v2\/pages"}],"about":[{"href":"https:\/\/www.traderscale.com\/no\/wp-json\/wp\/v2\/types\/page"}],"author":[{"embeddable":true,"href":"https:\/\/www.traderscale.com\/no\/wp-json\/wp\/v2\/users\/526"}],"replies":[{"embeddable":true,"href":"https:\/\/www.traderscale.com\/no\/wp-json\/wp\/v2\/comments?post=22046"}],"version-history":[{"count":0,"href":"https:\/\/www.traderscale.com\/no\/wp-json\/wp\/v2\/pages\/22046\/revisions"}],"wp:attachment":[{"href":"https:\/\/www.traderscale.com\/no\/wp-json\/wp\/v2\/media?parent=22046"}],"curies":[{"name":"wp","href":"https:\/\/api.w.org\/{rel}","templated":true}]}}