{"id":21981,"date":"2025-02-18T13:24:17","date_gmt":"2025-02-18T18:24:17","guid":{"rendered":"https:\/\/www.traderscale.com\/hjem-2025\/"},"modified":"2025-09-11T08:10:04","modified_gmt":"2025-09-11T13:10:04","slug":"hjem-2025","status":"publish","type":"page","link":"https:\/\/www.traderscale.com\/no\/","title":{"rendered":"Hjem 2025"},"content":{"rendered":"","protected":false},"excerpt":{"rendered":"","protected":false},"author":1,"featured_media":0,"parent":0,"menu_order":0,"comment_status":"closed","ping_status":"closed","template":"page-home.php","meta":{"_acf_changed":false,"om_disable_all_campaigns":false,"footnotes":""},"class_list":["post-21981","page","type-page","status-publish","hentry"],"acf":[],"yoast_head":"<!-- This site is optimized with the Yoast SEO plugin v27.3 - https:\/\/yoast.com\/product\/yoast-seo-wordpress\/ -->\n<title>Traderscale | F\u00e5 fart p\u00e5 din \u00f8konomiske reise med en fullfinansiert handelskonto<\/title>\n<meta name=\"description\" content=\"Traderscale l\u00f8ser utfordringen med begrenset kapital ved \u00e5 tilby tilgang til midlene deres, slik at tradere kan h\u00e5ndtere st\u00f8rre posisjoner og \u00f8ke fortjenestepotensialet.\" \/>\n<meta name=\"robots\" content=\"index, follow, max-snippet:-1, max-image-preview:large, max-video-preview:-1\" \/>\n<link rel=\"canonical\" href=\"https:\/\/www.traderscale.com\/no\/\" \/>\n<meta property=\"og:locale\" content=\"nb_NO\" \/>\n<meta property=\"og:type\" content=\"article\" \/>\n<meta property=\"og:title\" content=\"Traderscale | F\u00e5 fart p\u00e5 din \u00f8konomiske reise med en fullfinansiert handelskonto\" \/>\n<meta property=\"og:description\" content=\"Traderscale l\u00f8ser utfordringen med begrenset kapital ved \u00e5 tilby tilgang til midlene deres, slik at tradere kan h\u00e5ndtere st\u00f8rre posisjoner og \u00f8ke fortjenestepotensialet.\" \/>\n<meta property=\"og:url\" content=\"https:\/\/www.traderscale.com\/no\/\" \/>\n<meta property=\"og:site_name\" content=\"Accelerate Your Financial Journey with a Fully Funded Trading Account\" \/>\n<meta property=\"article:publisher\" content=\"https:\/\/www.facebook.com\/profile.php?id=61556992185100#\" \/>\n<meta property=\"article:modified_time\" content=\"2025-09-11T13:10:04+00:00\" \/>\n<meta property=\"og:image\" content=\"https:\/\/www.traderscale.com\/wp-content\/uploads\/2025\/04\/Open-graph-1024x538.png\" \/>\n<meta name=\"twitter:card\" content=\"summary_large_image\" \/>\n<script type=\"application\/ld+json\" class=\"yoast-schema-graph\">{\"@context\":\"https:\\\/\\\/schema.org\",\"@graph\":[{\"@type\":\"WebPage\",\"@id\":\"https:\\\/\\\/www.traderscale.com\\\/no\\\/\",\"url\":\"https:\\\/\\\/www.traderscale.com\\\/no\\\/\",\"name\":\"Traderscale | F\u00e5 fart p\u00e5 din \u00f8konomiske reise med en fullfinansiert handelskonto\",\"isPartOf\":{\"@id\":\"https:\\\/\\\/www.traderscale.com\\\/no\\\/#website\"},\"datePublished\":\"2025-02-18T18:24:17+00:00\",\"dateModified\":\"2025-09-11T13:10:04+00:00\",\"description\":\"Traderscale l\u00f8ser utfordringen med begrenset kapital ved \u00e5 tilby tilgang til midlene deres, slik at tradere kan h\u00e5ndtere st\u00f8rre posisjoner og \u00f8ke fortjenestepotensialet.\",\"breadcrumb\":{\"@id\":\"https:\\\/\\\/www.traderscale.com\\\/no\\\/#breadcrumb\"},\"inLanguage\":\"nb-NO\",\"potentialAction\":[{\"@type\":\"ReadAction\",\"target\":[\"https:\\\/\\\/www.traderscale.com\\\/no\\\/\"]}]},{\"@type\":\"BreadcrumbList\",\"@id\":\"https:\\\/\\\/www.traderscale.com\\\/no\\\/#breadcrumb\",\"itemListElement\":[{\"@type\":\"ListItem\",\"position\":1,\"name\":\"Home\",\"item\":\"https:\\\/\\\/www.traderscale.com\\\/no\\\/hjem-2025\\\/\"},{\"@type\":\"ListItem\",\"position\":2,\"name\":\"Hjem 2025\"}]},{\"@type\":\"WebSite\",\"@id\":\"https:\\\/\\\/www.traderscale.com\\\/no\\\/#website\",\"url\":\"https:\\\/\\\/www.traderscale.com\\\/no\\\/\",\"name\":\"Traderscale\",\"description\":\"\",\"publisher\":{\"@id\":\"https:\\\/\\\/www.traderscale.com\\\/no\\\/#organization\"},\"potentialAction\":[{\"@type\":\"SearchAction\",\"target\":{\"@type\":\"EntryPoint\",\"urlTemplate\":\"https:\\\/\\\/www.traderscale.com\\\/no\\\/?s={search_term_string}\"},\"query-input\":{\"@type\":\"PropertyValueSpecification\",\"valueRequired\":true,\"valueName\":\"search_term_string\"}}],\"inLanguage\":\"nb-NO\"},{\"@type\":\"Organization\",\"@id\":\"https:\\\/\\\/www.traderscale.com\\\/no\\\/#organization\",\"name\":\"Traderscale\",\"url\":\"https:\\\/\\\/www.traderscale.com\\\/no\\\/\",\"logo\":{\"@type\":\"ImageObject\",\"inLanguage\":\"nb-NO\",\"@id\":\"https:\\\/\\\/www.traderscale.com\\\/no\\\/#\\\/schema\\\/logo\\\/image\\\/\",\"url\":\"https:\\\/\\\/www.traderscale.com\\\/wp-content\\\/uploads\\\/2025\\\/04\\\/dark.png\",\"contentUrl\":\"https:\\\/\\\/www.traderscale.com\\\/wp-content\\\/uploads\\\/2025\\\/04\\\/dark.png\",\"width\":240,\"height\":161,\"caption\":\"Traderscale\"},\"image\":{\"@id\":\"https:\\\/\\\/www.traderscale.com\\\/no\\\/#\\\/schema\\\/logo\\\/image\\\/\"},\"sameAs\":[\"https:\\\/\\\/www.facebook.com\\\/profile.php?id=61556992185100#\",\"https:\\\/\\\/www.youtube.com\\\/@Traderscale_com\\\/videos\",\"https:\\\/\\\/www.instagram.com\\\/traderscalepro\\\/\"]}]}<\/script>\n<!-- \/ Yoast SEO plugin. -->","yoast_head_json":{"title":"Traderscale | F\u00e5 fart p\u00e5 din \u00f8konomiske reise med en fullfinansiert handelskonto","description":"Traderscale l\u00f8ser utfordringen med begrenset kapital ved \u00e5 tilby tilgang til midlene deres, slik at tradere kan h\u00e5ndtere st\u00f8rre posisjoner og \u00f8ke fortjenestepotensialet.","robots":{"index":"index","follow":"follow","max-snippet":"max-snippet:-1","max-image-preview":"max-image-preview:large","max-video-preview":"max-video-preview:-1"},"canonical":"https:\/\/www.traderscale.com\/no\/","og_locale":"nb_NO","og_type":"article","og_title":"Traderscale | F\u00e5 fart p\u00e5 din \u00f8konomiske reise med en fullfinansiert handelskonto","og_description":"Traderscale l\u00f8ser utfordringen med begrenset kapital ved \u00e5 tilby tilgang til midlene deres, slik at tradere kan h\u00e5ndtere st\u00f8rre posisjoner og \u00f8ke fortjenestepotensialet.","og_url":"https:\/\/www.traderscale.com\/no\/","og_site_name":"Accelerate Your Financial Journey with a Fully Funded Trading Account","article_publisher":"https:\/\/www.facebook.com\/profile.php?id=61556992185100#","article_modified_time":"2025-09-11T13:10:04+00:00","og_image":[{"url":"https:\/\/www.traderscale.com\/wp-content\/uploads\/2025\/04\/Open-graph-1024x538.png","type":"","width":"","height":""}],"twitter_card":"summary_large_image","schema":{"@context":"https:\/\/schema.org","@graph":[{"@type":"WebPage","@id":"https:\/\/www.traderscale.com\/no\/","url":"https:\/\/www.traderscale.com\/no\/","name":"Traderscale | F\u00e5 fart p\u00e5 din \u00f8konomiske reise med en fullfinansiert handelskonto","isPartOf":{"@id":"https:\/\/www.traderscale.com\/no\/#website"},"datePublished":"2025-02-18T18:24:17+00:00","dateModified":"2025-09-11T13:10:04+00:00","description":"Traderscale l\u00f8ser utfordringen med begrenset kapital ved \u00e5 tilby tilgang til midlene deres, slik at tradere kan h\u00e5ndtere st\u00f8rre posisjoner og \u00f8ke fortjenestepotensialet.","breadcrumb":{"@id":"https:\/\/www.traderscale.com\/no\/#breadcrumb"},"inLanguage":"nb-NO","potentialAction":[{"@type":"ReadAction","target":["https:\/\/www.traderscale.com\/no\/"]}]},{"@type":"BreadcrumbList","@id":"https:\/\/www.traderscale.com\/no\/#breadcrumb","itemListElement":[{"@type":"ListItem","position":1,"name":"Home","item":"https:\/\/www.traderscale.com\/no\/hjem-2025\/"},{"@type":"ListItem","position":2,"name":"Hjem 2025"}]},{"@type":"WebSite","@id":"https:\/\/www.traderscale.com\/no\/#website","url":"https:\/\/www.traderscale.com\/no\/","name":"Traderscale","description":"","publisher":{"@id":"https:\/\/www.traderscale.com\/no\/#organization"},"potentialAction":[{"@type":"SearchAction","target":{"@type":"EntryPoint","urlTemplate":"https:\/\/www.traderscale.com\/no\/?s={search_term_string}"},"query-input":{"@type":"PropertyValueSpecification","valueRequired":true,"valueName":"search_term_string"}}],"inLanguage":"nb-NO"},{"@type":"Organization","@id":"https:\/\/www.traderscale.com\/no\/#organization","name":"Traderscale","url":"https:\/\/www.traderscale.com\/no\/","logo":{"@type":"ImageObject","inLanguage":"nb-NO","@id":"https:\/\/www.traderscale.com\/no\/#\/schema\/logo\/image\/","url":"https:\/\/www.traderscale.com\/wp-content\/uploads\/2025\/04\/dark.png","contentUrl":"https:\/\/www.traderscale.com\/wp-content\/uploads\/2025\/04\/dark.png","width":240,"height":161,"caption":"Traderscale"},"image":{"@id":"https:\/\/www.traderscale.com\/no\/#\/schema\/logo\/image\/"},"sameAs":["https:\/\/www.facebook.com\/profile.php?id=61556992185100#","https:\/\/www.youtube.com\/@Traderscale_com\/videos","https:\/\/www.instagram.com\/traderscalepro\/"]}]}},"_links":{"self":[{"href":"https:\/\/www.traderscale.com\/no\/wp-json\/wp\/v2\/pages\/21981","targetHints":{"allow":["GET"]}}],"collection":[{"href":"https:\/\/www.traderscale.com\/no\/wp-json\/wp\/v2\/pages"}],"about":[{"href":"https:\/\/www.traderscale.com\/no\/wp-json\/wp\/v2\/types\/page"}],"author":[{"embeddable":true,"href":"https:\/\/www.traderscale.com\/no\/wp-json\/wp\/v2\/users\/1"}],"replies":[{"embeddable":true,"href":"https:\/\/www.traderscale.com\/no\/wp-json\/wp\/v2\/comments?post=21981"}],"version-history":[{"count":1,"href":"https:\/\/www.traderscale.com\/no\/wp-json\/wp\/v2\/pages\/21981\/revisions"}],"predecessor-version":[{"id":31600,"href":"https:\/\/www.traderscale.com\/no\/wp-json\/wp\/v2\/pages\/21981\/revisions\/31600"}],"wp:attachment":[{"href":"https:\/\/www.traderscale.com\/no\/wp-json\/wp\/v2\/media?parent=21981"}],"curies":[{"name":"wp","href":"https:\/\/api.w.org\/{rel}","templated":true}]}}