{"id":7134,"date":"2024-02-06T10:03:28","date_gmt":"2024-02-06T15:03:28","guid":{"rendered":"https:\/\/www.traderscale.com\/informativa-sulla-privacy\/"},"modified":"2024-09-19T01:12:56","modified_gmt":"2024-09-19T06:12:56","slug":"informativa-sulla-privacy","status":"publish","type":"page","link":"https:\/\/www.traderscale.com\/it\/informativa-sulla-privacy\/","title":{"rendered":"Informativa sulla privacy"},"content":{"rendered":"<p><strong>1. Introduzione:<\/strong> La presente Informativa sulla privacy (&#8220;Informativa&#8221;) riguarda Tradelytic FCZO, che opera come Traderscale.com (&#8220;noi&#8221;, &#8220;nostro&#8221; o la &#8220;Societ\u00e0&#8221;).<br \/>\nLa presente Informativa illustra le modalit\u00e0 con cui l&#8217;Azienda raccoglie, conserva, utilizza e divulga i dati personali dei propri clienti (&#8220;tu&#8221;, &#8220;tuo&#8221; o &#8220;Cliente&#8221;).<br \/>\nSi applica sia ai clienti esistenti che a quelli potenziali, nonch\u00e9 a tutti i visitatori del sito web della Societ\u00e0.<br \/>\nAgiamo in qualit\u00e0 di responsabili del trattamento dei dati in conformit\u00e0 alla legislazione sulla protezione dei dati.<br \/>\nLa Societ\u00e0 si impegna a salvaguardare la privacy di tutti i Dati Personali, come definiti nel presente documento, acquisiti dall&#8217;utente, comprese le informazioni ottenute durante le visite al sito web.<br \/>\nLa presente Informativa deve essere letta insieme ai nostri Termini e Condizioni, disponibili sul nostro sito web all&#8217;indirizzo <a href=\"http:\/\/www.traderscale.com\/\" target=\"_new\" rel=\"noopener\">www.traderscale.com<\/a> (&#8220;Sito web&#8221;), e a qualsiasi altro accordo previsto.<\/p>\n<p><strong>2. Quali dati personali raccogliamo e come?<\/strong> La Societ\u00e0 raccoglie e conserva i Dati Personali dell&#8217;utente quando questi completa una richiesta online per un conto live o demo o dopo aver partecipato con successo a qualsiasi sfida offerta sul nostro Sito web.<br \/>\nRaccogliamo Dati personali specifici per soddisfare in modo efficiente le esigenze dei nostri clienti e migliorare i nostri servizi.<br \/>\nI &#8220;dati personali&#8221; si riferiscono alle informazioni personali che ci fornisci direttamente o ai dati che raccogliamo quando ti forniamo i servizi e quando utilizzi il nostro Sito web.<br \/>\nAderiamo alle pratiche di protezione dei dati globali.<br \/>\nI dati personali raccolti includono, a titolo esemplificativo e non esaustivo:<\/p>\n<ul>\n<li>Informazioni fornite dall&#8217;utente, quali nome, indirizzo, data di nascita, numero di telefono, indirizzo e-mail, documenti di verifica dell&#8217;identit\u00e0 (ad es. passaporto e carta d&#8217;identit\u00e0), bollette, estratti conto bancari o dati relativi alla costituzione di una societ\u00e0, informazioni finanziarie come il reddito annuale stimato e il patrimonio netto, l&#8217;esperienza di trading e la conoscenza degli investimenti.<\/li>\n<li>Dati raccolti automaticamente quando utilizzi i nostri servizi, tra cui indirizzi IP, tipo di dispositivo, sistema operativo, paese di visita del Sito, dettagli di login e logout, impostazioni dell&#8217;account, sfide personalizzate, valuta, tipi di transazioni e comunicazioni, sia elettroniche che telefoniche.<\/li>\n<li>Dati raccolti automaticamente sulle tue transazioni simulate, tra cui il tipo di sfida, lo strumento finanziario, la tempistica di apertura o chiusura delle posizioni, l&#8217;importo dell&#8217;investimento, il profitto e la perdita.<\/li>\n<li>Dati raccolti automaticamente durante le tue visite al sito web, come le aree del sito visitate, le pagine visualizzate, la frequenza e la durata delle visite e i siti web di riferimento.<\/li>\n<\/ul>\n<p><strong>3. Perch\u00e9 utilizziamo i tuoi Dati personali?<\/strong> La Societ\u00e0 pu\u00f2 utilizzare i tuoi dati per uno o pi\u00f9 dei seguenti scopi:<\/p>\n<ul>\n<li>Conferma la tua identit\u00e0.<\/li>\n<li>Mantenere il tuo profilo personale.<\/li>\n<li>Valutare la tua idoneit\u00e0 ai nostri prodotti e servizi.<\/li>\n<li>Fornire i servizi richiesti, compresa l&#8217;elaborazione delle transazioni.<\/li>\n<li>Offre servizi legati alle transazioni.<\/li>\n<li>Informarti su prodotti e servizi di tuo interesse.<\/li>\n<li>Tenendoti aggiornato sulle questioni pi\u00f9 importanti.<\/li>\n<li>Adattare il sito web alle tue esigenze.<\/li>\n<li>Analizzare dati statistici impersonalizzati per migliorare prodotti e servizi.<\/li>\n<li>amministrare il tuo conto e monitorarne la condotta, compresi i limiti di credito.<\/li>\n<li>Trasmettere i tuoi Dati personali a terzi per scopi di marketing.<\/li>\n<\/ul>\n<p><strong>4. Qual \u00e8 la base giuridica del trattamento dei tuoi Dati personali?<\/strong><\/p>\n<ul>\n<li>Per eseguire i nostri servizi all&#8217;utente, compresi gli obblighi contrattuali e la conformit\u00e0 agli obblighi di legge come i requisiti di &#8220;Know Your Customer&#8221; e &#8220;Customer Due Diligence&#8221;.<\/li>\n<li>Per rispettare gli obblighi di legge, comprese le leggi contro il riciclaggio di denaro, il finanziamento del terrorismo, i servizi finanziari e la protezione dei dati.<\/li>\n<li>Per salvaguardare i legittimi interessi, come le relazioni con i clienti, le procedure di contenzioso, il marketing diretto, la prevenzione delle frodi e la sicurezza della rete.<\/li>\n<li>Con il tuo consenso, per offrirti i nostri prodotti, servizi o informazioni richieste.<\/li>\n<\/ul>\n<p><strong>5. Per quanto tempo conserviamo i tuoi Dati personali?<\/strong> I Dati Personali sono trattati in base alle esigenze di fornitura del servizio e per la durata prevista dalla legge.<br \/>\nIn particolare, conserviamo i Dati personali per almeno sette (7) anni, calcolati a partire dall&#8217;ultima transazione o dalla cessazione del rapporto commerciale, a seconda di quale sia la data pi\u00f9 recente.<\/p>\n<p><strong>6. Dove e perch\u00e9 divulghiamo i tuoi Dati personali?<\/strong> La Societ\u00e0 non divulgher\u00e0 le informazioni riservate dell&#8217;utente a terzi a meno che:<\/p>\n<ul>\n<li>Richiesto da leggi, norme e regolamenti applicabili.<\/li>\n<li>Necessario per legittimi interessi commerciali, compresi i fornitori di servizi di pagamento e gli istituti bancari.<\/li>\n<li>In risposta a richieste di autorit\u00e0 competenti, organismi di regolamentazione, enti governativi o con il tuo consenso.<\/li>\n<li>Per proteggere i diritti, rispettare gli ordini del tribunale, prevenire le frodi, aderire ai processi legali o salvaguardare la sicurezza personale degli utenti.<\/li>\n<\/ul>\n<p>La Societ\u00e0 pu\u00f2 inoltre divulgare i tuoi Dati Personali a terzi quando necessario per:<\/p>\n<ul>\n<li>Proteggi i nostri diritti.<\/li>\n<li>Conformati agli editti legali.<\/li>\n<li>Salvaguardare i diritti dell&#8217;azienda, i siti web e gli interessi pubblici.<\/li>\n<li>Collaborare con processori di terze parti.<\/li>\n<li>Utilizza fornitori per servizi limitati.<\/li>\n<li>Interagire con istituzioni e organizzazioni finanziarie.<\/li>\n<li>Coinvolgere fornitori di servizi esterni e consulenti professionali.<\/li>\n<li>Completare l&#8217;elaborazione delle transazioni o i servizi richiesti.<\/li>\n<li>Rispettare i requisiti legali o le autorit\u00e0.<\/li>\n<li>Fornire dati statistici ai partner commerciali, garantendo l&#8217;anonimato.<\/li>\n<\/ul>\n<p><strong>7. Processori<\/strong> I processori devono:<\/p>\n<ul>\n<li>Informare i propri dipendenti sulla natura riservata dei Dati personali.<\/li>\n<li>Elaborare i Dati Personali in conformit\u00e0 con tutte le leggi e i regolamenti applicabili.<\/li>\n<\/ul>\n<p>Gli Incaricati del trattamento sono responsabili di eventuali costi, reclami, danni o spese sostenuti dall&#8217;Azienda a causa del mancato rispetto degli obblighi previsti dalla presente Informativa sulla privacy.<\/p>\n<p><strong>8. La Societ\u00e0 si riserva il diritto ditrasferire i tuoi dati personaliall &#8216;interno o all&#8217;esterno dello SpazioEconomico Europeo (&#8220;SEE&#8221;) a fornitori di servizi ed elaboratori.<\/strong><br \/>\nTali trasferimenti avverranno nel rispetto della legge, assicurando la conformit\u00e0 alle leggi europee sulla protezione dei dati o alle leggi sulla protezione dei dati applicabili nei paesi terzi.<br \/>\nAdottiamo misure per garantire un trasferimento sicuro dei dati in linea con la presente Informativa sulla privacy.<\/p>\n<p><strong>9. Quali sono i tuoi diritti?<\/strong> Non sei obbligato a fornire i tuoi Dati Personali alla Societ\u00e0.<br \/>\nTuttavia, se non lo fai, potremmo non verificare il tuo account o non fornirti i servizi e i prodotti consentiti.<br \/>\nAi sensi della legislazione applicabile in materia di protezione dei dati, hai il diritto di:<\/p>\n<ul>\n<li>Richiedere l&#8217;accesso ai Dati personali in nostro possesso.<\/li>\n<li>Rettifica qualsiasi imprecisione percepita.<\/li>\n<li>Richiedere la cancellazione dei tuoi Dati personali, con le eccezioni previste dalla legge.<\/li>\n<li>Informaci delle modifiche ai dati personali o delle richieste di cancellazione via e-mail all&#8217;indirizzo <a target=\"_new\" rel=\"noopener\">support@traderscale.com.<\/a><\/li>\n<\/ul>\n<p>Per domande, reclami o richieste, contatta la Societ\u00e0.<br \/>\nSe un reclamo rimane irrisolto, l&#8217;utente pu\u00f2 rivolgersi al Commissario per le informazioni.<\/p>\n<p><strong>10. Consenso<\/strong> Accedendo a questo sito web, acconsenti alla raccolta, al mantenimento, all&#8217;utilizzo e alla divulgazione dei Dati Personali da parte della Societ\u00e0 in conformit\u00e0 alla presente Informativa sulla Privacy.<\/p>\n<p><strong>11. Collegamenti<\/strong> La presente Informativa sulla privacy non \u00e8 applicabile ad altri siti web a cui l&#8217;utente pu\u00f2 accedere attraverso il nostro.<br \/>\nTi invitiamo a esaminare e comprendere le politiche sulla privacy dei siti collegati.<\/p>\n<p><strong>12. Utilizziamo i cookie<\/strong> La Societ\u00e0 utilizza i cookie per raccogliere informazioni sul tuo accesso al nostro sito web e ai nostri servizi.<br \/>\nPer maggiori dettagli, consulta la Politica sui cookie della Societ\u00e0.<br \/>\nI cookie sono piccoli frammenti di informazioni memorizzati sul tuo dispositivo, che consentono un&#8217;identificazione univoca.<br \/>\nLa maggior parte dei browser internet accetta i cookie, ma puoi regolare le impostazioni per rifiutarli.<br \/>\nTuttavia, si consiglia di abilitare i cookie per un&#8217;esperienza ottimale del sito web.<\/p>\n<p><strong>13. Applichiamo solide misure di sicurezza<\/strong> La Societ\u00e0 implementa solide misure per proteggere i Dati Personali da accessi non autorizzati.<br \/>\nSolo il personale autorizzato e i fornitori di servizi con una necessit\u00e0 legittima accedono ai Dati personali.<br \/>\n\u00c8 vietato condividere i dati di accesso con terze parti.<br \/>\nPrecauzioni rigorose proteggono da perdita, furto, uso improprio, alterazione o distruzione dei Dati personali.<\/p>\n<p><strong>14. La Societ\u00e0 si<\/strong> riserva il diritto di modificare periodicamente la presente Informativa sulla privacy.<br \/>\nVisita il nostro sito web per conoscere la versione pi\u00f9 recente.<br \/>\nUtilizzando il sito web dopo la pubblicazione delle modifiche, l&#8217;utente accetta tali modifiche.<\/p>\n<p>Ultimo aggiornamento: 6\/2\/2024.<br \/>\nCopyright \u00a9 2024 Traderscale.<br \/>\nTutti i diritti riservati.<\/p>\n","protected":false},"excerpt":{"rendered":"<p>1. Introduzione: La presente Informativa sulla privacy (&#8220;Informativa&#8221;) riguarda Tradelytic FCZO, che opera come Traderscale.com (&#8220;noi&#8221;, &#8220;nostro&#8221; o la &#8220;Societ\u00e0&#8221;). La presente Informativa illustra le modalit\u00e0 con cui l&#8217;Azienda raccoglie, conserva, utilizza e divulga i dati personali dei propri clienti (&#8220;tu&#8221;, &#8220;tuo&#8221; o &#8220;Cliente&#8221;). Si applica sia ai clienti esistenti che a quelli potenziali, nonch\u00e9 [&hellip;]<\/p>\n","protected":false},"author":1,"featured_media":0,"parent":0,"menu_order":0,"comment_status":"closed","ping_status":"closed","template":"page-new.php","meta":{"_acf_changed":false,"om_disable_all_campaigns":false,"footnotes":""},"class_list":["post-7134","page","type-page","status-publish","hentry"],"acf":[],"yoast_head":"<!-- This site is optimized with the Yoast SEO plugin v27.4 - https:\/\/yoast.com\/product\/yoast-seo-wordpress\/ -->\n<title>Informativa sulla privacy - Accelerate Your Financial Journey with a Fully Funded Trading Account<\/title>\n<meta name=\"robots\" content=\"index, follow, max-snippet:-1, max-image-preview:large, max-video-preview:-1\" \/>\n<link rel=\"canonical\" href=\"https:\/\/www.traderscale.com\/it\/informativa-sulla-privacy\/\" \/>\n<meta property=\"og:locale\" content=\"it_IT\" \/>\n<meta property=\"og:type\" content=\"article\" \/>\n<meta property=\"og:title\" content=\"Informativa sulla privacy - Accelerate Your Financial Journey with a Fully Funded Trading Account\" \/>\n<meta property=\"og:description\" content=\"1. Introduzione: La presente Informativa sulla privacy (&#8220;Informativa&#8221;) riguarda Tradelytic FCZO, che opera come Traderscale.com (&#8220;noi&#8221;, &#8220;nostro&#8221; o la &#8220;Societ\u00e0&#8221;). La presente Informativa illustra le modalit\u00e0 con cui l&#8217;Azienda raccoglie, conserva, utilizza e divulga i dati personali dei propri clienti (&#8220;tu&#8221;, &#8220;tuo&#8221; o &#8220;Cliente&#8221;). Si applica sia ai clienti esistenti che a quelli potenziali, nonch\u00e9 [&hellip;]\" \/>\n<meta property=\"og:url\" content=\"https:\/\/www.traderscale.com\/it\/informativa-sulla-privacy\/\" \/>\n<meta property=\"og:site_name\" content=\"Accelerate Your Financial Journey with a Fully Funded Trading Account\" \/>\n<meta property=\"article:publisher\" content=\"https:\/\/www.facebook.com\/profile.php?id=61556992185100#\" \/>\n<meta property=\"article:modified_time\" content=\"2024-09-19T06:12:56+00:00\" \/>\n<meta name=\"twitter:card\" content=\"summary_large_image\" \/>\n<meta name=\"twitter:label1\" content=\"Tempo di lettura stimato\" \/>\n\t<meta name=\"twitter:data1\" content=\"7 minuti\" \/>\n<script type=\"application\/ld+json\" class=\"yoast-schema-graph\">{\"@context\":\"https:\\\/\\\/schema.org\",\"@graph\":[{\"@type\":\"WebPage\",\"@id\":\"https:\\\/\\\/www.traderscale.com\\\/it\\\/informativa-sulla-privacy\\\/\",\"url\":\"https:\\\/\\\/www.traderscale.com\\\/it\\\/informativa-sulla-privacy\\\/\",\"name\":\"Informativa sulla privacy - Accelerate Your Financial Journey with a Fully Funded Trading Account\",\"isPartOf\":{\"@id\":\"https:\\\/\\\/www.traderscale.com\\\/it\\\/#website\"},\"datePublished\":\"2024-02-06T15:03:28+00:00\",\"dateModified\":\"2024-09-19T06:12:56+00:00\",\"breadcrumb\":{\"@id\":\"https:\\\/\\\/www.traderscale.com\\\/it\\\/informativa-sulla-privacy\\\/#breadcrumb\"},\"inLanguage\":\"it-IT\",\"potentialAction\":[{\"@type\":\"ReadAction\",\"target\":[\"https:\\\/\\\/www.traderscale.com\\\/it\\\/informativa-sulla-privacy\\\/\"]}]},{\"@type\":\"BreadcrumbList\",\"@id\":\"https:\\\/\\\/www.traderscale.com\\\/it\\\/informativa-sulla-privacy\\\/#breadcrumb\",\"itemListElement\":[{\"@type\":\"ListItem\",\"position\":1,\"name\":\"Home\",\"item\":\"https:\\\/\\\/www.traderscale.com\\\/it\\\/casa-2025\\\/\"},{\"@type\":\"ListItem\",\"position\":2,\"name\":\"Informativa sulla privacy\"}]},{\"@type\":\"WebSite\",\"@id\":\"https:\\\/\\\/www.traderscale.com\\\/it\\\/#website\",\"url\":\"https:\\\/\\\/www.traderscale.com\\\/it\\\/\",\"name\":\"Traderscale\",\"description\":\"\",\"publisher\":{\"@id\":\"https:\\\/\\\/www.traderscale.com\\\/it\\\/#organization\"},\"potentialAction\":[{\"@type\":\"SearchAction\",\"target\":{\"@type\":\"EntryPoint\",\"urlTemplate\":\"https:\\\/\\\/www.traderscale.com\\\/it\\\/?s={search_term_string}\"},\"query-input\":{\"@type\":\"PropertyValueSpecification\",\"valueRequired\":true,\"valueName\":\"search_term_string\"}}],\"inLanguage\":\"it-IT\"},{\"@type\":\"Organization\",\"@id\":\"https:\\\/\\\/www.traderscale.com\\\/it\\\/#organization\",\"name\":\"Traderscale\",\"url\":\"https:\\\/\\\/www.traderscale.com\\\/it\\\/\",\"logo\":{\"@type\":\"ImageObject\",\"inLanguage\":\"it-IT\",\"@id\":\"https:\\\/\\\/www.traderscale.com\\\/it\\\/#\\\/schema\\\/logo\\\/image\\\/\",\"url\":\"https:\\\/\\\/www.traderscale.com\\\/wp-content\\\/uploads\\\/2025\\\/04\\\/dark.png\",\"contentUrl\":\"https:\\\/\\\/www.traderscale.com\\\/wp-content\\\/uploads\\\/2025\\\/04\\\/dark.png\",\"width\":240,\"height\":161,\"caption\":\"Traderscale\"},\"image\":{\"@id\":\"https:\\\/\\\/www.traderscale.com\\\/it\\\/#\\\/schema\\\/logo\\\/image\\\/\"},\"sameAs\":[\"https:\\\/\\\/www.facebook.com\\\/profile.php?id=61556992185100#\",\"https:\\\/\\\/www.youtube.com\\\/@Traderscale_com\\\/videos\",\"https:\\\/\\\/www.instagram.com\\\/traderscalepro\\\/\"]}]}<\/script>\n<!-- \/ Yoast SEO plugin. -->","yoast_head_json":{"title":"Informativa sulla privacy - Accelerate Your Financial Journey with a Fully Funded Trading Account","robots":{"index":"index","follow":"follow","max-snippet":"max-snippet:-1","max-image-preview":"max-image-preview:large","max-video-preview":"max-video-preview:-1"},"canonical":"https:\/\/www.traderscale.com\/it\/informativa-sulla-privacy\/","og_locale":"it_IT","og_type":"article","og_title":"Informativa sulla privacy - Accelerate Your Financial Journey with a Fully Funded Trading Account","og_description":"1. Introduzione: La presente Informativa sulla privacy (&#8220;Informativa&#8221;) riguarda Tradelytic FCZO, che opera come Traderscale.com (&#8220;noi&#8221;, &#8220;nostro&#8221; o la &#8220;Societ\u00e0&#8221;). La presente Informativa illustra le modalit\u00e0 con cui l&#8217;Azienda raccoglie, conserva, utilizza e divulga i dati personali dei propri clienti (&#8220;tu&#8221;, &#8220;tuo&#8221; o &#8220;Cliente&#8221;). Si applica sia ai clienti esistenti che a quelli potenziali, nonch\u00e9 [&hellip;]","og_url":"https:\/\/www.traderscale.com\/it\/informativa-sulla-privacy\/","og_site_name":"Accelerate Your Financial Journey with a Fully Funded Trading Account","article_publisher":"https:\/\/www.facebook.com\/profile.php?id=61556992185100#","article_modified_time":"2024-09-19T06:12:56+00:00","twitter_card":"summary_large_image","twitter_misc":{"Tempo di lettura stimato":"7 minuti"},"schema":{"@context":"https:\/\/schema.org","@graph":[{"@type":"WebPage","@id":"https:\/\/www.traderscale.com\/it\/informativa-sulla-privacy\/","url":"https:\/\/www.traderscale.com\/it\/informativa-sulla-privacy\/","name":"Informativa sulla privacy - Accelerate Your Financial Journey with a Fully Funded Trading Account","isPartOf":{"@id":"https:\/\/www.traderscale.com\/it\/#website"},"datePublished":"2024-02-06T15:03:28+00:00","dateModified":"2024-09-19T06:12:56+00:00","breadcrumb":{"@id":"https:\/\/www.traderscale.com\/it\/informativa-sulla-privacy\/#breadcrumb"},"inLanguage":"it-IT","potentialAction":[{"@type":"ReadAction","target":["https:\/\/www.traderscale.com\/it\/informativa-sulla-privacy\/"]}]},{"@type":"BreadcrumbList","@id":"https:\/\/www.traderscale.com\/it\/informativa-sulla-privacy\/#breadcrumb","itemListElement":[{"@type":"ListItem","position":1,"name":"Home","item":"https:\/\/www.traderscale.com\/it\/casa-2025\/"},{"@type":"ListItem","position":2,"name":"Informativa sulla privacy"}]},{"@type":"WebSite","@id":"https:\/\/www.traderscale.com\/it\/#website","url":"https:\/\/www.traderscale.com\/it\/","name":"Traderscale","description":"","publisher":{"@id":"https:\/\/www.traderscale.com\/it\/#organization"},"potentialAction":[{"@type":"SearchAction","target":{"@type":"EntryPoint","urlTemplate":"https:\/\/www.traderscale.com\/it\/?s={search_term_string}"},"query-input":{"@type":"PropertyValueSpecification","valueRequired":true,"valueName":"search_term_string"}}],"inLanguage":"it-IT"},{"@type":"Organization","@id":"https:\/\/www.traderscale.com\/it\/#organization","name":"Traderscale","url":"https:\/\/www.traderscale.com\/it\/","logo":{"@type":"ImageObject","inLanguage":"it-IT","@id":"https:\/\/www.traderscale.com\/it\/#\/schema\/logo\/image\/","url":"https:\/\/www.traderscale.com\/wp-content\/uploads\/2025\/04\/dark.png","contentUrl":"https:\/\/www.traderscale.com\/wp-content\/uploads\/2025\/04\/dark.png","width":240,"height":161,"caption":"Traderscale"},"image":{"@id":"https:\/\/www.traderscale.com\/it\/#\/schema\/logo\/image\/"},"sameAs":["https:\/\/www.facebook.com\/profile.php?id=61556992185100#","https:\/\/www.youtube.com\/@Traderscale_com\/videos","https:\/\/www.instagram.com\/traderscalepro\/"]}]}},"_links":{"self":[{"href":"https:\/\/www.traderscale.com\/it\/wp-json\/wp\/v2\/pages\/7134","targetHints":{"allow":["GET"]}}],"collection":[{"href":"https:\/\/www.traderscale.com\/it\/wp-json\/wp\/v2\/pages"}],"about":[{"href":"https:\/\/www.traderscale.com\/it\/wp-json\/wp\/v2\/types\/page"}],"author":[{"embeddable":true,"href":"https:\/\/www.traderscale.com\/it\/wp-json\/wp\/v2\/users\/1"}],"replies":[{"embeddable":true,"href":"https:\/\/www.traderscale.com\/it\/wp-json\/wp\/v2\/comments?post=7134"}],"version-history":[{"count":3,"href":"https:\/\/www.traderscale.com\/it\/wp-json\/wp\/v2\/pages\/7134\/revisions"}],"predecessor-version":[{"id":7390,"href":"https:\/\/www.traderscale.com\/it\/wp-json\/wp\/v2\/pages\/7134\/revisions\/7390"}],"wp:attachment":[{"href":"https:\/\/www.traderscale.com\/it\/wp-json\/wp\/v2\/media?parent=7134"}],"curies":[{"name":"wp","href":"https:\/\/api.w.org\/{rel}","templated":true}]}}