{"id":22045,"date":"2024-11-23T03:07:44","date_gmt":"2024-11-23T08:07:44","guid":{"rendered":"https:\/\/www.traderscale.com\/pagamenti\/"},"modified":"2024-11-23T03:07:44","modified_gmt":"2024-11-23T08:07:44","slug":"pagamenti","status":"publish","type":"page","link":"https:\/\/www.traderscale.com\/it\/pagamenti\/","title":{"rendered":"Pagamenti"},"content":{"rendered":"<p>Recentemente abbiamo ricevuto alcune recensioni negative da parte di <strong> trader che ci etichettano come una truffa<\/strong>. Molte di queste affermazioni derivano da un&#8217;incomprensione delle nostre regole di trading, da una scarsa conoscenza del trading o da un gioco d&#8217;azzardo rischioso piuttosto che da un trading responsabile. <\/p>\n<p>Prendiamo queste accuse molto seriamente, perch\u00e9 ci impegniamo a costruire una societ\u00e0 di prop trading affidabile in un settore in cui la trasparenza non \u00e8 sempre lo standard.<\/p>\n<p><strong>Per dimostrare il nostro impegno<\/strong> verso la legittimit\u00e0, abbiamo implementato misure per rendere i nostri pagamenti completamente tracciabili e verificabili.<\/p>\n<p>I nostri pagamenti utilizzano <strong> RISE e USDT, due metodi sicuri<\/strong> che sfruttano la tecnologia blockchain. Ci\u00f2 significa che ogni transazione \u00e8 registrata, visibile e non pu\u00f2 essere alterata, offrendoti una totale trasparenza e tranquillit\u00e0. <\/p>\n<p>Inoltre, grazie al nostro <strong>sistema blockchain<\/strong> puoi seguire in tempo reale ogni pagamento che effettuiamo.<\/p>\n<p>Quindi non fidarti solo della nostra parola per gli incredibili guadagni che i nostri trader ricevono: controlla tu stesso!<\/p>\n<h4 class=\"contenttitle\">Sperimenta pagamenti reali e verificati e inizia il tuo viaggio oggi stesso!<\/h4>\n","protected":false},"excerpt":{"rendered":"<p>Recentemente abbiamo ricevuto alcune recensioni negative da parte di trader che ci etichettano come una truffa. Molte di queste affermazioni derivano da un&#8217;incomprensione delle nostre regole di trading, da una scarsa conoscenza del trading o da un gioco d&#8217;azzardo rischioso piuttosto che da un trading responsabile. Prendiamo queste accuse molto seriamente, perch\u00e9 ci impegniamo a [&hellip;]<\/p>\n","protected":false},"author":526,"featured_media":0,"parent":0,"menu_order":0,"comment_status":"closed","ping_status":"closed","template":"page-why.php","meta":{"_acf_changed":false,"om_disable_all_campaigns":false,"footnotes":""},"class_list":["post-22045","page","type-page","status-publish","hentry"],"acf":[],"yoast_head":"<!-- This site is optimized with the Yoast SEO plugin v27.3 - https:\/\/yoast.com\/product\/yoast-seo-wordpress\/ -->\n<title>Pagamenti - Accelerate Your Financial Journey with a Fully Funded Trading Account<\/title>\n<meta name=\"robots\" content=\"index, follow, max-snippet:-1, max-image-preview:large, max-video-preview:-1\" \/>\n<link rel=\"canonical\" href=\"https:\/\/www.traderscale.com\/it\/pagamenti\/\" \/>\n<meta property=\"og:locale\" content=\"it_IT\" \/>\n<meta property=\"og:type\" content=\"article\" \/>\n<meta property=\"og:title\" content=\"Pagamenti - Accelerate Your Financial Journey with a Fully Funded Trading Account\" \/>\n<meta property=\"og:description\" content=\"Recentemente abbiamo ricevuto alcune recensioni negative da parte di trader che ci etichettano come una truffa. Molte di queste affermazioni derivano da un&#8217;incomprensione delle nostre regole di trading, da una scarsa conoscenza del trading o da un gioco d&#8217;azzardo rischioso piuttosto che da un trading responsabile. Prendiamo queste accuse molto seriamente, perch\u00e9 ci impegniamo a [&hellip;]\" \/>\n<meta property=\"og:url\" content=\"https:\/\/www.traderscale.com\/it\/pagamenti\/\" \/>\n<meta property=\"og:site_name\" content=\"Accelerate Your Financial Journey with a Fully Funded Trading Account\" \/>\n<meta property=\"article:publisher\" content=\"https:\/\/www.facebook.com\/profile.php?id=61556992185100#\" \/>\n<meta name=\"twitter:card\" content=\"summary_large_image\" \/>\n<meta name=\"twitter:label1\" content=\"Tempo di lettura stimato\" \/>\n\t<meta name=\"twitter:data1\" content=\"1 minuto\" \/>\n<script type=\"application\/ld+json\" class=\"yoast-schema-graph\">{\"@context\":\"https:\\\/\\\/schema.org\",\"@graph\":[{\"@type\":\"WebPage\",\"@id\":\"https:\\\/\\\/www.traderscale.com\\\/it\\\/pagamenti\\\/\",\"url\":\"https:\\\/\\\/www.traderscale.com\\\/it\\\/pagamenti\\\/\",\"name\":\"Pagamenti - Accelerate Your Financial Journey with a Fully Funded Trading Account\",\"isPartOf\":{\"@id\":\"https:\\\/\\\/www.traderscale.com\\\/it\\\/#website\"},\"datePublished\":\"2024-11-23T08:07:44+00:00\",\"breadcrumb\":{\"@id\":\"https:\\\/\\\/www.traderscale.com\\\/it\\\/pagamenti\\\/#breadcrumb\"},\"inLanguage\":\"it-IT\",\"potentialAction\":[{\"@type\":\"ReadAction\",\"target\":[\"https:\\\/\\\/www.traderscale.com\\\/it\\\/pagamenti\\\/\"]}]},{\"@type\":\"BreadcrumbList\",\"@id\":\"https:\\\/\\\/www.traderscale.com\\\/it\\\/pagamenti\\\/#breadcrumb\",\"itemListElement\":[{\"@type\":\"ListItem\",\"position\":1,\"name\":\"Home\",\"item\":\"https:\\\/\\\/www.traderscale.com\\\/it\\\/casa-2025\\\/\"},{\"@type\":\"ListItem\",\"position\":2,\"name\":\"Pagamenti\"}]},{\"@type\":\"WebSite\",\"@id\":\"https:\\\/\\\/www.traderscale.com\\\/it\\\/#website\",\"url\":\"https:\\\/\\\/www.traderscale.com\\\/it\\\/\",\"name\":\"Traderscale\",\"description\":\"\",\"publisher\":{\"@id\":\"https:\\\/\\\/www.traderscale.com\\\/it\\\/#organization\"},\"potentialAction\":[{\"@type\":\"SearchAction\",\"target\":{\"@type\":\"EntryPoint\",\"urlTemplate\":\"https:\\\/\\\/www.traderscale.com\\\/it\\\/?s={search_term_string}\"},\"query-input\":{\"@type\":\"PropertyValueSpecification\",\"valueRequired\":true,\"valueName\":\"search_term_string\"}}],\"inLanguage\":\"it-IT\"},{\"@type\":\"Organization\",\"@id\":\"https:\\\/\\\/www.traderscale.com\\\/it\\\/#organization\",\"name\":\"Traderscale\",\"url\":\"https:\\\/\\\/www.traderscale.com\\\/it\\\/\",\"logo\":{\"@type\":\"ImageObject\",\"inLanguage\":\"it-IT\",\"@id\":\"https:\\\/\\\/www.traderscale.com\\\/it\\\/#\\\/schema\\\/logo\\\/image\\\/\",\"url\":\"https:\\\/\\\/www.traderscale.com\\\/wp-content\\\/uploads\\\/2025\\\/04\\\/dark.png\",\"contentUrl\":\"https:\\\/\\\/www.traderscale.com\\\/wp-content\\\/uploads\\\/2025\\\/04\\\/dark.png\",\"width\":240,\"height\":161,\"caption\":\"Traderscale\"},\"image\":{\"@id\":\"https:\\\/\\\/www.traderscale.com\\\/it\\\/#\\\/schema\\\/logo\\\/image\\\/\"},\"sameAs\":[\"https:\\\/\\\/www.facebook.com\\\/profile.php?id=61556992185100#\",\"https:\\\/\\\/www.youtube.com\\\/@Traderscale_com\\\/videos\",\"https:\\\/\\\/www.instagram.com\\\/traderscalepro\\\/\"]}]}<\/script>\n<!-- \/ Yoast SEO plugin. -->","yoast_head_json":{"title":"Pagamenti - Accelerate Your Financial Journey with a Fully Funded Trading Account","robots":{"index":"index","follow":"follow","max-snippet":"max-snippet:-1","max-image-preview":"max-image-preview:large","max-video-preview":"max-video-preview:-1"},"canonical":"https:\/\/www.traderscale.com\/it\/pagamenti\/","og_locale":"it_IT","og_type":"article","og_title":"Pagamenti - Accelerate Your Financial Journey with a Fully Funded Trading Account","og_description":"Recentemente abbiamo ricevuto alcune recensioni negative da parte di trader che ci etichettano come una truffa. Molte di queste affermazioni derivano da un&#8217;incomprensione delle nostre regole di trading, da una scarsa conoscenza del trading o da un gioco d&#8217;azzardo rischioso piuttosto che da un trading responsabile. Prendiamo queste accuse molto seriamente, perch\u00e9 ci impegniamo a [&hellip;]","og_url":"https:\/\/www.traderscale.com\/it\/pagamenti\/","og_site_name":"Accelerate Your Financial Journey with a Fully Funded Trading Account","article_publisher":"https:\/\/www.facebook.com\/profile.php?id=61556992185100#","twitter_card":"summary_large_image","twitter_misc":{"Tempo di lettura stimato":"1 minuto"},"schema":{"@context":"https:\/\/schema.org","@graph":[{"@type":"WebPage","@id":"https:\/\/www.traderscale.com\/it\/pagamenti\/","url":"https:\/\/www.traderscale.com\/it\/pagamenti\/","name":"Pagamenti - Accelerate Your Financial Journey with a Fully Funded Trading Account","isPartOf":{"@id":"https:\/\/www.traderscale.com\/it\/#website"},"datePublished":"2024-11-23T08:07:44+00:00","breadcrumb":{"@id":"https:\/\/www.traderscale.com\/it\/pagamenti\/#breadcrumb"},"inLanguage":"it-IT","potentialAction":[{"@type":"ReadAction","target":["https:\/\/www.traderscale.com\/it\/pagamenti\/"]}]},{"@type":"BreadcrumbList","@id":"https:\/\/www.traderscale.com\/it\/pagamenti\/#breadcrumb","itemListElement":[{"@type":"ListItem","position":1,"name":"Home","item":"https:\/\/www.traderscale.com\/it\/casa-2025\/"},{"@type":"ListItem","position":2,"name":"Pagamenti"}]},{"@type":"WebSite","@id":"https:\/\/www.traderscale.com\/it\/#website","url":"https:\/\/www.traderscale.com\/it\/","name":"Traderscale","description":"","publisher":{"@id":"https:\/\/www.traderscale.com\/it\/#organization"},"potentialAction":[{"@type":"SearchAction","target":{"@type":"EntryPoint","urlTemplate":"https:\/\/www.traderscale.com\/it\/?s={search_term_string}"},"query-input":{"@type":"PropertyValueSpecification","valueRequired":true,"valueName":"search_term_string"}}],"inLanguage":"it-IT"},{"@type":"Organization","@id":"https:\/\/www.traderscale.com\/it\/#organization","name":"Traderscale","url":"https:\/\/www.traderscale.com\/it\/","logo":{"@type":"ImageObject","inLanguage":"it-IT","@id":"https:\/\/www.traderscale.com\/it\/#\/schema\/logo\/image\/","url":"https:\/\/www.traderscale.com\/wp-content\/uploads\/2025\/04\/dark.png","contentUrl":"https:\/\/www.traderscale.com\/wp-content\/uploads\/2025\/04\/dark.png","width":240,"height":161,"caption":"Traderscale"},"image":{"@id":"https:\/\/www.traderscale.com\/it\/#\/schema\/logo\/image\/"},"sameAs":["https:\/\/www.facebook.com\/profile.php?id=61556992185100#","https:\/\/www.youtube.com\/@Traderscale_com\/videos","https:\/\/www.instagram.com\/traderscalepro\/"]}]}},"_links":{"self":[{"href":"https:\/\/www.traderscale.com\/it\/wp-json\/wp\/v2\/pages\/22045","targetHints":{"allow":["GET"]}}],"collection":[{"href":"https:\/\/www.traderscale.com\/it\/wp-json\/wp\/v2\/pages"}],"about":[{"href":"https:\/\/www.traderscale.com\/it\/wp-json\/wp\/v2\/types\/page"}],"author":[{"embeddable":true,"href":"https:\/\/www.traderscale.com\/it\/wp-json\/wp\/v2\/users\/526"}],"replies":[{"embeddable":true,"href":"https:\/\/www.traderscale.com\/it\/wp-json\/wp\/v2\/comments?post=22045"}],"version-history":[{"count":0,"href":"https:\/\/www.traderscale.com\/it\/wp-json\/wp\/v2\/pages\/22045\/revisions"}],"wp:attachment":[{"href":"https:\/\/www.traderscale.com\/it\/wp-json\/wp\/v2\/media?parent=22045"}],"curies":[{"name":"wp","href":"https:\/\/api.w.org\/{rel}","templated":true}]}}