{"id":7131,"date":"2024-02-06T10:03:28","date_gmt":"2024-02-06T15:03:28","guid":{"rendered":"https:\/\/www.traderscale.com\/politique-de-confidentialite\/"},"modified":"2024-09-19T01:06:01","modified_gmt":"2024-09-19T06:06:01","slug":"politique-de-confidentialite","status":"publish","type":"page","link":"https:\/\/www.traderscale.com\/fr\/politique-de-confidentialite\/","title":{"rendered":"Politique de confidentialit\u00e9"},"content":{"rendered":"<p><strong>1. Introduction :<\/strong> Cette politique de confidentialit\u00e9 (&#8220;Politique&#8221;) concerne Tradelytic FCZO, qui op\u00e8re sous le nom de Traderscale.com (&#8220;nous&#8221;, &#8220;notre&#8221; ou la &#8220;Soci\u00e9t\u00e9&#8221;). Cette politique explique comment la soci\u00e9t\u00e9 recueille, conserve, utilise et divulgue les informations personnelles concernant nos clients (&#8220;vous&#8221;, &#8220;votre&#8221; ou le &#8220;client&#8221;). Elle s&#8217;applique aux clients existants et potentiels, ainsi qu&#8217;\u00e0 tous les visiteurs du site web de la soci\u00e9t\u00e9. Nous agissons en tant que responsables du traitement des donn\u00e9es conform\u00e9ment \u00e0 la l\u00e9gislation sur la protection des donn\u00e9es. La Soci\u00e9t\u00e9 s&#8217;engage \u00e0 pr\u00e9server la confidentialit\u00e9 de toutes les donn\u00e9es personnelles, telles que d\u00e9finies dans le pr\u00e9sent document, que vous lui fournissez, y compris les informations obtenues lors de vos visites sur le pr\u00e9sent site web. La pr\u00e9sente politique doit \u00eatre lue conjointement avec nos conditions g\u00e9n\u00e9rales, disponibles sur notre site web \u00e0 l&#8217;adresse <a href=\"http:\/\/www.traderscale.com\/\" target=\"_new\" rel=\"noopener\">www.traderscale.com<\/a> (&#8220;site web&#8221;), et tout autre accord fourni.<\/p>\n<p><strong>2. Quelles donn\u00e9es personnelles recueillons-nous et comment ?<\/strong> La Soci\u00e9t\u00e9 recueille et conserve des donn\u00e9es personnelles vous concernant lorsque vous remplissez une demande en ligne pour un compte r\u00e9el ou de d\u00e9monstration ou apr\u00e8s avoir particip\u00e9 avec succ\u00e8s \u00e0 des d\u00e9fis propos\u00e9s sur notre site Web. Nous collectons des donn\u00e9es personnelles sp\u00e9cifiques afin de r\u00e9pondre efficacement aux besoins de nos clients et d&#8217;am\u00e9liorer nos services. Les &#8220;donn\u00e9es personnelles&#8221; font r\u00e9f\u00e9rence aux informations personnelles que vous nous fournissez directement ou aux donn\u00e9es que nous collectons lorsque nous vous fournissons des services et par le biais de votre utilisation de notre site web. Nous adh\u00e9rons aux pratiques mondiales en mati\u00e8re de protection des donn\u00e9es. Les donn\u00e9es personnelles collect\u00e9es incluent, mais ne sont pas limit\u00e9es \u00e0 :<\/p>\n<ul>\n<li>Les informations que vous fournissez, telles que le nom, l&#8217;adresse, la date de naissance, le num\u00e9ro de t\u00e9l\u00e9phone, l&#8217;adresse \u00e9lectronique, les documents de v\u00e9rification de l&#8217;identit\u00e9 (par exemple, le passeport et la carte d&#8217;identit\u00e9), les factures de services publics, les relev\u00e9s bancaires ou les d\u00e9tails de la constitution de la soci\u00e9t\u00e9, les informations financi\u00e8res telles que le revenu annuel estim\u00e9 et la valeur nette, l&#8217;exp\u00e9rience en mati\u00e8re de n\u00e9gociation et les connaissances en mati\u00e8re d&#8217;investissement.<\/li>\n<li>Donn\u00e9es collect\u00e9es automatiquement lorsque vous utilisez nos services, y compris les adresses IP, le type d&#8217;appareil, le syst\u00e8me d&#8217;exploitation, le pays de visite du site web, les d\u00e9tails de connexion et de d\u00e9connexion, les param\u00e8tres du compte, les d\u00e9fis personnalis\u00e9s, la devise, les types de transactions et les communications, qu&#8217;elles soient \u00e9lectroniques ou par t\u00e9l\u00e9phone.<\/li>\n<li>Donn\u00e9es collect\u00e9es automatiquement sur vos transactions simul\u00e9es, y compris le type de d\u00e9fi, l&#8217;instrument financier, le moment de l&#8217;ouverture ou de la fermeture des positions, le montant de l&#8217;investissement, le profit et la perte.<\/li>\n<li>Donn\u00e9es collect\u00e9es automatiquement lors de vos visites sur le site web, telles que les zones du site visit\u00e9es, les pages consult\u00e9es, la fr\u00e9quence et la dur\u00e9e des visites, et les sites web de r\u00e9f\u00e9rence.<\/li>\n<\/ul>\n<p><strong>3. Pourquoi utilisons-nous vos donn\u00e9es personnelles ?<\/strong> L&#8217;entreprise peut utiliser vos informations pour une ou plusieurs des raisons suivantes :<\/p>\n<ul>\n<li>Confirmation de votre identit\u00e9.<\/li>\n<li>Maintenir votre profil personnel.<\/li>\n<li>\u00c9valuer votre aptitude \u00e0 utiliser nos produits et services.<\/li>\n<li>Fournir les services demand\u00e9s, y compris le traitement des transactions.<\/li>\n<li>Offrir des services li\u00e9s aux transactions.<\/li>\n<li>vous informer sur les produits et services qui vous int\u00e9ressent.<\/li>\n<li>Vous tenir au courant des questions pertinentes.<\/li>\n<li>Adapter le site web \u00e0 vos besoins.<\/li>\n<li>Analyser des donn\u00e9es statistiques impersonnalis\u00e9es pour am\u00e9liorer les produits et les services.<\/li>\n<li>Administrer votre compte et surveiller sa gestion, y compris les limites de cr\u00e9dit.<\/li>\n<li>Transmettre vos donn\u00e9es personnelles \u00e0 des tiers \u00e0 des fins de marketing.<\/li>\n<\/ul>\n<p><strong><br \/>\n4. Quelle est la base l\u00e9gale du traitement de vos donn\u00e9es \u00e0 caract\u00e8re personnel ?<\/strong><\/p>\n<ul>\n<li>Pour vous fournir nos services, y compris les obligations contractuelles et le respect des obligations l\u00e9gales telles que les exigences en mati\u00e8re de &#8220;connaissance du client&#8221; et de &#8220;diligence raisonnable \u00e0 l&#8217;\u00e9gard du client&#8221;.<\/li>\n<li>Respecter les obligations l\u00e9gales, y compris la lutte contre le blanchiment d&#8217;argent, le financement du terrorisme, les services financiers et les lois sur la protection des donn\u00e9es.<\/li>\n<li>Pour sauvegarder des int\u00e9r\u00eats l\u00e9gitimes, tels que les relations avec les clients, les proc\u00e9dures de litige, le marketing direct, la pr\u00e9vention de la fraude et la s\u00e9curit\u00e9 du r\u00e9seau.<\/li>\n<li>Avec votre consentement, pour vous proposer nos produits, nos services ou les informations que vous avez demand\u00e9es.<\/li>\n<li><\/li>\n<\/ul>\n<p><strong><br \/>\n5. Combien de temps conservons-nous vos donn\u00e9es \u00e0 caract\u00e8re personnel ?<\/strong> Les donn\u00e9es \u00e0 caract\u00e8re personnel sont trait\u00e9es dans la mesure o\u00f9 elles sont n\u00e9cessaires \u00e0 la prestation de services et pour la dur\u00e9e prescrite par la loi.<br \/>\nPlus pr\u00e9cis\u00e9ment, nous conservons les donn\u00e9es \u00e0 caract\u00e8re personnel pendant au moins sept (7) ans, \u00e0 compter de la derni\u00e8re transaction ou de la fin de la relation commerciale, la date la plus tardive \u00e9tant retenue.<\/p>\n<p><strong>6. O\u00f9 et pourquoi divulguerons-nous vos donn\u00e9es personnelles ?<\/strong> La soci\u00e9t\u00e9 ne divulgue pas vos informations confidentielles \u00e0 des tiers, sauf dans les cas suivants :<\/p>\n<ul>\n<li>Exig\u00e9e par les lois, r\u00e8gles et r\u00e8glements applicables.<\/li>\n<li>N\u00e9cessaire pour des int\u00e9r\u00eats commerciaux l\u00e9gitimes, y compris les fournisseurs de services de paiement et les institutions bancaires.<\/li>\n<li>en r\u00e9ponse \u00e0 des demandes \u00e9manant d&#8217;autorit\u00e9s comp\u00e9tentes, d&#8217;organismes de r\u00e9glementation ou d&#8217;entit\u00e9s gouvernementales, ou avec votre consentement.<\/li>\n<li>Prot\u00e9ger les droits, se conformer aux d\u00e9cisions de justice, pr\u00e9venir la fraude, respecter les proc\u00e9dures l\u00e9gales ou sauvegarder la s\u00e9curit\u00e9 personnelle des utilisateurs.<\/li>\n<\/ul>\n<p>L&#8217;entreprise peut \u00e9galement divulguer vos donn\u00e9es \u00e0 caract\u00e8re personnel \u00e0 des tiers lorsque cela est n\u00e9cessaire pour :<\/p>\n<ul>\n<li>Prot\u00e9ger nos droits.<\/li>\n<li>Se conformer aux prescriptions l\u00e9gales.<\/li>\n<li>Sauvegarder les droits de l&#8217;entreprise, les sites web et les int\u00e9r\u00eats publics.<\/li>\n<li>Faites appel \u00e0 des entreprises de traitement tierces.<\/li>\n<li>Faire appel \u00e0 des fournisseurs pour des services limit\u00e9s.<\/li>\n<li>Interagir avec les institutions et organisations financi\u00e8res.<\/li>\n<li>Faire appel \u00e0 des prestataires de services externes et \u00e0 des conseillers professionnels.<\/li>\n<li>Effectuer le traitement des transactions ou des services demand\u00e9s.<\/li>\n<li>Se conformer aux exigences l\u00e9gales ou aux autorit\u00e9s.<\/li>\n<li>Fournir des donn\u00e9es statistiques aux partenaires commerciaux en garantissant l&#8217;anonymat.<\/li>\n<\/ul>\n<p><strong>7. Processeurs<\/strong> Les processeurs doivent :<\/p>\n<ul>\n<li>Informer leurs employ\u00e9s de la nature confidentielle des donn\u00e9es \u00e0 caract\u00e8re personnel.<\/li>\n<li>Traiter les donn\u00e9es \u00e0 caract\u00e8re personnel dans le respect de toutes les lois et r\u00e9glementations applicables.<\/li>\n<\/ul>\n<p>Les sous-traitants sont responsables des co\u00fbts, r\u00e9clamations, dommages ou d\u00e9penses encourus par la Soci\u00e9t\u00e9 en raison de leur manquement aux obligations d\u00e9coulant de la pr\u00e9sente politique de protection de la vie priv\u00e9e.<\/p>\n<p><strong>8. Nous pouvons transf\u00e9rer vos donn\u00e9es en dehors de l&#8217;Espace \u00e9conomique europ\u00e9en (&#8220;EEE&#8221;)<\/strong> La soci\u00e9t\u00e9 se r\u00e9serve le droit de transf\u00e9rer vos informations personnelles \u00e0 l&#8217;int\u00e9rieur ou \u00e0 l&#8217;ext\u00e9rieur de l&#8217;EEE \u00e0 des prestataires de services et \u00e0 des sous-traitants.<br \/>\nCes transferts se feront dans le respect de la loi, en garantissant la conformit\u00e9 avec les lois europ\u00e9ennes sur la protection des donn\u00e9es ou les lois sur la protection des donn\u00e9es applicables dans les pays tiers.<br \/>\nNous prenons des mesures pour garantir la s\u00e9curit\u00e9 du transfert des donn\u00e9es conform\u00e9ment \u00e0 la pr\u00e9sente politique de confidentialit\u00e9.<\/p>\n<p><strong>9. Quels sont vos droits ?<\/strong> Vous n&#8217;\u00eates pas oblig\u00e9 de fournir des donn\u00e9es personnelles \u00e0 la Soci\u00e9t\u00e9.<br \/>\nToutefois, si vous ne le faites pas, il se peut que nous ne v\u00e9rifiions pas votre compte ou que nous ne vous fournissions pas les services et produits autoris\u00e9s.<br \/>\nEn vertu de la l\u00e9gislation applicable en mati\u00e8re de protection des donn\u00e9es, vous avez le droit de :<\/p>\n<ul>\n<li>Demander l&#8217;acc\u00e8s aux donn\u00e9es personnelles que nous d\u00e9tenons \u00e0 votre sujet.<\/li>\n<li>Rectifiez toute inexactitude per\u00e7ue.<\/li>\n<li>Demander la suppression de vos donn\u00e9es \u00e0 caract\u00e8re personnel, sauf exceptions pr\u00e9vues par la loi.<\/li>\n<li>Informez-nous des modifications ou des demandes de suppression de donn\u00e9es personnelles par courrier \u00e9lectronique \u00e0 l&#8217;adresse <a target=\"_new\" rel=\"noopener\">support@traderscale.com.<\/a><\/li>\n<\/ul>\n<p>Pour toute question, plainte ou demande, contactez la soci\u00e9t\u00e9.<br \/>\nSi une plainte n&#8217;est pas r\u00e9solue, vous pouvez vous adresser au commissaire \u00e0 l&#8217;information.<\/p>\n<p><strong>10. Consentement<\/strong> En acc\u00e9dant \u00e0 ce site web, vous consentez \u00e0 ce que la Soci\u00e9t\u00e9 collecte, conserve, utilise et divulgue des donn\u00e9es personnelles conform\u00e9ment \u00e0 la pr\u00e9sente politique de confidentialit\u00e9.<\/p>\n<p><strong>11. Liens<\/strong> La pr\u00e9sente politique de confidentialit\u00e9 ne s&#8217;applique pas aux autres sites web auxquels vous pouvez acc\u00e9der par l&#8217;interm\u00e9diaire du n\u00f4tre.<br \/>\nNous vous encourageons \u00e0 examiner et \u00e0 comprendre les politiques de confidentialit\u00e9 des sites li\u00e9s.<\/p>\n<p><strong>12. Nous<\/strong> utilisons<strong>des cookies<\/strong> La Soci\u00e9t\u00e9 utilise des cookies pour recueillir des informations sur votre acc\u00e8s \u00e0 notre site web et \u00e0 nos services.<br \/>\nPour plus de d\u00e9tails, reportez-vous \u00e0 la politique de la soci\u00e9t\u00e9 en mati\u00e8re de cookies.<br \/>\nLes cookies sont de petits \u00e9l\u00e9ments d&#8217;information stock\u00e9s sur votre appareil, permettant une identification unique.<br \/>\nLa plupart des navigateurs Internet acceptent les cookies, mais vous pouvez r\u00e9gler les param\u00e8tres pour les refuser.<br \/>\nToutefois, il est recommand\u00e9 d&#8217;activer les cookies pour b\u00e9n\u00e9ficier d&#8217;une exp\u00e9rience optimale sur le site web.<\/p>\n<p><strong>13. Nous appliquons des mesures de s\u00e9curit\u00e9 rigoureuses<\/strong> La Soci\u00e9t\u00e9 met en \u0153uvre des mesures rigoureuses pour prot\u00e9ger les donn\u00e9es personnelles contre tout acc\u00e8s non autoris\u00e9.<br \/>\nSeuls le personnel autoris\u00e9 et les prestataires de services ayant un besoin l\u00e9gitime ont acc\u00e8s aux donn\u00e9es personnelles.<br \/>\nIl est interdit de partager les donn\u00e9es de connexion avec des tiers.<br \/>\nDes pr\u00e9cautions rigoureuses prot\u00e8gent contre la perte, le vol, l&#8217;utilisation abusive, l&#8217;alt\u00e9ration ou la destruction des donn\u00e9es \u00e0 caract\u00e8re personnel.<\/p>\n<p><strong>14. Nous modifierons cette<\/strong> politique La soci\u00e9t\u00e9 se r\u00e9serve le droit de r\u00e9viser p\u00e9riodiquement cette politique de confidentialit\u00e9.<\/p>\n<p>Consultez notre site web pour obtenir la derni\u00e8re version.<br \/>\nEn utilisant le site web apr\u00e8s la publication des modifications, vous acceptez ces modifications.<br \/>\nDerni\u00e8re mise \u00e0 jour le 6\/2\/2024.<br \/>\nCopyright \u00a9 2024 Traderscale.<br \/>\nTous droits r\u00e9serv\u00e9s.<\/p>\n","protected":false},"excerpt":{"rendered":"<p>1. Introduction : Cette politique de confidentialit\u00e9 (&#8220;Politique&#8221;) concerne Tradelytic FCZO, qui op\u00e8re sous le nom de Traderscale.com (&#8220;nous&#8221;, &#8220;notre&#8221; ou la &#8220;Soci\u00e9t\u00e9&#8221;). Cette politique explique comment la soci\u00e9t\u00e9 recueille, conserve, utilise et divulgue les informations personnelles concernant nos clients (&#8220;vous&#8221;, &#8220;votre&#8221; ou le &#8220;client&#8221;). Elle s&#8217;applique aux clients existants et potentiels, ainsi qu&#8217;\u00e0 tous [&hellip;]<\/p>\n","protected":false},"author":1,"featured_media":0,"parent":0,"menu_order":0,"comment_status":"closed","ping_status":"closed","template":"page-new.php","meta":{"_acf_changed":false,"om_disable_all_campaigns":false,"footnotes":""},"class_list":["post-7131","page","type-page","status-publish","hentry"],"acf":[],"yoast_head":"<!-- This site is optimized with the Yoast SEO plugin v27.3 - https:\/\/yoast.com\/product\/yoast-seo-wordpress\/ -->\n<title>Politique de confidentialit\u00e9 - Accelerate Your Financial Journey with a Fully Funded Trading Account<\/title>\n<meta name=\"robots\" content=\"index, follow, max-snippet:-1, max-image-preview:large, max-video-preview:-1\" \/>\n<link rel=\"canonical\" href=\"https:\/\/www.traderscale.com\/fr\/politique-de-confidentialite\/\" \/>\n<meta property=\"og:locale\" content=\"fr_FR\" \/>\n<meta property=\"og:type\" content=\"article\" \/>\n<meta property=\"og:title\" content=\"Politique de confidentialit\u00e9 - Accelerate Your Financial Journey with a Fully Funded Trading Account\" \/>\n<meta property=\"og:description\" content=\"1. Introduction : Cette politique de confidentialit\u00e9 (&#8220;Politique&#8221;) concerne Tradelytic FCZO, qui op\u00e8re sous le nom de Traderscale.com (&#8220;nous&#8221;, &#8220;notre&#8221; ou la &#8220;Soci\u00e9t\u00e9&#8221;). Cette politique explique comment la soci\u00e9t\u00e9 recueille, conserve, utilise et divulgue les informations personnelles concernant nos clients (&#8220;vous&#8221;, &#8220;votre&#8221; ou le &#8220;client&#8221;). Elle s&#8217;applique aux clients existants et potentiels, ainsi qu&#8217;\u00e0 tous [&hellip;]\" \/>\n<meta property=\"og:url\" content=\"https:\/\/www.traderscale.com\/fr\/politique-de-confidentialite\/\" \/>\n<meta property=\"og:site_name\" content=\"Accelerate Your Financial Journey with a Fully Funded Trading Account\" \/>\n<meta property=\"article:publisher\" content=\"https:\/\/www.facebook.com\/profile.php?id=61556992185100#\" \/>\n<meta property=\"article:modified_time\" content=\"2024-09-19T06:06:01+00:00\" \/>\n<meta name=\"twitter:card\" content=\"summary_large_image\" \/>\n<meta name=\"twitter:label1\" content=\"Dur\u00e9e de lecture estim\u00e9e\" \/>\n\t<meta name=\"twitter:data1\" content=\"9 minutes\" \/>\n<script type=\"application\/ld+json\" class=\"yoast-schema-graph\">{\"@context\":\"https:\\\/\\\/schema.org\",\"@graph\":[{\"@type\":\"WebPage\",\"@id\":\"https:\\\/\\\/www.traderscale.com\\\/fr\\\/politique-de-confidentialite\\\/\",\"url\":\"https:\\\/\\\/www.traderscale.com\\\/fr\\\/politique-de-confidentialite\\\/\",\"name\":\"Politique de confidentialit\u00e9 - Accelerate Your Financial Journey with a Fully Funded Trading Account\",\"isPartOf\":{\"@id\":\"https:\\\/\\\/www.traderscale.com\\\/fr\\\/#website\"},\"datePublished\":\"2024-02-06T15:03:28+00:00\",\"dateModified\":\"2024-09-19T06:06:01+00:00\",\"breadcrumb\":{\"@id\":\"https:\\\/\\\/www.traderscale.com\\\/fr\\\/politique-de-confidentialite\\\/#breadcrumb\"},\"inLanguage\":\"fr-FR\",\"potentialAction\":[{\"@type\":\"ReadAction\",\"target\":[\"https:\\\/\\\/www.traderscale.com\\\/fr\\\/politique-de-confidentialite\\\/\"]}]},{\"@type\":\"BreadcrumbList\",\"@id\":\"https:\\\/\\\/www.traderscale.com\\\/fr\\\/politique-de-confidentialite\\\/#breadcrumb\",\"itemListElement\":[{\"@type\":\"ListItem\",\"position\":1,\"name\":\"Home\",\"item\":\"https:\\\/\\\/www.traderscale.com\\\/fr\\\/accueil-2025\\\/\"},{\"@type\":\"ListItem\",\"position\":2,\"name\":\"Politique de confidentialit\u00e9\"}]},{\"@type\":\"WebSite\",\"@id\":\"https:\\\/\\\/www.traderscale.com\\\/fr\\\/#website\",\"url\":\"https:\\\/\\\/www.traderscale.com\\\/fr\\\/\",\"name\":\"Traderscale\",\"description\":\"\",\"publisher\":{\"@id\":\"https:\\\/\\\/www.traderscale.com\\\/fr\\\/#organization\"},\"potentialAction\":[{\"@type\":\"SearchAction\",\"target\":{\"@type\":\"EntryPoint\",\"urlTemplate\":\"https:\\\/\\\/www.traderscale.com\\\/fr\\\/?s={search_term_string}\"},\"query-input\":{\"@type\":\"PropertyValueSpecification\",\"valueRequired\":true,\"valueName\":\"search_term_string\"}}],\"inLanguage\":\"fr-FR\"},{\"@type\":\"Organization\",\"@id\":\"https:\\\/\\\/www.traderscale.com\\\/fr\\\/#organization\",\"name\":\"Traderscale\",\"url\":\"https:\\\/\\\/www.traderscale.com\\\/fr\\\/\",\"logo\":{\"@type\":\"ImageObject\",\"inLanguage\":\"fr-FR\",\"@id\":\"https:\\\/\\\/www.traderscale.com\\\/fr\\\/#\\\/schema\\\/logo\\\/image\\\/\",\"url\":\"https:\\\/\\\/www.traderscale.com\\\/wp-content\\\/uploads\\\/2025\\\/04\\\/dark.png\",\"contentUrl\":\"https:\\\/\\\/www.traderscale.com\\\/wp-content\\\/uploads\\\/2025\\\/04\\\/dark.png\",\"width\":240,\"height\":161,\"caption\":\"Traderscale\"},\"image\":{\"@id\":\"https:\\\/\\\/www.traderscale.com\\\/fr\\\/#\\\/schema\\\/logo\\\/image\\\/\"},\"sameAs\":[\"https:\\\/\\\/www.facebook.com\\\/profile.php?id=61556992185100#\",\"https:\\\/\\\/www.youtube.com\\\/@Traderscale_com\\\/videos\",\"https:\\\/\\\/www.instagram.com\\\/traderscalepro\\\/\"]}]}<\/script>\n<!-- \/ Yoast SEO plugin. -->","yoast_head_json":{"title":"Politique de confidentialit\u00e9 - Accelerate Your Financial Journey with a Fully Funded Trading Account","robots":{"index":"index","follow":"follow","max-snippet":"max-snippet:-1","max-image-preview":"max-image-preview:large","max-video-preview":"max-video-preview:-1"},"canonical":"https:\/\/www.traderscale.com\/fr\/politique-de-confidentialite\/","og_locale":"fr_FR","og_type":"article","og_title":"Politique de confidentialit\u00e9 - Accelerate Your Financial Journey with a Fully Funded Trading Account","og_description":"1. Introduction : Cette politique de confidentialit\u00e9 (&#8220;Politique&#8221;) concerne Tradelytic FCZO, qui op\u00e8re sous le nom de Traderscale.com (&#8220;nous&#8221;, &#8220;notre&#8221; ou la &#8220;Soci\u00e9t\u00e9&#8221;). Cette politique explique comment la soci\u00e9t\u00e9 recueille, conserve, utilise et divulgue les informations personnelles concernant nos clients (&#8220;vous&#8221;, &#8220;votre&#8221; ou le &#8220;client&#8221;). Elle s&#8217;applique aux clients existants et potentiels, ainsi qu&#8217;\u00e0 tous [&hellip;]","og_url":"https:\/\/www.traderscale.com\/fr\/politique-de-confidentialite\/","og_site_name":"Accelerate Your Financial Journey with a Fully Funded Trading Account","article_publisher":"https:\/\/www.facebook.com\/profile.php?id=61556992185100#","article_modified_time":"2024-09-19T06:06:01+00:00","twitter_card":"summary_large_image","twitter_misc":{"Dur\u00e9e de lecture estim\u00e9e":"9 minutes"},"schema":{"@context":"https:\/\/schema.org","@graph":[{"@type":"WebPage","@id":"https:\/\/www.traderscale.com\/fr\/politique-de-confidentialite\/","url":"https:\/\/www.traderscale.com\/fr\/politique-de-confidentialite\/","name":"Politique de confidentialit\u00e9 - Accelerate Your Financial Journey with a Fully Funded Trading Account","isPartOf":{"@id":"https:\/\/www.traderscale.com\/fr\/#website"},"datePublished":"2024-02-06T15:03:28+00:00","dateModified":"2024-09-19T06:06:01+00:00","breadcrumb":{"@id":"https:\/\/www.traderscale.com\/fr\/politique-de-confidentialite\/#breadcrumb"},"inLanguage":"fr-FR","potentialAction":[{"@type":"ReadAction","target":["https:\/\/www.traderscale.com\/fr\/politique-de-confidentialite\/"]}]},{"@type":"BreadcrumbList","@id":"https:\/\/www.traderscale.com\/fr\/politique-de-confidentialite\/#breadcrumb","itemListElement":[{"@type":"ListItem","position":1,"name":"Home","item":"https:\/\/www.traderscale.com\/fr\/accueil-2025\/"},{"@type":"ListItem","position":2,"name":"Politique de confidentialit\u00e9"}]},{"@type":"WebSite","@id":"https:\/\/www.traderscale.com\/fr\/#website","url":"https:\/\/www.traderscale.com\/fr\/","name":"Traderscale","description":"","publisher":{"@id":"https:\/\/www.traderscale.com\/fr\/#organization"},"potentialAction":[{"@type":"SearchAction","target":{"@type":"EntryPoint","urlTemplate":"https:\/\/www.traderscale.com\/fr\/?s={search_term_string}"},"query-input":{"@type":"PropertyValueSpecification","valueRequired":true,"valueName":"search_term_string"}}],"inLanguage":"fr-FR"},{"@type":"Organization","@id":"https:\/\/www.traderscale.com\/fr\/#organization","name":"Traderscale","url":"https:\/\/www.traderscale.com\/fr\/","logo":{"@type":"ImageObject","inLanguage":"fr-FR","@id":"https:\/\/www.traderscale.com\/fr\/#\/schema\/logo\/image\/","url":"https:\/\/www.traderscale.com\/wp-content\/uploads\/2025\/04\/dark.png","contentUrl":"https:\/\/www.traderscale.com\/wp-content\/uploads\/2025\/04\/dark.png","width":240,"height":161,"caption":"Traderscale"},"image":{"@id":"https:\/\/www.traderscale.com\/fr\/#\/schema\/logo\/image\/"},"sameAs":["https:\/\/www.facebook.com\/profile.php?id=61556992185100#","https:\/\/www.youtube.com\/@Traderscale_com\/videos","https:\/\/www.instagram.com\/traderscalepro\/"]}]}},"_links":{"self":[{"href":"https:\/\/www.traderscale.com\/fr\/wp-json\/wp\/v2\/pages\/7131","targetHints":{"allow":["GET"]}}],"collection":[{"href":"https:\/\/www.traderscale.com\/fr\/wp-json\/wp\/v2\/pages"}],"about":[{"href":"https:\/\/www.traderscale.com\/fr\/wp-json\/wp\/v2\/types\/page"}],"author":[{"embeddable":true,"href":"https:\/\/www.traderscale.com\/fr\/wp-json\/wp\/v2\/users\/1"}],"replies":[{"embeddable":true,"href":"https:\/\/www.traderscale.com\/fr\/wp-json\/wp\/v2\/comments?post=7131"}],"version-history":[{"count":4,"href":"https:\/\/www.traderscale.com\/fr\/wp-json\/wp\/v2\/pages\/7131\/revisions"}],"predecessor-version":[{"id":7384,"href":"https:\/\/www.traderscale.com\/fr\/wp-json\/wp\/v2\/pages\/7131\/revisions\/7384"}],"wp:attachment":[{"href":"https:\/\/www.traderscale.com\/fr\/wp-json\/wp\/v2\/media?parent=7131"}],"curies":[{"name":"wp","href":"https:\/\/api.w.org\/{rel}","templated":true}]}}