{"id":7095,"date":"2024-07-01T05:53:45","date_gmt":"2024-07-01T10:53:45","guid":{"rendered":"https:\/\/www.traderscale.com\/regles-supplementaires\/"},"modified":"2024-07-01T05:53:45","modified_gmt":"2024-07-01T10:53:45","slug":"regles-supplementaires","status":"publish","type":"page","link":"https:\/\/www.traderscale.com\/fr\/regles-supplementaires\/","title":{"rendered":"R\u00e8gles suppl\u00e9mentaires"},"content":{"rendered":"<h3><strong>Pratiques commerciales strictement interdites<\/strong><\/h3>\n<p>&nbsp;  Certaines pratiques commerciales qui exploitent notre syst\u00e8me et nos programmes sont strictement interdites, car elles violent nos conditions g\u00e9n\u00e9rales.<br \/>\nCes restrictions s&rsquo;appliquent aussi bien aux phases d&rsquo;\u00e9valuation qu&rsquo;aux comptes financ\u00e9s.   <\/p>\n<h3><strong>Pratiques commerciales interdites :<\/strong><\/h3>\n<p>&nbsp;<\/p>\n<h3><strong>La n\u00e9gociation d&rsquo;arbitrage :<\/strong><\/h3>\n<p>  Exploiter les \u00e9carts de prix ou les p\u00e9pins.<br \/>\nUn trader remarque une diff\u00e9rence de prix pour le m\u00eame actif sur deux bourses diff\u00e9rentes et r\u00e9alise des b\u00e9n\u00e9fices en achetant\/vendant sur la bourse o\u00f9 le prix est diff\u00e9rent. &nbsp;<strong>Trading \u00e0 haute fr\u00e9quence (HFT) :<\/strong> L&rsquo;utilisation d&rsquo;algorithmes sophistiqu\u00e9s pour ex\u00e9cuter des milliers de transactions en l&rsquo;espace de quelques millisecondes afin de tirer profit des petits mouvements de prix du march\u00e9. &nbsp;<strong>Strat\u00e9gie de bracketing autour des nouvelles \u00e0 fort impact :<\/strong> Placement d&rsquo;ordres d&rsquo;achat et de vente en attente juste au-dessus et au-dessous du cours actuel du march\u00e9 avant une annonce \u00e9conomique majeure.<br \/>\nL&rsquo;un des ordres est ex\u00e9cut\u00e9 apr\u00e8s la publication de la nouvelle, ce qui permet de tirer profit de la fluctuation des cours.    &nbsp;<\/p>\n<p><strong>Exploiter les erreurs du syst\u00e8me :<\/strong> Tirer parti de probl\u00e8mes techniques entra\u00eenant des cotations incorrectes sur la plateforme de n\u00e9gociation pour r\u00e9aliser des b\u00e9n\u00e9fices avant que l&rsquo;erreur ne soit corrig\u00e9e.  &nbsp;<\/p>\n<p><strong>Coordination des transactions ou Copy Trading :<\/strong> Un groupe de traders collabore pour ex\u00e9cuter des transactions coordonn\u00e9es sur plusieurs comptes, en partageant des signaux et des strat\u00e9gies afin d&rsquo;amplifier leurs profits collectifs.  &nbsp;<\/p>\n<p><strong>Les paris unilat\u00e9raux :<\/strong> Le fait de prendre syst\u00e9matiquement des positions longues sur une paire de devises donn\u00e9e sans analyse appropri\u00e9e, en croyant qu&rsquo;elle augmentera ind\u00e9finiment quelles que soient les conditions du march\u00e9.  &nbsp;<\/p>\n<p><strong>Utilisation d&rsquo;experts-conseils (EA) :<\/strong> Toute utilisation d&rsquo;EA sur un compte financ\u00e9 est interdite.  &nbsp;<\/p>\n<p><strong>Tick Scalping :<\/strong> Il s&rsquo;agit d&rsquo;un trading rapide qui consiste \u00e0 entrer et sortir de positions en quelques secondes sur la base de fluctuations mineures des prix \u00e0 chaque tic-tac du march\u00e9.  &nbsp;<\/p>\n<p><strong>Op\u00e9rations d&rsquo;arbitrage de couverture :<\/strong> Achat et vente simultan\u00e9s de la m\u00eame paire de devises sur des comptes diff\u00e9rents afin d&rsquo;exploiter des inefficacit\u00e9s temporaires en mati\u00e8re de prix.  &nbsp;<\/p>\n<p><strong>Trading d&rsquo;arbitrage inverse :<\/strong> Le comportement consiste \u00e0 risquer la totalit\u00e9 de la perte journali\u00e8re sur une transaction, ce qui indique souvent des op\u00e9rations invers\u00e9es entre entreprises.  &nbsp;<\/p>\n<p><strong>Partage ou revente de compte :<\/strong> Vendre l&rsquo;acc\u00e8s \u00e0 un compte de n\u00e9gociation financ\u00e9 \u00e0 une autre personne physique ou morale, lui permettant de n\u00e9gocier en son nom en \u00e9change d&rsquo;une commission ou d&rsquo;une participation aux b\u00e9n\u00e9fices.  &nbsp;<\/p>\n<p><strong>R\u00e8gle de coh\u00e9rence :<\/strong> si un trader n\u00e9gocie habituellement des lots de 0,5 et qu&rsquo;il commence \u00e0 n\u00e9gocier des lots de 5, cela est consid\u00e9r\u00e9 comme un \u00ab\u00a0jeu d&rsquo;argent\u00a0\u00bb.<br \/>\nLa soci\u00e9t\u00e9 examinera la taille moyenne des lots n\u00e9goci\u00e9s, et toute augmentation sup\u00e9rieure \u00e0 100 % peut entra\u00eener la suppression des b\u00e9n\u00e9fices.<br \/>\nL&rsquo;entreprise examinera \u00e9galement les temps de transaction afin d&rsquo;\u00e9viter toute manipulation (par exemple, l&rsquo;ouverture rapide de plusieurs lots). &nbsp;<strong>Cons\u00e9quences <\/strong>Les traders soup\u00e7onn\u00e9s de se livrer \u00e0 ces pratiques interdites peuvent se voir imposer diverses restrictions, telles que la r\u00e9duction de l&rsquo;effet de levier, la limitation du nombre de transactions par jour, la limitation de la taille des lots par jour, l&rsquo;abaissement des limites de pertes quotidiennes\/maximales, l&rsquo;imposition d&rsquo;une r\u00e8gle de limite de risque maximale de 1 %, la violation de comptes, voire l&rsquo;interdiction d&rsquo;exercer au sein de l&rsquo;entreprise sans remboursement.  <\/p>\n","protected":false},"excerpt":{"rendered":"<p>Pratiques commerciales strictement interdites &nbsp; Certaines pratiques commerciales qui exploitent notre syst\u00e8me et nos programmes sont strictement interdites, car elles violent nos conditions g\u00e9n\u00e9rales. Ces restrictions s&rsquo;appliquent aussi bien aux phases d&rsquo;\u00e9valuation qu&rsquo;aux comptes financ\u00e9s. Pratiques commerciales interdites : &nbsp; La n\u00e9gociation d&rsquo;arbitrage : Exploiter les \u00e9carts de prix ou les p\u00e9pins. Un trader remarque [&hellip;]<\/p>\n","protected":false},"author":1,"featured_media":0,"parent":0,"menu_order":0,"comment_status":"closed","ping_status":"closed","template":"page-new.php","meta":{"_acf_changed":false,"om_disable_all_campaigns":false,"footnotes":""},"class_list":["post-7095","page","type-page","status-publish","hentry"],"acf":[],"yoast_head":"<!-- This site is optimized with the Yoast SEO plugin v27.5 - https:\/\/yoast.com\/product\/yoast-seo-wordpress\/ -->\n<title>R\u00e8gles suppl\u00e9mentaires - Accelerate Your Financial Journey with a Fully Funded Trading Account<\/title>\n<meta name=\"robots\" content=\"index, follow, max-snippet:-1, max-image-preview:large, max-video-preview:-1\" \/>\n<link rel=\"canonical\" href=\"https:\/\/www.traderscale.com\/fr\/regles-supplementaires\/\" \/>\n<meta property=\"og:locale\" content=\"fr_FR\" \/>\n<meta property=\"og:type\" content=\"article\" \/>\n<meta property=\"og:title\" content=\"R\u00e8gles suppl\u00e9mentaires - Accelerate Your Financial Journey with a Fully Funded Trading Account\" \/>\n<meta property=\"og:description\" content=\"Pratiques commerciales strictement interdites &nbsp; Certaines pratiques commerciales qui exploitent notre syst\u00e8me et nos programmes sont strictement interdites, car elles violent nos conditions g\u00e9n\u00e9rales. Ces restrictions s&rsquo;appliquent aussi bien aux phases d&rsquo;\u00e9valuation qu&rsquo;aux comptes financ\u00e9s. Pratiques commerciales interdites : &nbsp; La n\u00e9gociation d&rsquo;arbitrage : Exploiter les \u00e9carts de prix ou les p\u00e9pins. Un trader remarque [&hellip;]\" \/>\n<meta property=\"og:url\" content=\"https:\/\/www.traderscale.com\/fr\/regles-supplementaires\/\" \/>\n<meta property=\"og:site_name\" content=\"Accelerate Your Financial Journey with a Fully Funded Trading Account\" \/>\n<meta property=\"article:publisher\" content=\"https:\/\/www.facebook.com\/profile.php?id=61556992185100#\" \/>\n<meta name=\"twitter:card\" content=\"summary_large_image\" \/>\n<meta name=\"twitter:label1\" content=\"Dur\u00e9e de lecture estim\u00e9e\" \/>\n\t<meta name=\"twitter:data1\" content=\"3 minutes\" \/>\n<script type=\"application\/ld+json\" class=\"yoast-schema-graph\">{\"@context\":\"https:\\\/\\\/schema.org\",\"@graph\":[{\"@type\":\"WebPage\",\"@id\":\"https:\\\/\\\/www.traderscale.com\\\/fr\\\/regles-supplementaires\\\/\",\"url\":\"https:\\\/\\\/www.traderscale.com\\\/fr\\\/regles-supplementaires\\\/\",\"name\":\"R\u00e8gles suppl\u00e9mentaires - Accelerate Your Financial Journey with a Fully Funded Trading Account\",\"isPartOf\":{\"@id\":\"https:\\\/\\\/www.traderscale.com\\\/fr\\\/#website\"},\"datePublished\":\"2024-07-01T10:53:45+00:00\",\"breadcrumb\":{\"@id\":\"https:\\\/\\\/www.traderscale.com\\\/fr\\\/regles-supplementaires\\\/#breadcrumb\"},\"inLanguage\":\"fr-FR\",\"potentialAction\":[{\"@type\":\"ReadAction\",\"target\":[\"https:\\\/\\\/www.traderscale.com\\\/fr\\\/regles-supplementaires\\\/\"]}]},{\"@type\":\"BreadcrumbList\",\"@id\":\"https:\\\/\\\/www.traderscale.com\\\/fr\\\/regles-supplementaires\\\/#breadcrumb\",\"itemListElement\":[{\"@type\":\"ListItem\",\"position\":1,\"name\":\"Home\",\"item\":\"https:\\\/\\\/www.traderscale.com\\\/fr\\\/accueil-2025\\\/\"},{\"@type\":\"ListItem\",\"position\":2,\"name\":\"R\u00e8gles suppl\u00e9mentaires\"}]},{\"@type\":\"WebSite\",\"@id\":\"https:\\\/\\\/www.traderscale.com\\\/fr\\\/#website\",\"url\":\"https:\\\/\\\/www.traderscale.com\\\/fr\\\/\",\"name\":\"Traderscale\",\"description\":\"\",\"publisher\":{\"@id\":\"https:\\\/\\\/www.traderscale.com\\\/fr\\\/#organization\"},\"potentialAction\":[{\"@type\":\"SearchAction\",\"target\":{\"@type\":\"EntryPoint\",\"urlTemplate\":\"https:\\\/\\\/www.traderscale.com\\\/fr\\\/?s={search_term_string}\"},\"query-input\":{\"@type\":\"PropertyValueSpecification\",\"valueRequired\":true,\"valueName\":\"search_term_string\"}}],\"inLanguage\":\"fr-FR\"},{\"@type\":\"Organization\",\"@id\":\"https:\\\/\\\/www.traderscale.com\\\/fr\\\/#organization\",\"name\":\"Traderscale\",\"url\":\"https:\\\/\\\/www.traderscale.com\\\/fr\\\/\",\"logo\":{\"@type\":\"ImageObject\",\"inLanguage\":\"fr-FR\",\"@id\":\"https:\\\/\\\/www.traderscale.com\\\/fr\\\/#\\\/schema\\\/logo\\\/image\\\/\",\"url\":\"https:\\\/\\\/www.traderscale.com\\\/wp-content\\\/uploads\\\/2025\\\/04\\\/dark.png\",\"contentUrl\":\"https:\\\/\\\/www.traderscale.com\\\/wp-content\\\/uploads\\\/2025\\\/04\\\/dark.png\",\"width\":240,\"height\":161,\"caption\":\"Traderscale\"},\"image\":{\"@id\":\"https:\\\/\\\/www.traderscale.com\\\/fr\\\/#\\\/schema\\\/logo\\\/image\\\/\"},\"sameAs\":[\"https:\\\/\\\/www.facebook.com\\\/profile.php?id=61556992185100#\",\"https:\\\/\\\/www.youtube.com\\\/@Traderscale_com\\\/videos\",\"https:\\\/\\\/www.instagram.com\\\/traderscalepro\\\/\"]}]}<\/script>\n<!-- \/ Yoast SEO plugin. -->","yoast_head_json":{"title":"R\u00e8gles suppl\u00e9mentaires - Accelerate Your Financial Journey with a Fully Funded Trading Account","robots":{"index":"index","follow":"follow","max-snippet":"max-snippet:-1","max-image-preview":"max-image-preview:large","max-video-preview":"max-video-preview:-1"},"canonical":"https:\/\/www.traderscale.com\/fr\/regles-supplementaires\/","og_locale":"fr_FR","og_type":"article","og_title":"R\u00e8gles suppl\u00e9mentaires - Accelerate Your Financial Journey with a Fully Funded Trading Account","og_description":"Pratiques commerciales strictement interdites &nbsp; Certaines pratiques commerciales qui exploitent notre syst\u00e8me et nos programmes sont strictement interdites, car elles violent nos conditions g\u00e9n\u00e9rales. Ces restrictions s&rsquo;appliquent aussi bien aux phases d&rsquo;\u00e9valuation qu&rsquo;aux comptes financ\u00e9s. Pratiques commerciales interdites : &nbsp; La n\u00e9gociation d&rsquo;arbitrage : Exploiter les \u00e9carts de prix ou les p\u00e9pins. Un trader remarque [&hellip;]","og_url":"https:\/\/www.traderscale.com\/fr\/regles-supplementaires\/","og_site_name":"Accelerate Your Financial Journey with a Fully Funded Trading Account","article_publisher":"https:\/\/www.facebook.com\/profile.php?id=61556992185100#","twitter_card":"summary_large_image","twitter_misc":{"Dur\u00e9e de lecture estim\u00e9e":"3 minutes"},"schema":{"@context":"https:\/\/schema.org","@graph":[{"@type":"WebPage","@id":"https:\/\/www.traderscale.com\/fr\/regles-supplementaires\/","url":"https:\/\/www.traderscale.com\/fr\/regles-supplementaires\/","name":"R\u00e8gles suppl\u00e9mentaires - Accelerate Your Financial Journey with a Fully Funded Trading Account","isPartOf":{"@id":"https:\/\/www.traderscale.com\/fr\/#website"},"datePublished":"2024-07-01T10:53:45+00:00","breadcrumb":{"@id":"https:\/\/www.traderscale.com\/fr\/regles-supplementaires\/#breadcrumb"},"inLanguage":"fr-FR","potentialAction":[{"@type":"ReadAction","target":["https:\/\/www.traderscale.com\/fr\/regles-supplementaires\/"]}]},{"@type":"BreadcrumbList","@id":"https:\/\/www.traderscale.com\/fr\/regles-supplementaires\/#breadcrumb","itemListElement":[{"@type":"ListItem","position":1,"name":"Home","item":"https:\/\/www.traderscale.com\/fr\/accueil-2025\/"},{"@type":"ListItem","position":2,"name":"R\u00e8gles suppl\u00e9mentaires"}]},{"@type":"WebSite","@id":"https:\/\/www.traderscale.com\/fr\/#website","url":"https:\/\/www.traderscale.com\/fr\/","name":"Traderscale","description":"","publisher":{"@id":"https:\/\/www.traderscale.com\/fr\/#organization"},"potentialAction":[{"@type":"SearchAction","target":{"@type":"EntryPoint","urlTemplate":"https:\/\/www.traderscale.com\/fr\/?s={search_term_string}"},"query-input":{"@type":"PropertyValueSpecification","valueRequired":true,"valueName":"search_term_string"}}],"inLanguage":"fr-FR"},{"@type":"Organization","@id":"https:\/\/www.traderscale.com\/fr\/#organization","name":"Traderscale","url":"https:\/\/www.traderscale.com\/fr\/","logo":{"@type":"ImageObject","inLanguage":"fr-FR","@id":"https:\/\/www.traderscale.com\/fr\/#\/schema\/logo\/image\/","url":"https:\/\/www.traderscale.com\/wp-content\/uploads\/2025\/04\/dark.png","contentUrl":"https:\/\/www.traderscale.com\/wp-content\/uploads\/2025\/04\/dark.png","width":240,"height":161,"caption":"Traderscale"},"image":{"@id":"https:\/\/www.traderscale.com\/fr\/#\/schema\/logo\/image\/"},"sameAs":["https:\/\/www.facebook.com\/profile.php?id=61556992185100#","https:\/\/www.youtube.com\/@Traderscale_com\/videos","https:\/\/www.instagram.com\/traderscalepro\/"]}]}},"_links":{"self":[{"href":"https:\/\/www.traderscale.com\/fr\/wp-json\/wp\/v2\/pages\/7095","targetHints":{"allow":["GET"]}}],"collection":[{"href":"https:\/\/www.traderscale.com\/fr\/wp-json\/wp\/v2\/pages"}],"about":[{"href":"https:\/\/www.traderscale.com\/fr\/wp-json\/wp\/v2\/types\/page"}],"author":[{"embeddable":true,"href":"https:\/\/www.traderscale.com\/fr\/wp-json\/wp\/v2\/users\/1"}],"replies":[{"embeddable":true,"href":"https:\/\/www.traderscale.com\/fr\/wp-json\/wp\/v2\/comments?post=7095"}],"version-history":[{"count":0,"href":"https:\/\/www.traderscale.com\/fr\/wp-json\/wp\/v2\/pages\/7095\/revisions"}],"wp:attachment":[{"href":"https:\/\/www.traderscale.com\/fr\/wp-json\/wp\/v2\/media?parent=7095"}],"curies":[{"name":"wp","href":"https:\/\/api.w.org\/{rel}","templated":true}]}}