{"id":22043,"date":"2024-11-23T03:07:44","date_gmt":"2024-11-23T08:07:44","guid":{"rendered":"https:\/\/www.traderscale.com\/paiements\/"},"modified":"2024-11-23T03:07:44","modified_gmt":"2024-11-23T08:07:44","slug":"paiements","status":"publish","type":"page","link":"https:\/\/www.traderscale.com\/fr\/paiements\/","title":{"rendered":"Paiements"},"content":{"rendered":"<p>R\u00e9cemment, nous avons re\u00e7u des commentaires n\u00e9gatifs de la part de <strong> traders nous qualifiant d&#8217;arnaque<\/strong>. La plupart de ces affirmations d\u00e9coulent d&#8217;une mauvaise compr\u00e9hension de nos r\u00e8gles de trading, d&#8217;un manque de connaissances en mati\u00e8re de trading, ou d&#8217;un jeu risqu\u00e9 plut\u00f4t que d&#8217;un trading responsable. <\/p>\n<p>Nous prenons ces accusations tr\u00e8s au s\u00e9rieux, car nous nous sommes engag\u00e9s \u00e0 construire une soci\u00e9t\u00e9 de prop trading r\u00e9put\u00e9e dans un secteur o\u00f9 la transparence n&#8217;est pas toujours la norme.<\/p>\n<p><strong>Pour prouver notre engagement \u00e0<\/strong> la l\u00e9gitimit\u00e9, nous avons mis en place des mesures pour rendre nos paiements enti\u00e8rement tra\u00e7ables et v\u00e9rifiables.<\/p>\n<p>Nos paiements utilisent <strong> RISE et USDT, deux m\u00e9thodes s\u00e9curis\u00e9es<\/strong> qui s&#8217;appuient sur la technologie blockchain. Cela signifie que chaque transaction est enregistr\u00e9e, visible et ne peut \u00eatre modifi\u00e9e, vous offrant une transparence totale et une tranquillit\u00e9 d&#8217;esprit. <\/p>\n<p>De plus, gr\u00e2ce \u00e0 notre <strong>syst\u00e8me de blockchain<\/strong>, vous pouvez suivre en temps r\u00e9el tous les paiements que nous effectuons.<\/p>\n<p>Ne vous contentez donc pas de nous croire sur parole pour les gains exceptionnels que re\u00e7oivent nos traders &#8211; v\u00e9rifiez par vous-m\u00eame !<\/p>\n<h4 class=\"contenttitle\">Faites l&#8217;exp\u00e9rience de paiements r\u00e9els et v\u00e9rifi\u00e9s et commencez votre voyage d\u00e8s aujourd&#8217;hui !<\/h4>\n","protected":false},"excerpt":{"rendered":"<p>R\u00e9cemment, nous avons re\u00e7u des commentaires n\u00e9gatifs de la part de traders nous qualifiant d&#8217;arnaque. La plupart de ces affirmations d\u00e9coulent d&#8217;une mauvaise compr\u00e9hension de nos r\u00e8gles de trading, d&#8217;un manque de connaissances en mati\u00e8re de trading, ou d&#8217;un jeu risqu\u00e9 plut\u00f4t que d&#8217;un trading responsable. Nous prenons ces accusations tr\u00e8s au s\u00e9rieux, car nous [&hellip;]<\/p>\n","protected":false},"author":526,"featured_media":0,"parent":0,"menu_order":0,"comment_status":"closed","ping_status":"closed","template":"page-why.php","meta":{"_acf_changed":false,"om_disable_all_campaigns":false,"footnotes":""},"class_list":["post-22043","page","type-page","status-publish","hentry"],"acf":[],"yoast_head":"<!-- This site is optimized with the Yoast SEO plugin v27.3 - https:\/\/yoast.com\/product\/yoast-seo-wordpress\/ -->\n<title>Paiements - Accelerate Your Financial Journey with a Fully Funded Trading Account<\/title>\n<meta name=\"robots\" content=\"index, follow, max-snippet:-1, max-image-preview:large, max-video-preview:-1\" \/>\n<link rel=\"canonical\" href=\"https:\/\/www.traderscale.com\/fr\/paiements\/\" \/>\n<meta property=\"og:locale\" content=\"fr_FR\" \/>\n<meta property=\"og:type\" content=\"article\" \/>\n<meta property=\"og:title\" content=\"Paiements - Accelerate Your Financial Journey with a Fully Funded Trading Account\" \/>\n<meta property=\"og:description\" content=\"R\u00e9cemment, nous avons re\u00e7u des commentaires n\u00e9gatifs de la part de traders nous qualifiant d&#8217;arnaque. La plupart de ces affirmations d\u00e9coulent d&#8217;une mauvaise compr\u00e9hension de nos r\u00e8gles de trading, d&#8217;un manque de connaissances en mati\u00e8re de trading, ou d&#8217;un jeu risqu\u00e9 plut\u00f4t que d&#8217;un trading responsable. Nous prenons ces accusations tr\u00e8s au s\u00e9rieux, car nous [&hellip;]\" \/>\n<meta property=\"og:url\" content=\"https:\/\/www.traderscale.com\/fr\/paiements\/\" \/>\n<meta property=\"og:site_name\" content=\"Accelerate Your Financial Journey with a Fully Funded Trading Account\" \/>\n<meta property=\"article:publisher\" content=\"https:\/\/www.facebook.com\/profile.php?id=61556992185100#\" \/>\n<meta name=\"twitter:card\" content=\"summary_large_image\" \/>\n<meta name=\"twitter:label1\" content=\"Dur\u00e9e de lecture estim\u00e9e\" \/>\n\t<meta name=\"twitter:data1\" content=\"1 minute\" \/>\n<script type=\"application\/ld+json\" class=\"yoast-schema-graph\">{\"@context\":\"https:\\\/\\\/schema.org\",\"@graph\":[{\"@type\":\"WebPage\",\"@id\":\"https:\\\/\\\/www.traderscale.com\\\/fr\\\/paiements\\\/\",\"url\":\"https:\\\/\\\/www.traderscale.com\\\/fr\\\/paiements\\\/\",\"name\":\"Paiements - Accelerate Your Financial Journey with a Fully Funded Trading Account\",\"isPartOf\":{\"@id\":\"https:\\\/\\\/www.traderscale.com\\\/fr\\\/#website\"},\"datePublished\":\"2024-11-23T08:07:44+00:00\",\"breadcrumb\":{\"@id\":\"https:\\\/\\\/www.traderscale.com\\\/fr\\\/paiements\\\/#breadcrumb\"},\"inLanguage\":\"fr-FR\",\"potentialAction\":[{\"@type\":\"ReadAction\",\"target\":[\"https:\\\/\\\/www.traderscale.com\\\/fr\\\/paiements\\\/\"]}]},{\"@type\":\"BreadcrumbList\",\"@id\":\"https:\\\/\\\/www.traderscale.com\\\/fr\\\/paiements\\\/#breadcrumb\",\"itemListElement\":[{\"@type\":\"ListItem\",\"position\":1,\"name\":\"Home\",\"item\":\"https:\\\/\\\/www.traderscale.com\\\/fr\\\/accueil-2025\\\/\"},{\"@type\":\"ListItem\",\"position\":2,\"name\":\"Paiements\"}]},{\"@type\":\"WebSite\",\"@id\":\"https:\\\/\\\/www.traderscale.com\\\/fr\\\/#website\",\"url\":\"https:\\\/\\\/www.traderscale.com\\\/fr\\\/\",\"name\":\"Traderscale\",\"description\":\"\",\"publisher\":{\"@id\":\"https:\\\/\\\/www.traderscale.com\\\/fr\\\/#organization\"},\"potentialAction\":[{\"@type\":\"SearchAction\",\"target\":{\"@type\":\"EntryPoint\",\"urlTemplate\":\"https:\\\/\\\/www.traderscale.com\\\/fr\\\/?s={search_term_string}\"},\"query-input\":{\"@type\":\"PropertyValueSpecification\",\"valueRequired\":true,\"valueName\":\"search_term_string\"}}],\"inLanguage\":\"fr-FR\"},{\"@type\":\"Organization\",\"@id\":\"https:\\\/\\\/www.traderscale.com\\\/fr\\\/#organization\",\"name\":\"Traderscale\",\"url\":\"https:\\\/\\\/www.traderscale.com\\\/fr\\\/\",\"logo\":{\"@type\":\"ImageObject\",\"inLanguage\":\"fr-FR\",\"@id\":\"https:\\\/\\\/www.traderscale.com\\\/fr\\\/#\\\/schema\\\/logo\\\/image\\\/\",\"url\":\"https:\\\/\\\/www.traderscale.com\\\/wp-content\\\/uploads\\\/2025\\\/04\\\/dark.png\",\"contentUrl\":\"https:\\\/\\\/www.traderscale.com\\\/wp-content\\\/uploads\\\/2025\\\/04\\\/dark.png\",\"width\":240,\"height\":161,\"caption\":\"Traderscale\"},\"image\":{\"@id\":\"https:\\\/\\\/www.traderscale.com\\\/fr\\\/#\\\/schema\\\/logo\\\/image\\\/\"},\"sameAs\":[\"https:\\\/\\\/www.facebook.com\\\/profile.php?id=61556992185100#\",\"https:\\\/\\\/www.youtube.com\\\/@Traderscale_com\\\/videos\",\"https:\\\/\\\/www.instagram.com\\\/traderscalepro\\\/\"]}]}<\/script>\n<!-- \/ Yoast SEO plugin. -->","yoast_head_json":{"title":"Paiements - Accelerate Your Financial Journey with a Fully Funded Trading Account","robots":{"index":"index","follow":"follow","max-snippet":"max-snippet:-1","max-image-preview":"max-image-preview:large","max-video-preview":"max-video-preview:-1"},"canonical":"https:\/\/www.traderscale.com\/fr\/paiements\/","og_locale":"fr_FR","og_type":"article","og_title":"Paiements - Accelerate Your Financial Journey with a Fully Funded Trading Account","og_description":"R\u00e9cemment, nous avons re\u00e7u des commentaires n\u00e9gatifs de la part de traders nous qualifiant d&#8217;arnaque. La plupart de ces affirmations d\u00e9coulent d&#8217;une mauvaise compr\u00e9hension de nos r\u00e8gles de trading, d&#8217;un manque de connaissances en mati\u00e8re de trading, ou d&#8217;un jeu risqu\u00e9 plut\u00f4t que d&#8217;un trading responsable. Nous prenons ces accusations tr\u00e8s au s\u00e9rieux, car nous [&hellip;]","og_url":"https:\/\/www.traderscale.com\/fr\/paiements\/","og_site_name":"Accelerate Your Financial Journey with a Fully Funded Trading Account","article_publisher":"https:\/\/www.facebook.com\/profile.php?id=61556992185100#","twitter_card":"summary_large_image","twitter_misc":{"Dur\u00e9e de lecture estim\u00e9e":"1 minute"},"schema":{"@context":"https:\/\/schema.org","@graph":[{"@type":"WebPage","@id":"https:\/\/www.traderscale.com\/fr\/paiements\/","url":"https:\/\/www.traderscale.com\/fr\/paiements\/","name":"Paiements - Accelerate Your Financial Journey with a Fully Funded Trading Account","isPartOf":{"@id":"https:\/\/www.traderscale.com\/fr\/#website"},"datePublished":"2024-11-23T08:07:44+00:00","breadcrumb":{"@id":"https:\/\/www.traderscale.com\/fr\/paiements\/#breadcrumb"},"inLanguage":"fr-FR","potentialAction":[{"@type":"ReadAction","target":["https:\/\/www.traderscale.com\/fr\/paiements\/"]}]},{"@type":"BreadcrumbList","@id":"https:\/\/www.traderscale.com\/fr\/paiements\/#breadcrumb","itemListElement":[{"@type":"ListItem","position":1,"name":"Home","item":"https:\/\/www.traderscale.com\/fr\/accueil-2025\/"},{"@type":"ListItem","position":2,"name":"Paiements"}]},{"@type":"WebSite","@id":"https:\/\/www.traderscale.com\/fr\/#website","url":"https:\/\/www.traderscale.com\/fr\/","name":"Traderscale","description":"","publisher":{"@id":"https:\/\/www.traderscale.com\/fr\/#organization"},"potentialAction":[{"@type":"SearchAction","target":{"@type":"EntryPoint","urlTemplate":"https:\/\/www.traderscale.com\/fr\/?s={search_term_string}"},"query-input":{"@type":"PropertyValueSpecification","valueRequired":true,"valueName":"search_term_string"}}],"inLanguage":"fr-FR"},{"@type":"Organization","@id":"https:\/\/www.traderscale.com\/fr\/#organization","name":"Traderscale","url":"https:\/\/www.traderscale.com\/fr\/","logo":{"@type":"ImageObject","inLanguage":"fr-FR","@id":"https:\/\/www.traderscale.com\/fr\/#\/schema\/logo\/image\/","url":"https:\/\/www.traderscale.com\/wp-content\/uploads\/2025\/04\/dark.png","contentUrl":"https:\/\/www.traderscale.com\/wp-content\/uploads\/2025\/04\/dark.png","width":240,"height":161,"caption":"Traderscale"},"image":{"@id":"https:\/\/www.traderscale.com\/fr\/#\/schema\/logo\/image\/"},"sameAs":["https:\/\/www.facebook.com\/profile.php?id=61556992185100#","https:\/\/www.youtube.com\/@Traderscale_com\/videos","https:\/\/www.instagram.com\/traderscalepro\/"]}]}},"_links":{"self":[{"href":"https:\/\/www.traderscale.com\/fr\/wp-json\/wp\/v2\/pages\/22043","targetHints":{"allow":["GET"]}}],"collection":[{"href":"https:\/\/www.traderscale.com\/fr\/wp-json\/wp\/v2\/pages"}],"about":[{"href":"https:\/\/www.traderscale.com\/fr\/wp-json\/wp\/v2\/types\/page"}],"author":[{"embeddable":true,"href":"https:\/\/www.traderscale.com\/fr\/wp-json\/wp\/v2\/users\/526"}],"replies":[{"embeddable":true,"href":"https:\/\/www.traderscale.com\/fr\/wp-json\/wp\/v2\/comments?post=22043"}],"version-history":[{"count":0,"href":"https:\/\/www.traderscale.com\/fr\/wp-json\/wp\/v2\/pages\/22043\/revisions"}],"wp:attachment":[{"href":"https:\/\/www.traderscale.com\/fr\/wp-json\/wp\/v2\/media?parent=22043"}],"curies":[{"name":"wp","href":"https:\/\/api.w.org\/{rel}","templated":true}]}}