{"id":22048,"date":"2024-11-23T03:07:44","date_gmt":"2024-11-23T08:07:44","guid":{"rendered":"https:\/\/www.traderscale.com\/pagos\/"},"modified":"2024-11-23T03:07:44","modified_gmt":"2024-11-23T08:07:44","slug":"pagos","status":"publish","type":"page","link":"https:\/\/www.traderscale.com\/es\/pagos\/","title":{"rendered":"Pagos"},"content":{"rendered":"<p>Recientemente, hemos recibido algunas cr\u00edticas negativas de <strong> operadores que nos tachan de estafa<\/strong>. Muchas de estas afirmaciones surgen de malentendidos sobre nuestras normas de negociaci\u00f3n, falta de conocimientos sobre negociaci\u00f3n o apuestas arriesgadas en lugar de negociaci\u00f3n responsable. <\/p>\n<p>Nos tomamos estas acusaciones muy en serio, porque nos hemos comprometido a construir una empresa de comercio de accesorios reputada en un sector en el que la transparencia no siempre es la norma.<\/p>\n<p><strong>Para demostrar nuestro compromiso<\/strong> con la legitimidad, hemos puesto en marcha medidas para que nuestros pagos sean totalmente rastreables y verificables.<\/p>\n<p>Nuestros pagos utilizan <strong> RISE y USDT, dos m\u00e9todos seguros<\/strong> que aprovechan la tecnolog\u00eda blockchain. Esto significa que cada transacci\u00f3n queda registrada, es visible y no puede ser alterada, ofreci\u00e9ndote total transparencia y tranquilidad. <\/p>\n<p>Adem\u00e1s, con nuestro <strong>sistema de cadena de bloques (blockchain)<\/strong> puedes seguir en tiempo real todos los pagos que realizamos.<\/p>\n<p>As\u00ed que no te conformes con nuestra palabra sobre los incre\u00edbles pagos que reciben nuestros operadores, \u00a1compru\u00e9balo t\u00fa mismo!<\/p>\n<h4 class=\"contenttitle\">Experimenta pagos reales y verificados, \u00a1y comienza tu viaje hoy mismo!<\/h4>\n","protected":false},"excerpt":{"rendered":"<p>Recientemente, hemos recibido algunas cr\u00edticas negativas de operadores que nos tachan de estafa. Muchas de estas afirmaciones surgen de malentendidos sobre nuestras normas de negociaci\u00f3n, falta de conocimientos sobre negociaci\u00f3n o apuestas arriesgadas en lugar de negociaci\u00f3n responsable. Nos tomamos estas acusaciones muy en serio, porque nos hemos comprometido a construir una empresa de comercio [&hellip;]<\/p>\n","protected":false},"author":526,"featured_media":0,"parent":0,"menu_order":0,"comment_status":"closed","ping_status":"closed","template":"page-why.php","meta":{"_acf_changed":false,"om_disable_all_campaigns":false,"footnotes":""},"class_list":["post-22048","page","type-page","status-publish","hentry"],"acf":[],"yoast_head":"<!-- This site is optimized with the Yoast SEO plugin v27.3 - https:\/\/yoast.com\/product\/yoast-seo-wordpress\/ -->\n<title>Pagos - Accelerate Your Financial Journey with a Fully Funded Trading Account<\/title>\n<meta name=\"robots\" content=\"index, follow, max-snippet:-1, max-image-preview:large, max-video-preview:-1\" \/>\n<link rel=\"canonical\" href=\"https:\/\/www.traderscale.com\/es\/pagos\/\" \/>\n<meta property=\"og:locale\" content=\"es_ES\" \/>\n<meta property=\"og:type\" content=\"article\" \/>\n<meta property=\"og:title\" content=\"Pagos - Accelerate Your Financial Journey with a Fully Funded Trading Account\" \/>\n<meta property=\"og:description\" content=\"Recientemente, hemos recibido algunas cr\u00edticas negativas de operadores que nos tachan de estafa. Muchas de estas afirmaciones surgen de malentendidos sobre nuestras normas de negociaci\u00f3n, falta de conocimientos sobre negociaci\u00f3n o apuestas arriesgadas en lugar de negociaci\u00f3n responsable. Nos tomamos estas acusaciones muy en serio, porque nos hemos comprometido a construir una empresa de comercio [&hellip;]\" \/>\n<meta property=\"og:url\" content=\"https:\/\/www.traderscale.com\/es\/pagos\/\" \/>\n<meta property=\"og:site_name\" content=\"Accelerate Your Financial Journey with a Fully Funded Trading Account\" \/>\n<meta property=\"article:publisher\" content=\"https:\/\/www.facebook.com\/profile.php?id=61556992185100#\" \/>\n<meta name=\"twitter:card\" content=\"summary_large_image\" \/>\n<meta name=\"twitter:label1\" content=\"Tiempo de lectura\" \/>\n\t<meta name=\"twitter:data1\" content=\"1 minuto\" \/>\n<script type=\"application\/ld+json\" class=\"yoast-schema-graph\">{\"@context\":\"https:\\\/\\\/schema.org\",\"@graph\":[{\"@type\":\"WebPage\",\"@id\":\"https:\\\/\\\/www.traderscale.com\\\/es\\\/pagos\\\/\",\"url\":\"https:\\\/\\\/www.traderscale.com\\\/es\\\/pagos\\\/\",\"name\":\"Pagos - Accelerate Your Financial Journey with a Fully Funded Trading Account\",\"isPartOf\":{\"@id\":\"https:\\\/\\\/www.traderscale.com\\\/es\\\/#website\"},\"datePublished\":\"2024-11-23T08:07:44+00:00\",\"breadcrumb\":{\"@id\":\"https:\\\/\\\/www.traderscale.com\\\/es\\\/pagos\\\/#breadcrumb\"},\"inLanguage\":\"es\",\"potentialAction\":[{\"@type\":\"ReadAction\",\"target\":[\"https:\\\/\\\/www.traderscale.com\\\/es\\\/pagos\\\/\"]}]},{\"@type\":\"BreadcrumbList\",\"@id\":\"https:\\\/\\\/www.traderscale.com\\\/es\\\/pagos\\\/#breadcrumb\",\"itemListElement\":[{\"@type\":\"ListItem\",\"position\":1,\"name\":\"Home\",\"item\":\"https:\\\/\\\/www.traderscale.com\\\/es\\\/inicio-2025\\\/\"},{\"@type\":\"ListItem\",\"position\":2,\"name\":\"Pagos\"}]},{\"@type\":\"WebSite\",\"@id\":\"https:\\\/\\\/www.traderscale.com\\\/es\\\/#website\",\"url\":\"https:\\\/\\\/www.traderscale.com\\\/es\\\/\",\"name\":\"Traderscale\",\"description\":\"\",\"publisher\":{\"@id\":\"https:\\\/\\\/www.traderscale.com\\\/es\\\/#organization\"},\"potentialAction\":[{\"@type\":\"SearchAction\",\"target\":{\"@type\":\"EntryPoint\",\"urlTemplate\":\"https:\\\/\\\/www.traderscale.com\\\/es\\\/?s={search_term_string}\"},\"query-input\":{\"@type\":\"PropertyValueSpecification\",\"valueRequired\":true,\"valueName\":\"search_term_string\"}}],\"inLanguage\":\"es\"},{\"@type\":\"Organization\",\"@id\":\"https:\\\/\\\/www.traderscale.com\\\/es\\\/#organization\",\"name\":\"Traderscale\",\"url\":\"https:\\\/\\\/www.traderscale.com\\\/es\\\/\",\"logo\":{\"@type\":\"ImageObject\",\"inLanguage\":\"es\",\"@id\":\"https:\\\/\\\/www.traderscale.com\\\/es\\\/#\\\/schema\\\/logo\\\/image\\\/\",\"url\":\"https:\\\/\\\/www.traderscale.com\\\/wp-content\\\/uploads\\\/2025\\\/04\\\/dark.png\",\"contentUrl\":\"https:\\\/\\\/www.traderscale.com\\\/wp-content\\\/uploads\\\/2025\\\/04\\\/dark.png\",\"width\":240,\"height\":161,\"caption\":\"Traderscale\"},\"image\":{\"@id\":\"https:\\\/\\\/www.traderscale.com\\\/es\\\/#\\\/schema\\\/logo\\\/image\\\/\"},\"sameAs\":[\"https:\\\/\\\/www.facebook.com\\\/profile.php?id=61556992185100#\",\"https:\\\/\\\/www.youtube.com\\\/@Traderscale_com\\\/videos\",\"https:\\\/\\\/www.instagram.com\\\/traderscalepro\\\/\"]}]}<\/script>\n<!-- \/ Yoast SEO plugin. -->","yoast_head_json":{"title":"Pagos - Accelerate Your Financial Journey with a Fully Funded Trading Account","robots":{"index":"index","follow":"follow","max-snippet":"max-snippet:-1","max-image-preview":"max-image-preview:large","max-video-preview":"max-video-preview:-1"},"canonical":"https:\/\/www.traderscale.com\/es\/pagos\/","og_locale":"es_ES","og_type":"article","og_title":"Pagos - Accelerate Your Financial Journey with a Fully Funded Trading Account","og_description":"Recientemente, hemos recibido algunas cr\u00edticas negativas de operadores que nos tachan de estafa. Muchas de estas afirmaciones surgen de malentendidos sobre nuestras normas de negociaci\u00f3n, falta de conocimientos sobre negociaci\u00f3n o apuestas arriesgadas en lugar de negociaci\u00f3n responsable. Nos tomamos estas acusaciones muy en serio, porque nos hemos comprometido a construir una empresa de comercio [&hellip;]","og_url":"https:\/\/www.traderscale.com\/es\/pagos\/","og_site_name":"Accelerate Your Financial Journey with a Fully Funded Trading Account","article_publisher":"https:\/\/www.facebook.com\/profile.php?id=61556992185100#","twitter_card":"summary_large_image","twitter_misc":{"Tiempo de lectura":"1 minuto"},"schema":{"@context":"https:\/\/schema.org","@graph":[{"@type":"WebPage","@id":"https:\/\/www.traderscale.com\/es\/pagos\/","url":"https:\/\/www.traderscale.com\/es\/pagos\/","name":"Pagos - Accelerate Your Financial Journey with a Fully Funded Trading Account","isPartOf":{"@id":"https:\/\/www.traderscale.com\/es\/#website"},"datePublished":"2024-11-23T08:07:44+00:00","breadcrumb":{"@id":"https:\/\/www.traderscale.com\/es\/pagos\/#breadcrumb"},"inLanguage":"es","potentialAction":[{"@type":"ReadAction","target":["https:\/\/www.traderscale.com\/es\/pagos\/"]}]},{"@type":"BreadcrumbList","@id":"https:\/\/www.traderscale.com\/es\/pagos\/#breadcrumb","itemListElement":[{"@type":"ListItem","position":1,"name":"Home","item":"https:\/\/www.traderscale.com\/es\/inicio-2025\/"},{"@type":"ListItem","position":2,"name":"Pagos"}]},{"@type":"WebSite","@id":"https:\/\/www.traderscale.com\/es\/#website","url":"https:\/\/www.traderscale.com\/es\/","name":"Traderscale","description":"","publisher":{"@id":"https:\/\/www.traderscale.com\/es\/#organization"},"potentialAction":[{"@type":"SearchAction","target":{"@type":"EntryPoint","urlTemplate":"https:\/\/www.traderscale.com\/es\/?s={search_term_string}"},"query-input":{"@type":"PropertyValueSpecification","valueRequired":true,"valueName":"search_term_string"}}],"inLanguage":"es"},{"@type":"Organization","@id":"https:\/\/www.traderscale.com\/es\/#organization","name":"Traderscale","url":"https:\/\/www.traderscale.com\/es\/","logo":{"@type":"ImageObject","inLanguage":"es","@id":"https:\/\/www.traderscale.com\/es\/#\/schema\/logo\/image\/","url":"https:\/\/www.traderscale.com\/wp-content\/uploads\/2025\/04\/dark.png","contentUrl":"https:\/\/www.traderscale.com\/wp-content\/uploads\/2025\/04\/dark.png","width":240,"height":161,"caption":"Traderscale"},"image":{"@id":"https:\/\/www.traderscale.com\/es\/#\/schema\/logo\/image\/"},"sameAs":["https:\/\/www.facebook.com\/profile.php?id=61556992185100#","https:\/\/www.youtube.com\/@Traderscale_com\/videos","https:\/\/www.instagram.com\/traderscalepro\/"]}]}},"_links":{"self":[{"href":"https:\/\/www.traderscale.com\/es\/wp-json\/wp\/v2\/pages\/22048","targetHints":{"allow":["GET"]}}],"collection":[{"href":"https:\/\/www.traderscale.com\/es\/wp-json\/wp\/v2\/pages"}],"about":[{"href":"https:\/\/www.traderscale.com\/es\/wp-json\/wp\/v2\/types\/page"}],"author":[{"embeddable":true,"href":"https:\/\/www.traderscale.com\/es\/wp-json\/wp\/v2\/users\/526"}],"replies":[{"embeddable":true,"href":"https:\/\/www.traderscale.com\/es\/wp-json\/wp\/v2\/comments?post=22048"}],"version-history":[{"count":0,"href":"https:\/\/www.traderscale.com\/es\/wp-json\/wp\/v2\/pages\/22048\/revisions"}],"wp:attachment":[{"href":"https:\/\/www.traderscale.com\/es\/wp-json\/wp\/v2\/media?parent=22048"}],"curies":[{"name":"wp","href":"https:\/\/api.w.org\/{rel}","templated":true}]}}