{"id":7096,"date":"2024-07-01T05:53:45","date_gmt":"2024-07-01T10:53:45","guid":{"rendered":"https:\/\/www.traderscale.com\/zusaetzliche-regeln\/"},"modified":"2024-07-01T05:53:45","modified_gmt":"2024-07-01T10:53:45","slug":"zusaetzliche-regeln","status":"publish","type":"page","link":"https:\/\/www.traderscale.com\/de\/zusaetzliche-regeln\/","title":{"rendered":"Zus\u00e4tzliche Regeln"},"content":{"rendered":"<h3><strong>Streng verbotene Handelspraktiken<\/strong><\/h3>\n<p>&nbsp;  Bestimmte Handelspraktiken, die unser System und unsere Programme ausnutzen, sind strengstens untersagt, da sie gegen unsere Allgemeinen Gesch\u00e4ftsbedingungen versto\u00dfen.<br \/>\nDiese Einschr\u00e4nkungen gelten sowohl f\u00fcr Testphasen als auch f\u00fcr eingezahlte Konten.   <\/p>\n<h3><strong>Verbotene Handelspraktiken:<\/strong><\/h3>\n<p>&nbsp;<\/p>\n<h3><strong>Arbitrage-Handel:<\/strong><\/h3>\n<p>  Ausnutzen von Preisdiskrepanzen oder St\u00f6rungen.<br \/>\nEin H\u00e4ndler stellt einen Preisunterschied f\u00fcr denselben Verm\u00f6genswert an zwei verschiedenen B\u00f6rsen fest und profitiert, indem er an der B\u00f6rse mit dem unterschiedlichen Preis kauft\/verkauft. &nbsp;<strong>Hochfrequenzhandel (HFT):<\/strong> Der Einsatz hochentwickelter Algorithmen zur Ausf\u00fchrung von Tausenden von Gesch\u00e4ften innerhalb von Millisekunden, um aus kleinen Marktpreisbewegungen Profit zu schlagen. &nbsp;<strong>Bracketing-Strategie bei wichtigen Nachrichten:<\/strong> Platzierung von schwebenden Kauf- und Verkaufsauftr\u00e4gen knapp \u00fcber und unter dem aktuellen Marktpreis vor einer wichtigen Wirtschaftsmeldung.<br \/>\nEine Order wird nach der Bekanntgabe der Nachricht ausgef\u00fchrt, so dass Sie von den Kursschwankungen profitieren k\u00f6nnen.    &nbsp;<\/p>\n<p><strong>Ausnutzen von Systemfehlern:<\/strong> Ausnutzen von technischen Fehlern, die zu falschen Kursen auf der Handelsplattform f\u00fchren, um zu profitieren, bevor der Fehler behoben ist.  &nbsp;<\/p>\n<p><strong>Handelskoordination oder Copy Trading:<\/strong> Eine Gruppe von H\u00e4ndlern arbeitet zusammen, um koordinierte Trades \u00fcber mehrere Konten auszuf\u00fchren und Signale und Strategien auszutauschen, um ihre gemeinsamen Gewinne zu steigern.  &nbsp;<\/p>\n<p><strong>Einseitige Wetten:<\/strong> Das st\u00e4ndige Eingehen von Long-Positionen auf ein bestimmtes W\u00e4hrungspaar ohne angemessene Analyse, in dem Glauben, dass es unabh\u00e4ngig von den Marktbedingungen unbegrenzt steigen wird.  &nbsp;<\/p>\n<p><strong>Verwendung von Expert Advisors (EAs):<\/strong> Jegliche Verwendung von EAs auf einem finanzierten Konto ist untersagt.  &nbsp;<\/p>\n<p><strong>Tick Scalping:<\/strong> Schnelles Handeln, bei dem Sie Positionen innerhalb von Sekunden auf der Grundlage kleiner Kursschwankungen bei jedem Tick des Marktes ein- und aussteigen.  &nbsp;<\/p>\n<p><strong>Hedge Arbitrage Handel:<\/strong> Gleichzeitiger Kauf und Verkauf desselben W\u00e4hrungspaares auf verschiedenen Konten, um vor\u00fcbergehende Preisineffizienzen auszunutzen.  &nbsp;<\/p>\n<p><strong>Umgekehrter Arbitrage-Handel:<\/strong> Das Verhalten beinhaltet das Risiko des gesamten Tagesverlustes bei einem Handel, was oft auf umgekehrten Handel zwischen Firmen hinweist.  &nbsp;<\/p>\n<p><strong>Kontoteilung oder Wiederverkauf:<\/strong> Der Verkauf des Zugangs zu einem finanzierten Handelskonto an eine andere nat\u00fcrliche oder juristische Person, damit diese gegen eine Geb\u00fchr oder Gewinnbeteiligung in Ihrem Namen handeln kann.  &nbsp;<\/p>\n<p><strong>Konsistenzregel:<\/strong> Wenn ein H\u00e4ndler typischerweise mit Lots von 0,5 handelt und dann beginnt, mit 5 Lots zu handeln, wird dies als &#8222;Gl\u00fccksspiel&#8220; betrachtet.<br \/>\nDie Firma wird die durchschnittliche Gr\u00f6\u00dfe der gehandelten Lots \u00fcberpr\u00fcfen, und jede Erh\u00f6hung \u00fcber 100% kann zur Streichung der Gewinne f\u00fchren.<br \/>\nDie Firma wird auch die Handelszeiten \u00fcberpr\u00fcfen, um Manipulationen zu verhindern (z.B. die schnelle Er\u00f6ffnung mehrerer Lots). &nbsp; H\u00e4ndler, die verd\u00e4chtigt werden, diese verbotenen Praktiken anzuwenden<strong>, <\/strong>k\u00f6nnen mit verschiedenen Einschr\u00e4nkungen konfrontiert werden, wie z.B. der Reduzierung des Leverage, der Begrenzung der Anzahl der Trades pro Tag, der Begrenzung der Lotgr\u00f6\u00dfe pro Tag, der Senkung der t\u00e4glichen\/maximalen Verlustlimits, der Einf\u00fchrung einer maximalen 1%-Risiko-Limit-Regel, der Verletzung von Konten oder sogar dem Ausschluss aus der Firma ohne Erstattung.  <\/p>\n","protected":false},"excerpt":{"rendered":"<p>Streng verbotene Handelspraktiken &nbsp; Bestimmte Handelspraktiken, die unser System und unsere Programme ausnutzen, sind strengstens untersagt, da sie gegen unsere Allgemeinen Gesch\u00e4ftsbedingungen versto\u00dfen. Diese Einschr\u00e4nkungen gelten sowohl f\u00fcr Testphasen als auch f\u00fcr eingezahlte Konten. Verbotene Handelspraktiken: &nbsp; Arbitrage-Handel: Ausnutzen von Preisdiskrepanzen oder St\u00f6rungen. Ein H\u00e4ndler stellt einen Preisunterschied f\u00fcr denselben Verm\u00f6genswert an zwei verschiedenen B\u00f6rsen [&hellip;]<\/p>\n","protected":false},"author":1,"featured_media":0,"parent":0,"menu_order":0,"comment_status":"closed","ping_status":"closed","template":"page-new.php","meta":{"_acf_changed":false,"om_disable_all_campaigns":false,"footnotes":""},"class_list":["post-7096","page","type-page","status-publish","hentry"],"acf":[],"yoast_head":"<!-- This site is optimized with the Yoast SEO plugin v27.5 - https:\/\/yoast.com\/product\/yoast-seo-wordpress\/ -->\n<title>Zus\u00e4tzliche Regeln - Accelerate Your Financial Journey with a Fully Funded Trading Account<\/title>\n<meta name=\"robots\" content=\"index, follow, max-snippet:-1, max-image-preview:large, max-video-preview:-1\" \/>\n<link rel=\"canonical\" href=\"https:\/\/www.traderscale.com\/de\/zusaetzliche-regeln\/\" \/>\n<meta property=\"og:locale\" content=\"de_DE\" \/>\n<meta property=\"og:type\" content=\"article\" \/>\n<meta property=\"og:title\" content=\"Zus\u00e4tzliche Regeln - Accelerate Your Financial Journey with a Fully Funded Trading Account\" \/>\n<meta property=\"og:description\" content=\"Streng verbotene Handelspraktiken &nbsp; Bestimmte Handelspraktiken, die unser System und unsere Programme ausnutzen, sind strengstens untersagt, da sie gegen unsere Allgemeinen Gesch\u00e4ftsbedingungen versto\u00dfen. Diese Einschr\u00e4nkungen gelten sowohl f\u00fcr Testphasen als auch f\u00fcr eingezahlte Konten. Verbotene Handelspraktiken: &nbsp; Arbitrage-Handel: Ausnutzen von Preisdiskrepanzen oder St\u00f6rungen. Ein H\u00e4ndler stellt einen Preisunterschied f\u00fcr denselben Verm\u00f6genswert an zwei verschiedenen B\u00f6rsen [&hellip;]\" \/>\n<meta property=\"og:url\" content=\"https:\/\/www.traderscale.com\/de\/zusaetzliche-regeln\/\" \/>\n<meta property=\"og:site_name\" content=\"Accelerate Your Financial Journey with a Fully Funded Trading Account\" \/>\n<meta property=\"article:publisher\" content=\"https:\/\/www.facebook.com\/profile.php?id=61556992185100#\" \/>\n<meta name=\"twitter:card\" content=\"summary_large_image\" \/>\n<meta name=\"twitter:label1\" content=\"Gesch\u00e4tzte Lesezeit\" \/>\n\t<meta name=\"twitter:data1\" content=\"2\u00a0Minuten\" \/>\n<script type=\"application\/ld+json\" class=\"yoast-schema-graph\">{\"@context\":\"https:\\\/\\\/schema.org\",\"@graph\":[{\"@type\":\"WebPage\",\"@id\":\"https:\\\/\\\/www.traderscale.com\\\/de\\\/zusaetzliche-regeln\\\/\",\"url\":\"https:\\\/\\\/www.traderscale.com\\\/de\\\/zusaetzliche-regeln\\\/\",\"name\":\"Zus\u00e4tzliche Regeln - Accelerate Your Financial Journey with a Fully Funded Trading Account\",\"isPartOf\":{\"@id\":\"https:\\\/\\\/www.traderscale.com\\\/de\\\/#website\"},\"datePublished\":\"2024-07-01T10:53:45+00:00\",\"breadcrumb\":{\"@id\":\"https:\\\/\\\/www.traderscale.com\\\/de\\\/zusaetzliche-regeln\\\/#breadcrumb\"},\"inLanguage\":\"de\",\"potentialAction\":[{\"@type\":\"ReadAction\",\"target\":[\"https:\\\/\\\/www.traderscale.com\\\/de\\\/zusaetzliche-regeln\\\/\"]}]},{\"@type\":\"BreadcrumbList\",\"@id\":\"https:\\\/\\\/www.traderscale.com\\\/de\\\/zusaetzliche-regeln\\\/#breadcrumb\",\"itemListElement\":[{\"@type\":\"ListItem\",\"position\":1,\"name\":\"Home\",\"item\":\"https:\\\/\\\/www.traderscale.com\\\/de\\\/startseite-2025\\\/\"},{\"@type\":\"ListItem\",\"position\":2,\"name\":\"Zus\u00e4tzliche Regeln\"}]},{\"@type\":\"WebSite\",\"@id\":\"https:\\\/\\\/www.traderscale.com\\\/de\\\/#website\",\"url\":\"https:\\\/\\\/www.traderscale.com\\\/de\\\/\",\"name\":\"Traderscale\",\"description\":\"\",\"publisher\":{\"@id\":\"https:\\\/\\\/www.traderscale.com\\\/de\\\/#organization\"},\"potentialAction\":[{\"@type\":\"SearchAction\",\"target\":{\"@type\":\"EntryPoint\",\"urlTemplate\":\"https:\\\/\\\/www.traderscale.com\\\/de\\\/?s={search_term_string}\"},\"query-input\":{\"@type\":\"PropertyValueSpecification\",\"valueRequired\":true,\"valueName\":\"search_term_string\"}}],\"inLanguage\":\"de\"},{\"@type\":\"Organization\",\"@id\":\"https:\\\/\\\/www.traderscale.com\\\/de\\\/#organization\",\"name\":\"Traderscale\",\"url\":\"https:\\\/\\\/www.traderscale.com\\\/de\\\/\",\"logo\":{\"@type\":\"ImageObject\",\"inLanguage\":\"de\",\"@id\":\"https:\\\/\\\/www.traderscale.com\\\/de\\\/#\\\/schema\\\/logo\\\/image\\\/\",\"url\":\"https:\\\/\\\/www.traderscale.com\\\/wp-content\\\/uploads\\\/2025\\\/04\\\/dark.png\",\"contentUrl\":\"https:\\\/\\\/www.traderscale.com\\\/wp-content\\\/uploads\\\/2025\\\/04\\\/dark.png\",\"width\":240,\"height\":161,\"caption\":\"Traderscale\"},\"image\":{\"@id\":\"https:\\\/\\\/www.traderscale.com\\\/de\\\/#\\\/schema\\\/logo\\\/image\\\/\"},\"sameAs\":[\"https:\\\/\\\/www.facebook.com\\\/profile.php?id=61556992185100#\",\"https:\\\/\\\/www.youtube.com\\\/@Traderscale_com\\\/videos\",\"https:\\\/\\\/www.instagram.com\\\/traderscalepro\\\/\"]}]}<\/script>\n<!-- \/ Yoast SEO plugin. -->","yoast_head_json":{"title":"Zus\u00e4tzliche Regeln - Accelerate Your Financial Journey with a Fully Funded Trading Account","robots":{"index":"index","follow":"follow","max-snippet":"max-snippet:-1","max-image-preview":"max-image-preview:large","max-video-preview":"max-video-preview:-1"},"canonical":"https:\/\/www.traderscale.com\/de\/zusaetzliche-regeln\/","og_locale":"de_DE","og_type":"article","og_title":"Zus\u00e4tzliche Regeln - Accelerate Your Financial Journey with a Fully Funded Trading Account","og_description":"Streng verbotene Handelspraktiken &nbsp; Bestimmte Handelspraktiken, die unser System und unsere Programme ausnutzen, sind strengstens untersagt, da sie gegen unsere Allgemeinen Gesch\u00e4ftsbedingungen versto\u00dfen. Diese Einschr\u00e4nkungen gelten sowohl f\u00fcr Testphasen als auch f\u00fcr eingezahlte Konten. Verbotene Handelspraktiken: &nbsp; Arbitrage-Handel: Ausnutzen von Preisdiskrepanzen oder St\u00f6rungen. Ein H\u00e4ndler stellt einen Preisunterschied f\u00fcr denselben Verm\u00f6genswert an zwei verschiedenen B\u00f6rsen [&hellip;]","og_url":"https:\/\/www.traderscale.com\/de\/zusaetzliche-regeln\/","og_site_name":"Accelerate Your Financial Journey with a Fully Funded Trading Account","article_publisher":"https:\/\/www.facebook.com\/profile.php?id=61556992185100#","twitter_card":"summary_large_image","twitter_misc":{"Gesch\u00e4tzte Lesezeit":"2\u00a0Minuten"},"schema":{"@context":"https:\/\/schema.org","@graph":[{"@type":"WebPage","@id":"https:\/\/www.traderscale.com\/de\/zusaetzliche-regeln\/","url":"https:\/\/www.traderscale.com\/de\/zusaetzliche-regeln\/","name":"Zus\u00e4tzliche Regeln - Accelerate Your Financial Journey with a Fully Funded Trading Account","isPartOf":{"@id":"https:\/\/www.traderscale.com\/de\/#website"},"datePublished":"2024-07-01T10:53:45+00:00","breadcrumb":{"@id":"https:\/\/www.traderscale.com\/de\/zusaetzliche-regeln\/#breadcrumb"},"inLanguage":"de","potentialAction":[{"@type":"ReadAction","target":["https:\/\/www.traderscale.com\/de\/zusaetzliche-regeln\/"]}]},{"@type":"BreadcrumbList","@id":"https:\/\/www.traderscale.com\/de\/zusaetzliche-regeln\/#breadcrumb","itemListElement":[{"@type":"ListItem","position":1,"name":"Home","item":"https:\/\/www.traderscale.com\/de\/startseite-2025\/"},{"@type":"ListItem","position":2,"name":"Zus\u00e4tzliche Regeln"}]},{"@type":"WebSite","@id":"https:\/\/www.traderscale.com\/de\/#website","url":"https:\/\/www.traderscale.com\/de\/","name":"Traderscale","description":"","publisher":{"@id":"https:\/\/www.traderscale.com\/de\/#organization"},"potentialAction":[{"@type":"SearchAction","target":{"@type":"EntryPoint","urlTemplate":"https:\/\/www.traderscale.com\/de\/?s={search_term_string}"},"query-input":{"@type":"PropertyValueSpecification","valueRequired":true,"valueName":"search_term_string"}}],"inLanguage":"de"},{"@type":"Organization","@id":"https:\/\/www.traderscale.com\/de\/#organization","name":"Traderscale","url":"https:\/\/www.traderscale.com\/de\/","logo":{"@type":"ImageObject","inLanguage":"de","@id":"https:\/\/www.traderscale.com\/de\/#\/schema\/logo\/image\/","url":"https:\/\/www.traderscale.com\/wp-content\/uploads\/2025\/04\/dark.png","contentUrl":"https:\/\/www.traderscale.com\/wp-content\/uploads\/2025\/04\/dark.png","width":240,"height":161,"caption":"Traderscale"},"image":{"@id":"https:\/\/www.traderscale.com\/de\/#\/schema\/logo\/image\/"},"sameAs":["https:\/\/www.facebook.com\/profile.php?id=61556992185100#","https:\/\/www.youtube.com\/@Traderscale_com\/videos","https:\/\/www.instagram.com\/traderscalepro\/"]}]}},"_links":{"self":[{"href":"https:\/\/www.traderscale.com\/de\/wp-json\/wp\/v2\/pages\/7096","targetHints":{"allow":["GET"]}}],"collection":[{"href":"https:\/\/www.traderscale.com\/de\/wp-json\/wp\/v2\/pages"}],"about":[{"href":"https:\/\/www.traderscale.com\/de\/wp-json\/wp\/v2\/types\/page"}],"author":[{"embeddable":true,"href":"https:\/\/www.traderscale.com\/de\/wp-json\/wp\/v2\/users\/1"}],"replies":[{"embeddable":true,"href":"https:\/\/www.traderscale.com\/de\/wp-json\/wp\/v2\/comments?post=7096"}],"version-history":[{"count":0,"href":"https:\/\/www.traderscale.com\/de\/wp-json\/wp\/v2\/pages\/7096\/revisions"}],"wp:attachment":[{"href":"https:\/\/www.traderscale.com\/de\/wp-json\/wp\/v2\/media?parent=7096"}],"curies":[{"name":"wp","href":"https:\/\/api.w.org\/{rel}","templated":true}]}}