{"id":22044,"date":"2024-11-23T03:07:44","date_gmt":"2024-11-23T08:07:44","guid":{"rendered":"https:\/\/www.traderscale.com\/auszahlungen\/"},"modified":"2024-11-23T03:07:44","modified_gmt":"2024-11-23T08:07:44","slug":"auszahlungen","status":"publish","type":"page","link":"https:\/\/www.traderscale.com\/de\/auszahlungen\/","title":{"rendered":"Auszahlungen"},"content":{"rendered":"<p>In letzter Zeit haben wir einige negative Bewertungen von <strong> H\u00e4ndlern<\/strong> erhalten <strong>, die uns als Betrug bezeichnen<\/strong>. Viele dieser Behauptungen beruhen auf Missverst\u00e4ndnissen unserer Handelsregeln, mangelnden Handelskenntnissen oder riskantem Gl\u00fccksspiel anstelle von verantwortungsvollem Handel. <\/p>\n<p>Wir nehmen diese Vorw\u00fcrfe sehr ernst, denn wir haben uns verpflichtet, ein seri\u00f6ses Prop-Trading-Unternehmen in einer Branche aufzubauen, in der Transparenz nicht immer der Standard ist.<\/p>\n<p><strong>Um unser Engagement<\/strong> f\u00fcr Legitimit\u00e4t <strong>zu beweisen<\/strong>, haben wir Ma\u00dfnahmen ergriffen, um unsere Auszahlungen vollst\u00e4ndig nachvollziehbar und \u00fcberpr\u00fcfbar zu machen.<\/p>\n<p>Unsere Auszahlungen verwenden <strong> RISE und USDT, zwei sichere Methoden<\/strong>, die die Blockchain-Technologie nutzen. Das bedeutet, dass jede Transaktion aufgezeichnet wird, sichtbar ist und nicht ver\u00e4ndert werden kann, was Ihnen v\u00f6llige Transparenz und Seelenfrieden bietet. <\/p>\n<p>Und mit unserem <strong>Blockchain-System<\/strong> k\u00f6nnen Sie jede Auszahlung, die wir vornehmen, in Echtzeit verfolgen.<\/p>\n<p>Glauben Sie also nicht nur unser Wort f\u00fcr die erstaunlichen Auszahlungen, die unsere H\u00e4ndler erhalten &#8211; \u00fcberzeugen Sie sich selbst!<\/p>\n<h4 class=\"contenttitle\">Erleben Sie echte, verifizierte Auszahlungen und beginnen Sie Ihre Reise noch heute!<\/h4>\n","protected":false},"excerpt":{"rendered":"<p>In letzter Zeit haben wir einige negative Bewertungen von H\u00e4ndlern erhalten , die uns als Betrug bezeichnen. Viele dieser Behauptungen beruhen auf Missverst\u00e4ndnissen unserer Handelsregeln, mangelnden Handelskenntnissen oder riskantem Gl\u00fccksspiel anstelle von verantwortungsvollem Handel. Wir nehmen diese Vorw\u00fcrfe sehr ernst, denn wir haben uns verpflichtet, ein seri\u00f6ses Prop-Trading-Unternehmen in einer Branche aufzubauen, in der Transparenz [&hellip;]<\/p>\n","protected":false},"author":526,"featured_media":0,"parent":0,"menu_order":0,"comment_status":"closed","ping_status":"closed","template":"page-why.php","meta":{"_acf_changed":false,"om_disable_all_campaigns":false,"footnotes":""},"class_list":["post-22044","page","type-page","status-publish","hentry"],"acf":[],"yoast_head":"<!-- This site is optimized with the Yoast SEO plugin v27.3 - https:\/\/yoast.com\/product\/yoast-seo-wordpress\/ -->\n<title>Auszahlungen - Accelerate Your Financial Journey with a Fully Funded Trading Account<\/title>\n<meta name=\"robots\" content=\"index, follow, max-snippet:-1, max-image-preview:large, max-video-preview:-1\" \/>\n<link rel=\"canonical\" href=\"https:\/\/www.traderscale.com\/de\/auszahlungen\/\" \/>\n<meta property=\"og:locale\" content=\"de_DE\" \/>\n<meta property=\"og:type\" content=\"article\" \/>\n<meta property=\"og:title\" content=\"Auszahlungen - Accelerate Your Financial Journey with a Fully Funded Trading Account\" \/>\n<meta property=\"og:description\" content=\"In letzter Zeit haben wir einige negative Bewertungen von H\u00e4ndlern erhalten , die uns als Betrug bezeichnen. Viele dieser Behauptungen beruhen auf Missverst\u00e4ndnissen unserer Handelsregeln, mangelnden Handelskenntnissen oder riskantem Gl\u00fccksspiel anstelle von verantwortungsvollem Handel. Wir nehmen diese Vorw\u00fcrfe sehr ernst, denn wir haben uns verpflichtet, ein seri\u00f6ses Prop-Trading-Unternehmen in einer Branche aufzubauen, in der Transparenz [&hellip;]\" \/>\n<meta property=\"og:url\" content=\"https:\/\/www.traderscale.com\/de\/auszahlungen\/\" \/>\n<meta property=\"og:site_name\" content=\"Accelerate Your Financial Journey with a Fully Funded Trading Account\" \/>\n<meta property=\"article:publisher\" content=\"https:\/\/www.facebook.com\/profile.php?id=61556992185100#\" \/>\n<meta name=\"twitter:card\" content=\"summary_large_image\" \/>\n<meta name=\"twitter:label1\" content=\"Gesch\u00e4tzte Lesezeit\" \/>\n\t<meta name=\"twitter:data1\" content=\"1\u00a0Minute\" \/>\n<script type=\"application\/ld+json\" class=\"yoast-schema-graph\">{\"@context\":\"https:\\\/\\\/schema.org\",\"@graph\":[{\"@type\":\"WebPage\",\"@id\":\"https:\\\/\\\/www.traderscale.com\\\/de\\\/auszahlungen\\\/\",\"url\":\"https:\\\/\\\/www.traderscale.com\\\/de\\\/auszahlungen\\\/\",\"name\":\"Auszahlungen - Accelerate Your Financial Journey with a Fully Funded Trading Account\",\"isPartOf\":{\"@id\":\"https:\\\/\\\/www.traderscale.com\\\/de\\\/#website\"},\"datePublished\":\"2024-11-23T08:07:44+00:00\",\"breadcrumb\":{\"@id\":\"https:\\\/\\\/www.traderscale.com\\\/de\\\/auszahlungen\\\/#breadcrumb\"},\"inLanguage\":\"de\",\"potentialAction\":[{\"@type\":\"ReadAction\",\"target\":[\"https:\\\/\\\/www.traderscale.com\\\/de\\\/auszahlungen\\\/\"]}]},{\"@type\":\"BreadcrumbList\",\"@id\":\"https:\\\/\\\/www.traderscale.com\\\/de\\\/auszahlungen\\\/#breadcrumb\",\"itemListElement\":[{\"@type\":\"ListItem\",\"position\":1,\"name\":\"Home\",\"item\":\"https:\\\/\\\/www.traderscale.com\\\/de\\\/startseite-2025\\\/\"},{\"@type\":\"ListItem\",\"position\":2,\"name\":\"Auszahlungen\"}]},{\"@type\":\"WebSite\",\"@id\":\"https:\\\/\\\/www.traderscale.com\\\/de\\\/#website\",\"url\":\"https:\\\/\\\/www.traderscale.com\\\/de\\\/\",\"name\":\"Traderscale\",\"description\":\"\",\"publisher\":{\"@id\":\"https:\\\/\\\/www.traderscale.com\\\/de\\\/#organization\"},\"potentialAction\":[{\"@type\":\"SearchAction\",\"target\":{\"@type\":\"EntryPoint\",\"urlTemplate\":\"https:\\\/\\\/www.traderscale.com\\\/de\\\/?s={search_term_string}\"},\"query-input\":{\"@type\":\"PropertyValueSpecification\",\"valueRequired\":true,\"valueName\":\"search_term_string\"}}],\"inLanguage\":\"de\"},{\"@type\":\"Organization\",\"@id\":\"https:\\\/\\\/www.traderscale.com\\\/de\\\/#organization\",\"name\":\"Traderscale\",\"url\":\"https:\\\/\\\/www.traderscale.com\\\/de\\\/\",\"logo\":{\"@type\":\"ImageObject\",\"inLanguage\":\"de\",\"@id\":\"https:\\\/\\\/www.traderscale.com\\\/de\\\/#\\\/schema\\\/logo\\\/image\\\/\",\"url\":\"https:\\\/\\\/www.traderscale.com\\\/wp-content\\\/uploads\\\/2025\\\/04\\\/dark.png\",\"contentUrl\":\"https:\\\/\\\/www.traderscale.com\\\/wp-content\\\/uploads\\\/2025\\\/04\\\/dark.png\",\"width\":240,\"height\":161,\"caption\":\"Traderscale\"},\"image\":{\"@id\":\"https:\\\/\\\/www.traderscale.com\\\/de\\\/#\\\/schema\\\/logo\\\/image\\\/\"},\"sameAs\":[\"https:\\\/\\\/www.facebook.com\\\/profile.php?id=61556992185100#\",\"https:\\\/\\\/www.youtube.com\\\/@Traderscale_com\\\/videos\",\"https:\\\/\\\/www.instagram.com\\\/traderscalepro\\\/\"]}]}<\/script>\n<!-- \/ Yoast SEO plugin. -->","yoast_head_json":{"title":"Auszahlungen - Accelerate Your Financial Journey with a Fully Funded Trading Account","robots":{"index":"index","follow":"follow","max-snippet":"max-snippet:-1","max-image-preview":"max-image-preview:large","max-video-preview":"max-video-preview:-1"},"canonical":"https:\/\/www.traderscale.com\/de\/auszahlungen\/","og_locale":"de_DE","og_type":"article","og_title":"Auszahlungen - Accelerate Your Financial Journey with a Fully Funded Trading Account","og_description":"In letzter Zeit haben wir einige negative Bewertungen von H\u00e4ndlern erhalten , die uns als Betrug bezeichnen. Viele dieser Behauptungen beruhen auf Missverst\u00e4ndnissen unserer Handelsregeln, mangelnden Handelskenntnissen oder riskantem Gl\u00fccksspiel anstelle von verantwortungsvollem Handel. Wir nehmen diese Vorw\u00fcrfe sehr ernst, denn wir haben uns verpflichtet, ein seri\u00f6ses Prop-Trading-Unternehmen in einer Branche aufzubauen, in der Transparenz [&hellip;]","og_url":"https:\/\/www.traderscale.com\/de\/auszahlungen\/","og_site_name":"Accelerate Your Financial Journey with a Fully Funded Trading Account","article_publisher":"https:\/\/www.facebook.com\/profile.php?id=61556992185100#","twitter_card":"summary_large_image","twitter_misc":{"Gesch\u00e4tzte Lesezeit":"1\u00a0Minute"},"schema":{"@context":"https:\/\/schema.org","@graph":[{"@type":"WebPage","@id":"https:\/\/www.traderscale.com\/de\/auszahlungen\/","url":"https:\/\/www.traderscale.com\/de\/auszahlungen\/","name":"Auszahlungen - Accelerate Your Financial Journey with a Fully Funded Trading Account","isPartOf":{"@id":"https:\/\/www.traderscale.com\/de\/#website"},"datePublished":"2024-11-23T08:07:44+00:00","breadcrumb":{"@id":"https:\/\/www.traderscale.com\/de\/auszahlungen\/#breadcrumb"},"inLanguage":"de","potentialAction":[{"@type":"ReadAction","target":["https:\/\/www.traderscale.com\/de\/auszahlungen\/"]}]},{"@type":"BreadcrumbList","@id":"https:\/\/www.traderscale.com\/de\/auszahlungen\/#breadcrumb","itemListElement":[{"@type":"ListItem","position":1,"name":"Home","item":"https:\/\/www.traderscale.com\/de\/startseite-2025\/"},{"@type":"ListItem","position":2,"name":"Auszahlungen"}]},{"@type":"WebSite","@id":"https:\/\/www.traderscale.com\/de\/#website","url":"https:\/\/www.traderscale.com\/de\/","name":"Traderscale","description":"","publisher":{"@id":"https:\/\/www.traderscale.com\/de\/#organization"},"potentialAction":[{"@type":"SearchAction","target":{"@type":"EntryPoint","urlTemplate":"https:\/\/www.traderscale.com\/de\/?s={search_term_string}"},"query-input":{"@type":"PropertyValueSpecification","valueRequired":true,"valueName":"search_term_string"}}],"inLanguage":"de"},{"@type":"Organization","@id":"https:\/\/www.traderscale.com\/de\/#organization","name":"Traderscale","url":"https:\/\/www.traderscale.com\/de\/","logo":{"@type":"ImageObject","inLanguage":"de","@id":"https:\/\/www.traderscale.com\/de\/#\/schema\/logo\/image\/","url":"https:\/\/www.traderscale.com\/wp-content\/uploads\/2025\/04\/dark.png","contentUrl":"https:\/\/www.traderscale.com\/wp-content\/uploads\/2025\/04\/dark.png","width":240,"height":161,"caption":"Traderscale"},"image":{"@id":"https:\/\/www.traderscale.com\/de\/#\/schema\/logo\/image\/"},"sameAs":["https:\/\/www.facebook.com\/profile.php?id=61556992185100#","https:\/\/www.youtube.com\/@Traderscale_com\/videos","https:\/\/www.instagram.com\/traderscalepro\/"]}]}},"_links":{"self":[{"href":"https:\/\/www.traderscale.com\/de\/wp-json\/wp\/v2\/pages\/22044","targetHints":{"allow":["GET"]}}],"collection":[{"href":"https:\/\/www.traderscale.com\/de\/wp-json\/wp\/v2\/pages"}],"about":[{"href":"https:\/\/www.traderscale.com\/de\/wp-json\/wp\/v2\/types\/page"}],"author":[{"embeddable":true,"href":"https:\/\/www.traderscale.com\/de\/wp-json\/wp\/v2\/users\/526"}],"replies":[{"embeddable":true,"href":"https:\/\/www.traderscale.com\/de\/wp-json\/wp\/v2\/comments?post=22044"}],"version-history":[{"count":0,"href":"https:\/\/www.traderscale.com\/de\/wp-json\/wp\/v2\/pages\/22044\/revisions"}],"wp:attachment":[{"href":"https:\/\/www.traderscale.com\/de\/wp-json\/wp\/v2\/media?parent=22044"}],"curies":[{"name":"wp","href":"https:\/\/api.w.org\/{rel}","templated":true}]}}