{"id":106130,"date":"2026-03-30T08:08:54","date_gmt":"2026-03-30T13:08:54","guid":{"rendered":"https:\/\/www.traderscale.com\/?page_id=106130"},"modified":"2026-03-31T06:55:39","modified_gmt":"2026-03-31T11:55:39","slug":"de1","status":"publish","type":"page","link":"https:\/\/www.traderscale.com\/de\/de1\/","title":{"rendered":"Startseite de1 2025"},"content":{"rendered":"","protected":false},"excerpt":{"rendered":"","protected":false},"author":910,"featured_media":0,"parent":0,"menu_order":0,"comment_status":"closed","ping_status":"closed","template":"page-home.php","meta":{"_acf_changed":false,"om_disable_all_campaigns":false,"footnotes":""},"class_list":["post-106130","page","type-page","status-publish","hentry"],"acf":[],"yoast_head":"<!-- This site is optimized with the Yoast SEO plugin v27.3 - https:\/\/yoast.com\/product\/yoast-seo-wordpress\/ -->\n<title>Traderscale | Beschleunigen Sie Ihre finanzielle Reise mit einem voll ausgestatteten Handelskonto<\/title>\n<meta name=\"description\" content=\"Traderscale l\u00f6st die Herausforderung des begrenzten Kapitals, indem es den H\u00e4ndlern Zugang zu ihrem Kapital bietet, so dass sie gr\u00f6\u00dfere Positionen abwickeln und ihr Gewinnpotenzial steigern k\u00f6nnen.\" \/>\n<meta name=\"robots\" content=\"index, follow, max-snippet:-1, max-image-preview:large, max-video-preview:-1\" \/>\n<link rel=\"canonical\" href=\"https:\/\/www.traderscale.com\/de\/de1\/\" \/>\n<meta property=\"og:locale\" content=\"de_DE\" \/>\n<meta property=\"og:type\" content=\"article\" \/>\n<meta property=\"og:title\" content=\"Traderscale | Beschleunigen Sie Ihre finanzielle Reise mit einem voll ausgestatteten Handelskonto\" \/>\n<meta property=\"og:description\" content=\"Traderscale l\u00f6st die Herausforderung des begrenzten Kapitals, indem es den H\u00e4ndlern Zugang zu ihrem Kapital bietet, so dass sie gr\u00f6\u00dfere Positionen abwickeln und ihr Gewinnpotenzial steigern k\u00f6nnen.\" \/>\n<meta property=\"og:url\" content=\"https:\/\/www.traderscale.com\/de\/de1\/\" \/>\n<meta property=\"og:site_name\" content=\"Accelerate Your Financial Journey with a Fully Funded Trading Account\" \/>\n<meta property=\"article:publisher\" content=\"https:\/\/www.facebook.com\/profile.php?id=61556992185100#\" \/>\n<meta property=\"article:modified_time\" content=\"2026-03-31T11:55:39+00:00\" \/>\n<meta property=\"og:image\" content=\"https:\/\/www.traderscale.com\/wp-content\/uploads\/2025\/04\/Open-graph-1024x538.png\" \/>\n<meta name=\"twitter:card\" content=\"summary_large_image\" \/>\n<script type=\"application\/ld+json\" class=\"yoast-schema-graph\">{\"@context\":\"https:\\\/\\\/schema.org\",\"@graph\":[{\"@type\":\"WebPage\",\"@id\":\"https:\\\/\\\/www.traderscale.com\\\/de\\\/de1\\\/\",\"url\":\"https:\\\/\\\/www.traderscale.com\\\/de\\\/de1\\\/\",\"name\":\"Traderscale | Beschleunigen Sie Ihre finanzielle Reise mit einem voll ausgestatteten Handelskonto\",\"isPartOf\":{\"@id\":\"https:\\\/\\\/www.traderscale.com\\\/de\\\/#website\"},\"datePublished\":\"2026-03-30T13:08:54+00:00\",\"dateModified\":\"2026-03-31T11:55:39+00:00\",\"description\":\"Traderscale l\u00f6st die Herausforderung des begrenzten Kapitals, indem es den H\u00e4ndlern Zugang zu ihrem Kapital bietet, so dass sie gr\u00f6\u00dfere Positionen abwickeln und ihr Gewinnpotenzial steigern k\u00f6nnen.\",\"breadcrumb\":{\"@id\":\"https:\\\/\\\/www.traderscale.com\\\/de\\\/de1\\\/#breadcrumb\"},\"inLanguage\":\"de\",\"potentialAction\":[{\"@type\":\"ReadAction\",\"target\":[\"https:\\\/\\\/www.traderscale.com\\\/de\\\/de1\\\/\"]}]},{\"@type\":\"BreadcrumbList\",\"@id\":\"https:\\\/\\\/www.traderscale.com\\\/de\\\/de1\\\/#breadcrumb\",\"itemListElement\":[{\"@type\":\"ListItem\",\"position\":1,\"name\":\"Home\",\"item\":\"https:\\\/\\\/www.traderscale.com\\\/de\\\/startseite-2025\\\/\"},{\"@type\":\"ListItem\",\"position\":2,\"name\":\"Startseite de1 2025\"}]},{\"@type\":\"WebSite\",\"@id\":\"https:\\\/\\\/www.traderscale.com\\\/de\\\/#website\",\"url\":\"https:\\\/\\\/www.traderscale.com\\\/de\\\/\",\"name\":\"Traderscale\",\"description\":\"\",\"publisher\":{\"@id\":\"https:\\\/\\\/www.traderscale.com\\\/de\\\/#organization\"},\"potentialAction\":[{\"@type\":\"SearchAction\",\"target\":{\"@type\":\"EntryPoint\",\"urlTemplate\":\"https:\\\/\\\/www.traderscale.com\\\/de\\\/?s={search_term_string}\"},\"query-input\":{\"@type\":\"PropertyValueSpecification\",\"valueRequired\":true,\"valueName\":\"search_term_string\"}}],\"inLanguage\":\"de\"},{\"@type\":\"Organization\",\"@id\":\"https:\\\/\\\/www.traderscale.com\\\/de\\\/#organization\",\"name\":\"Traderscale\",\"url\":\"https:\\\/\\\/www.traderscale.com\\\/de\\\/\",\"logo\":{\"@type\":\"ImageObject\",\"inLanguage\":\"de\",\"@id\":\"https:\\\/\\\/www.traderscale.com\\\/de\\\/#\\\/schema\\\/logo\\\/image\\\/\",\"url\":\"https:\\\/\\\/www.traderscale.com\\\/wp-content\\\/uploads\\\/2025\\\/04\\\/dark.png\",\"contentUrl\":\"https:\\\/\\\/www.traderscale.com\\\/wp-content\\\/uploads\\\/2025\\\/04\\\/dark.png\",\"width\":240,\"height\":161,\"caption\":\"Traderscale\"},\"image\":{\"@id\":\"https:\\\/\\\/www.traderscale.com\\\/de\\\/#\\\/schema\\\/logo\\\/image\\\/\"},\"sameAs\":[\"https:\\\/\\\/www.facebook.com\\\/profile.php?id=61556992185100#\",\"https:\\\/\\\/www.youtube.com\\\/@Traderscale_com\\\/videos\",\"https:\\\/\\\/www.instagram.com\\\/traderscalepro\\\/\"]}]}<\/script>\n<!-- \/ Yoast SEO plugin. -->","yoast_head_json":{"title":"Traderscale | Beschleunigen Sie Ihre finanzielle Reise mit einem voll ausgestatteten Handelskonto","description":"Traderscale l\u00f6st die Herausforderung des begrenzten Kapitals, indem es den H\u00e4ndlern Zugang zu ihrem Kapital bietet, so dass sie gr\u00f6\u00dfere Positionen abwickeln und ihr Gewinnpotenzial steigern k\u00f6nnen.","robots":{"index":"index","follow":"follow","max-snippet":"max-snippet:-1","max-image-preview":"max-image-preview:large","max-video-preview":"max-video-preview:-1"},"canonical":"https:\/\/www.traderscale.com\/de\/de1\/","og_locale":"de_DE","og_type":"article","og_title":"Traderscale | Beschleunigen Sie Ihre finanzielle Reise mit einem voll ausgestatteten Handelskonto","og_description":"Traderscale l\u00f6st die Herausforderung des begrenzten Kapitals, indem es den H\u00e4ndlern Zugang zu ihrem Kapital bietet, so dass sie gr\u00f6\u00dfere Positionen abwickeln und ihr Gewinnpotenzial steigern k\u00f6nnen.","og_url":"https:\/\/www.traderscale.com\/de\/de1\/","og_site_name":"Accelerate Your Financial Journey with a Fully Funded Trading Account","article_publisher":"https:\/\/www.facebook.com\/profile.php?id=61556992185100#","article_modified_time":"2026-03-31T11:55:39+00:00","og_image":[{"url":"https:\/\/www.traderscale.com\/wp-content\/uploads\/2025\/04\/Open-graph-1024x538.png","type":"","width":"","height":""}],"twitter_card":"summary_large_image","schema":{"@context":"https:\/\/schema.org","@graph":[{"@type":"WebPage","@id":"https:\/\/www.traderscale.com\/de\/de1\/","url":"https:\/\/www.traderscale.com\/de\/de1\/","name":"Traderscale | Beschleunigen Sie Ihre finanzielle Reise mit einem voll ausgestatteten Handelskonto","isPartOf":{"@id":"https:\/\/www.traderscale.com\/de\/#website"},"datePublished":"2026-03-30T13:08:54+00:00","dateModified":"2026-03-31T11:55:39+00:00","description":"Traderscale l\u00f6st die Herausforderung des begrenzten Kapitals, indem es den H\u00e4ndlern Zugang zu ihrem Kapital bietet, so dass sie gr\u00f6\u00dfere Positionen abwickeln und ihr Gewinnpotenzial steigern k\u00f6nnen.","breadcrumb":{"@id":"https:\/\/www.traderscale.com\/de\/de1\/#breadcrumb"},"inLanguage":"de","potentialAction":[{"@type":"ReadAction","target":["https:\/\/www.traderscale.com\/de\/de1\/"]}]},{"@type":"BreadcrumbList","@id":"https:\/\/www.traderscale.com\/de\/de1\/#breadcrumb","itemListElement":[{"@type":"ListItem","position":1,"name":"Home","item":"https:\/\/www.traderscale.com\/de\/startseite-2025\/"},{"@type":"ListItem","position":2,"name":"Startseite de1 2025"}]},{"@type":"WebSite","@id":"https:\/\/www.traderscale.com\/de\/#website","url":"https:\/\/www.traderscale.com\/de\/","name":"Traderscale","description":"","publisher":{"@id":"https:\/\/www.traderscale.com\/de\/#organization"},"potentialAction":[{"@type":"SearchAction","target":{"@type":"EntryPoint","urlTemplate":"https:\/\/www.traderscale.com\/de\/?s={search_term_string}"},"query-input":{"@type":"PropertyValueSpecification","valueRequired":true,"valueName":"search_term_string"}}],"inLanguage":"de"},{"@type":"Organization","@id":"https:\/\/www.traderscale.com\/de\/#organization","name":"Traderscale","url":"https:\/\/www.traderscale.com\/de\/","logo":{"@type":"ImageObject","inLanguage":"de","@id":"https:\/\/www.traderscale.com\/de\/#\/schema\/logo\/image\/","url":"https:\/\/www.traderscale.com\/wp-content\/uploads\/2025\/04\/dark.png","contentUrl":"https:\/\/www.traderscale.com\/wp-content\/uploads\/2025\/04\/dark.png","width":240,"height":161,"caption":"Traderscale"},"image":{"@id":"https:\/\/www.traderscale.com\/de\/#\/schema\/logo\/image\/"},"sameAs":["https:\/\/www.facebook.com\/profile.php?id=61556992185100#","https:\/\/www.youtube.com\/@Traderscale_com\/videos","https:\/\/www.instagram.com\/traderscalepro\/"]}]}},"_links":{"self":[{"href":"https:\/\/www.traderscale.com\/de\/wp-json\/wp\/v2\/pages\/106130","targetHints":{"allow":["GET"]}}],"collection":[{"href":"https:\/\/www.traderscale.com\/de\/wp-json\/wp\/v2\/pages"}],"about":[{"href":"https:\/\/www.traderscale.com\/de\/wp-json\/wp\/v2\/types\/page"}],"author":[{"embeddable":true,"href":"https:\/\/www.traderscale.com\/de\/wp-json\/wp\/v2\/users\/910"}],"replies":[{"embeddable":true,"href":"https:\/\/www.traderscale.com\/de\/wp-json\/wp\/v2\/comments?post=106130"}],"version-history":[{"count":2,"href":"https:\/\/www.traderscale.com\/de\/wp-json\/wp\/v2\/pages\/106130\/revisions"}],"predecessor-version":[{"id":106180,"href":"https:\/\/www.traderscale.com\/de\/wp-json\/wp\/v2\/pages\/106130\/revisions\/106180"}],"wp:attachment":[{"href":"https:\/\/www.traderscale.com\/de\/wp-json\/wp\/v2\/media?parent=106130"}],"curies":[{"name":"wp","href":"https:\/\/api.w.org\/{rel}","templated":true}]}}