{"id":22067,"date":"2024-02-20T15:28:51","date_gmt":"2024-02-20T20:28:51","guid":{"rendered":"https:\/\/www.traderscale.com\/politik-for-tilbagebetaling\/"},"modified":"2025-04-23T03:40:26","modified_gmt":"2025-04-23T08:40:26","slug":"politik-for-tilbagebetaling","status":"publish","type":"page","link":"https:\/\/www.traderscale.com\/da\/politik-for-tilbagebetaling\/","title":{"rendered":"Politik for tilbagebetaling"},"content":{"rendered":"\r\n<div><br \/>\r\n<h3 class=\"heading-secondary\">Afbestillings- og refusionspolitik<br \/><br \/><\/h3>\r\n<br \/>\r\n<div>Efter en bekr\u00e6ftet betaling for k\u00f8b af et af vores programmer, vil du modtage en e-mail med loginoplysninger til at f\u00e5 adgang til din handelsplatform. N\u00e5r disse oplysninger er sendt til dig via e-mail, vil der ikke blive givet nogen refundering. I specifikke tilf\u00e6lde og for assistance bedes du sende en e-mail til <a href=\"mailto:support@traderscale.com\">support@traderscale.com<\/a><\/div>\r\n<\/div>\r\n<p>&nbsp;<\/p>\r\n<div><br \/>\r\n<h3 class=\"heading-secondary\"><br \/>Refunderinger efter vellykket afslutning af en Challenge<\/h3>\r\n<br \/>Vi tilbyder ikke refusion af challenge-gebyret for vores Speedy Challenge.<\/div>\r\n<p>&nbsp;<\/p>\r\n<div><br \/>\r\n<h3 class=\"heading-secondary\"><br \/>Accept af denne politik<\/h3>\r\n<br \/>\r\n<div>Det er dit ansvar at forst\u00e5 refusionspolitikken fuldt ud. Ved at placere en ordre for et af vores programmer bekr\u00e6fter du, at du har l\u00e6st denne politik omhyggeligt, og at du accepterer og godkender disse vilk\u00e5r. Hvis du ikke er enig i eller ikke accepterer vilk\u00e5rene for denne refusionspolitik, beder vi dig om ikke at afgive en ordre hos os. Kontakt os venligst p\u00e5 <a href=\"mailto:support@traderscale.com\">support@traderscale.com<\/a> hvis du har nogen foresp\u00f8rgsler om vores refusionspolitik.<\/div>\r\n<\/div>\r\n\r\n","protected":false},"excerpt":{"rendered":"<p>Afbestillings- og refusionspolitik Efter en bekr\u00e6ftet betaling for k\u00f8b af et af vores programmer, vil du modtage en e-mail med loginoplysninger til at f\u00e5 adgang til din handelsplatform. N\u00e5r disse oplysninger er sendt til dig via e-mail, vil der ikke blive givet nogen refundering. I specifikke tilf\u00e6lde og for assistance bedes du sende en e-mail [&hellip;]<\/p>\n","protected":false},"author":1,"featured_media":0,"parent":0,"menu_order":0,"comment_status":"closed","ping_status":"closed","template":"page-new.php","meta":{"_acf_changed":false,"om_disable_all_campaigns":false,"footnotes":""},"class_list":["post-22067","page","type-page","status-publish","hentry"],"acf":[],"yoast_head":"<!-- This site is optimized with the Yoast SEO plugin v27.3 - https:\/\/yoast.com\/product\/yoast-seo-wordpress\/ -->\n<title>Politik for tilbagebetaling - Accelerate Your Financial Journey with a Fully Funded Trading Account<\/title>\n<meta name=\"robots\" content=\"index, follow, max-snippet:-1, max-image-preview:large, max-video-preview:-1\" \/>\n<link rel=\"canonical\" href=\"https:\/\/www.traderscale.com\/da\/politik-for-tilbagebetaling\/\" \/>\n<meta property=\"og:locale\" content=\"da_DK\" \/>\n<meta property=\"og:type\" content=\"article\" \/>\n<meta property=\"og:title\" content=\"Politik for tilbagebetaling - Accelerate Your Financial Journey with a Fully Funded Trading Account\" \/>\n<meta property=\"og:description\" content=\"Afbestillings- og refusionspolitik Efter en bekr\u00e6ftet betaling for k\u00f8b af et af vores programmer, vil du modtage en e-mail med loginoplysninger til at f\u00e5 adgang til din handelsplatform. N\u00e5r disse oplysninger er sendt til dig via e-mail, vil der ikke blive givet nogen refundering. I specifikke tilf\u00e6lde og for assistance bedes du sende en e-mail [&hellip;]\" \/>\n<meta property=\"og:url\" content=\"https:\/\/www.traderscale.com\/da\/politik-for-tilbagebetaling\/\" \/>\n<meta property=\"og:site_name\" content=\"Accelerate Your Financial Journey with a Fully Funded Trading Account\" \/>\n<meta property=\"article:publisher\" content=\"https:\/\/www.facebook.com\/profile.php?id=61556992185100#\" \/>\n<meta property=\"article:modified_time\" content=\"2025-04-23T08:40:26+00:00\" \/>\n<meta name=\"twitter:card\" content=\"summary_large_image\" \/>\n<meta name=\"twitter:label1\" content=\"Estimeret l\u00e6setid\" \/>\n\t<meta name=\"twitter:data1\" content=\"1 minut\" \/>\n<script type=\"application\/ld+json\" class=\"yoast-schema-graph\">{\"@context\":\"https:\\\/\\\/schema.org\",\"@graph\":[{\"@type\":\"WebPage\",\"@id\":\"https:\\\/\\\/www.traderscale.com\\\/da\\\/politik-for-tilbagebetaling\\\/\",\"url\":\"https:\\\/\\\/www.traderscale.com\\\/da\\\/politik-for-tilbagebetaling\\\/\",\"name\":\"Politik for tilbagebetaling - Accelerate Your Financial Journey with a Fully Funded Trading Account\",\"isPartOf\":{\"@id\":\"https:\\\/\\\/www.traderscale.com\\\/da\\\/#website\"},\"datePublished\":\"2024-02-20T20:28:51+00:00\",\"dateModified\":\"2025-04-23T08:40:26+00:00\",\"breadcrumb\":{\"@id\":\"https:\\\/\\\/www.traderscale.com\\\/da\\\/politik-for-tilbagebetaling\\\/#breadcrumb\"},\"inLanguage\":\"da-DK\",\"potentialAction\":[{\"@type\":\"ReadAction\",\"target\":[\"https:\\\/\\\/www.traderscale.com\\\/da\\\/politik-for-tilbagebetaling\\\/\"]}]},{\"@type\":\"BreadcrumbList\",\"@id\":\"https:\\\/\\\/www.traderscale.com\\\/da\\\/politik-for-tilbagebetaling\\\/#breadcrumb\",\"itemListElement\":[{\"@type\":\"ListItem\",\"position\":1,\"name\":\"Home\",\"item\":\"https:\\\/\\\/www.traderscale.com\\\/da\\\/hjem-2025\\\/\"},{\"@type\":\"ListItem\",\"position\":2,\"name\":\"Politik for tilbagebetaling\"}]},{\"@type\":\"WebSite\",\"@id\":\"https:\\\/\\\/www.traderscale.com\\\/da\\\/#website\",\"url\":\"https:\\\/\\\/www.traderscale.com\\\/da\\\/\",\"name\":\"Traderscale\",\"description\":\"\",\"publisher\":{\"@id\":\"https:\\\/\\\/www.traderscale.com\\\/da\\\/#organization\"},\"potentialAction\":[{\"@type\":\"SearchAction\",\"target\":{\"@type\":\"EntryPoint\",\"urlTemplate\":\"https:\\\/\\\/www.traderscale.com\\\/da\\\/?s={search_term_string}\"},\"query-input\":{\"@type\":\"PropertyValueSpecification\",\"valueRequired\":true,\"valueName\":\"search_term_string\"}}],\"inLanguage\":\"da-DK\"},{\"@type\":\"Organization\",\"@id\":\"https:\\\/\\\/www.traderscale.com\\\/da\\\/#organization\",\"name\":\"Traderscale\",\"url\":\"https:\\\/\\\/www.traderscale.com\\\/da\\\/\",\"logo\":{\"@type\":\"ImageObject\",\"inLanguage\":\"da-DK\",\"@id\":\"https:\\\/\\\/www.traderscale.com\\\/da\\\/#\\\/schema\\\/logo\\\/image\\\/\",\"url\":\"https:\\\/\\\/www.traderscale.com\\\/wp-content\\\/uploads\\\/2025\\\/04\\\/dark.png\",\"contentUrl\":\"https:\\\/\\\/www.traderscale.com\\\/wp-content\\\/uploads\\\/2025\\\/04\\\/dark.png\",\"width\":240,\"height\":161,\"caption\":\"Traderscale\"},\"image\":{\"@id\":\"https:\\\/\\\/www.traderscale.com\\\/da\\\/#\\\/schema\\\/logo\\\/image\\\/\"},\"sameAs\":[\"https:\\\/\\\/www.facebook.com\\\/profile.php?id=61556992185100#\",\"https:\\\/\\\/www.youtube.com\\\/@Traderscale_com\\\/videos\",\"https:\\\/\\\/www.instagram.com\\\/traderscalepro\\\/\"]}]}<\/script>\n<!-- \/ Yoast SEO plugin. -->","yoast_head_json":{"title":"Politik for tilbagebetaling - Accelerate Your Financial Journey with a Fully Funded Trading Account","robots":{"index":"index","follow":"follow","max-snippet":"max-snippet:-1","max-image-preview":"max-image-preview:large","max-video-preview":"max-video-preview:-1"},"canonical":"https:\/\/www.traderscale.com\/da\/politik-for-tilbagebetaling\/","og_locale":"da_DK","og_type":"article","og_title":"Politik for tilbagebetaling - Accelerate Your Financial Journey with a Fully Funded Trading Account","og_description":"Afbestillings- og refusionspolitik Efter en bekr\u00e6ftet betaling for k\u00f8b af et af vores programmer, vil du modtage en e-mail med loginoplysninger til at f\u00e5 adgang til din handelsplatform. N\u00e5r disse oplysninger er sendt til dig via e-mail, vil der ikke blive givet nogen refundering. I specifikke tilf\u00e6lde og for assistance bedes du sende en e-mail [&hellip;]","og_url":"https:\/\/www.traderscale.com\/da\/politik-for-tilbagebetaling\/","og_site_name":"Accelerate Your Financial Journey with a Fully Funded Trading Account","article_publisher":"https:\/\/www.facebook.com\/profile.php?id=61556992185100#","article_modified_time":"2025-04-23T08:40:26+00:00","twitter_card":"summary_large_image","twitter_misc":{"Estimeret l\u00e6setid":"1 minut"},"schema":{"@context":"https:\/\/schema.org","@graph":[{"@type":"WebPage","@id":"https:\/\/www.traderscale.com\/da\/politik-for-tilbagebetaling\/","url":"https:\/\/www.traderscale.com\/da\/politik-for-tilbagebetaling\/","name":"Politik for tilbagebetaling - Accelerate Your Financial Journey with a Fully Funded Trading Account","isPartOf":{"@id":"https:\/\/www.traderscale.com\/da\/#website"},"datePublished":"2024-02-20T20:28:51+00:00","dateModified":"2025-04-23T08:40:26+00:00","breadcrumb":{"@id":"https:\/\/www.traderscale.com\/da\/politik-for-tilbagebetaling\/#breadcrumb"},"inLanguage":"da-DK","potentialAction":[{"@type":"ReadAction","target":["https:\/\/www.traderscale.com\/da\/politik-for-tilbagebetaling\/"]}]},{"@type":"BreadcrumbList","@id":"https:\/\/www.traderscale.com\/da\/politik-for-tilbagebetaling\/#breadcrumb","itemListElement":[{"@type":"ListItem","position":1,"name":"Home","item":"https:\/\/www.traderscale.com\/da\/hjem-2025\/"},{"@type":"ListItem","position":2,"name":"Politik for tilbagebetaling"}]},{"@type":"WebSite","@id":"https:\/\/www.traderscale.com\/da\/#website","url":"https:\/\/www.traderscale.com\/da\/","name":"Traderscale","description":"","publisher":{"@id":"https:\/\/www.traderscale.com\/da\/#organization"},"potentialAction":[{"@type":"SearchAction","target":{"@type":"EntryPoint","urlTemplate":"https:\/\/www.traderscale.com\/da\/?s={search_term_string}"},"query-input":{"@type":"PropertyValueSpecification","valueRequired":true,"valueName":"search_term_string"}}],"inLanguage":"da-DK"},{"@type":"Organization","@id":"https:\/\/www.traderscale.com\/da\/#organization","name":"Traderscale","url":"https:\/\/www.traderscale.com\/da\/","logo":{"@type":"ImageObject","inLanguage":"da-DK","@id":"https:\/\/www.traderscale.com\/da\/#\/schema\/logo\/image\/","url":"https:\/\/www.traderscale.com\/wp-content\/uploads\/2025\/04\/dark.png","contentUrl":"https:\/\/www.traderscale.com\/wp-content\/uploads\/2025\/04\/dark.png","width":240,"height":161,"caption":"Traderscale"},"image":{"@id":"https:\/\/www.traderscale.com\/da\/#\/schema\/logo\/image\/"},"sameAs":["https:\/\/www.facebook.com\/profile.php?id=61556992185100#","https:\/\/www.youtube.com\/@Traderscale_com\/videos","https:\/\/www.instagram.com\/traderscalepro\/"]}]}},"_links":{"self":[{"href":"https:\/\/www.traderscale.com\/da\/wp-json\/wp\/v2\/pages\/22067","targetHints":{"allow":["GET"]}}],"collection":[{"href":"https:\/\/www.traderscale.com\/da\/wp-json\/wp\/v2\/pages"}],"about":[{"href":"https:\/\/www.traderscale.com\/da\/wp-json\/wp\/v2\/types\/page"}],"author":[{"embeddable":true,"href":"https:\/\/www.traderscale.com\/da\/wp-json\/wp\/v2\/users\/1"}],"replies":[{"embeddable":true,"href":"https:\/\/www.traderscale.com\/da\/wp-json\/wp\/v2\/comments?post=22067"}],"version-history":[{"count":2,"href":"https:\/\/www.traderscale.com\/da\/wp-json\/wp\/v2\/pages\/22067\/revisions"}],"predecessor-version":[{"id":22520,"href":"https:\/\/www.traderscale.com\/da\/wp-json\/wp\/v2\/pages\/22067\/revisions\/22520"}],"wp:attachment":[{"href":"https:\/\/www.traderscale.com\/da\/wp-json\/wp\/v2\/media?parent=22067"}],"curies":[{"name":"wp","href":"https:\/\/api.w.org\/{rel}","templated":true}]}}