{"id":22064,"date":"2024-02-06T10:03:28","date_gmt":"2024-02-06T15:03:28","guid":{"rendered":"https:\/\/www.traderscale.com\/politik-for-beskyttelse-af-personlige-oplysninger\/"},"modified":"2024-02-06T10:03:28","modified_gmt":"2024-02-06T15:03:28","slug":"politik-for-beskyttelse-af-personlige-oplysninger","status":"publish","type":"page","link":"https:\/\/www.traderscale.com\/da\/politik-for-beskyttelse-af-personlige-oplysninger\/","title":{"rendered":"Politik for beskyttelse af personlige oplysninger"},"content":{"rendered":"<p><strong>1. Introduktion:<\/strong> Denne fortrolighedspolitik (&#8220;Politik&#8221;) vedr\u00f8rer Tradelytic FCZO, der handler som Traderscale.com (&#8220;vi&#8221;, &#8220;vores&#8221; eller &#8220;Virksomheden&#8221;). Denne politik belyser, hvordan virksomheden indsamler, vedligeholder, bruger og videregiver personlige oplysninger om vores kunder (&#8220;dig&#8221;, &#8220;din&#8221; eller &#8220;kunden&#8221;). Den g\u00e6lder for b\u00e5de eksisterende og potentielle kunder samt alle bes\u00f8gende p\u00e5 virksomhedens hjemmeside. Vi fungerer som dataansvarlige i overensstemmelse med databeskyttelseslovgivningen. Virksomheden er dedikeret til at beskytte privatlivets fred for alle personlige data, som defineret heri, erhvervet fra dig, herunder oplysninger, der er opn\u00e5et under dine bes\u00f8g p\u00e5 dette websted. Denne politik skal l\u00e6ses sammen med vores vilk\u00e5r og betingelser, der er tilg\u00e6ngelige p\u00e5 vores hjemmeside p\u00e5 <a href=\"http:\/\/www.traderscale.com\/\" target=\"_new\" rel=\"noopener\">www.traderscale.com<\/a> (&#8220;hjemmeside&#8221;), og eventuelle andre aftaler.     <\/p>\n<p>&nbsp;<\/p>\n<p><strong>2. Hvilke persondata indsamler vi og hvordan?<\/strong>  Virksomheden indsamler og opbevarer personoplysninger om dig, n\u00e5r du udfylder en onlineans\u00f8gning om en live- eller demokonto eller efter vellykket deltagelse i eventuelle udfordringer, der tilbydes p\u00e5 vores websted. Vi indsamler specifikke persondata for effektivt at im\u00f8dekomme vores kunders behov og forbedre vores tjenester. &#8220;Personlige data&#8221; henviser til personlige oplysninger, du direkte giver os, eller data, vi indsamler, mens vi leverer tjenester til dig og gennem din brug af vores websted. Vi overholder globale databeskyttelsespraksisser. Indsamlede personoplysninger omfatter, men er ikke begr\u00e6nset til:    <\/p>\n<ul>\n<li>Oplysninger, du giver, s\u00e5som navn, adresse, f\u00f8dselsdato, telefonnummer, e-mailadresse, identitetsbekr\u00e6ftelsesdokumenter (f.eks. pas og ID), regninger, kontoudtog eller virksomhedsoplysninger, \u00f8konomiske oplysninger som ansl\u00e5et \u00e5rlig indkomst og nettoformue, handelserfaring og investeringsviden.<\/li>\n<li>Data, der automatisk indsamles, n\u00e5r du bruger vores tjenester, herunder IP-adresser, enhedstype, operativsystem, land, der bes\u00f8ger webstedet, login- og logoutoplysninger, kontoindstillinger, tilpassede udfordringer, valuta, typer af transaktioner og kommunikation, uanset om det er elektronisk eller telefonisk.<\/li>\n<li>Automatisk indsamlede data om dine simulerede transaktioner, herunder typen af udfordring, finansielt instrument, tidspunkt for \u00e5bning eller lukning af positioner, investeringsbel\u00f8b, fortjeneste og tab.<\/li>\n<li>Automatisk indsamlede data under dine bes\u00f8g p\u00e5 webstedet, f.eks. bes\u00f8gte omr\u00e5der, viste sider, bes\u00f8gshyppighed og -varighed samt henvisende websteder.<\/li>\n<\/ul>\n<p>&nbsp;<\/p>\n<p><strong>3. Hvorfor bruger vi dine personlige data?<\/strong>  Virksomheden kan bruge dine oplysninger til et eller flere af f\u00f8lgende form\u00e5l:<\/p>\n<ul>\n<li>Bekr\u00e6ftelse af din identitet.<\/li>\n<li>Vedligeholdelse af din personlige profil.<\/li>\n<li>Vurdering af din egnethed til vores produkter og tjenester.<\/li>\n<li>Levering af \u00f8nskede tjenester, herunder behandling af transaktioner.<\/li>\n<li>Tilbyder transaktionsrelaterede tjenester.<\/li>\n<li>At informere dig om produkter og tjenester af interesse.<\/li>\n<li>Holder dig opdateret om relevante emner.<\/li>\n<li>Skr\u00e6ddersy hjemmesiden til dine behov.<\/li>\n<li>Analyserer upersonlige statistiske data for at forbedre produkter og tjenester.<\/li>\n<li>Administration af din konto og overv\u00e5gning af dens adf\u00e6rd, herunder kreditgr\u00e6nser.<\/li>\n<li>Videregivelse af dine personlige data til tredjeparter til markedsf\u00f8ringsform\u00e5l.<\/li>\n<\/ul>\n<p>&nbsp;<\/p>\n<p><strong>4. Hvad er det lovlige grundlag for at behandle dine personoplysninger?<\/strong><\/p>\n<ul>\n<li>At udf\u00f8re vores tjenester til dig, herunder kontraktlige forpligtelser og overholdelse af juridiske forpligtelser som &#8220;Kend din kunde&#8221;- og &#8220;Customer Due Diligence&#8221;-krav.<\/li>\n<li>For at overholde juridiske forpligtelser, herunder love om bek\u00e6mpelse af hvidvaskning af penge, finansiering af terrorisme, finansielle tjenester og databeskyttelse.<\/li>\n<li>For at beskytte legitime interesser, s\u00e5som kunderelationer, retssager, direkte markedsf\u00f8ring, forebyggelse af bedrageri og netv\u00e6rkssikkerhed.<\/li>\n<li>Med dit samtykke at tilbyde vores produkter, tjenester eller \u00f8nskede oplysninger.<\/li>\n<li>\n<\/li>\n<\/ul>\n<p>&nbsp;<\/p>\n<p><strong>5. Hvor l\u00e6nge opbevarer vi dine personlige data?<\/strong>  Persondata behandles som p\u00e5kr\u00e6vet for levering af tjenester og i den varighed, som loven foreskriver. Specifikt opbevarer vi persondata i mindst syv (7) \u00e5r, beregnet fra den seneste transaktion eller afslutning af forretningsforholdet, alt efter hvad der er senere. <\/p>\n<p>&nbsp;<\/p>\n<p><strong>6. Hvor og hvorfor videregiver vi dine persondata?<\/strong>  Virksomheden videregiver ikke dine fortrolige oplysninger til tredjeparter, medmindre:<\/p>\n<ul>\n<li>Kr\u00e6vet af g\u00e6ldende love, regler og bestemmelser.<\/li>\n<li>N\u00f8dvendigt for legitime forretningsinteresser, herunder betalingstjenesteudbydere og bankinstitutioner.<\/li>\n<li>Som svar p\u00e5 anmodninger fra kompetente myndigheder, tilsynsorganer, statslige enheder eller med dit samtykke.<\/li>\n<li>For at beskytte rettigheder, overholde retskendelser, forhindre bedrageri, overholde juridiske processer eller beskytte brugernes personlige sikkerhed.<\/li>\n<\/ul>\n<p>Virksomheden kan ogs\u00e5 videregive dine personlige data til tredjeparter, n\u00e5r det er n\u00f8dvendigt for at:<\/p>\n<ul>\n<li>Beskyt vores rettigheder.<\/li>\n<li>Overhold juridiske forskrifter.<\/li>\n<li>Beskyt virksomhedens rettigheder, hjemmesider og offentlige interesser.<\/li>\n<li>Samarbejd med tredjeparts-processorer.<\/li>\n<li>Brug leverand\u00f8rer til begr\u00e6nsede tjenester.<\/li>\n<li>Interagere med finansielle institutioner og organisationer.<\/li>\n<li>Inddrag eksterne serviceudbydere og professionelle r\u00e5dgivere.<\/li>\n<li>Opfylde transaktionsbehandling eller anmodede tjenester.<\/li>\n<li>Overholde juridiske krav eller myndigheder.<\/li>\n<li>Leverer statistiske data til forretningspartnere og sikrer anonymitet.<\/li>\n<\/ul>\n<p>&nbsp;<\/p>\n<p><strong>7. Processorer<\/strong> Processorer skal:<\/p>\n<ul>\n<li>Informere deres medarbejdere om persondatas fortrolige karakter.<\/li>\n<li>Behandle persondata i overensstemmelse med alle g\u00e6ldende love og regler.<\/li>\n<\/ul>\n<p>Processorer er ansvarlige for alle omkostninger, krav, skader eller udgifter, som virksomheden p\u00e5drager sig p\u00e5 grund af deres manglende overholdelse af forpligtelser i henhold til denne privatlivspolitik.<\/p>\n<p>&nbsp;<\/p>\n<p>&nbsp;<\/p>\n<p><strong>8. Vi kan overf\u00f8re dine data uden for Det Europ\u00e6iske \u00d8konomiske Samarbejdsomr\u00e5de (&#8220;E\u00d8S&#8221;)<\/strong> Virksomheden forbeholder sig ret til at overf\u00f8re dine personlige oplysninger inden for eller uden for E\u00d8S til tjenesteudbydere og processorer. S\u00e5danne overf\u00f8rsler vil overholde loven og sikre overholdelse af europ\u00e6iske databeskyttelseslove eller g\u00e6ldende databeskyttelseslove i tredjelande. Vi tager skridt til at sikre sikker dataoverf\u00f8rsel i overensstemmelse med denne privatlivspolitik.  <\/p>\n<p>&nbsp;<\/p>\n<p>&nbsp;<\/p>\n<p><strong>9. Hvad er dine rettigheder?<\/strong>  Du er ikke forpligtet til at give personlige data til virksomheden. Men hvis du ikke g\u00f8r det, kan vi muligvis ikke bekr\u00e6fte din konto eller levere tilladte tjenester og produkter. I henhold til g\u00e6ldende databeskyttelseslovgivning har du ret til:  <\/p>\n<ul>\n<li>Anmod om adgang til de personoplysninger, vi har om dig.<\/li>\n<li>Ret eventuelle oplevede un\u00f8jagtigheder.<\/li>\n<li>Anmode om sletning af dine persondata, med de undtagelser, som loven kr\u00e6ver.<\/li>\n<li>Informer os om \u00e6ndringer af personlige oplysninger eller anmodninger om sletning via e-mail p\u00e5 <a target=\"_new\" rel=\"noopener\">support@traderscale.com.<\/a><\/li>\n<\/ul>\n<p>Hvis du har sp\u00f8rgsm\u00e5l, klager eller anmodninger, skal du kontakte virksomheden. Hvis en klage forbliver ul\u00f8st, kan du klage til Information Commissioner. <\/p>\n<p>&nbsp;<\/p>\n<p>&nbsp;<\/p>\n<p><strong>10. Samtykke<\/strong> Ved at g\u00e5 ind p\u00e5 dette websted giver du samtykke til, at virksomheden indsamler, vedligeholder, bruger og videregiver personoplysninger i henhold til denne privatlivspolitik.<\/p>\n<p>&nbsp;<\/p>\n<p>&nbsp;<\/p>\n<p><strong>11. Links<\/strong> Denne fortrolighedspolitik g\u00e6lder ikke for andre websteder, som du kan f\u00e5 adgang til via vores. Vi opfordrer dig til at gennemg\u00e5 og forst\u00e5 fortrolighedspolitikkerne p\u00e5 linkede websteder. <\/p>\n<p>&nbsp;<\/p>\n<p>&nbsp;<\/p>\n<p><strong>12. Vi bruger<\/strong> cookies Virksomheden bruger cookies til at indsamle oplysninger om din adgang til vores hjemmeside og tjenester. For omfattende detaljer henvises til virksomhedens cookiepolitik. Cookies er sm\u00e5 stykker information, der gemmes p\u00e5 din enhed, og som muligg\u00f8r et unikt identifikationsm\u00e6rke. De fleste internetbrowsere accepterer cookies, men du kan justere indstillingerne for at afvise dem. Det anbefales dog at aktivere cookies for at f\u00e5 en optimal oplevelse af hjemmesiden.    <\/p>\n<p>&nbsp;<\/p>\n<p>&nbsp;<\/p>\n<p><strong>13. Vi anvender st\u00e6rke sikkerhedsforanstaltninger<\/strong> Virksomheden implementerer robuste foranstaltninger for at beskytte persondata mod uautoriseret adgang. Kun autoriseret personale og tjenesteudbydere med et legitimt behov har adgang til persondata. Det er forbudt at dele loginoplysninger med tredjeparter. Strenge forholdsregler beskytter mod tab, tyveri, misbrug, \u00e6ndring eller \u00f8del\u00e6ggelse af persondata.   <\/p>\n<p>&nbsp;<\/p>\n<p>&nbsp;<\/p>\n<p><strong>14. Vi vil \u00e6ndre denne politik<\/strong> Virksomheden forbeholder sig ret til at revidere denne privatlivspolitik med j\u00e6vne mellemrum. Bes\u00f8g vores hjemmeside for at se den seneste version. Ved at bruge webstedet, efter at \u00e6ndringer er offentliggjort, accepterer du disse \u00e6ndringer.  <\/p>\n<p>Sidst opdateret den 6\/2\/2024. Copyright \u00a9 2024 Traderscale. Alle rettigheder forbeholdes.  <\/p>\n","protected":false},"excerpt":{"rendered":"<p>1. Introduktion: Denne fortrolighedspolitik (&#8220;Politik&#8221;) vedr\u00f8rer Tradelytic FCZO, der handler som Traderscale.com (&#8220;vi&#8221;, &#8220;vores&#8221; eller &#8220;Virksomheden&#8221;). Denne politik belyser, hvordan virksomheden indsamler, vedligeholder, bruger og videregiver personlige oplysninger om vores kunder (&#8220;dig&#8221;, &#8220;din&#8221; eller &#8220;kunden&#8221;). Den g\u00e6lder for b\u00e5de eksisterende og potentielle kunder samt alle bes\u00f8gende p\u00e5 virksomhedens hjemmeside. Vi fungerer som dataansvarlige i overensstemmelse [&hellip;]<\/p>\n","protected":false},"author":1,"featured_media":0,"parent":0,"menu_order":0,"comment_status":"closed","ping_status":"closed","template":"page-new.php","meta":{"_acf_changed":false,"om_disable_all_campaigns":false,"footnotes":""},"class_list":["post-22064","page","type-page","status-publish","hentry"],"acf":[],"yoast_head":"<!-- This site is optimized with the Yoast SEO plugin v27.3 - https:\/\/yoast.com\/product\/yoast-seo-wordpress\/ -->\n<title>Politik for beskyttelse af personlige oplysninger - Accelerate Your Financial Journey with a Fully Funded Trading Account<\/title>\n<meta name=\"robots\" content=\"index, follow, max-snippet:-1, max-image-preview:large, max-video-preview:-1\" \/>\n<link rel=\"canonical\" href=\"https:\/\/www.traderscale.com\/da\/politik-for-beskyttelse-af-personlige-oplysninger\/\" \/>\n<meta property=\"og:locale\" content=\"da_DK\" \/>\n<meta property=\"og:type\" content=\"article\" \/>\n<meta property=\"og:title\" content=\"Politik for beskyttelse af personlige oplysninger - Accelerate Your Financial Journey with a Fully Funded Trading Account\" \/>\n<meta property=\"og:description\" content=\"1. Introduktion: Denne fortrolighedspolitik (&#8220;Politik&#8221;) vedr\u00f8rer Tradelytic FCZO, der handler som Traderscale.com (&#8220;vi&#8221;, &#8220;vores&#8221; eller &#8220;Virksomheden&#8221;). Denne politik belyser, hvordan virksomheden indsamler, vedligeholder, bruger og videregiver personlige oplysninger om vores kunder (&#8220;dig&#8221;, &#8220;din&#8221; eller &#8220;kunden&#8221;). Den g\u00e6lder for b\u00e5de eksisterende og potentielle kunder samt alle bes\u00f8gende p\u00e5 virksomhedens hjemmeside. Vi fungerer som dataansvarlige i overensstemmelse [&hellip;]\" \/>\n<meta property=\"og:url\" content=\"https:\/\/www.traderscale.com\/da\/politik-for-beskyttelse-af-personlige-oplysninger\/\" \/>\n<meta property=\"og:site_name\" content=\"Accelerate Your Financial Journey with a Fully Funded Trading Account\" \/>\n<meta property=\"article:publisher\" content=\"https:\/\/www.facebook.com\/profile.php?id=61556992185100#\" \/>\n<meta name=\"twitter:card\" content=\"summary_large_image\" \/>\n<meta name=\"twitter:label1\" content=\"Estimeret l\u00e6setid\" \/>\n\t<meta name=\"twitter:data1\" content=\"6 minutter\" \/>\n<script type=\"application\/ld+json\" class=\"yoast-schema-graph\">{\"@context\":\"https:\\\/\\\/schema.org\",\"@graph\":[{\"@type\":\"WebPage\",\"@id\":\"https:\\\/\\\/www.traderscale.com\\\/da\\\/politik-for-beskyttelse-af-personlige-oplysninger\\\/\",\"url\":\"https:\\\/\\\/www.traderscale.com\\\/da\\\/politik-for-beskyttelse-af-personlige-oplysninger\\\/\",\"name\":\"Politik for beskyttelse af personlige oplysninger - Accelerate Your Financial Journey with a Fully Funded Trading Account\",\"isPartOf\":{\"@id\":\"https:\\\/\\\/www.traderscale.com\\\/da\\\/#website\"},\"datePublished\":\"2024-02-06T15:03:28+00:00\",\"breadcrumb\":{\"@id\":\"https:\\\/\\\/www.traderscale.com\\\/da\\\/politik-for-beskyttelse-af-personlige-oplysninger\\\/#breadcrumb\"},\"inLanguage\":\"da-DK\",\"potentialAction\":[{\"@type\":\"ReadAction\",\"target\":[\"https:\\\/\\\/www.traderscale.com\\\/da\\\/politik-for-beskyttelse-af-personlige-oplysninger\\\/\"]}]},{\"@type\":\"BreadcrumbList\",\"@id\":\"https:\\\/\\\/www.traderscale.com\\\/da\\\/politik-for-beskyttelse-af-personlige-oplysninger\\\/#breadcrumb\",\"itemListElement\":[{\"@type\":\"ListItem\",\"position\":1,\"name\":\"Home\",\"item\":\"https:\\\/\\\/www.traderscale.com\\\/da\\\/hjem-2025\\\/\"},{\"@type\":\"ListItem\",\"position\":2,\"name\":\"Politik for beskyttelse af personlige oplysninger\"}]},{\"@type\":\"WebSite\",\"@id\":\"https:\\\/\\\/www.traderscale.com\\\/da\\\/#website\",\"url\":\"https:\\\/\\\/www.traderscale.com\\\/da\\\/\",\"name\":\"Traderscale\",\"description\":\"\",\"publisher\":{\"@id\":\"https:\\\/\\\/www.traderscale.com\\\/da\\\/#organization\"},\"potentialAction\":[{\"@type\":\"SearchAction\",\"target\":{\"@type\":\"EntryPoint\",\"urlTemplate\":\"https:\\\/\\\/www.traderscale.com\\\/da\\\/?s={search_term_string}\"},\"query-input\":{\"@type\":\"PropertyValueSpecification\",\"valueRequired\":true,\"valueName\":\"search_term_string\"}}],\"inLanguage\":\"da-DK\"},{\"@type\":\"Organization\",\"@id\":\"https:\\\/\\\/www.traderscale.com\\\/da\\\/#organization\",\"name\":\"Traderscale\",\"url\":\"https:\\\/\\\/www.traderscale.com\\\/da\\\/\",\"logo\":{\"@type\":\"ImageObject\",\"inLanguage\":\"da-DK\",\"@id\":\"https:\\\/\\\/www.traderscale.com\\\/da\\\/#\\\/schema\\\/logo\\\/image\\\/\",\"url\":\"https:\\\/\\\/www.traderscale.com\\\/wp-content\\\/uploads\\\/2025\\\/04\\\/dark.png\",\"contentUrl\":\"https:\\\/\\\/www.traderscale.com\\\/wp-content\\\/uploads\\\/2025\\\/04\\\/dark.png\",\"width\":240,\"height\":161,\"caption\":\"Traderscale\"},\"image\":{\"@id\":\"https:\\\/\\\/www.traderscale.com\\\/da\\\/#\\\/schema\\\/logo\\\/image\\\/\"},\"sameAs\":[\"https:\\\/\\\/www.facebook.com\\\/profile.php?id=61556992185100#\",\"https:\\\/\\\/www.youtube.com\\\/@Traderscale_com\\\/videos\",\"https:\\\/\\\/www.instagram.com\\\/traderscalepro\\\/\"]}]}<\/script>\n<!-- \/ Yoast SEO plugin. -->","yoast_head_json":{"title":"Politik for beskyttelse af personlige oplysninger - Accelerate Your Financial Journey with a Fully Funded Trading Account","robots":{"index":"index","follow":"follow","max-snippet":"max-snippet:-1","max-image-preview":"max-image-preview:large","max-video-preview":"max-video-preview:-1"},"canonical":"https:\/\/www.traderscale.com\/da\/politik-for-beskyttelse-af-personlige-oplysninger\/","og_locale":"da_DK","og_type":"article","og_title":"Politik for beskyttelse af personlige oplysninger - Accelerate Your Financial Journey with a Fully Funded Trading Account","og_description":"1. Introduktion: Denne fortrolighedspolitik (&#8220;Politik&#8221;) vedr\u00f8rer Tradelytic FCZO, der handler som Traderscale.com (&#8220;vi&#8221;, &#8220;vores&#8221; eller &#8220;Virksomheden&#8221;). Denne politik belyser, hvordan virksomheden indsamler, vedligeholder, bruger og videregiver personlige oplysninger om vores kunder (&#8220;dig&#8221;, &#8220;din&#8221; eller &#8220;kunden&#8221;). Den g\u00e6lder for b\u00e5de eksisterende og potentielle kunder samt alle bes\u00f8gende p\u00e5 virksomhedens hjemmeside. Vi fungerer som dataansvarlige i overensstemmelse [&hellip;]","og_url":"https:\/\/www.traderscale.com\/da\/politik-for-beskyttelse-af-personlige-oplysninger\/","og_site_name":"Accelerate Your Financial Journey with a Fully Funded Trading Account","article_publisher":"https:\/\/www.facebook.com\/profile.php?id=61556992185100#","twitter_card":"summary_large_image","twitter_misc":{"Estimeret l\u00e6setid":"6 minutter"},"schema":{"@context":"https:\/\/schema.org","@graph":[{"@type":"WebPage","@id":"https:\/\/www.traderscale.com\/da\/politik-for-beskyttelse-af-personlige-oplysninger\/","url":"https:\/\/www.traderscale.com\/da\/politik-for-beskyttelse-af-personlige-oplysninger\/","name":"Politik for beskyttelse af personlige oplysninger - Accelerate Your Financial Journey with a Fully Funded Trading Account","isPartOf":{"@id":"https:\/\/www.traderscale.com\/da\/#website"},"datePublished":"2024-02-06T15:03:28+00:00","breadcrumb":{"@id":"https:\/\/www.traderscale.com\/da\/politik-for-beskyttelse-af-personlige-oplysninger\/#breadcrumb"},"inLanguage":"da-DK","potentialAction":[{"@type":"ReadAction","target":["https:\/\/www.traderscale.com\/da\/politik-for-beskyttelse-af-personlige-oplysninger\/"]}]},{"@type":"BreadcrumbList","@id":"https:\/\/www.traderscale.com\/da\/politik-for-beskyttelse-af-personlige-oplysninger\/#breadcrumb","itemListElement":[{"@type":"ListItem","position":1,"name":"Home","item":"https:\/\/www.traderscale.com\/da\/hjem-2025\/"},{"@type":"ListItem","position":2,"name":"Politik for beskyttelse af personlige oplysninger"}]},{"@type":"WebSite","@id":"https:\/\/www.traderscale.com\/da\/#website","url":"https:\/\/www.traderscale.com\/da\/","name":"Traderscale","description":"","publisher":{"@id":"https:\/\/www.traderscale.com\/da\/#organization"},"potentialAction":[{"@type":"SearchAction","target":{"@type":"EntryPoint","urlTemplate":"https:\/\/www.traderscale.com\/da\/?s={search_term_string}"},"query-input":{"@type":"PropertyValueSpecification","valueRequired":true,"valueName":"search_term_string"}}],"inLanguage":"da-DK"},{"@type":"Organization","@id":"https:\/\/www.traderscale.com\/da\/#organization","name":"Traderscale","url":"https:\/\/www.traderscale.com\/da\/","logo":{"@type":"ImageObject","inLanguage":"da-DK","@id":"https:\/\/www.traderscale.com\/da\/#\/schema\/logo\/image\/","url":"https:\/\/www.traderscale.com\/wp-content\/uploads\/2025\/04\/dark.png","contentUrl":"https:\/\/www.traderscale.com\/wp-content\/uploads\/2025\/04\/dark.png","width":240,"height":161,"caption":"Traderscale"},"image":{"@id":"https:\/\/www.traderscale.com\/da\/#\/schema\/logo\/image\/"},"sameAs":["https:\/\/www.facebook.com\/profile.php?id=61556992185100#","https:\/\/www.youtube.com\/@Traderscale_com\/videos","https:\/\/www.instagram.com\/traderscalepro\/"]}]}},"_links":{"self":[{"href":"https:\/\/www.traderscale.com\/da\/wp-json\/wp\/v2\/pages\/22064","targetHints":{"allow":["GET"]}}],"collection":[{"href":"https:\/\/www.traderscale.com\/da\/wp-json\/wp\/v2\/pages"}],"about":[{"href":"https:\/\/www.traderscale.com\/da\/wp-json\/wp\/v2\/types\/page"}],"author":[{"embeddable":true,"href":"https:\/\/www.traderscale.com\/da\/wp-json\/wp\/v2\/users\/1"}],"replies":[{"embeddable":true,"href":"https:\/\/www.traderscale.com\/da\/wp-json\/wp\/v2\/comments?post=22064"}],"version-history":[{"count":0,"href":"https:\/\/www.traderscale.com\/da\/wp-json\/wp\/v2\/pages\/22064\/revisions"}],"wp:attachment":[{"href":"https:\/\/www.traderscale.com\/da\/wp-json\/wp\/v2\/media?parent=22064"}],"curies":[{"name":"wp","href":"https:\/\/api.w.org\/{rel}","templated":true}]}}