{"id":22057,"date":"2024-07-01T05:53:45","date_gmt":"2024-07-01T10:53:45","guid":{"rendered":"https:\/\/www.traderscale.com\/yderligere-regler\/"},"modified":"2024-07-01T05:53:45","modified_gmt":"2024-07-01T10:53:45","slug":"yderligere-regler","status":"publish","type":"page","link":"https:\/\/www.traderscale.com\/da\/yderligere-regler\/","title":{"rendered":"Yderligere regler"},"content":{"rendered":"<h3><strong>Bes\u00f8g help.traderscale.com for at se alle vores regler og begr\u00e6nsninger.<\/strong><\/h3>\n<p>&nbsp;<\/p>\n<p><strong>Konsekvenser<br \/>\n<\/strong>Tradere, der mist\u00e6nkes for at deltage i disse forbudte praksisser, kan blive udsat for forskellige restriktioner, s\u00e5som at reducere gearing, begr\u00e6nse antallet af handler pr. dag, gr\u00e6nser for lotst\u00f8rrelse pr. dag, s\u00e6nke daglige\/max tabsgr\u00e6nser, indf\u00f8re en regel om en maksimal risikogr\u00e6nse p\u00e5 1 %, konti, der er brudt, eller endda blive udelukket fra firmaet uden refusion.<\/p>\n","protected":false},"excerpt":{"rendered":"<p>Bes\u00f8g help.traderscale.com for at se alle vores regler og begr\u00e6nsninger. &nbsp; Konsekvenser Tradere, der mist\u00e6nkes for at deltage i disse forbudte praksisser, kan blive udsat for forskellige restriktioner, s\u00e5som at reducere gearing, begr\u00e6nse antallet af handler pr. dag, gr\u00e6nser for lotst\u00f8rrelse pr. dag, s\u00e6nke daglige\/max tabsgr\u00e6nser, indf\u00f8re en regel om en maksimal risikogr\u00e6nse p\u00e5 1 [&hellip;]<\/p>\n","protected":false},"author":1,"featured_media":0,"parent":0,"menu_order":0,"comment_status":"closed","ping_status":"closed","template":"page-new.php","meta":{"_acf_changed":false,"om_disable_all_campaigns":false,"footnotes":""},"class_list":["post-22057","page","type-page","status-publish","hentry"],"acf":[],"yoast_head":"<!-- This site is optimized with the Yoast SEO plugin v27.5 - https:\/\/yoast.com\/product\/yoast-seo-wordpress\/ -->\n<title>Yderligere regler - Accelerate Your Financial Journey with a Fully Funded Trading Account<\/title>\n<meta name=\"robots\" content=\"index, follow, max-snippet:-1, max-image-preview:large, max-video-preview:-1\" \/>\n<link rel=\"canonical\" href=\"https:\/\/www.traderscale.com\/da\/yderligere-regler\/\" \/>\n<meta property=\"og:locale\" content=\"da_DK\" \/>\n<meta property=\"og:type\" content=\"article\" \/>\n<meta property=\"og:title\" content=\"Yderligere regler - Accelerate Your Financial Journey with a Fully Funded Trading Account\" \/>\n<meta property=\"og:description\" content=\"Bes\u00f8g help.traderscale.com for at se alle vores regler og begr\u00e6nsninger. &nbsp; Konsekvenser Tradere, der mist\u00e6nkes for at deltage i disse forbudte praksisser, kan blive udsat for forskellige restriktioner, s\u00e5som at reducere gearing, begr\u00e6nse antallet af handler pr. dag, gr\u00e6nser for lotst\u00f8rrelse pr. dag, s\u00e6nke daglige\/max tabsgr\u00e6nser, indf\u00f8re en regel om en maksimal risikogr\u00e6nse p\u00e5 1 [&hellip;]\" \/>\n<meta property=\"og:url\" content=\"https:\/\/www.traderscale.com\/da\/yderligere-regler\/\" \/>\n<meta property=\"og:site_name\" content=\"Accelerate Your Financial Journey with a Fully Funded Trading Account\" \/>\n<meta property=\"article:publisher\" content=\"https:\/\/www.facebook.com\/profile.php?id=61556992185100#\" \/>\n<meta name=\"twitter:card\" content=\"summary_large_image\" \/>\n<script type=\"application\/ld+json\" class=\"yoast-schema-graph\">{\"@context\":\"https:\\\/\\\/schema.org\",\"@graph\":[{\"@type\":\"WebPage\",\"@id\":\"https:\\\/\\\/www.traderscale.com\\\/da\\\/yderligere-regler\\\/\",\"url\":\"https:\\\/\\\/www.traderscale.com\\\/da\\\/yderligere-regler\\\/\",\"name\":\"Yderligere regler - Accelerate Your Financial Journey with a Fully Funded Trading Account\",\"isPartOf\":{\"@id\":\"https:\\\/\\\/www.traderscale.com\\\/da\\\/#website\"},\"datePublished\":\"2024-07-01T10:53:45+00:00\",\"breadcrumb\":{\"@id\":\"https:\\\/\\\/www.traderscale.com\\\/da\\\/yderligere-regler\\\/#breadcrumb\"},\"inLanguage\":\"da-DK\",\"potentialAction\":[{\"@type\":\"ReadAction\",\"target\":[\"https:\\\/\\\/www.traderscale.com\\\/da\\\/yderligere-regler\\\/\"]}]},{\"@type\":\"BreadcrumbList\",\"@id\":\"https:\\\/\\\/www.traderscale.com\\\/da\\\/yderligere-regler\\\/#breadcrumb\",\"itemListElement\":[{\"@type\":\"ListItem\",\"position\":1,\"name\":\"Home\",\"item\":\"https:\\\/\\\/www.traderscale.com\\\/da\\\/hjem-2025\\\/\"},{\"@type\":\"ListItem\",\"position\":2,\"name\":\"Yderligere regler\"}]},{\"@type\":\"WebSite\",\"@id\":\"https:\\\/\\\/www.traderscale.com\\\/da\\\/#website\",\"url\":\"https:\\\/\\\/www.traderscale.com\\\/da\\\/\",\"name\":\"Traderscale\",\"description\":\"\",\"publisher\":{\"@id\":\"https:\\\/\\\/www.traderscale.com\\\/da\\\/#organization\"},\"potentialAction\":[{\"@type\":\"SearchAction\",\"target\":{\"@type\":\"EntryPoint\",\"urlTemplate\":\"https:\\\/\\\/www.traderscale.com\\\/da\\\/?s={search_term_string}\"},\"query-input\":{\"@type\":\"PropertyValueSpecification\",\"valueRequired\":true,\"valueName\":\"search_term_string\"}}],\"inLanguage\":\"da-DK\"},{\"@type\":\"Organization\",\"@id\":\"https:\\\/\\\/www.traderscale.com\\\/da\\\/#organization\",\"name\":\"Traderscale\",\"url\":\"https:\\\/\\\/www.traderscale.com\\\/da\\\/\",\"logo\":{\"@type\":\"ImageObject\",\"inLanguage\":\"da-DK\",\"@id\":\"https:\\\/\\\/www.traderscale.com\\\/da\\\/#\\\/schema\\\/logo\\\/image\\\/\",\"url\":\"https:\\\/\\\/www.traderscale.com\\\/wp-content\\\/uploads\\\/2025\\\/04\\\/dark.png\",\"contentUrl\":\"https:\\\/\\\/www.traderscale.com\\\/wp-content\\\/uploads\\\/2025\\\/04\\\/dark.png\",\"width\":240,\"height\":161,\"caption\":\"Traderscale\"},\"image\":{\"@id\":\"https:\\\/\\\/www.traderscale.com\\\/da\\\/#\\\/schema\\\/logo\\\/image\\\/\"},\"sameAs\":[\"https:\\\/\\\/www.facebook.com\\\/profile.php?id=61556992185100#\",\"https:\\\/\\\/www.youtube.com\\\/@Traderscale_com\\\/videos\",\"https:\\\/\\\/www.instagram.com\\\/traderscalepro\\\/\"]}]}<\/script>\n<!-- \/ Yoast SEO plugin. -->","yoast_head_json":{"title":"Yderligere regler - Accelerate Your Financial Journey with a Fully Funded Trading Account","robots":{"index":"index","follow":"follow","max-snippet":"max-snippet:-1","max-image-preview":"max-image-preview:large","max-video-preview":"max-video-preview:-1"},"canonical":"https:\/\/www.traderscale.com\/da\/yderligere-regler\/","og_locale":"da_DK","og_type":"article","og_title":"Yderligere regler - Accelerate Your Financial Journey with a Fully Funded Trading Account","og_description":"Bes\u00f8g help.traderscale.com for at se alle vores regler og begr\u00e6nsninger. &nbsp; Konsekvenser Tradere, der mist\u00e6nkes for at deltage i disse forbudte praksisser, kan blive udsat for forskellige restriktioner, s\u00e5som at reducere gearing, begr\u00e6nse antallet af handler pr. dag, gr\u00e6nser for lotst\u00f8rrelse pr. dag, s\u00e6nke daglige\/max tabsgr\u00e6nser, indf\u00f8re en regel om en maksimal risikogr\u00e6nse p\u00e5 1 [&hellip;]","og_url":"https:\/\/www.traderscale.com\/da\/yderligere-regler\/","og_site_name":"Accelerate Your Financial Journey with a Fully Funded Trading Account","article_publisher":"https:\/\/www.facebook.com\/profile.php?id=61556992185100#","twitter_card":"summary_large_image","schema":{"@context":"https:\/\/schema.org","@graph":[{"@type":"WebPage","@id":"https:\/\/www.traderscale.com\/da\/yderligere-regler\/","url":"https:\/\/www.traderscale.com\/da\/yderligere-regler\/","name":"Yderligere regler - Accelerate Your Financial Journey with a Fully Funded Trading Account","isPartOf":{"@id":"https:\/\/www.traderscale.com\/da\/#website"},"datePublished":"2024-07-01T10:53:45+00:00","breadcrumb":{"@id":"https:\/\/www.traderscale.com\/da\/yderligere-regler\/#breadcrumb"},"inLanguage":"da-DK","potentialAction":[{"@type":"ReadAction","target":["https:\/\/www.traderscale.com\/da\/yderligere-regler\/"]}]},{"@type":"BreadcrumbList","@id":"https:\/\/www.traderscale.com\/da\/yderligere-regler\/#breadcrumb","itemListElement":[{"@type":"ListItem","position":1,"name":"Home","item":"https:\/\/www.traderscale.com\/da\/hjem-2025\/"},{"@type":"ListItem","position":2,"name":"Yderligere regler"}]},{"@type":"WebSite","@id":"https:\/\/www.traderscale.com\/da\/#website","url":"https:\/\/www.traderscale.com\/da\/","name":"Traderscale","description":"","publisher":{"@id":"https:\/\/www.traderscale.com\/da\/#organization"},"potentialAction":[{"@type":"SearchAction","target":{"@type":"EntryPoint","urlTemplate":"https:\/\/www.traderscale.com\/da\/?s={search_term_string}"},"query-input":{"@type":"PropertyValueSpecification","valueRequired":true,"valueName":"search_term_string"}}],"inLanguage":"da-DK"},{"@type":"Organization","@id":"https:\/\/www.traderscale.com\/da\/#organization","name":"Traderscale","url":"https:\/\/www.traderscale.com\/da\/","logo":{"@type":"ImageObject","inLanguage":"da-DK","@id":"https:\/\/www.traderscale.com\/da\/#\/schema\/logo\/image\/","url":"https:\/\/www.traderscale.com\/wp-content\/uploads\/2025\/04\/dark.png","contentUrl":"https:\/\/www.traderscale.com\/wp-content\/uploads\/2025\/04\/dark.png","width":240,"height":161,"caption":"Traderscale"},"image":{"@id":"https:\/\/www.traderscale.com\/da\/#\/schema\/logo\/image\/"},"sameAs":["https:\/\/www.facebook.com\/profile.php?id=61556992185100#","https:\/\/www.youtube.com\/@Traderscale_com\/videos","https:\/\/www.instagram.com\/traderscalepro\/"]}]}},"_links":{"self":[{"href":"https:\/\/www.traderscale.com\/da\/wp-json\/wp\/v2\/pages\/22057","targetHints":{"allow":["GET"]}}],"collection":[{"href":"https:\/\/www.traderscale.com\/da\/wp-json\/wp\/v2\/pages"}],"about":[{"href":"https:\/\/www.traderscale.com\/da\/wp-json\/wp\/v2\/types\/page"}],"author":[{"embeddable":true,"href":"https:\/\/www.traderscale.com\/da\/wp-json\/wp\/v2\/users\/1"}],"replies":[{"embeddable":true,"href":"https:\/\/www.traderscale.com\/da\/wp-json\/wp\/v2\/comments?post=22057"}],"version-history":[{"count":0,"href":"https:\/\/www.traderscale.com\/da\/wp-json\/wp\/v2\/pages\/22057\/revisions"}],"wp:attachment":[{"href":"https:\/\/www.traderscale.com\/da\/wp-json\/wp\/v2\/media?parent=22057"}],"curies":[{"name":"wp","href":"https:\/\/api.w.org\/{rel}","templated":true}]}}