{"id":22040,"date":"2024-11-23T03:07:44","date_gmt":"2024-11-23T08:07:44","guid":{"rendered":"https:\/\/www.traderscale.com\/udbetalinger\/"},"modified":"2024-11-23T03:07:44","modified_gmt":"2024-11-23T08:07:44","slug":"udbetalinger","status":"publish","type":"page","link":"https:\/\/www.traderscale.com\/da\/udbetalinger\/","title":{"rendered":"Udbetalinger"},"content":{"rendered":"<p>P\u00e5 det seneste har vi modtaget nogle negative anmeldelser fra <strong> tradere, der kalder os svindel<\/strong>. Mange af disse p\u00e5stande stammer fra misforst\u00e5elser af vores handelsregler, manglende viden om handel eller risikabel gambling i stedet for ansvarlig handel. <\/p>\n<p>Vi tager disse beskyldninger meget alvorligt, fordi vi er forpligtet til at opbygge et velrenommeret prop trading-firma i en branche, hvor gennemsigtighed ikke altid er standarden.<\/p>\n<p><strong>For at bevise vores engagement<\/strong> i legitimitet har vi implementeret foranstaltninger, der g\u00f8r vores udbetalinger fuldt sporbare og verificerbare.<\/p>\n<p>Vores udbetalinger bruger <strong> RISE og USDT, to sikre metoder,<\/strong> der udnytter blockchain-teknologi. Det betyder, at alle transaktioner registreres, er synlige og ikke kan \u00e6ndres, hvilket giver dig fuld gennemsigtighed og ro i sindet. <\/p>\n<p>Og med vores <strong>blockchain-system<\/strong> kan du f\u00f8lge hver eneste udbetaling, vi foretager, i realtid.<\/p>\n<p>S\u00e5 tag ikke bare vores ord for de fantastiske udbetalinger, vores tradere f\u00e5r &#8211; tjek selv!<\/p>\n<h4 class=\"contenttitle\">Oplev \u00e6gte, verificerede udbetalinger, og start din rejse i dag!<\/h4>\n","protected":false},"excerpt":{"rendered":"<p>P\u00e5 det seneste har vi modtaget nogle negative anmeldelser fra tradere, der kalder os svindel. Mange af disse p\u00e5stande stammer fra misforst\u00e5elser af vores handelsregler, manglende viden om handel eller risikabel gambling i stedet for ansvarlig handel. Vi tager disse beskyldninger meget alvorligt, fordi vi er forpligtet til at opbygge et velrenommeret prop trading-firma i [&hellip;]<\/p>\n","protected":false},"author":526,"featured_media":0,"parent":0,"menu_order":0,"comment_status":"closed","ping_status":"closed","template":"page-why.php","meta":{"_acf_changed":false,"om_disable_all_campaigns":false,"footnotes":""},"class_list":["post-22040","page","type-page","status-publish","hentry"],"acf":[],"yoast_head":"<!-- This site is optimized with the Yoast SEO plugin v27.3 - https:\/\/yoast.com\/product\/yoast-seo-wordpress\/ -->\n<title>Udbetalinger - Accelerate Your Financial Journey with a Fully Funded Trading Account<\/title>\n<meta name=\"robots\" content=\"index, follow, max-snippet:-1, max-image-preview:large, max-video-preview:-1\" \/>\n<link rel=\"canonical\" href=\"https:\/\/www.traderscale.com\/da\/udbetalinger\/\" \/>\n<meta property=\"og:locale\" content=\"da_DK\" \/>\n<meta property=\"og:type\" content=\"article\" \/>\n<meta property=\"og:title\" content=\"Udbetalinger - Accelerate Your Financial Journey with a Fully Funded Trading Account\" \/>\n<meta property=\"og:description\" content=\"P\u00e5 det seneste har vi modtaget nogle negative anmeldelser fra tradere, der kalder os svindel. Mange af disse p\u00e5stande stammer fra misforst\u00e5elser af vores handelsregler, manglende viden om handel eller risikabel gambling i stedet for ansvarlig handel. Vi tager disse beskyldninger meget alvorligt, fordi vi er forpligtet til at opbygge et velrenommeret prop trading-firma i [&hellip;]\" \/>\n<meta property=\"og:url\" content=\"https:\/\/www.traderscale.com\/da\/udbetalinger\/\" \/>\n<meta property=\"og:site_name\" content=\"Accelerate Your Financial Journey with a Fully Funded Trading Account\" \/>\n<meta property=\"article:publisher\" content=\"https:\/\/www.facebook.com\/profile.php?id=61556992185100#\" \/>\n<meta name=\"twitter:card\" content=\"summary_large_image\" \/>\n<meta name=\"twitter:label1\" content=\"Estimeret l\u00e6setid\" \/>\n\t<meta name=\"twitter:data1\" content=\"1 minut\" \/>\n<script type=\"application\/ld+json\" class=\"yoast-schema-graph\">{\"@context\":\"https:\\\/\\\/schema.org\",\"@graph\":[{\"@type\":\"WebPage\",\"@id\":\"https:\\\/\\\/www.traderscale.com\\\/da\\\/udbetalinger\\\/\",\"url\":\"https:\\\/\\\/www.traderscale.com\\\/da\\\/udbetalinger\\\/\",\"name\":\"Udbetalinger - Accelerate Your Financial Journey with a Fully Funded Trading Account\",\"isPartOf\":{\"@id\":\"https:\\\/\\\/www.traderscale.com\\\/da\\\/#website\"},\"datePublished\":\"2024-11-23T08:07:44+00:00\",\"breadcrumb\":{\"@id\":\"https:\\\/\\\/www.traderscale.com\\\/da\\\/udbetalinger\\\/#breadcrumb\"},\"inLanguage\":\"da-DK\",\"potentialAction\":[{\"@type\":\"ReadAction\",\"target\":[\"https:\\\/\\\/www.traderscale.com\\\/da\\\/udbetalinger\\\/\"]}]},{\"@type\":\"BreadcrumbList\",\"@id\":\"https:\\\/\\\/www.traderscale.com\\\/da\\\/udbetalinger\\\/#breadcrumb\",\"itemListElement\":[{\"@type\":\"ListItem\",\"position\":1,\"name\":\"Home\",\"item\":\"https:\\\/\\\/www.traderscale.com\\\/da\\\/hjem-2025\\\/\"},{\"@type\":\"ListItem\",\"position\":2,\"name\":\"Udbetalinger\"}]},{\"@type\":\"WebSite\",\"@id\":\"https:\\\/\\\/www.traderscale.com\\\/da\\\/#website\",\"url\":\"https:\\\/\\\/www.traderscale.com\\\/da\\\/\",\"name\":\"Traderscale\",\"description\":\"\",\"publisher\":{\"@id\":\"https:\\\/\\\/www.traderscale.com\\\/da\\\/#organization\"},\"potentialAction\":[{\"@type\":\"SearchAction\",\"target\":{\"@type\":\"EntryPoint\",\"urlTemplate\":\"https:\\\/\\\/www.traderscale.com\\\/da\\\/?s={search_term_string}\"},\"query-input\":{\"@type\":\"PropertyValueSpecification\",\"valueRequired\":true,\"valueName\":\"search_term_string\"}}],\"inLanguage\":\"da-DK\"},{\"@type\":\"Organization\",\"@id\":\"https:\\\/\\\/www.traderscale.com\\\/da\\\/#organization\",\"name\":\"Traderscale\",\"url\":\"https:\\\/\\\/www.traderscale.com\\\/da\\\/\",\"logo\":{\"@type\":\"ImageObject\",\"inLanguage\":\"da-DK\",\"@id\":\"https:\\\/\\\/www.traderscale.com\\\/da\\\/#\\\/schema\\\/logo\\\/image\\\/\",\"url\":\"https:\\\/\\\/www.traderscale.com\\\/wp-content\\\/uploads\\\/2025\\\/04\\\/dark.png\",\"contentUrl\":\"https:\\\/\\\/www.traderscale.com\\\/wp-content\\\/uploads\\\/2025\\\/04\\\/dark.png\",\"width\":240,\"height\":161,\"caption\":\"Traderscale\"},\"image\":{\"@id\":\"https:\\\/\\\/www.traderscale.com\\\/da\\\/#\\\/schema\\\/logo\\\/image\\\/\"},\"sameAs\":[\"https:\\\/\\\/www.facebook.com\\\/profile.php?id=61556992185100#\",\"https:\\\/\\\/www.youtube.com\\\/@Traderscale_com\\\/videos\",\"https:\\\/\\\/www.instagram.com\\\/traderscalepro\\\/\"]}]}<\/script>\n<!-- \/ Yoast SEO plugin. -->","yoast_head_json":{"title":"Udbetalinger - Accelerate Your Financial Journey with a Fully Funded Trading Account","robots":{"index":"index","follow":"follow","max-snippet":"max-snippet:-1","max-image-preview":"max-image-preview:large","max-video-preview":"max-video-preview:-1"},"canonical":"https:\/\/www.traderscale.com\/da\/udbetalinger\/","og_locale":"da_DK","og_type":"article","og_title":"Udbetalinger - Accelerate Your Financial Journey with a Fully Funded Trading Account","og_description":"P\u00e5 det seneste har vi modtaget nogle negative anmeldelser fra tradere, der kalder os svindel. Mange af disse p\u00e5stande stammer fra misforst\u00e5elser af vores handelsregler, manglende viden om handel eller risikabel gambling i stedet for ansvarlig handel. Vi tager disse beskyldninger meget alvorligt, fordi vi er forpligtet til at opbygge et velrenommeret prop trading-firma i [&hellip;]","og_url":"https:\/\/www.traderscale.com\/da\/udbetalinger\/","og_site_name":"Accelerate Your Financial Journey with a Fully Funded Trading Account","article_publisher":"https:\/\/www.facebook.com\/profile.php?id=61556992185100#","twitter_card":"summary_large_image","twitter_misc":{"Estimeret l\u00e6setid":"1 minut"},"schema":{"@context":"https:\/\/schema.org","@graph":[{"@type":"WebPage","@id":"https:\/\/www.traderscale.com\/da\/udbetalinger\/","url":"https:\/\/www.traderscale.com\/da\/udbetalinger\/","name":"Udbetalinger - Accelerate Your Financial Journey with a Fully Funded Trading Account","isPartOf":{"@id":"https:\/\/www.traderscale.com\/da\/#website"},"datePublished":"2024-11-23T08:07:44+00:00","breadcrumb":{"@id":"https:\/\/www.traderscale.com\/da\/udbetalinger\/#breadcrumb"},"inLanguage":"da-DK","potentialAction":[{"@type":"ReadAction","target":["https:\/\/www.traderscale.com\/da\/udbetalinger\/"]}]},{"@type":"BreadcrumbList","@id":"https:\/\/www.traderscale.com\/da\/udbetalinger\/#breadcrumb","itemListElement":[{"@type":"ListItem","position":1,"name":"Home","item":"https:\/\/www.traderscale.com\/da\/hjem-2025\/"},{"@type":"ListItem","position":2,"name":"Udbetalinger"}]},{"@type":"WebSite","@id":"https:\/\/www.traderscale.com\/da\/#website","url":"https:\/\/www.traderscale.com\/da\/","name":"Traderscale","description":"","publisher":{"@id":"https:\/\/www.traderscale.com\/da\/#organization"},"potentialAction":[{"@type":"SearchAction","target":{"@type":"EntryPoint","urlTemplate":"https:\/\/www.traderscale.com\/da\/?s={search_term_string}"},"query-input":{"@type":"PropertyValueSpecification","valueRequired":true,"valueName":"search_term_string"}}],"inLanguage":"da-DK"},{"@type":"Organization","@id":"https:\/\/www.traderscale.com\/da\/#organization","name":"Traderscale","url":"https:\/\/www.traderscale.com\/da\/","logo":{"@type":"ImageObject","inLanguage":"da-DK","@id":"https:\/\/www.traderscale.com\/da\/#\/schema\/logo\/image\/","url":"https:\/\/www.traderscale.com\/wp-content\/uploads\/2025\/04\/dark.png","contentUrl":"https:\/\/www.traderscale.com\/wp-content\/uploads\/2025\/04\/dark.png","width":240,"height":161,"caption":"Traderscale"},"image":{"@id":"https:\/\/www.traderscale.com\/da\/#\/schema\/logo\/image\/"},"sameAs":["https:\/\/www.facebook.com\/profile.php?id=61556992185100#","https:\/\/www.youtube.com\/@Traderscale_com\/videos","https:\/\/www.instagram.com\/traderscalepro\/"]}]}},"_links":{"self":[{"href":"https:\/\/www.traderscale.com\/da\/wp-json\/wp\/v2\/pages\/22040","targetHints":{"allow":["GET"]}}],"collection":[{"href":"https:\/\/www.traderscale.com\/da\/wp-json\/wp\/v2\/pages"}],"about":[{"href":"https:\/\/www.traderscale.com\/da\/wp-json\/wp\/v2\/types\/page"}],"author":[{"embeddable":true,"href":"https:\/\/www.traderscale.com\/da\/wp-json\/wp\/v2\/users\/526"}],"replies":[{"embeddable":true,"href":"https:\/\/www.traderscale.com\/da\/wp-json\/wp\/v2\/comments?post=22040"}],"version-history":[{"count":0,"href":"https:\/\/www.traderscale.com\/da\/wp-json\/wp\/v2\/pages\/22040\/revisions"}],"wp:attachment":[{"href":"https:\/\/www.traderscale.com\/da\/wp-json\/wp\/v2\/media?parent=22040"}],"curies":[{"name":"wp","href":"https:\/\/api.w.org\/{rel}","templated":true}]}}