{"id":21978,"date":"2025-02-18T13:24:17","date_gmt":"2025-02-18T18:24:17","guid":{"rendered":"https:\/\/www.traderscale.com\/hjem-2025\/"},"modified":"2025-09-11T08:10:01","modified_gmt":"2025-09-11T13:10:01","slug":"hjem-2025","status":"publish","type":"page","link":"https:\/\/www.traderscale.com\/da\/","title":{"rendered":"Hjem 2025"},"content":{"rendered":"","protected":false},"excerpt":{"rendered":"","protected":false},"author":1,"featured_media":0,"parent":0,"menu_order":0,"comment_status":"closed","ping_status":"closed","template":"page-home.php","meta":{"_acf_changed":false,"om_disable_all_campaigns":false,"footnotes":""},"class_list":["post-21978","page","type-page","status-publish","hentry"],"acf":[],"yoast_head":"<!-- This site is optimized with the Yoast SEO plugin v27.3 - https:\/\/yoast.com\/product\/yoast-seo-wordpress\/ -->\n<title>Traderscale | Fremskynd din finansielle rejse med en fuldt finansieret handelskonto<\/title>\n<meta name=\"description\" content=\"Traderscale l\u00f8ser udfordringen med begr\u00e6nset kapital ved at tilbyde adgang til deres midler, s\u00e5 tradere kan h\u00e5ndtere st\u00f8rre positioner og \u00f8ge deres profitpotentiale.\" \/>\n<meta name=\"robots\" content=\"index, follow, max-snippet:-1, max-image-preview:large, max-video-preview:-1\" \/>\n<link rel=\"canonical\" href=\"https:\/\/www.traderscale.com\/da\/\" \/>\n<meta property=\"og:locale\" content=\"da_DK\" \/>\n<meta property=\"og:type\" content=\"article\" \/>\n<meta property=\"og:title\" content=\"Traderscale | Fremskynd din finansielle rejse med en fuldt finansieret handelskonto\" \/>\n<meta property=\"og:description\" content=\"Traderscale l\u00f8ser udfordringen med begr\u00e6nset kapital ved at tilbyde adgang til deres midler, s\u00e5 tradere kan h\u00e5ndtere st\u00f8rre positioner og \u00f8ge deres profitpotentiale.\" \/>\n<meta property=\"og:url\" content=\"https:\/\/www.traderscale.com\/da\/\" \/>\n<meta property=\"og:site_name\" content=\"Accelerate Your Financial Journey with a Fully Funded Trading Account\" \/>\n<meta property=\"article:publisher\" content=\"https:\/\/www.facebook.com\/profile.php?id=61556992185100#\" \/>\n<meta property=\"article:modified_time\" content=\"2025-09-11T13:10:01+00:00\" \/>\n<meta property=\"og:image\" content=\"https:\/\/www.traderscale.com\/wp-content\/uploads\/2025\/04\/Open-graph-1024x538.png\" \/>\n<meta name=\"twitter:card\" content=\"summary_large_image\" \/>\n<script type=\"application\/ld+json\" class=\"yoast-schema-graph\">{\"@context\":\"https:\\\/\\\/schema.org\",\"@graph\":[{\"@type\":\"WebPage\",\"@id\":\"https:\\\/\\\/www.traderscale.com\\\/da\\\/\",\"url\":\"https:\\\/\\\/www.traderscale.com\\\/da\\\/\",\"name\":\"Traderscale | Fremskynd din finansielle rejse med en fuldt finansieret handelskonto\",\"isPartOf\":{\"@id\":\"https:\\\/\\\/www.traderscale.com\\\/da\\\/#website\"},\"datePublished\":\"2025-02-18T18:24:17+00:00\",\"dateModified\":\"2025-09-11T13:10:01+00:00\",\"description\":\"Traderscale l\u00f8ser udfordringen med begr\u00e6nset kapital ved at tilbyde adgang til deres midler, s\u00e5 tradere kan h\u00e5ndtere st\u00f8rre positioner og \u00f8ge deres profitpotentiale.\",\"breadcrumb\":{\"@id\":\"https:\\\/\\\/www.traderscale.com\\\/da\\\/#breadcrumb\"},\"inLanguage\":\"da-DK\",\"potentialAction\":[{\"@type\":\"ReadAction\",\"target\":[\"https:\\\/\\\/www.traderscale.com\\\/da\\\/\"]}]},{\"@type\":\"BreadcrumbList\",\"@id\":\"https:\\\/\\\/www.traderscale.com\\\/da\\\/#breadcrumb\",\"itemListElement\":[{\"@type\":\"ListItem\",\"position\":1,\"name\":\"Home\",\"item\":\"https:\\\/\\\/www.traderscale.com\\\/da\\\/hjem-2025\\\/\"},{\"@type\":\"ListItem\",\"position\":2,\"name\":\"Hjem 2025\"}]},{\"@type\":\"WebSite\",\"@id\":\"https:\\\/\\\/www.traderscale.com\\\/da\\\/#website\",\"url\":\"https:\\\/\\\/www.traderscale.com\\\/da\\\/\",\"name\":\"Traderscale\",\"description\":\"\",\"publisher\":{\"@id\":\"https:\\\/\\\/www.traderscale.com\\\/da\\\/#organization\"},\"potentialAction\":[{\"@type\":\"SearchAction\",\"target\":{\"@type\":\"EntryPoint\",\"urlTemplate\":\"https:\\\/\\\/www.traderscale.com\\\/da\\\/?s={search_term_string}\"},\"query-input\":{\"@type\":\"PropertyValueSpecification\",\"valueRequired\":true,\"valueName\":\"search_term_string\"}}],\"inLanguage\":\"da-DK\"},{\"@type\":\"Organization\",\"@id\":\"https:\\\/\\\/www.traderscale.com\\\/da\\\/#organization\",\"name\":\"Traderscale\",\"url\":\"https:\\\/\\\/www.traderscale.com\\\/da\\\/\",\"logo\":{\"@type\":\"ImageObject\",\"inLanguage\":\"da-DK\",\"@id\":\"https:\\\/\\\/www.traderscale.com\\\/da\\\/#\\\/schema\\\/logo\\\/image\\\/\",\"url\":\"https:\\\/\\\/www.traderscale.com\\\/wp-content\\\/uploads\\\/2025\\\/04\\\/dark.png\",\"contentUrl\":\"https:\\\/\\\/www.traderscale.com\\\/wp-content\\\/uploads\\\/2025\\\/04\\\/dark.png\",\"width\":240,\"height\":161,\"caption\":\"Traderscale\"},\"image\":{\"@id\":\"https:\\\/\\\/www.traderscale.com\\\/da\\\/#\\\/schema\\\/logo\\\/image\\\/\"},\"sameAs\":[\"https:\\\/\\\/www.facebook.com\\\/profile.php?id=61556992185100#\",\"https:\\\/\\\/www.youtube.com\\\/@Traderscale_com\\\/videos\",\"https:\\\/\\\/www.instagram.com\\\/traderscalepro\\\/\"]}]}<\/script>\n<!-- \/ Yoast SEO plugin. -->","yoast_head_json":{"title":"Traderscale | Fremskynd din finansielle rejse med en fuldt finansieret handelskonto","description":"Traderscale l\u00f8ser udfordringen med begr\u00e6nset kapital ved at tilbyde adgang til deres midler, s\u00e5 tradere kan h\u00e5ndtere st\u00f8rre positioner og \u00f8ge deres profitpotentiale.","robots":{"index":"index","follow":"follow","max-snippet":"max-snippet:-1","max-image-preview":"max-image-preview:large","max-video-preview":"max-video-preview:-1"},"canonical":"https:\/\/www.traderscale.com\/da\/","og_locale":"da_DK","og_type":"article","og_title":"Traderscale | Fremskynd din finansielle rejse med en fuldt finansieret handelskonto","og_description":"Traderscale l\u00f8ser udfordringen med begr\u00e6nset kapital ved at tilbyde adgang til deres midler, s\u00e5 tradere kan h\u00e5ndtere st\u00f8rre positioner og \u00f8ge deres profitpotentiale.","og_url":"https:\/\/www.traderscale.com\/da\/","og_site_name":"Accelerate Your Financial Journey with a Fully Funded Trading Account","article_publisher":"https:\/\/www.facebook.com\/profile.php?id=61556992185100#","article_modified_time":"2025-09-11T13:10:01+00:00","og_image":[{"url":"https:\/\/www.traderscale.com\/wp-content\/uploads\/2025\/04\/Open-graph-1024x538.png","type":"","width":"","height":""}],"twitter_card":"summary_large_image","schema":{"@context":"https:\/\/schema.org","@graph":[{"@type":"WebPage","@id":"https:\/\/www.traderscale.com\/da\/","url":"https:\/\/www.traderscale.com\/da\/","name":"Traderscale | Fremskynd din finansielle rejse med en fuldt finansieret handelskonto","isPartOf":{"@id":"https:\/\/www.traderscale.com\/da\/#website"},"datePublished":"2025-02-18T18:24:17+00:00","dateModified":"2025-09-11T13:10:01+00:00","description":"Traderscale l\u00f8ser udfordringen med begr\u00e6nset kapital ved at tilbyde adgang til deres midler, s\u00e5 tradere kan h\u00e5ndtere st\u00f8rre positioner og \u00f8ge deres profitpotentiale.","breadcrumb":{"@id":"https:\/\/www.traderscale.com\/da\/#breadcrumb"},"inLanguage":"da-DK","potentialAction":[{"@type":"ReadAction","target":["https:\/\/www.traderscale.com\/da\/"]}]},{"@type":"BreadcrumbList","@id":"https:\/\/www.traderscale.com\/da\/#breadcrumb","itemListElement":[{"@type":"ListItem","position":1,"name":"Home","item":"https:\/\/www.traderscale.com\/da\/hjem-2025\/"},{"@type":"ListItem","position":2,"name":"Hjem 2025"}]},{"@type":"WebSite","@id":"https:\/\/www.traderscale.com\/da\/#website","url":"https:\/\/www.traderscale.com\/da\/","name":"Traderscale","description":"","publisher":{"@id":"https:\/\/www.traderscale.com\/da\/#organization"},"potentialAction":[{"@type":"SearchAction","target":{"@type":"EntryPoint","urlTemplate":"https:\/\/www.traderscale.com\/da\/?s={search_term_string}"},"query-input":{"@type":"PropertyValueSpecification","valueRequired":true,"valueName":"search_term_string"}}],"inLanguage":"da-DK"},{"@type":"Organization","@id":"https:\/\/www.traderscale.com\/da\/#organization","name":"Traderscale","url":"https:\/\/www.traderscale.com\/da\/","logo":{"@type":"ImageObject","inLanguage":"da-DK","@id":"https:\/\/www.traderscale.com\/da\/#\/schema\/logo\/image\/","url":"https:\/\/www.traderscale.com\/wp-content\/uploads\/2025\/04\/dark.png","contentUrl":"https:\/\/www.traderscale.com\/wp-content\/uploads\/2025\/04\/dark.png","width":240,"height":161,"caption":"Traderscale"},"image":{"@id":"https:\/\/www.traderscale.com\/da\/#\/schema\/logo\/image\/"},"sameAs":["https:\/\/www.facebook.com\/profile.php?id=61556992185100#","https:\/\/www.youtube.com\/@Traderscale_com\/videos","https:\/\/www.instagram.com\/traderscalepro\/"]}]}},"_links":{"self":[{"href":"https:\/\/www.traderscale.com\/da\/wp-json\/wp\/v2\/pages\/21978","targetHints":{"allow":["GET"]}}],"collection":[{"href":"https:\/\/www.traderscale.com\/da\/wp-json\/wp\/v2\/pages"}],"about":[{"href":"https:\/\/www.traderscale.com\/da\/wp-json\/wp\/v2\/types\/page"}],"author":[{"embeddable":true,"href":"https:\/\/www.traderscale.com\/da\/wp-json\/wp\/v2\/users\/1"}],"replies":[{"embeddable":true,"href":"https:\/\/www.traderscale.com\/da\/wp-json\/wp\/v2\/comments?post=21978"}],"version-history":[{"count":1,"href":"https:\/\/www.traderscale.com\/da\/wp-json\/wp\/v2\/pages\/21978\/revisions"}],"predecessor-version":[{"id":21980,"href":"https:\/\/www.traderscale.com\/da\/wp-json\/wp\/v2\/pages\/21978\/revisions\/21980"}],"wp:attachment":[{"href":"https:\/\/www.traderscale.com\/da\/wp-json\/wp\/v2\/media?parent=21978"}],"curies":[{"name":"wp","href":"https:\/\/api.w.org\/{rel}","templated":true}]}}